{"id":44546,"date":"2024-12-14T13:39:38","date_gmt":"2024-12-14T12:39:38","guid":{"rendered":"https:\/\/plantelys.dk\/?post_type=product&#038;p=44546"},"modified":"2026-05-01T10:57:48","modified_gmt":"2026-05-01T09:57:48","slug":"stort-kalcium-for-starkare-vaxter","status":"publish","type":"product","link":"https:\/\/plantelys.dk\/sv\/vare\/big-calcium-for-staerkere-planter\/","title":{"rendered":"BIG CALCIUM - Kalcium f\u00f6r starkare v\u00e4xter"},"content":{"rendered":"<h2 data-pm-slice=\"1 1 []\"><strong>BIG CALCIUM: Undvik kalciumbrist och svaga v\u00e4xter 1L<\/strong><\/h2>\n<p><em>NY och f\u00f6rb\u00e4ttrad utg\u00e5va fr\u00e5n Big Plant Science - Ers\u00e4tter<strong> BIG C<\/strong><\/em><\/p>\n<h2><strong>Ge dina v\u00e4xter det b\u00e4sta<\/strong><\/h2>\n<p>BIG CALCIUM \u00e4r den viktiga ingrediensen som ger starka och robusta v\u00e4xter. Kalcium spelar en avg\u00f6rande roll f\u00f6r att bygga upp cellv\u00e4ggar och st\u00e4rka v\u00e4xtens struktur, vilket g\u00f6r den mer motst\u00e5ndskraftig mot stress och skadedjur. Denna avancerade formel, som utvecklats av \u00a0<a href=\"https:\/\/plantelys.dk\/sv\/produktkategori-2\/godningsmedel-och-odlingsmedier-for-vaxter\/\"><strong>BIG V\u00e4xtvetenskap<\/strong><\/a>\u00a0(<strong>BioPower)<\/strong>ger snabbabsorberande kalcium som st\u00e4rker stj\u00e4lkar och blad och s\u00e4kerst\u00e4ller en sund tillv\u00e4xt hela v\u00e4gen. Och det b\u00e4sta av allt? Du beh\u00f6ver inte oroa dig f\u00f6r pH-justering. BIG CALCIUM fungerar i harmoni med dina andra n\u00e4rings\u00e4mnen f\u00f6r att s\u00e4kerst\u00e4lla optimal v\u00e4xttillv\u00e4xt, fr\u00e5n start till sk\u00f6rd. Genom att anv\u00e4nda BIG CALCIUM ser du till att dina v\u00e4xter inte drabbas av kalciumbrist, vilket kan leda till svaga blad och d\u00e5lig tillv\u00e4xt. Tills\u00e4tt BIG CALCIUM till din g\u00f6dsel och upplev skillnaden, ska anv\u00e4ndas tillsammans med <a href=\"https:\/\/plantelys.dk\/sv\/produkt\/big-grow-ph-neutralt-godningsmedel\/\"><strong>STOR V\u00c4XT<\/strong><\/a> och <a href=\"https:\/\/plantelys.dk\/sv\/produkt\/big-bloom-godselmedel-for-blomfasen\/\"><strong>STOR BLOMST<\/strong><\/a>.<\/p>\n<h3>F\u00f6rdelar med BIG CALCIUM:<\/h3>\n<ul>\n<li><strong>Inget behov av pH-justering:<\/strong> Bara att blanda och k\u00f6ra<\/li>\n<li><strong>Snabbabsorberande kalcium:<\/strong> Maximal styrka f\u00f6r stj\u00e4lkar och blad<\/li>\n<li><strong>M\u00e5ngsidig anv\u00e4ndning:<\/strong> Perfekt f\u00f6r Coco (<a href=\"https:\/\/plantelys.dk\/sv\/produkt\/plagron-cocos-brix-9l-cocos-fiber-2\/\"><strong>kokosmj\u00f6l<\/strong><\/a>), jorden, <a href=\"https:\/\/plantelys.dk\/sv\/produktkategori-2\/hydroponisk-odling-2\/\"><strong>hydroponics<\/strong><\/a> och Rockwool<\/li>\n<li><strong>Viktigt till\u00e4gg:<\/strong> Idealisk f\u00f6r mjukt vatten, regnvatten eller vatten fr\u00e5n omv\u00e4nd osmos<\/li>\n<\/ul>\n<h3>Hur man anv\u00e4nder BIG CALCIUM:<\/h3>\n<ol start=\"1\" data-spread=\"false\">\n<li><strong>F\u00f6rbered l\u00f6sningen:<\/strong> Skaka flaskan noggrant f\u00f6re anv\u00e4ndning. Sp\u00e4d ut <a href=\"https:\/\/plantelys.dk\/sv\/produkt\/stort-kalcium-for-starkare-vaxter\/\">STOR KALCIUM<\/a> i vatten enligt de rekommenderade doserna i spridningstabellen.<\/li>\n<li><strong>Vattna v\u00e4xterna:<\/strong> Anv\u00e4nd en vattenkanna eller m\u00e4tkopp f\u00f6r att applicera l\u00f6sningen direkt p\u00e5 jorden eller kokosen. Vattna n\u00e4r ytan \u00e4r torr och krukan k\u00e4nns l\u00e4tt.<\/li>\n<li><strong>Regelbunden anv\u00e4ndning:<\/strong> BIG CALCIUM b\u00f6r anv\u00e4ndas under hela tillv\u00e4xtfasen tillsammans med BIG GROW eller BIG BLOOM f\u00f6r att st\u00f6dja en stark tillv\u00e4xt och s\u00e4kerst\u00e4lla friska v\u00e4xter.<\/li>\n<\/ol>\n<h3>Tillg\u00e4ngliga storlekar:<\/h3>\n<p>BIG CALCIUM finns i tre praktiska storlekar f\u00f6r att tillgodose alla behov: <strong>1L, 5L och 25L<\/strong>.<\/p>\n<h3>En del av v\u00e5r Basic Line:<\/h3>\n<p><em><a href=\"https:\/\/plantelys.dk\/sv\/produkt\/stort-kalcium-for-starkare-vaxter\/\">STOR KALCIUM<\/a><\/em> \u00e4r en viktig del av BIG Plant Science Basic Line och tillsammans med <a href=\"https:\/\/plantelys.dk\/sv\/produkt\/big-grow-ph-neutralt-godningsmedel\/\"><strong>STOR V\u00c4XT<\/strong><\/a> och <a href=\"https:\/\/plantelys.dk\/sv\/produkt\/big-bloom-godselmedel-for-blomfasen\/\"><strong>STOR BLOMST<\/strong><\/a> ditt basg\u00f6dselmedel. Om du anv\u00e4nder regnvatten, vatten fr\u00e5n omv\u00e4nd osmos eller har mjukt vatten i kranen \u00e4r det s\u00e4rskilt viktigt att tills\u00e4tta kalcium i form av BIG CALCIUM f\u00f6r att undvika n\u00e4ringsbrist.<\/p>\n<p>F\u00f6r b\u00e4sta resultat kan du kombinera BIG Plant Science Basic Line med <a href=\"https:\/\/plantelys.dk\/sv\/produkt\/big-roots-rothammare-med-hogeffektiva-bakterier\/\"><strong>STORA R\u00d6TTER<\/strong><\/a> och <a href=\"https:\/\/plantelys.dk\/sv\/produkt\/stor-blomma-pk-booster-m-kolhydrater-blommor\/\"><strong>STORA BLOMMOR<\/strong><\/a>vilket s\u00e4kerst\u00e4ller optimal rotbildning och blomningspotential. F\u00f6r den som vill ta odlingen till n\u00e4sta niv\u00e5 erbjuder vi v\u00e5ra Premium-produkter: <a href=\"https:\/\/plantelys.dk\/sv\/produkt\/big-diamonds-dansk-trichome-goedning\/\"><strong>STORA DIAMANTAR<\/strong><\/a>, <a href=\"https:\/\/plantelys.dk\/sv\/produkt\/kraftigt-tillvaxtframjande-godningsmedel\/\"><strong>STOR BOOST<\/strong><\/a> och <a href=\"https:\/\/plantelys.dk\/sv\/produkt\/big-shield-danish-vaxtskydd-goedning\/\"><strong>BIG SHIELD<\/strong><\/a>.<\/p>\n<p>Dessa avancerade tillsatser ger o\u00f6vertr\u00e4ffat skydd, snabbare tillv\u00e4xt och h\u00f6gre avkastning, vilket frig\u00f6r dina v\u00e4xters fulla potential.<\/p>\n<p>&nbsp;<\/p>\n<h2>Inneh\u00e5ll och dosering<\/h2>\n<p><strong>Inneh\u00e5ll:<\/strong><\/p>\n<ul>\n<li>Totalt kv\u00e4ve (N): 3,1%\n<ul data-spread=\"false\">\n<li>Nitrat (NO3): 2,9%<\/li>\n<li>Ammonium (NH4): 0,2%<\/li>\n<\/ul>\n<\/li>\n<li>Kalcium (Ca): 3,8%<\/li>\n<li>J\u00e4rn (Fe) DTPA: 0,036%<\/li>\n<\/ul>\n<p><strong>Dosering:<\/strong><\/p>\n<ul data-spread=\"false\">\n<li>1-2 veckor (f\u00f6rsta omg\u00e5ngen blad): 1 mL per liter vatten<\/li>\n<li>3-4 veckor (bladutslag): 2 mL per liter vatten<\/li>\n<li>4+ veckor (full tillv\u00e4xt): 2 mL per liter vatten<\/li>\n<li>5-6 veckor (blomning): 3 mL per liter vatten<\/li>\n<li>7-8 veckor (mognadslagring): 3 mL per liter vatten<\/li>\n<li>8+ veckor (spolning): 0 mL per liter vatten<\/li>\n<\/ul>\n<ul data-spread=\"false\">\n<li>F\u00f6r st\u00f6rre beh\u00e5llare rekommenderas en motsvarande dos per 10 liter vatten.<\/li>\n<\/ul>\n<p><strong><br \/>\nBIG CALCIUM - blixtsnabb absorption f\u00f6r maximal effekt!<\/strong><\/p>\n<p>L\u00e4mplig f\u00f6r Smart Garden och gr\u00f6nsaksodlingar inomhus.<\/p>","protected":false},"excerpt":{"rendered":"<p><strong>STOR KALCIUM<\/strong> - Flytande v\u00e4xtn\u00e4ring f\u00f6r hydroponisk odling - l\u00e4mplig f\u00f6r gr\u00f6nsaksodlingar inomhus fr\u00e5n SunFlux etc. 1L beh\u00e5llare<\/p>\n<p>&nbsp;<\/p>","protected":false},"featured_media":44829,"comment_status":"open","ping_status":"closed","template":"","meta":{"_acf_changed":false},"product_brand":[],"product_cat":[274,113,98],"product_tag":[],"class_list":{"0":"post-44546","1":"product","2":"type-product","3":"status-publish","4":"has-post-thumbnail","6":"product_cat-big-plant-science","7":"product_cat-goedning-og-gromedier-for-planter","8":"product_cat-hydroponisk-dyrkning","10":"entry","11":"has-media","13":"first","14":"instock","15":"taxable","16":"shipping-taxable","17":"purchasable","18":"product-type-variable","19":"has-default-attributes","20":"has-product-nav","21":"col","22":"span_1_of_4","23":"owp-content-center","24":"item-entry","25":"owp-thumbs-layout-vertical","26":"owp-btn-normal","27":"owp-tabs-layout-horizontal"},"acf":[],"_links":{"self":[{"href":"https:\/\/plantelys.dk\/sv\/wp-json\/wp\/v2\/product\/44546","targetHints":{"allow":["GET"]}}],"collection":[{"href":"https:\/\/plantelys.dk\/sv\/wp-json\/wp\/v2\/product"}],"about":[{"href":"https:\/\/plantelys.dk\/sv\/wp-json\/wp\/v2\/types\/product"}],"replies":[{"embeddable":true,"href":"https:\/\/plantelys.dk\/sv\/wp-json\/wp\/v2\/comments?post=44546"}],"version-history":[{"count":0,"href":"https:\/\/plantelys.dk\/sv\/wp-json\/wp\/v2\/product\/44546\/revisions"}],"wp:featuredmedia":[{"embeddable":true,"href":"https:\/\/plantelys.dk\/sv\/wp-json\/wp\/v2\/media\/44829"}],"wp:attachment":[{"href":"https:\/\/plantelys.dk\/sv\/wp-json\/wp\/v2\/media?parent=44546"}],"wp:term":[{"taxonomy":"product_brand","embeddable":true,"href":"https:\/\/plantelys.dk\/sv\/wp-json\/wp\/v2\/product_brand?post=44546"},{"taxonomy":"product_cat","embeddable":true,"href":"https:\/\/plantelys.dk\/sv\/wp-json\/wp\/v2\/product_cat?post=44546"},{"taxonomy":"product_tag","embeddable":true,"href":"https:\/\/plantelys.dk\/sv\/wp-json\/wp\/v2\/product_tag?post=44546"}],"curies":[{"name":"wp","href":"https:\/\/api.w.org\/{rel}","templated":true}]}}