{"id":4433,"date":"2021-11-22T07:55:47","date_gmt":"2021-11-22T07:55:47","guid":{"rendered":"https:\/\/plantelys.dk\/?post_type=product&#038;p=4433"},"modified":"2025-11-26T20:55:02","modified_gmt":"2025-11-26T19:55:02","slug":"smart-tradgaard-mini-kokstradgaard-inomhus-2","status":"publish","type":"product","link":"https:\/\/plantelys.dk\/sv\/vare\/smart-garden-mini-indendoers-koekkenhave\/","title":{"rendered":"Smart Garden \u2013 mini gr\u00f6nsakstr\u00e4dg\u00e5rd inomhus"},"content":{"rendered":"<h2>Smart Garden \u2013 Mini Kitchen Garden med LED<\/h2>\n<p>Med en mini gr\u00f6nsakstr\u00e4dg\u00e5rd \u00e4r det enkelt att odla egna f\u00e4rska \u00f6rter i k\u00f6ket utan anv\u00e4ndning av kemikalier eller bek\u00e4mpningsmedel.<\/p>\n<p>Med tr\u00e4dg\u00e5rdssystemet \u00e4r det m\u00f6jligt att f\u00e5 f\u00e4rska och smakrika \u00f6rter \u00e5ret runt, b\u00e5de sommar och vinter. \u00d6rter som odlas med en mini gr\u00f6nsaksland inomhus har mer smak \u00e4n de man k\u00f6per i snabbk\u00f6pet, eftersom de har hunnit utveckla den goda smaken.<\/p>\n<p>LED k\u00f6kstr\u00e4dg\u00e5rdslampan kan dimras till \u00f6nskad ljusniv\u00e5 med en vridknapp p\u00e5 lampans fot. Tillv\u00e4xtlampan har 2 olika ljusspektrum, ett f\u00f6r v\u00e4xttillv\u00e4xt, och ett annat f\u00f6r m\u00e4nniskor n\u00e4r lampan ska anv\u00e4ndas som l\u00e4slampa. Lampan sl\u00e4cks automatiskt om krukan tas bort fr\u00e5n lampan.<\/p>\n<p>&nbsp;<\/p>\n<p><strong><a href=\"https:\/\/plantelys.dk\/sv\/produkt\/smart-tradgaard-med-fullspektrat-vaxtljus-2\/\">Smart tr\u00e4dg\u00e5rd<\/a> inneh\u00e5ller:<\/strong><\/p>\n<ul>\n<li>Vattentank f\u00f6r ca. 0,5 L<\/li>\n<li>V\u00e4xtkorg<\/li>\n<li><strong><a href=\"https:\/\/plantelys.dk\/sv\/produkt\/mikrogront-startpaket-latt-bricka-odling-medium-oeko-fron\/\">Tillv\u00e4xtmedium<\/a><\/strong><\/li>\n<li>Transformator med kabel<\/li>\n<li>Anv\u00e4ndarmanual<\/li>\n<\/ul>\n<p>&nbsp;<\/p>\n<p><strong>F\u00f6rslag p\u00e5 \u00f6rter du kan odla i denna mini k\u00f6kstr\u00e4dg\u00e5rd:<\/strong><\/p>\n<ul>\n<li>bukt<\/li>\n<li>Gr\u00e4sl\u00f6k<\/li>\n<li>Citronbalsam<\/li>\n<li><a href=\"https:\/\/plantelys.dk\/sv\/produkt\/mini-basilika-vaxt-froe-2\/\">basilika<\/a><\/li>\n<li>Mejram<\/li>\n<li>Persilja<\/li>\n<li>Mynta<\/li>\n<li>Timjan<\/li>\n<li>Salvia<\/li>\n<li>Rosmarin<\/li>\n<\/ul>\n<p>&nbsp;<\/p>\n<p><strong><em>OBS: Denna produkt inneh\u00e5ller inga v\u00e4xter och g\u00f6dningsmedel, de k\u00f6ps separat.<\/em><\/strong><\/p>\n<p><strong>L\u00e4s om g\u00f6dsel till din k\u00f6kstr\u00e4dg\u00e5rd inomhus h\u00e4r:<\/strong><\/p>\n<div class=\"oceanwp-oembed-wrap clr\"><iframe class=\"wp-embedded-content lazy-loaded\" title=\"&quot;Big Plant Science - Danskproducerad g\u00f6dsel&quot; \u2014 Odla lampor och lampor f\u00f6r friska v\u00e4xter\" src=\"https:\/\/plantelys.dk\/big-plant-science-goednings-vejledning\/embed\/#?secret=nuotE0RpRc\" width=\"600\" height=\"200\" frameborder=\"0\" marginwidth=\"0\" marginheight=\"0\" scrolling=\"no\" sandbox=\"allow-scripts\" data-lazy-type=\"iframe\" data-src=\"https:\/\/plantelys.dk\/big-plant-science-goednings-vejledning\/embed\/#?secret=nuotE0RpRc\" data-secret=\"nuotE0RpRc\" data-mce-fragment=\"1\"><\/iframe><\/div>\n<p>&nbsp;<\/p>\n<h3>Teknisk information:<\/h3>\n<table class=\"uk-table uk-table-hover uk-table-divider uk-table-small uk-width-large uk-text-nowrap\">\n<tbody>\n<tr>\n<td>EAN<\/td>\n<td>5710777280165<\/td>\n<\/tr>\n<tr>\n<td>F\u00f6rbrukning (watt)<\/td>\n<td>5<\/td>\n<\/tr>\n<tr>\n<td>Socket \/ Socket<\/td>\n<td>Tr\u00e5d<\/td>\n<\/tr>\n<tr>\n<td>Ljus f\u00e4rg (Kelvin)<\/td>\n<td>3500<\/td>\n<\/tr>\n<tr>\n<td>Ra\/CRI<\/td>\n<td>95<\/td>\n<\/tr>\n<tr>\n<td>Ljusfl\u00f6de (lumen)<\/td>\n<td>450<\/td>\n<\/tr>\n<tr>\n<td>Ers\u00e4tter<\/td>\n<td>40<\/td>\n<\/tr>\n<tr>\n<td>sp\u00e4nning<\/td>\n<td>230<\/td>\n<\/tr>\n<tr>\n<td>Dimbar<\/td>\n<td>Ja<\/td>\n<\/tr>\n<tr>\n<td>Str\u00e5lning<\/td>\n<td>80<\/td>\n<\/tr>\n<tr>\n<td>Bredd (mm)<\/td>\n<td>110<\/td>\n<\/tr>\n<tr>\n<td>L\u00e4ngd (mm)<\/td>\n<td>170<\/td>\n<\/tr>\n<tr>\n<td>H\u00f6jd (mm)<\/td>\n<td>403<\/td>\n<\/tr>\n<tr>\n<td>Densitet (IP)<\/td>\n<td>20<\/td>\n<\/tr>\n<tr>\n<td>MacAdam(SCDM)<\/td>\n<td>5<\/td>\n<\/tr>\n<tr>\n<td>Livstidsgaranti<\/td>\n<td>2<\/td>\n<\/tr>\n<\/tbody>\n<\/table>\n<p>&nbsp;<\/p>\n<p>Ekoodlare<\/p>","protected":false},"excerpt":{"rendered":"<p>Smart mini gr\u00f6nsakstr\u00e4dg\u00e5rd inomhus. Kan \u00e4ven anv\u00e4ndas som l\u00e4slampa, baserad p\u00e5 vatten, ingen jord beh\u00f6vs<\/p>","protected":false},"featured_media":4436,"comment_status":"open","ping_status":"closed","template":"","meta":{"_acf_changed":false},"product_brand":[],"product_cat":[98,105,246,95],"product_tag":[],"class_list":{"0":"post-4433","1":"product","2":"type-product","3":"status-publish","4":"has-post-thumbnail","6":"product_cat-hydroponisk-dyrkning","7":"product_cat-indendoers-koekkenhave-til-hjemme-brug","8":"product_cat-plantelys-tilbud","9":"product_cat-hjemme-dyrkning-af-planter-urter-groentsager-eller","11":"entry","12":"has-media","14":"first","15":"instock","16":"sale","17":"taxable","18":"shipping-taxable","19":"purchasable","20":"product-type-simple","21":"has-product-nav","22":"col","23":"span_1_of_4","24":"owp-content-center","25":"item-entry","26":"owp-thumbs-layout-vertical","27":"owp-btn-normal","28":"owp-tabs-layout-horizontal"},"acf":[],"_links":{"self":[{"href":"https:\/\/plantelys.dk\/sv\/wp-json\/wp\/v2\/product\/4433","targetHints":{"allow":["GET"]}}],"collection":[{"href":"https:\/\/plantelys.dk\/sv\/wp-json\/wp\/v2\/product"}],"about":[{"href":"https:\/\/plantelys.dk\/sv\/wp-json\/wp\/v2\/types\/product"}],"replies":[{"embeddable":true,"href":"https:\/\/plantelys.dk\/sv\/wp-json\/wp\/v2\/comments?post=4433"}],"version-history":[{"count":0,"href":"https:\/\/plantelys.dk\/sv\/wp-json\/wp\/v2\/product\/4433\/revisions"}],"wp:featuredmedia":[{"embeddable":true,"href":"https:\/\/plantelys.dk\/sv\/wp-json\/wp\/v2\/media\/4436"}],"wp:attachment":[{"href":"https:\/\/plantelys.dk\/sv\/wp-json\/wp\/v2\/media?parent=4433"}],"wp:term":[{"taxonomy":"product_brand","embeddable":true,"href":"https:\/\/plantelys.dk\/sv\/wp-json\/wp\/v2\/product_brand?post=4433"},{"taxonomy":"product_cat","embeddable":true,"href":"https:\/\/plantelys.dk\/sv\/wp-json\/wp\/v2\/product_cat?post=4433"},{"taxonomy":"product_tag","embeddable":true,"href":"https:\/\/plantelys.dk\/sv\/wp-json\/wp\/v2\/product_tag?post=4433"}],"curies":[{"name":"wp","href":"https:\/\/api.w.org\/{rel}","templated":true}]}}