{"id":44277,"date":"2024-12-06T09:21:13","date_gmt":"2024-12-06T08:21:13","guid":{"rendered":"https:\/\/plantelys.dk\/?post_type=product&#038;p=44277"},"modified":"2025-12-05T14:44:15","modified_gmt":"2025-12-05T13:44:15","slug":"50-talsgron-pendellampa-med-dagsljuslampa-och-tygkabel-60w-kopior-kopior","status":"publish","type":"product","link":"https:\/\/plantelys.dk\/sv\/vare\/50er-groen-pendel-m-dagslys-paere-og-stofledning-60w-kopier-kopier\/","title":{"rendered":"50-tals gr\u00f6n pendel med dagsljuslampa och tygsladd 60W"},"content":{"rendered":"<h2 data-start=\"0\" data-end=\"56\"><strong data-start=\"0\" data-end=\"56\">Gr\u00f6n pendellampa med kraftfullt dagsljus \u2013 perfekt f\u00f6r v\u00e4xter<\/strong><\/h2>\n<p class=\"\" data-start=\"58\" data-end=\"396\">Detta <strong><a href=\"https:\/\/plantelys.dk\/sv\/?post_type=product&amp;p=44277\">elegant pendellampa,<\/a><\/strong> \u00e4r utformad med b\u00e5de funktion och stil i \u00e5tanke. Den ger kraftfullt dagsljus med fullt spektrum som fr\u00e4mjar dina v\u00e4xters tillv\u00e4xt samtidigt som den skapar ett behagligt och naturligt ljus i ditt hem. Den \u00e4r perfekt att anv\u00e4nda som<strong><a href=\"https:\/\/plantelys.dk\/sv\/produktkategori-2\/vaxtljus\/\"> v\u00e4xtljus<\/a> <\/strong>f\u00f6r odling av v\u00e4xter, d\u00e4r det \u00e4r viktigt att simulera naturligt solljus.<\/p>\n<h3 data-start=\"398\" data-end=\"737\"><strong data-start=\"398\" data-end=\"436\">Effektivitet och l\u00e5g energif\u00f6rbrukning<\/strong><\/h3>\n<p class=\"\" data-start=\"398\" data-end=\"737\">Med en effekt p\u00e5 60 W men en f\u00f6rbrukning p\u00e5 endast 7 W kombinerar denna pendellampa energieffektivitet med optimal belysning. Du f\u00e5r maximal ljusstyrka utan att beh\u00f6va oroa dig f\u00f6r h\u00f6ga elr\u00e4kningar. Detta g\u00f6r den till ett ekonomiskt val, samtidigt som den ger dina v\u00e4xter den m\u00e4ngd ljus de beh\u00f6ver f\u00f6r en sund tillv\u00e4xt.<\/p>\n<h3 data-start=\"739\" data-end=\"1019\"><strong data-start=\"739\" data-end=\"763\">Design och material<\/strong><\/h3>\n<p class=\"\" data-start=\"739\" data-end=\"1019\">Pendellampan har en vacker gr\u00f6n j\u00e4rnsk\u00e4rm som kombinerar modern design med h\u00e5llbarhet. Den 3 meter l\u00e5nga tygledningen ger dig flexibiliteten att placera lampan precis d\u00e4r du beh\u00f6ver den \u2013 fr\u00e5n din bloml\u00e5da till din arbetsplats.<\/p>\n<h3 data-start=\"1021\" data-end=\"1285\"><strong data-start=\"1021\" data-end=\"1040\">Ljus som dagsljus<\/strong><\/h3>\n<p class=\"\" data-start=\"1021\" data-end=\"1285\">Pendeln avger ett naturligt, vitt ljus som efterliknar dagsljus, vilket g\u00f6r den idealisk f\u00f6r v\u00e4xters tillv\u00e4xt. Den \u00e4r det perfekta valet om du vill skapa en optimal odlingsmilj\u00f6 f\u00f6r dina v\u00e4xter, s\u00e4rskilt under perioder med begr\u00e4nsat naturligt ljus.<\/p>\n<h3 data-start=\"1287\" data-end=\"1311\"><strong data-start=\"1287\" data-end=\"1309\">Paketet inneh\u00e5ller:<\/strong><\/h3>\n<ul data-start=\"1312\" data-end=\"1436\">\n<li class=\"\" data-start=\"1312\" data-end=\"1346\">\n<p class=\"\" data-start=\"1314\" data-end=\"1346\">1 st. PAR20 dagsljuslampa (7 W)<\/p>\n<\/li>\n<li class=\"\" data-start=\"1347\" data-end=\"1386\">\n<p class=\"\" data-start=\"1349\" data-end=\"1386\">1 st Designer gr\u00f6n lampsk\u00e4rm i j\u00e4rn<\/p>\n<\/li>\n<li class=\"\" data-start=\"1387\" data-end=\"1436\">\n<p class=\"\" data-start=\"1389\" data-end=\"1436\">1 x 3 meter vit tygkabel med E27-fattning<\/p>\n<\/li>\n<\/ul>\n<h3 data-start=\"1438\" data-end=\"1645\"><strong data-start=\"1438\" data-end=\"1449\">Notera:<\/strong><\/h3>\n<p class=\"\" data-start=\"1438\" data-end=\"1645\">F\u00f6r v\u00e4xters tillv\u00e4xt rekommenderas att lampan placeras n\u00e4rmare v\u00e4xterna f\u00f6r att maximera ljusintensiteten. Du kan justera pendelns h\u00f6jd beroende p\u00e5 hur mycket ljus dina v\u00e4xter beh\u00f6ver.<\/p>\n<h3 data-start=\"1647\" data-end=\"1679\"><strong data-start=\"1647\" data-end=\"1677\">Str\u00e5lningsm\u00e4tningar (PPFD)<\/strong><\/h3>\n<ul data-start=\"1680\" data-end=\"1869\">\n<li class=\"\" data-start=\"1680\" data-end=\"1717\">\n<p class=\"\" data-start=\"1682\" data-end=\"1717\"><strong data-start=\"1682\" data-end=\"1698\">PPFD @ 10 cm<\/strong>: \u2013 \u00b5mol\/m\u00b2\/s<\/p>\n<\/li>\n<li class=\"\" data-start=\"1718\" data-end=\"1755\">\n<p class=\"\" data-start=\"1720\" data-end=\"1755\"><strong data-start=\"1720\" data-end=\"1736\">PPFD @ 20 cm<\/strong>: \u2013 \u00b5mol\/m\u00b2\/s<\/p>\n<\/li>\n<li class=\"\" data-start=\"1756\" data-end=\"1793\">\n<p class=\"\" data-start=\"1758\" data-end=\"1793\"><strong data-start=\"1758\" data-end=\"1774\">PPFD @ 30 cm<\/strong>: \u2013 \u00b5mol\/m\u00b2\/s<\/p>\n<\/li>\n<li class=\"\" data-start=\"1794\" data-end=\"1831\">\n<p class=\"\" data-start=\"1796\" data-end=\"1831\"><strong data-start=\"1796\" data-end=\"1812\">PPFD @ 50 cm<\/strong>: \u2013 \u00b5mol\/m\u00b2\/s<\/p>\n<\/li>\n<li class=\"\" data-start=\"1832\" data-end=\"1869\">\n<p class=\"\" data-start=\"1834\" data-end=\"1869\"><strong data-start=\"1834\" data-end=\"1850\">PPFD @ 70 cm<\/strong>: \u2013 \u00b5mol\/m\u00b2\/s<\/p>\n<\/li>\n<\/ul>\n<p class=\"\" data-start=\"1871\" data-end=\"2023\">Uppt\u00e4ck hur denna pendellampa skapar den perfekta belysningen f\u00f6r b\u00e5de dina v\u00e4xter och ditt hem. Best\u00e4ll nu och ge dina v\u00e4xter de b\u00e4sta f\u00f6ruts\u00e4ttningarna att v\u00e4xa.<\/p>\n<p>&nbsp;<\/p>\n<h3>Specifikationer<\/h3>\n<table>\n<tbody>\n<tr>\n<td>Typ:<\/td>\n<td>Pendel<\/td>\n<\/tr>\n<tr>\n<td>Form:<\/td>\n<td>Upph\u00e4ngd fixtur<\/td>\n<\/tr>\n<tr>\n<td>Sockel (f\u00e4ste):<\/td>\n<td>E27<\/td>\n<\/tr>\n<tr>\n<td>Sp\u00e4nning (volt):<\/td>\n<td>90-240 VAC<\/td>\n<\/tr>\n<tr>\n<td>Effekt (watt):<\/td>\n<td>40W max<\/td>\n<\/tr>\n<tr>\n<td>Armaturf\u00e4rg:<\/td>\n<td>Gr\u00f6n\/vit med 3D-smarta beslag<\/td>\n<\/tr>\n<tr>\n<td>Storlek:<\/td>\n<td>D:150 mm x H:170 mm<\/td>\n<\/tr>\n<tr>\n<td>Vikt:<\/td>\n<td>230g<\/td>\n<\/tr>\n<tr>\n<td>Installation:<\/td>\n<td>Upph\u00e4ngd tr\u00e5d<\/td>\n<\/tr>\n<tr>\n<td>Kabel:<\/td>\n<td>3 meter\u00a0<a href=\"https:\/\/www.sunflux.dk\/da\/pendel-capelo\/capelo-dragonfly-pendel-med-hvid-stofledning\" target=\"_blank\" rel=\"noopener\">Vit tygsnodd<\/a><\/td>\n<\/tr>\n<tr>\n<td>Material sk\u00e4rm:<\/td>\n<td>\u00c5tervunnet j\u00e4rn<\/td>\n<\/tr>\n<tr>\n<td>IP:<\/td>\n<td>20<\/td>\n<\/tr>\n<tr>\n<td>M\u00e4rkning:<\/td>\n<td>CE-godk\u00e4nd<\/td>\n<\/tr>\n<\/tbody>\n<\/table>\n<p>&nbsp;<\/p>\n<hr \/>\n<h3 data-start=\"0\" data-end=\"59\"><strong data-start=\"4\" data-end=\"59\">Vad \u00e4r skillnaden mellan odlingslampor, tillv\u00e4xtlampor och v\u00e4xtlampor?<\/strong><\/h3>\n<p data-start=\"61\" data-end=\"632\" data-is-last-node=\"\" data-is-only-node=\"\"><strong><a href=\"https:\/\/plantelys.dk\/sv\/produktkategori-2\/vaxtljus\/\">V\u00e4xtljus<\/a><\/strong> \u00e4r ett brett, informellt begrepp f\u00f6r all artificiell belysning som anv\u00e4nds f\u00f6r att odla v\u00e4xter inomhus \u2013 oavsett teknik, f\u00e4rgspektrum eller syfte. <a href=\"https:\/\/plantelys.dk\/sv\/produktkategori-2\/vaxtljus-lampor-glodlampor-2\/\"><strong>V\u00e4xa lampor<\/strong><\/a> \u00c5 andra sidan finns det ljus som har utvecklats specifikt f\u00f6r att st\u00f6dja vissa tillv\u00e4xtfaser, s\u00e5som groddning, vegetativ tillv\u00e4xt eller blomning, och som d\u00e4rf\u00f6r ofta har ett mer riktat eller justerbart ljusspektrum. <strong><a href=\"https:\/\/plantelys.dk\/sv\/\">V\u00e4xtbelysning<\/a><\/strong> \u00e4r den allm\u00e4nna tekniska termen som omfattar alla typer av ljusk\u00e4llor som f\u00f6rser v\u00e4xter med de v\u00e5gl\u00e4ngder (dagsljus) som beh\u00f6vs f\u00f6r fotosyntesen, och anv\u00e4nds b\u00e5de f\u00f6r hobbylampor och avancerade professionella LED-l\u00f6sningar.<\/p>","protected":false},"excerpt":{"rendered":"<p>Grow light-pendellampa som ger 60W men bara f\u00f6rbrukar 7Watt. Paketet inneh\u00e5ller en designlampsk\u00e4rm, E27-sockel med tygsladd och en LED-lampa med dagsljus.<\/p>","protected":false},"featured_media":48957,"comment_status":"open","ping_status":"closed","template":"","meta":{"_acf_changed":false},"product_brand":[],"product_cat":[92,235,370,246],"product_tag":[],"class_list":{"0":"post-44277","1":"product","2":"type-product","3":"status-publish","4":"has-post-thumbnail","6":"product_cat-vaekstlys-paerer-lamper","7":"product_cat-grolys","8":"product_cat-grolys-paere","9":"product_cat-plantelys-tilbud","11":"entry","12":"has-media","14":"first","15":"instock","16":"sale","17":"taxable","18":"shipping-taxable","19":"purchasable","20":"product-type-simple","21":"has-product-nav","22":"col","23":"span_1_of_4","24":"owp-content-center","25":"item-entry","26":"owp-thumbs-layout-vertical","27":"owp-btn-normal","28":"owp-tabs-layout-horizontal"},"acf":[],"_links":{"self":[{"href":"https:\/\/plantelys.dk\/sv\/wp-json\/wp\/v2\/product\/44277","targetHints":{"allow":["GET"]}}],"collection":[{"href":"https:\/\/plantelys.dk\/sv\/wp-json\/wp\/v2\/product"}],"about":[{"href":"https:\/\/plantelys.dk\/sv\/wp-json\/wp\/v2\/types\/product"}],"replies":[{"embeddable":true,"href":"https:\/\/plantelys.dk\/sv\/wp-json\/wp\/v2\/comments?post=44277"}],"version-history":[{"count":0,"href":"https:\/\/plantelys.dk\/sv\/wp-json\/wp\/v2\/product\/44277\/revisions"}],"wp:featuredmedia":[{"embeddable":true,"href":"https:\/\/plantelys.dk\/sv\/wp-json\/wp\/v2\/media\/48957"}],"wp:attachment":[{"href":"https:\/\/plantelys.dk\/sv\/wp-json\/wp\/v2\/media?parent=44277"}],"wp:term":[{"taxonomy":"product_brand","embeddable":true,"href":"https:\/\/plantelys.dk\/sv\/wp-json\/wp\/v2\/product_brand?post=44277"},{"taxonomy":"product_cat","embeddable":true,"href":"https:\/\/plantelys.dk\/sv\/wp-json\/wp\/v2\/product_cat?post=44277"},{"taxonomy":"product_tag","embeddable":true,"href":"https:\/\/plantelys.dk\/sv\/wp-json\/wp\/v2\/product_tag?post=44277"}],"curies":[{"name":"wp","href":"https:\/\/api.w.org\/{rel}","templated":true}]}}