{"id":44069,"date":"2024-11-30T12:55:49","date_gmt":"2024-11-30T11:55:49","guid":{"rendered":"https:\/\/plantelys.dk\/?post_type=product&#038;p=44069"},"modified":"2025-10-13T12:53:55","modified_gmt":"2025-10-13T11:53:55","slug":"vattenpump-for-miniakvarium-3watt-180l-t-h05m","status":"publish","type":"product","link":"https:\/\/plantelys.dk\/sv\/vare\/mini-akvarie-vandpumpe-3watt-180l-t-h05m\/","title":{"rendered":"Vattenpump f\u00f6r miniakvarium 3Watt, 180l\/h, H0,5m"},"content":{"rendered":"<h2>Effektiv og lydl\u00f8s vandcirkulation<\/h2>\n<p>Denne<strong><a href=\"https:\/\/plantelys.dk\/vare\/mini-akvarie-vandpumpe-3watt-180l-t-h05m\/\"> 3 W mini dykpumpe<\/a><\/strong>, er designet til at levere en p\u00e5lidelig og st\u00f8jsvag drift, hvilket g\u00f8r den perfekt til akvarier, damme, hydroponiske systemer og sm\u00e5 springvand. Med en maksimal str\u00f8mningshastighed p\u00e5 180 liter i timen og en l\u00f8fteh\u00f8jde p\u00e5 0,55 meter, sikrer pumpen en j\u00e6vn og effektiv vandcirkulation. Den indbyggede justeringsknap giver dig fuld kontrol over vandstr\u00f8mmen, s\u00e5 den kan tilpasses til dine specifikke behov, uanset anvendelse.<\/p>\n<h3>Nem installation og holdbar konstruktion<\/h3>\n<p>Pumpen er nem at installere og kr\u00e6ver ingen komplekse v\u00e6rkt\u00f8jer. Den tilsluttes direkte til en 230V str\u00f8mkilde via et 1,35 meter langt ledning, hvilket sikrer fleksibilitet i placeringen. Fremstillet i robust plast kan den modst\u00e5 regelm\u00e6ssig brug i vandmilj\u00f8er, mens dens kompakte design (38 x 39 x 30 mm) g\u00f8r det let at skjule den i dit akvarium eller springvand.<\/p>\n<h3>Stabil og sikker montering<\/h3>\n<p>For at sikre optimal stabilitet og effektiv drift er pumpen udstyret med to kraftige sugekopper, der g\u00f8r det muligt at fastg\u00f8re den til b\u00e5de lodrette og vandrette glatte overflader. Dette g\u00f8r den velegnet til en lang r\u00e6kke vandmilj\u00f8er, samtidig med at installationen forbliver sikker og problemfri. Den medf\u00f8lgende 8 mm dyse giver yderligere muligheder for at justere og tilpasse vandstr\u00f8mmen.<\/p>\n<div class=\"flex-col gap-1 md:gap-3\">\n<div class=\"flex max-w-full flex-col flex-grow\">\n<div class=\"min-h-8 text-message flex w-full flex-col items-end gap-2 whitespace-normal break-words [.text-message+&amp;]:mt-5\" dir=\"auto\" data-message-author-role=\"assistant\" data-message-id=\"1a30ba70-d800-4617-97ab-5ff8ac85ba5e\" data-message-model-slug=\"gpt-4o\">\n<div class=\"flex w-full flex-col gap-1 empty:hidden first:pt-[3px]\">\n<div class=\"markdown prose w-full break-words dark:prose-invert light\">\n<h3>Teknisk specifikation<\/h3>\n<table>\n<thead>\n<tr>\n<th><strong>Funktion<\/strong><\/th>\n<th><strong>Specifikation<\/strong><\/th>\n<\/tr>\n<\/thead>\n<tbody>\n<tr>\n<td>Effekt<\/td>\n<td>3 W<\/td>\n<\/tr>\n<tr>\n<td>Str\u00f8mkilde<\/td>\n<td>230V (med 1,35 m ledning)<\/td>\n<\/tr>\n<tr>\n<td>Maksimal str\u00f8mningshastighed<\/td>\n<td>180 liter i timen<\/td>\n<\/tr>\n<tr>\n<td>L\u00f8fteh\u00f8jde<\/td>\n<td>Op til 0,5 meter<\/td>\n<\/tr>\n<tr>\n<td>Materiale<\/td>\n<td>Robust plast<\/td>\n<\/tr>\n<tr>\n<td>Dimensioner<\/td>\n<td>38 x 39 x 30 mm<\/td>\n<\/tr>\n<tr>\n<td>Dyse<\/td>\n<td>8-8,5 mm<\/td>\n<\/tr>\n<tr>\n<td>Montering<\/td>\n<td>Sugekopper til glatte overflader<\/td>\n<\/tr>\n<\/tbody>\n<\/table>\n<p>&nbsp;<\/p>\n<\/div>\n<\/div>\n<\/div>\n<\/div>\n<\/div>\n","protected":false},"excerpt":{"rendered":"<p>Effektiv og lydl\u00f8s vandcirkulation Denne 3 W mini dykpumpe, er designet til at levere en p\u00e5lidelig og st\u00f8jsvag drift, hvilket g\u00f8r den perfekt til akvarier, damme, hydroponiske systemer og sm\u00e5 springvand. Med en maksimal str\u00f8mningshastighed p\u00e5 180 liter i timen og en l\u00f8fteh\u00f8jde p\u00e5 0,55 meter, sikrer pumpen en j\u00e6vn og effektiv vandcirkulation. Den indbyggede [&hellip;]<\/p>\n","protected":false},"featured_media":44074,"comment_status":"closed","ping_status":"closed","template":"","meta":{"_acf_changed":false},"product_brand":[],"product_cat":[98,333],"product_tag":[],"class_list":{"0":"post-44069","1":"product","2":"type-product","3":"status-publish","4":"has-post-thumbnail","6":"product_cat-hydroponisk-dyrkning","7":"product_cat-plantevaeg-potter-og-tilbehoer","9":"entry","10":"has-media","12":"first","13":"instock","14":"taxable","15":"shipping-taxable","16":"purchasable","17":"product-type-simple","18":"has-product-nav","19":"col","20":"span_1_of_4","21":"owp-content-center","22":"item-entry","23":"owp-thumbs-layout-vertical","24":"owp-btn-normal","25":"owp-tabs-layout-horizontal","26":"has-no-thumbnails"},"acf":[],"_links":{"self":[{"href":"https:\/\/plantelys.dk\/sv\/wp-json\/wp\/v2\/product\/44069","targetHints":{"allow":["GET"]}}],"collection":[{"href":"https:\/\/plantelys.dk\/sv\/wp-json\/wp\/v2\/product"}],"about":[{"href":"https:\/\/plantelys.dk\/sv\/wp-json\/wp\/v2\/types\/product"}],"replies":[{"embeddable":true,"href":"https:\/\/plantelys.dk\/sv\/wp-json\/wp\/v2\/comments?post=44069"}],"version-history":[{"count":0,"href":"https:\/\/plantelys.dk\/sv\/wp-json\/wp\/v2\/product\/44069\/revisions"}],"wp:featuredmedia":[{"embeddable":true,"href":"https:\/\/plantelys.dk\/sv\/wp-json\/wp\/v2\/media\/44074"}],"wp:attachment":[{"href":"https:\/\/plantelys.dk\/sv\/wp-json\/wp\/v2\/media?parent=44069"}],"wp:term":[{"taxonomy":"product_brand","embeddable":true,"href":"https:\/\/plantelys.dk\/sv\/wp-json\/wp\/v2\/product_brand?post=44069"},{"taxonomy":"product_cat","embeddable":true,"href":"https:\/\/plantelys.dk\/sv\/wp-json\/wp\/v2\/product_cat?post=44069"},{"taxonomy":"product_tag","embeddable":true,"href":"https:\/\/plantelys.dk\/sv\/wp-json\/wp\/v2\/product_tag?post=44069"}],"curies":[{"name":"wp","href":"https:\/\/api.w.org\/{rel}","templated":true}]}}