{"id":4252,"date":"2021-11-15T14:11:03","date_gmt":"2021-11-15T14:11:03","guid":{"rendered":"https:\/\/plantelys.dk\/?post_type=product&#038;p=4252"},"modified":"2026-04-28T10:21:45","modified_gmt":"2026-04-28T09:21:45","slug":"sunlight-pro-gro-t8-plantljus-22watt-2","status":"publish","type":"product","link":"https:\/\/plantelys.dk\/sv\/vare\/sunlight-pro-gro-t8-plantelys-22watt\/","title":{"rendered":"SunLight Pro-Gro T8 odlingslampa 22Watt 120cm"},"content":{"rendered":"<h2 class=\"\" data-start=\"279\" data-end=\"360\">\ud83c\udf3f <strong data-start=\"285\" data-end=\"358\">SunLight Pro-Gro T8 - dansk designad fullspektrum LED-odlingslampa (22W)<\/strong><\/h2>\n<p class=\"\" data-start=\"361\" data-end=\"425\"><strong data-start=\"361\" data-end=\"425\">Effektivt, slimmat och skr\u00e4ddarsytt f\u00f6r stark tillv\u00e4xt i varje skede<\/strong><\/p>\n<p class=\"\" data-start=\"427\" data-end=\"799\">Uppt\u00e4ck den senaste generationen av v\u00e4xtbelysning med <a href=\"https:\/\/plantelys.dk\/sv\/produkt\/sunlight-pro-gro-t8-plantljus-22watt-2\/\"><strong data-start=\"478\" data-end=\"512\">SunLight Pro-Gro T8 - Ver. 3.0<\/strong><\/a>, \u00e4r en avancerad 22W LED-v\u00e4xthampa med fullt spektrum som \u00e4r designad och utvecklad i Danmark. Med h\u00f6g fotosyntetisk effektivitet och ett spektrum som \u00e4r inriktat p\u00e5 optimal tillv\u00e4xt och blomning \u00e4r den h\u00e4r lampan idealisk f\u00f6r b\u00e5de hobbyodlare och professionella med fokus p\u00e5 <strong data-start=\"758\" data-end=\"798\">Kvalitet, tillf\u00f6rlitlighet och resultat<\/strong>.<\/p>\n<h3 class=\"\" data-start=\"842\" data-end=\"880\">\ud83c\udf1e <strong data-start=\"849\" data-end=\"880\">Konstruerad f\u00f6r maximal tillv\u00e4xt<\/strong><\/h3>\n<p class=\"\" data-start=\"882\" data-end=\"1210\">Denna nya version levererar <strong data-start=\"908\" data-end=\"948\">Upp till dubbelt s\u00e5 mycket ljus och tillv\u00e4xt<\/strong> \u00e4n liknande lampor p\u00e5 den danska marknaden - tack vare en unik ljuskomposition som \u00e4r finjusterad f\u00f6r att st\u00f6dja v\u00e4xternas utveckling fr\u00e5n groning till blomning. Med en <strong data-start=\"1136\" data-end=\"1161\">H\u00f6g PPE p\u00e5 2,2 \u00b5mol\/J<\/strong>, du f\u00e5r maximal avkastning per f\u00f6rbrukad kilowatt.<\/p>\n<p class=\"\" data-start=\"1212\" data-end=\"1457\">Hela spektrumet omfattar b\u00e5de <strong data-start=\"1247\" data-end=\"1286\">Dagsljus och r\u00f6tt ljus (4000K + 660nm)<\/strong>, vilket fr\u00e4mjar fotosyntesen och f\u00f6rb\u00e4ttrar v\u00e4xternas struktur och vitalitet. Samtidigt \u00e5terges f\u00e4rgerna p\u00e5 ett naturligt s\u00e4tt, vilket g\u00f6r det enkelt att visuellt bed\u00f6ma v\u00e4xternas h\u00e4lsa.<\/p>\n<hr class=\"\" data-start=\"1459\" data-end=\"1462\" \/>\n<h3 class=\"\" data-start=\"1464\" data-end=\"1513\">\ud83d\udee0\ufe0f <strong data-start=\"1472\" data-end=\"1513\">Utformad f\u00f6r moderna odlingsmilj\u00f6er<\/strong><\/h3>\n<p class=\"\" data-start=\"1515\" data-end=\"1651\">De <strong data-start=\"1519\" data-end=\"1543\">ultratunn T8-profil<\/strong> i solid aluminium ger effektiv v\u00e4rmeavledning och l\u00e5ng livsl\u00e4ngd, samtidigt som den matchar lampan perfekt:<\/p>\n<ul>\n<li data-start=\"1655\" data-end=\"1684\"><strong data-start=\"1655\" data-end=\"1684\">Vertikala odlingssystem<\/strong><\/li>\n<li data-start=\"1687\" data-end=\"1720\"><strong data-start=\"1687\" data-end=\"1720\">Flerskiktade v\u00e4xtarrangemang<\/strong><\/li>\n<li data-start=\"1723\" data-end=\"1746\"><strong data-start=\"1723\" data-end=\"1746\">Hydroponiska uppst\u00e4llningar<\/strong><\/li>\n<li class=\"\" data-start=\"1747\" data-end=\"1785\">\n<p class=\"\" data-start=\"1749\" data-end=\"1785\"><strong data-start=\"1749\" data-end=\"1785\">Hyllor och st\u00e4llningar f\u00f6r inomhusv\u00e4xter<\/strong><\/p>\n<\/li>\n<\/ul>\n<p class=\"\" data-start=\"1787\" data-end=\"1881\">\ud83d\udd0c Ansluts direkt till <strong data-start=\"1813\" data-end=\"1821\">230V<\/strong> - Ingen transformator beh\u00f6vs. Levereras med n\u00e4tsladd, <span style=\"text-decoration: underline;\">kan inte kedjekopplas.<\/span><\/p>\n<hr class=\"\" data-start=\"1883\" data-end=\"1886\" \/>\n<h3 class=\"\" data-start=\"1888\" data-end=\"1919\">\ud83d\udcd0 <strong data-start=\"1895\" data-end=\"1919\">Plats och t\u00e4ckning<\/strong><\/h3>\n<div class=\"_tableContainer_16hzy_1\">\n<div class=\"_tableWrapper_16hzy_14 group flex w-fit flex-col-reverse\" tabindex=\"-1\">\n<table class=\"w-fit min-w-(--thread-content-width)\" data-start=\"1921\" data-end=\"2126\">\n<thead data-start=\"1921\" data-end=\"1970\">\n<tr data-start=\"1921\" data-end=\"1970\">\n<th data-start=\"1921\" data-end=\"1945\" data-col-size=\"sm\"><strong data-start=\"1923\" data-end=\"1937\">Typ av anl\u00e4ggning<\/strong><\/th>\n<th data-start=\"1945\" data-end=\"1970\" data-col-size=\"sm\"><strong data-start=\"1947\" data-end=\"1968\">Rekommenderat avst\u00e5nd<\/strong><\/th>\n<\/tr>\n<\/thead>\n<tbody data-start=\"2023\" data-end=\"2126\">\n<tr data-start=\"2023\" data-end=\"2074\">\n<td data-start=\"2023\" data-end=\"2048\" data-col-size=\"sm\">Sm\u00e5 plantor\/groddar<\/td>\n<td data-col-size=\"sm\" data-start=\"2048\" data-end=\"2074\">20-30 cm<\/td>\n<\/tr>\n<tr data-start=\"2075\" data-end=\"2126\">\n<td data-start=\"2075\" data-end=\"2100\" data-col-size=\"sm\">Vuxna v\u00e4xter<\/td>\n<td data-col-size=\"sm\" data-start=\"2100\" data-end=\"2126\">10-20 cm<\/td>\n<\/tr>\n<\/tbody>\n<\/table>\n<div class=\"sticky end-(--thread-content-margin) h-0 self-end select-none\">\n<div class=\"absolute end-0 flex items-end\"><\/div>\n<\/div>\n<\/div>\n<\/div>\n<p class=\"\" data-start=\"2128\" data-end=\"2166\"><strong data-start=\"2128\" data-end=\"2143\">L\u00e4tt t\u00e4ckning:<\/strong> Cirka 40-50 cm i bredd<\/p>\n<hr class=\"\" data-start=\"2168\" data-end=\"2171\" \/>\n<h3 class=\"\" data-start=\"2173\" data-end=\"2211\">\ud83d\udca1 <strong data-start=\"2180\" data-end=\"2211\">Ljusintensitet (PPFD och Lux)<\/strong><\/h3>\n<div class=\"_tableContainer_16hzy_1\">\n<div class=\"_tableWrapper_16hzy_14 group flex w-fit flex-col-reverse\" tabindex=\"-1\">\n<table class=\"w-fit min-w-(--thread-content-width)\" data-start=\"2213\" data-end=\"2707\">\n<thead data-start=\"2213\" data-end=\"2273\">\n<tr data-start=\"2213\" data-end=\"2273\">\n<th data-start=\"2213\" data-end=\"2227\" data-col-size=\"sm\"><strong data-start=\"2215\" data-end=\"2226\">Avst\u00e5nd<\/strong><\/th>\n<th data-start=\"2227\" data-end=\"2250\" data-col-size=\"sm\"><strong data-start=\"2229\" data-end=\"2249\">PPFD (\u00b5mol\/m\u00b2-s)<\/strong><\/th>\n<th data-start=\"2250\" data-end=\"2273\" data-col-size=\"sm\"><strong data-start=\"2252\" data-end=\"2271\">Ljusstyrka (Lux)<\/strong><\/th>\n<\/tr>\n<\/thead>\n<tbody data-start=\"2336\" data-end=\"2707\">\n<tr data-start=\"2336\" data-end=\"2397\">\n<td data-start=\"2336\" data-end=\"2350\" data-col-size=\"sm\">5 cm<\/td>\n<td data-start=\"2350\" data-end=\"2373\" data-col-size=\"sm\">265<\/td>\n<td data-start=\"2373\" data-end=\"2397\" data-col-size=\"sm\">18.000<\/td>\n<\/tr>\n<tr data-start=\"2398\" data-end=\"2459\">\n<td data-start=\"2398\" data-end=\"2412\" data-col-size=\"sm\">10 cm<\/td>\n<td data-col-size=\"sm\" data-start=\"2412\" data-end=\"2435\">150<\/td>\n<td data-col-size=\"sm\" data-start=\"2435\" data-end=\"2459\">11.000<\/td>\n<\/tr>\n<tr data-start=\"2460\" data-end=\"2521\">\n<td data-start=\"2460\" data-end=\"2474\" data-col-size=\"sm\">15 cm<\/td>\n<td data-start=\"2474\" data-end=\"2497\" data-col-size=\"sm\">130<\/td>\n<td data-start=\"2497\" data-end=\"2521\" data-col-size=\"sm\">9.000<\/td>\n<\/tr>\n<tr data-start=\"2522\" data-end=\"2583\">\n<td data-start=\"2522\" data-end=\"2536\" data-col-size=\"sm\">20 cm<\/td>\n<td data-start=\"2536\" data-end=\"2559\" data-col-size=\"sm\">100<\/td>\n<td data-start=\"2559\" data-end=\"2583\" data-col-size=\"sm\">\u2013<\/td>\n<\/tr>\n<tr data-start=\"2584\" data-end=\"2645\">\n<td data-start=\"2584\" data-end=\"2598\" data-col-size=\"sm\">25 cm<\/td>\n<td data-start=\"2598\" data-end=\"2621\" data-col-size=\"sm\">75<\/td>\n<td data-start=\"2621\" data-end=\"2645\" data-col-size=\"sm\">\u2013<\/td>\n<\/tr>\n<tr data-start=\"2646\" data-end=\"2707\">\n<td data-start=\"2646\" data-end=\"2660\" data-col-size=\"sm\">30 cm<\/td>\n<td data-col-size=\"sm\" data-start=\"2660\" data-end=\"2683\">60<\/td>\n<td data-col-size=\"sm\" data-start=\"2683\" data-end=\"2707\">\u2013<\/td>\n<\/tr>\n<\/tbody>\n<\/table>\n<div class=\"sticky end-(--thread-content-margin) h-0 self-end select-none\">\n<div class=\"absolute end-0 flex items-end\"><\/div>\n<\/div>\n<\/div>\n<\/div>\n<hr class=\"\" data-start=\"2709\" data-end=\"2712\" \/>\n<h3 class=\"\" data-start=\"2714\" data-end=\"2749\">\ud83d\udcca <strong data-start=\"2721\" data-end=\"2749\">Tekniska specifikationer<\/strong><\/h3>\n<div class=\"_tableContainer_16hzy_1\">\n<div class=\"_tableWrapper_16hzy_14 group flex w-fit flex-col-reverse\" tabindex=\"-1\">\n<table class=\"w-fit min-w-(--thread-content-width)\" data-start=\"2751\" data-end=\"3685\">\n<thead data-start=\"2751\" data-end=\"2805\">\n<tr data-start=\"2751\" data-end=\"2805\">\n<th data-start=\"2751\" data-end=\"2775\" data-col-size=\"sm\"><\/th>\n<th data-start=\"2775\" data-end=\"2805\" data-col-size=\"sm\"><\/th>\n<\/tr>\n<\/thead>\n<tbody data-start=\"2861\" data-end=\"3685\">\n<tr data-start=\"2861\" data-end=\"2915\">\n<td data-start=\"2861\" data-end=\"2885\" data-col-size=\"sm\"><strong data-start=\"2863\" data-end=\"2873\">Effekt<\/strong><\/td>\n<td data-start=\"2885\" data-end=\"2915\" data-col-size=\"sm\">22W<\/td>\n<\/tr>\n<tr data-start=\"2916\" data-end=\"2970\">\n<td data-start=\"2916\" data-end=\"2940\" data-col-size=\"sm\"><strong data-start=\"2918\" data-end=\"2930\">sp\u00e4nning<\/strong><\/td>\n<td data-col-size=\"sm\" data-start=\"2940\" data-end=\"2970\">230V AC<\/td>\n<\/tr>\n<tr data-start=\"2971\" data-end=\"3025\">\n<td data-start=\"2971\" data-end=\"2995\" data-col-size=\"sm\"><strong data-start=\"2973\" data-end=\"2992\">F\u00e4rgtemperatur<\/strong><\/td>\n<td data-start=\"2995\" data-end=\"3025\" data-col-size=\"sm\">4000K + 660 nm<\/td>\n<\/tr>\n<tr data-start=\"3026\" data-end=\"3080\">\n<td data-start=\"3026\" data-end=\"3050\" data-col-size=\"sm\"><strong data-start=\"3028\" data-end=\"3040\">Ljusfl\u00f6de<\/strong><\/td>\n<td data-start=\"3050\" data-end=\"3080\" data-col-size=\"sm\">3.350 lumen<\/td>\n<\/tr>\n<tr data-start=\"3081\" data-end=\"3135\">\n<td data-start=\"3081\" data-end=\"3105\" data-col-size=\"sm\"><strong data-start=\"3083\" data-end=\"3102\">F\u00e4rg\u00e5tergivning<\/strong><\/td>\n<td data-start=\"3105\" data-end=\"3135\" data-col-size=\"sm\">CRI 86<\/td>\n<\/tr>\n<tr data-start=\"3136\" data-end=\"3190\">\n<td data-start=\"3136\" data-end=\"3160\" data-col-size=\"sm\"><strong data-start=\"3138\" data-end=\"3160\">Effektivitet (PPE)<\/strong><\/td>\n<td data-start=\"3160\" data-end=\"3190\" data-col-size=\"sm\">2,2 \u00b5mol\/J<\/td>\n<\/tr>\n<tr data-start=\"3191\" data-end=\"3245\">\n<td data-start=\"3191\" data-end=\"3215\" data-col-size=\"sm\"><strong data-start=\"3193\" data-end=\"3213\">Spridningsvinkel<\/strong><\/td>\n<td data-start=\"3215\" data-end=\"3245\" data-col-size=\"sm\">110\u00b0<\/td>\n<\/tr>\n<tr data-start=\"3246\" data-end=\"3300\">\n<td data-start=\"3246\" data-end=\"3270\" data-col-size=\"sm\"><strong data-start=\"3248\" data-end=\"3269\">F\u00f6rv\u00e4ntad livsl\u00e4ngd<\/strong><\/td>\n<td data-col-size=\"sm\" data-start=\"3270\" data-end=\"3300\">25 000 timmar<\/td>\n<\/tr>\n<tr data-start=\"3301\" data-end=\"3355\">\n<td data-start=\"3301\" data-end=\"3325\" data-col-size=\"sm\"><strong data-start=\"3303\" data-end=\"3314\">Dimbar<\/strong><\/td>\n<td data-start=\"3325\" data-end=\"3355\" data-col-size=\"sm\">Nej<\/td>\n<\/tr>\n<tr data-start=\"3356\" data-end=\"3410\">\n<td data-start=\"3356\" data-end=\"3380\" data-col-size=\"sm\"><strong data-start=\"3358\" data-end=\"3368\">Sockel<\/strong><\/td>\n<td data-start=\"3380\" data-end=\"3410\" data-col-size=\"sm\">Fast sladd med stickpropp<\/td>\n<\/tr>\n<tr data-start=\"3411\" data-end=\"3465\">\n<td data-start=\"3411\" data-end=\"3435\" data-col-size=\"sm\"><strong data-start=\"3413\" data-end=\"3434\">IP-klassificering<\/strong><\/td>\n<td data-start=\"3435\" data-end=\"3465\" data-col-size=\"sm\">IP20<\/td>\n<\/tr>\n<tr data-start=\"3466\" data-end=\"3520\">\n<td data-start=\"3466\" data-end=\"3490\" data-col-size=\"sm\"><strong data-start=\"3468\" data-end=\"3487\">M\u00e5tt (L x B x H)<\/strong><\/td>\n<td data-start=\"3490\" data-end=\"3520\" data-col-size=\"sm\">1200 x 32 x 35 mm<\/td>\n<\/tr>\n<tr data-start=\"3521\" data-end=\"3575\">\n<td data-start=\"3521\" data-end=\"3545\" data-col-size=\"sm\"><strong data-start=\"3523\" data-end=\"3544\">Arbetstemperatur<\/strong><\/td>\n<td data-col-size=\"sm\" data-start=\"3545\" data-end=\"3575\">-20\u00b0C till +40\u00b0C<\/td>\n<\/tr>\n<tr data-start=\"3576\" data-end=\"3630\">\n<td data-start=\"3576\" data-end=\"3600\" data-col-size=\"sm\"><strong data-start=\"3578\" data-end=\"3589\">Garanti<\/strong><\/td>\n<td data-col-size=\"sm\" data-start=\"3600\" data-end=\"3630\">2 \u00e5r<\/td>\n<\/tr>\n<tr data-start=\"3631\" data-end=\"3685\">\n<td data-start=\"3631\" data-end=\"3655\" data-col-size=\"sm\"><strong data-start=\"3633\" data-end=\"3647\">Standarder<\/strong><\/td>\n<td data-col-size=\"sm\" data-start=\"3655\" data-end=\"3685\">LM80-certifierad<\/td>\n<\/tr>\n<\/tbody>\n<\/table>\n<div class=\"sticky end-(--thread-content-margin) h-0 self-end select-none\">\n<div class=\"absolute end-0 flex items-end\"><\/div>\n<\/div>\n<\/div>\n<\/div>\n<hr class=\"\" data-start=\"3687\" data-end=\"3690\" \/>\n<h3 class=\"\" data-start=\"3692\" data-end=\"3710\">\u26a0\ufe0f <strong data-start=\"3699\" data-end=\"3710\">Notera:<\/strong><\/h3>\n<ul data-start=\"3712\" data-end=\"3879\">\n<li class=\"\" data-start=\"3712\" data-end=\"3774\">\n<p class=\"\" data-start=\"3714\" data-end=\"3774\">Str\u00f6manslutning endast i <strong data-start=\"3737\" data-end=\"3748\">ena \u00e4nden<\/strong> (kan inte anslutas i serie)<\/p>\n<\/li>\n<li class=\"\" data-start=\"3775\" data-end=\"3837\">\n<p class=\"\" data-start=\"3777\" data-end=\"3837\"><strong data-start=\"3777\" data-end=\"3811\">Upph\u00e4ngningsvajer ing\u00e5r ej<\/strong>, men kan k\u00f6pas separat<\/p>\n<\/li>\n<li class=\"\" data-start=\"3838\" data-end=\"3879\">\n<p class=\"\" data-start=\"3840\" data-end=\"3879\"><strong data-start=\"3840\" data-end=\"3864\">Installations instruktioner<\/strong>: <a class=\"cursor-pointer\" rel=\"noopener\" data-start=\"3866\" data-end=\"3879\">Ladda ner h\u00e4r<\/a><\/p>\n<\/li>\n<\/ul>\n<hr class=\"\" data-start=\"3881\" data-end=\"3884\" \/>\n<h3 class=\"\" data-start=\"3886\" data-end=\"3910\">\ud83c\udf31 <strong data-start=\"3893\" data-end=\"3910\">L\u00e4mplig f\u00f6r:<\/strong><\/h3>\n<p class=\"\" data-start=\"3912\" data-end=\"4041\">\u2714 Gr\u00f6nsaker f\u00f6r inomhusbruk<br data-start=\"3934\" data-end=\"3937\" \/>\u2714 Bladgr\u00f6nsaker &amp; mikrogr\u00f6nsaker<br data-start=\"3961\" data-end=\"3964\" \/>\u2714 \u00d6rter och kryddor<br data-start=\"3978\" data-end=\"3981\" \/>\u2714 Prydnadsv\u00e4xter och prydnadsblommor<br data-start=\"4006\" data-end=\"4009\" \/>\u2714 Krukv\u00e4xter i alla tillv\u00e4xtstadier<\/p>\n<hr class=\"\" data-start=\"4043\" data-end=\"4046\" \/>\n<h3 class=\"\" data-start=\"4048\" data-end=\"4098\">\ud83d\udcac Redo att odla mer - med mindre energi?<\/h3>\n<p class=\"\" data-start=\"4100\" data-end=\"4276\"><strong data-start=\"4100\" data-end=\"4129\">SunLight Pro-Gro T8 (22W)<\/strong> \u00e4r en idealisk l\u00f6sning f\u00f6r dig som vill ha en diskret, effektiv och bepr\u00f6vad odlingslampa, utvecklad med dansk kunskap och framtidens odling i \u00e5tanke.<\/p>\n<p class=\"\" data-start=\"4278\" data-end=\"4356\">\ud83d\udcde Kontakta oss f\u00f6r r\u00e5d eller st\u00f6rre best\u00e4llningar - vi hj\u00e4lper dig att komma ig\u00e5ng!<\/p>\n<hr \/>\n<h3 data-start=\"0\" data-end=\"59\"><strong data-start=\"4\" data-end=\"59\">Vad \u00e4r skillnaden mellan odlingslampor, tillv\u00e4xtlampor och v\u00e4xtlampor?<\/strong><\/h3>\n<p data-start=\"61\" data-end=\"632\" data-is-last-node=\"\" data-is-only-node=\"\"><strong><a href=\"https:\/\/plantelys.dk\/sv\/produktkategori-2\/vaxtljus\/\">V\u00e4xtljus<\/a><\/strong> \u00e4r ett brett, informellt begrepp f\u00f6r all artificiell belysning som anv\u00e4nds f\u00f6r att odla v\u00e4xter inomhus \u2013 oavsett teknik, f\u00e4rgspektrum eller syfte. <a href=\"https:\/\/plantelys.dk\/sv\/produktkategori-2\/vaxtljus-lampor-glodlampor-2\/\"><strong>V\u00e4xa lampor<\/strong><\/a> \u00c5 andra sidan finns det ljus som har utvecklats specifikt f\u00f6r att st\u00f6dja vissa tillv\u00e4xtfaser, s\u00e5som groddning, vegetativ tillv\u00e4xt eller blomning, och som d\u00e4rf\u00f6r ofta har ett mer riktat eller justerbart ljusspektrum. <strong><a href=\"https:\/\/plantelys.dk\/sv\/\">V\u00e4xtbelysning<\/a><\/strong> \u00e4r den allm\u00e4nna tekniska termen som omfattar alla typer av ljusk\u00e4llor som f\u00f6rser v\u00e4xter med de v\u00e5gl\u00e4ngder (dagsljus) som beh\u00f6vs f\u00f6r fotosyntesen, och anv\u00e4nds b\u00e5de f\u00f6r hobbylampor och avancerade professionella LED-l\u00f6sningar.<\/p>","protected":false},"excerpt":{"rendered":"<p>LED fullt spektrum v\u00e4xande ljus aluminium T8 profil. Ny dansk utvecklad produkt. Produkten l\u00e4mpar sig f\u00f6r: bladgr\u00f6nv\u00e4xt, prydnadsv\u00e4xter, blommor, krukv\u00e4xter, gr\u00f6nsaker, \u00f6rter, sallader etc.<\/p>\n<p><strong>Rekommenderat avst\u00e5nd till v\u00e4xter:\u00a0<\/strong><br \/>\nPlantor\/sm\u00e5 plantor: 20-30 cm<br \/>\nVuxna plantor: 10-20cm<\/p>","protected":false},"featured_media":46386,"comment_status":"open","ping_status":"closed","template":"","meta":{"_acf_changed":false},"product_brand":[],"product_cat":[235,179,92,107],"product_tag":[],"class_list":{"0":"post-4252","1":"product","2":"type-product","3":"status-publish","4":"has-post-thumbnail","6":"product_cat-grolys","7":"product_cat-lys-til-mikrogroent-vaekst","8":"product_cat-vaekstlys-paerer-lamper","9":"product_cat-vertical-farming-lys-varme-gro-dine-planter","11":"entry","12":"has-media","14":"first","15":"instock","16":"sale","17":"taxable","18":"shipping-taxable","19":"purchasable","20":"product-type-simple","21":"has-product-nav","22":"col","23":"span_1_of_4","24":"owp-content-center","25":"item-entry","26":"owp-thumbs-layout-vertical","27":"owp-btn-normal","28":"owp-tabs-layout-horizontal"},"acf":[],"_links":{"self":[{"href":"https:\/\/plantelys.dk\/sv\/wp-json\/wp\/v2\/product\/4252","targetHints":{"allow":["GET"]}}],"collection":[{"href":"https:\/\/plantelys.dk\/sv\/wp-json\/wp\/v2\/product"}],"about":[{"href":"https:\/\/plantelys.dk\/sv\/wp-json\/wp\/v2\/types\/product"}],"replies":[{"embeddable":true,"href":"https:\/\/plantelys.dk\/sv\/wp-json\/wp\/v2\/comments?post=4252"}],"version-history":[{"count":0,"href":"https:\/\/plantelys.dk\/sv\/wp-json\/wp\/v2\/product\/4252\/revisions"}],"wp:featuredmedia":[{"embeddable":true,"href":"https:\/\/plantelys.dk\/sv\/wp-json\/wp\/v2\/media\/46386"}],"wp:attachment":[{"href":"https:\/\/plantelys.dk\/sv\/wp-json\/wp\/v2\/media?parent=4252"}],"wp:term":[{"taxonomy":"product_brand","embeddable":true,"href":"https:\/\/plantelys.dk\/sv\/wp-json\/wp\/v2\/product_brand?post=4252"},{"taxonomy":"product_cat","embeddable":true,"href":"https:\/\/plantelys.dk\/sv\/wp-json\/wp\/v2\/product_cat?post=4252"},{"taxonomy":"product_tag","embeddable":true,"href":"https:\/\/plantelys.dk\/sv\/wp-json\/wp\/v2\/product_tag?post=4252"}],"curies":[{"name":"wp","href":"https:\/\/api.w.org\/{rel}","templated":true}]}}