{"id":39329,"date":"2024-08-07T12:59:22","date_gmt":"2024-08-07T11:59:22","guid":{"rendered":"https:\/\/plantelys.dk\/?post_type=product&#038;p=39329"},"modified":"2025-11-19T10:03:59","modified_gmt":"2025-11-19T09:03:59","slug":"grolys-spotlight-e14-med-fullspektrum-vitt-ljus-5000k","status":"publish","type":"product","link":"https:\/\/plantelys.dk\/sv\/vare\/grolys-spot-e14-med-fuld-spektret-hvidt-lys-5000k\/","title":{"rendered":"Grolys spotlight E14 med vitt ljus med fullt spektrum, 5000K"},"content":{"rendered":"<h2>E14 Grolys str\u00e5lkastare med fullspektrumljus<\/h2>\n<p>Detta <a href=\"https:\/\/plantelys.dk\/sv\/produkt\/grolys-spotlight-e14-med-fullspektrum-vitt-ljus-5000k\/\">E14 Grolys str\u00e5lkastare<\/a> med ett varmt ljus med fullt spektrum \u00e4r det perfekta valet f\u00f6r dina inomhusv\u00e4xter som beh\u00f6ver extra ljus, men du vill inte ha ett kallt eller rosa ljus i ditt vardagsrum. Den passar de flesta lampor med en liten skruvsockel, vilket g\u00f6r den enkel att installera. Med sitt varmvita ljus \u00e4r den ocks\u00e5 perfekt som l\u00e4s- och arbetslampa.<\/p>\n<p>Grolys-lampan har en f\u00e4rgtemperatur p\u00e5 5000K och ett RA-v\u00e4rde p\u00e5 \u00f6ver 90, vilket garanterar kvalitetsbelysning f\u00f6r dina v\u00e4xter.<\/p>\n<p>Gl\u00f6dlampan har en bred spridningsvinkel p\u00e5 38\u00b0, vilket ger bra ljust\u00e4ckning f\u00f6r dina v\u00e4xter p\u00e5 ett relativt kort avst\u00e5nd.<\/p>\n<p>Oavsett om du vill f\u00f6rb\u00e4ttra tillv\u00e4xten hos dina krukv\u00e4xter eller beh\u00f6ver ett bra arbetsljus, \u00e4r denna E14 <a href=\"https:\/\/plantelys.dk\/sv\/produktkategori-2\/vaxtljus\/\">Grolys str\u00e5lkastarljus<\/a> med varmvitt ljus med fullt spektrum \u00e4r det perfekta valet.<\/p>\n<h2>Uppm\u00e4tta PAR-data:<\/h2>\n<ul>\n<li>15cm: 1000 \u03bcmol\/m2 S<\/li>\n<li>30cm: 260 \u03bcmol\/m2 S<\/li>\n<li>50cm: 60 \u03bcmol\/m2 S<\/li>\n<li>100cm: 15 \u03bcmol\/m2 S<\/li>\n<\/ul>\n<h3 data-start=\"200\" data-end=\"241\">\ud83d\udca1 Observera vid installation i E14-uttag<\/h3>\n<p data-start=\"242\" data-end=\"515\">P\u00e5 vissa E14-fattningar kan problem uppst\u00e5 om gl\u00f6dlampan inte har ordentlig kontakt med sockeln (mittstiftet).<br data-start=\"353\" data-end=\"356\" \/>Detta beror p\u00e5 att <strong data-start=\"374\" data-end=\"426\">Mittstiftet i uttaget kan vara placerat n\u00e5got f\u00f6r l\u00e5gt.<\/strong> eller tryckas tillbaka med tiden, s\u00e5 att gl\u00f6dlampans baskontakt inte ansluter ordentligt.<\/p>\n<p data-start=\"517\" data-end=\"785\">\ud83d\udc49 <strong data-start=\"520\" data-end=\"532\">L\u00f6sning:<\/strong><br data-start=\"532\" data-end=\"535\" \/>Se till att str\u00f6mmen \u00e4r avst\u00e4ngd och anv\u00e4nd vid behov en liten isolerad skruvmejsel f\u00f6r att f\u00f6rsiktigt <strong data-start=\"631\" data-end=\"662\">lyft upp mittstiftet n\u00e5got<\/strong> i mitten av fattningen s\u00e5 att den f\u00e5r god fj\u00e4derkontakt med gl\u00f6dlampans bas.<br data-start=\"731\" data-end=\"734\" \/>D\u00e4refter kan gl\u00f6dlampan skruvas tillbaka och t\u00e4ndas som vanligt.<\/p>\n<p data-start=\"787\" data-end=\"893\">Denna situation kan s\u00e4rskilt uppst\u00e5 i <strong data-start=\"820\" data-end=\"856\">gamla eller slitna E14-uttag<\/strong> och beror inte p\u00e5 ett fel i sj\u00e4lva gl\u00f6dlampan.<\/p>\n<h3>Ljuset<\/h3>\n<table>\n<tbody>\n<tr>\n<td><\/td>\n<td><\/td>\n<\/tr>\n<tr>\n<td>F\u00e4rgtemperatur (K):<\/td>\n<td>5000<\/td>\n<\/tr>\n<tr>\n<td>R\u00c5:<\/td>\n<td>90<\/td>\n<\/tr>\n<tr>\n<td>Dimbar:<\/td>\n<td>Nej<\/td>\n<\/tr>\n<tr>\n<td>Lumens:<\/td>\n<td>700<\/td>\n<\/tr>\n<\/tbody>\n<\/table>\n<h3>Str\u00f6m &amp; Sp\u00e4nning<\/h3>\n<table>\n<tbody>\n<tr>\n<td>Sp\u00e4nning:<\/td>\n<td>230<\/td>\n<\/tr>\n<tr>\n<td>F\u00f6rbrukning (watt):<\/td>\n<td>7<\/td>\n<\/tr>\n<tr>\n<td>Ers\u00e4tter (watt):<\/td>\n<td>60<\/td>\n<\/tr>\n<tr>\n<td>Ljus f\u00e4rg:<\/td>\n<td>Cool White - fullt spektrum<\/td>\n<\/tr>\n<tr>\n<td>Spridningsvinkel:<\/td>\n<td>38\u00b0<\/td>\n<\/tr>\n<tr>\n<td>F\u00f6rv\u00e4ntad livsl\u00e4ngd (timmar):<\/td>\n<td>20.000<\/td>\n<\/tr>\n<tr>\n<td>MacAdam steg:<\/td>\n<td>SCDM &lt;5<\/td>\n<\/tr>\n<tr>\n<td>Energiklass:<\/td>\n<td>E<\/td>\n<\/tr>\n<\/tbody>\n<\/table>\n<h3>Annan information<\/h3>\n<table>\n<tbody>\n<tr>\n<td>Diameter:<\/td>\n<td>50 mm<\/td>\n<\/tr>\n<tr>\n<td>L\u00e4ngd h\u00f6jd:<\/td>\n<td>118 mm<\/td>\n<\/tr>\n<tr>\n<td>Livstidsgaranti:<\/td>\n<td>2 \u00e5r<\/td>\n<\/tr>\n<tr>\n<td>IP:<\/td>\n<td>20<\/td>\n<\/tr>\n<\/tbody>\n<\/table>\n<p>&nbsp;<\/p>\n<hr \/>\n<h3 data-start=\"0\" data-end=\"59\"><strong data-start=\"4\" data-end=\"59\">Vad \u00e4r skillnaden mellan odlingslampor, tillv\u00e4xtlampor och v\u00e4xtlampor?<\/strong><\/h3>\n<p data-start=\"61\" data-end=\"632\" data-is-last-node=\"\" data-is-only-node=\"\"><strong><a href=\"https:\/\/plantelys.dk\/sv\/produktkategori-2\/vaxtljus\/\">V\u00e4xtljus<\/a><\/strong> \u00e4r ett brett, informellt begrepp f\u00f6r all artificiell belysning som anv\u00e4nds f\u00f6r att odla v\u00e4xter inomhus \u2013 oavsett teknik, f\u00e4rgspektrum eller syfte. <a href=\"https:\/\/plantelys.dk\/sv\/produktkategori-2\/vaxtljus-lampor-glodlampor-2\/\"><strong>V\u00e4xa lampor<\/strong><\/a> \u00c5 andra sidan finns det ljus som har utvecklats specifikt f\u00f6r att st\u00f6dja vissa tillv\u00e4xtfaser, s\u00e5som groddning, vegetativ tillv\u00e4xt eller blomning, och som d\u00e4rf\u00f6r ofta har ett mer riktat eller justerbart ljusspektrum. <strong><a href=\"https:\/\/plantelys.dk\/sv\/\">V\u00e4xtbelysning<\/a><\/strong> \u00e4r den allm\u00e4nna tekniska termen som omfattar alla typer av ljusk\u00e4llor som f\u00f6rser v\u00e4xter med de v\u00e5gl\u00e4ngder (dagsljus) som beh\u00f6vs f\u00f6r fotosyntesen, och anv\u00e4nds b\u00e5de f\u00f6r hobbylampor och avancerade professionella LED-l\u00f6sningar.<\/p>","protected":false},"excerpt":{"rendered":"<p>Grolys LED-lampor med vitt ljus. Gl\u00f6dlampan passar alla E14-socklar (liten standardskruvsockel).<\/p>","protected":false},"featured_media":39375,"comment_status":"open","ping_status":"closed","template":"","meta":{"_acf_changed":false},"product_brand":[],"product_cat":[235,370,92],"product_tag":[],"class_list":{"0":"post-39329","1":"product","2":"type-product","3":"status-publish","4":"has-post-thumbnail","6":"product_cat-grolys","7":"product_cat-grolys-paere","8":"product_cat-vaekstlys-paerer-lamper","10":"entry","11":"has-media","13":"first","14":"instock","15":"taxable","16":"shipping-taxable","17":"purchasable","18":"product-type-simple","19":"has-product-nav","20":"col","21":"span_1_of_4","22":"owp-content-center","23":"item-entry","24":"owp-thumbs-layout-vertical","25":"owp-btn-normal","26":"owp-tabs-layout-horizontal"},"acf":[],"_links":{"self":[{"href":"https:\/\/plantelys.dk\/sv\/wp-json\/wp\/v2\/product\/39329","targetHints":{"allow":["GET"]}}],"collection":[{"href":"https:\/\/plantelys.dk\/sv\/wp-json\/wp\/v2\/product"}],"about":[{"href":"https:\/\/plantelys.dk\/sv\/wp-json\/wp\/v2\/types\/product"}],"replies":[{"embeddable":true,"href":"https:\/\/plantelys.dk\/sv\/wp-json\/wp\/v2\/comments?post=39329"}],"version-history":[{"count":0,"href":"https:\/\/plantelys.dk\/sv\/wp-json\/wp\/v2\/product\/39329\/revisions"}],"wp:featuredmedia":[{"embeddable":true,"href":"https:\/\/plantelys.dk\/sv\/wp-json\/wp\/v2\/media\/39375"}],"wp:attachment":[{"href":"https:\/\/plantelys.dk\/sv\/wp-json\/wp\/v2\/media?parent=39329"}],"wp:term":[{"taxonomy":"product_brand","embeddable":true,"href":"https:\/\/plantelys.dk\/sv\/wp-json\/wp\/v2\/product_brand?post=39329"},{"taxonomy":"product_cat","embeddable":true,"href":"https:\/\/plantelys.dk\/sv\/wp-json\/wp\/v2\/product_cat?post=39329"},{"taxonomy":"product_tag","embeddable":true,"href":"https:\/\/plantelys.dk\/sv\/wp-json\/wp\/v2\/product_tag?post=39329"}],"curies":[{"name":"wp","href":"https:\/\/api.w.org\/{rel}","templated":true}]}}