{"id":36801,"date":"2024-05-01T09:08:08","date_gmt":"2024-05-01T09:08:08","guid":{"rendered":"https:\/\/plantelys.dk\/?post_type=product&#038;p=36801"},"modified":"2026-04-28T11:39:56","modified_gmt":"2026-04-28T10:39:56","slug":"sunbeam-800w-led-grolys-kompaktlampa","status":"publish","type":"product","link":"https:\/\/plantelys.dk\/sv\/vare\/sunbeam-800w-led-grolys-compact-lampe\/","title":{"rendered":"SunLight 800Watt LED-odlingslampa"},"content":{"rendered":"<h2><strong>SunLight 800w LED Grolys<\/strong><\/h2>\n<p>NYHET 2026 - Uppt\u00e4ck den senaste tekniken inom LED-odlingslampor med SunLight 800w LED-odlingslampa, utrustad med avancerade dioder. Denna produkt erbjuder banbrytande prestanda och energieffektivitet f\u00f6r plantskolor eller botaniska tr\u00e4dg\u00e5rdar, och kan ocks\u00e5 anv\u00e4ndas av den entusiastiska hemtr\u00e4dg\u00e5rdsm\u00e4staren.<\/p>\n<p><strong>Produktspecifikationer:<\/strong><\/p>\n<ul>\n<li><strong>Ljusf\u00f6rdelning:<\/strong> 110\u00b0 f\u00f6r optimal t\u00e4ckning.<\/li>\n<li><strong>Spektralt omr\u00e5de:<\/strong> 380-800 nm, l\u00e4mplig f\u00f6r olika tillv\u00e4xtstadier fr\u00e5n groning till blomning.<\/li>\n<li><strong>Effektivitet:<\/strong> Med en PPE p\u00e5 \u00f6ver 2,5 \u03bcmol\/J och en PPF p\u00e5 2000 \u03bcmol\/s ger den h\u00e4r lampan ett enast\u00e5ende v\u00e4rde.<\/li>\n<li><strong>Livstid:<\/strong> Utformad f\u00f6r l\u00e5ng livsl\u00e4ngd med upp till 50.000 timmar.<\/li>\n<li><strong>Certifieringar:<\/strong> Uppfyller CETL\/CE\/ROHS standarder f\u00f6r s\u00e4kerhet och kvalitet.<\/li>\n<li><strong>Storlek och vikt:<\/strong> Kompakt design med m\u00e5tten 520 x 315 x 100 mm och en vikt p\u00e5 endast 13 kg.<\/li>\n<\/ul>\n<p>&nbsp;<\/p>\n<p>H\u00e4r \u00e4r en tabell med alla produktparametrar<\/p>\n<table>\n<thead>\n<tr>\n<th>Kategori<\/th>\n<th>V\u00e4rde<\/th>\n<\/tr>\n<\/thead>\n<tbody>\n<tr>\n<td><strong>Produkttyp<\/strong><\/td>\n<td>HR-PLD-800<\/td>\n<\/tr>\n<tr>\n<td><strong>Termisk hantering<\/strong><\/td>\n<td>Passiv<\/td>\n<\/tr>\n<tr>\n<td><strong>Effekt<\/strong><\/td>\n<td>800W<\/td>\n<\/tr>\n<tr>\n<td><strong>Ing\u00e5ngssp\u00e4nning<\/strong><\/td>\n<td>120-277V AC, 50\/60Hz<\/td>\n<\/tr>\n<tr>\n<td><strong>EPP<\/strong><\/td>\n<td>&gt;2,5umol\/J<\/td>\n<\/tr>\n<tr>\n<td><strong>PPF<\/strong><\/td>\n<td>&gt;2000umol\/s<\/td>\n<\/tr>\n<tr>\n<td><strong>Chip<\/strong><\/td>\n<td>Kina 5050<\/td>\n<\/tr>\n<tr>\n<td><strong>Ljusf\u00f6rdelning<\/strong><\/td>\n<td>110\u00b0<\/td>\n<\/tr>\n<tr>\n<td><strong>D\u00e4mpning (tillval)<\/strong><\/td>\n<td>0-10V<\/td>\n<\/tr>\n<tr>\n<td><strong>Total harmonisk distorsion<\/strong><\/td>\n<td>&lt;15%<\/td>\n<\/tr>\n<tr>\n<td><strong>Livsl\u00e4ngd<\/strong><\/td>\n<td>50.000 timmar<\/td>\n<\/tr>\n<tr>\n<td><strong>CCT<\/strong><\/td>\n<td>Ra80&gt;90<\/td>\n<\/tr>\n<tr>\n<td><strong>Spektralt omr\u00e5de<\/strong><\/td>\n<td>380-800 nm<\/td>\n<\/tr>\n<tr>\n<td><strong>Certifiering<\/strong><\/td>\n<td>CETL\/CE\/ROHS<\/td>\n<\/tr>\n<tr>\n<td><strong>Maximal omgivningstemperatur<\/strong><\/td>\n<td>113\u00b0F\/40\u00b0C<\/td>\n<\/tr>\n<tr>\n<td><strong>Produktens storlek<\/strong><\/td>\n<td>20,47\u2033x12,4\u2033x3,9\u2033 \/ 520x315x100mm<\/td>\n<\/tr>\n<tr>\n<td><strong>Monteringsh\u00f6jd<\/strong><\/td>\n<td>6\u2033-24\u2033 \/ 15cm-60cm (beroende p\u00e5 platsens f\u00f6ruts\u00e4ttningar)<\/td>\n<\/tr>\n<tr>\n<td><strong>IP-klassificering<\/strong><\/td>\n<td>IP65<\/td>\n<\/tr>\n<tr>\n<td><strong>Garanti<\/strong><\/td>\n<td>5 \u00e5r<\/td>\n<\/tr>\n<tr>\n<td><strong>F\u00f6rpackningsinformation - Produktnamn<\/strong><\/td>\n<td><strong>Sunbeam 800w LED Grolys<\/strong><\/td>\n<\/tr>\n<tr>\n<td><strong>F\u00f6rpackningsinformation - Kartongstorlek<\/strong><\/td>\n<td>24\u2033 x 14,56\u2033 x 9,84\u2033 \/ 610 x 370 x 250mm<\/td>\n<\/tr>\n<tr>\n<td><strong>F\u00f6rpackningsinformation - N.W. (nettovikt)<\/strong><\/td>\n<td>13 kg<\/td>\n<\/tr>\n<tr>\n<td><strong>F\u00f6rpackningsinformation - G.W. (bruttovikt)<\/strong><\/td>\n<td>16 kg<\/td>\n<\/tr>\n<\/tbody>\n<\/table>\n<p>&nbsp;<\/p>\n<h3 data-start=\"0\" data-end=\"59\"><strong data-start=\"4\" data-end=\"59\">Vad \u00e4r skillnaden mellan odlingslampor, tillv\u00e4xtlampor och v\u00e4xtlampor?<\/strong><\/h3>\n<p data-start=\"61\" data-end=\"632\" data-is-last-node=\"\" data-is-only-node=\"\"><strong><a href=\"https:\/\/plantelys.dk\/sv\/produktkategori-2\/vaxtljus\/\">V\u00e4xtljus<\/a><\/strong> \u00e4r ett brett, informellt begrepp f\u00f6r all artificiell belysning som anv\u00e4nds f\u00f6r att odla v\u00e4xter inomhus \u2013 oavsett teknik, f\u00e4rgspektrum eller syfte. <a href=\"https:\/\/plantelys.dk\/sv\/produktkategori-2\/vaxtljus-lampor-glodlampor-2\/\"><strong>V\u00e4xa lampor<\/strong><\/a> \u00c5 andra sidan finns det ljus som har utvecklats specifikt f\u00f6r att st\u00f6dja vissa tillv\u00e4xtfaser, s\u00e5som groddning, vegetativ tillv\u00e4xt eller blomning, och som d\u00e4rf\u00f6r ofta har ett mer riktat eller justerbart ljusspektrum. <strong><a href=\"https:\/\/plantelys.dk\/sv\/\">V\u00e4xtbelysning<\/a><\/strong> \u00e4r den allm\u00e4nna tekniska termen som omfattar alla typer av ljusk\u00e4llor som f\u00f6rser v\u00e4xter med de v\u00e5gl\u00e4ngder (dagsljus) som beh\u00f6vs f\u00f6r fotosyntesen, och anv\u00e4nds b\u00e5de f\u00f6r hobbylampor och avancerade professionella LED-l\u00f6sningar.<\/p>\n<p data-start=\"61\" data-end=\"632\" data-is-last-node=\"\" data-is-only-node=\"\">\n<p><strong>Kontakta oss f\u00f6r mer information och leverans.<br \/>\n<\/strong>Med Sunbeam 800w LED-odlingslampor f\u00e5r du en avancerad l\u00f6sning f\u00f6r att optimera din odlingsmilj\u00f6, s\u00e4kerst\u00e4lla v\u00e4xternas h\u00e4lsa och maximera avkastningen.<\/p>\n<p>Du kan l\u00e4sa mer om vikten av att anv\u00e4nda r\u00e4tt odlingsljus f\u00f6r dina v\u00e4xter <a href=\"https:\/\/plantelys.dk\/sv\/kan-vaxter-vaxa-i-led-ljus-den-ultimata-guiden\/\">H\u00e4r!\u00a0<\/a><br \/>\nDu kan l\u00e4sa lite om LED-lampor<a href=\"https:\/\/da.wikipedia.org\/wiki\/Lysdiode\" target=\"_blank\" rel=\"noopener\"> h\u00e4r<\/a> och hur det fungerar<\/p>","protected":false},"excerpt":{"rendered":"<p><strong>Sunbeam 800w LED Grolys<\/strong> \u00e4r en toppmodern l\u00f6sning f\u00f6r v\u00e4xtodling inomhus, designad med avancerad LED-teknik. Denna odlingslampa har en bred t\u00e4ckning med en ljusf\u00f6rdelning p\u00e5 110\u00b0 och ett spektralomr\u00e5de fr\u00e5n 380 till 800 nm, vilket g\u00f6r den idealisk f\u00f6r alla stadier i v\u00e4xternas livscykel, fr\u00e5n groning till blomning.<\/p>","protected":false},"featured_media":36804,"comment_status":"closed","ping_status":"closed","template":"","meta":{"_acf_changed":false},"product_brand":[],"product_cat":[235,92],"product_tag":[],"class_list":{"0":"post-36801","1":"product","2":"type-product","3":"status-publish","4":"has-post-thumbnail","6":"product_cat-grolys","7":"product_cat-vaekstlys-paerer-lamper","9":"entry","10":"has-media","12":"first","13":"instock","14":"taxable","15":"shipping-taxable","16":"purchasable","17":"product-type-simple","18":"has-product-nav","19":"col","20":"span_1_of_4","21":"owp-content-center","22":"item-entry","23":"owp-thumbs-layout-vertical","24":"owp-btn-normal","25":"owp-tabs-layout-horizontal"},"acf":[],"_links":{"self":[{"href":"https:\/\/plantelys.dk\/sv\/wp-json\/wp\/v2\/product\/36801","targetHints":{"allow":["GET"]}}],"collection":[{"href":"https:\/\/plantelys.dk\/sv\/wp-json\/wp\/v2\/product"}],"about":[{"href":"https:\/\/plantelys.dk\/sv\/wp-json\/wp\/v2\/types\/product"}],"replies":[{"embeddable":true,"href":"https:\/\/plantelys.dk\/sv\/wp-json\/wp\/v2\/comments?post=36801"}],"version-history":[{"count":0,"href":"https:\/\/plantelys.dk\/sv\/wp-json\/wp\/v2\/product\/36801\/revisions"}],"wp:featuredmedia":[{"embeddable":true,"href":"https:\/\/plantelys.dk\/sv\/wp-json\/wp\/v2\/media\/36804"}],"wp:attachment":[{"href":"https:\/\/plantelys.dk\/sv\/wp-json\/wp\/v2\/media?parent=36801"}],"wp:term":[{"taxonomy":"product_brand","embeddable":true,"href":"https:\/\/plantelys.dk\/sv\/wp-json\/wp\/v2\/product_brand?post=36801"},{"taxonomy":"product_cat","embeddable":true,"href":"https:\/\/plantelys.dk\/sv\/wp-json\/wp\/v2\/product_cat?post=36801"},{"taxonomy":"product_tag","embeddable":true,"href":"https:\/\/plantelys.dk\/sv\/wp-json\/wp\/v2\/product_tag?post=36801"}],"curies":[{"name":"wp","href":"https:\/\/api.w.org\/{rel}","templated":true}]}}