{"id":36663,"date":"2024-04-30T11:50:03","date_gmt":"2024-04-30T11:50:03","guid":{"rendered":"https:\/\/plantelys.dk\/?post_type=product&#038;p=36663"},"modified":"2025-10-13T12:54:06","modified_gmt":"2025-10-13T11:54:06","slug":"hydroponisk-korg-80mm","status":"publish","type":"product","link":"https:\/\/plantelys.dk\/sv\/vare\/hydroponisk-kurv-80mm\/","title":{"rendered":"Hydroponisk korg , 80mm"},"content":{"rendered":"<h2><strong>Hydroponisk Kurv<\/strong><\/h2>\n<div class=\"flex-1 overflow-hidden\">\n<div class=\"react-scroll-to-bottom--css-ikqii-79elbk h-full\">\n<div class=\"react-scroll-to-bottom--css-ikqii-1n7m0yu\">\n<div class=\"flex flex-col text-sm pb-9\">\n<div class=\"w-full text-token-text-primary\" dir=\"auto\" data-testid=\"conversation-turn-5\" data-scroll-anchor=\"true\">\n<div class=\"px-4 py-2 justify-center text-base md:gap-6 m-auto\">\n<div class=\"flex flex-1 text-base mx-auto gap-3 juice:gap-4 juice:md:gap-6 md:px-5 lg:px-1 xl:px-5 md:max-w-3xl lg:max-w-[40rem] xl:max-w-[48rem]\">\n<div class=\"relative flex w-full min-w-0 flex-col agent-turn\">\n<div class=\"flex-col gap-1 md:gap-3\">\n<div class=\"flex flex-grow flex-col max-w-full\">\n<div class=\"min-h-[20px] text-message flex flex-col items-start gap-3 whitespace-pre-wrap break-words [.text-message+&amp;]:mt-5 overflow-x-auto\" dir=\"auto\" data-message-author-role=\"assistant\" data-message-id=\"58449e6f-7d15-4f61-9c9c-c9ae3c86d5d8\">\n<div class=\"markdown prose w-full break-words dark:prose-invert dark\">\n<p>Disse sm\u00e5 hydroponiske kurve, der m\u00e5ler 80 mm i diameter, er designet til at v\u00e6re alsidige og funktionelle inden for forskellige hydroponiske dyrkningssystemer. Kurvenes \u00e5bne struktur tillader optimal luft- og vandcirkulation, hvilket er essentielt for hydroponisk plantev\u00e6kst. Ud over at v\u00e6re kompatible med alle standard hydroponiske ops\u00e6tninger, er de ogs\u00e5 s\u00e6rligt egnede til at erstatte eksisterende kurve i GHE\/TA vandingssystemer, hvilket g\u00f8r dem til et praktisk valg for dem, der \u00f8nsker at opdatere eller vedligeholde deres systemer med minimal indsats.<\/p>\n<\/div>\n<\/div>\n<\/div>\n<\/div>\n<\/div>\n<\/div>\n<\/div>\n<\/div>\n<\/div>\n<\/div>\n<\/div>\n<\/div>\n<h2>Tekniske data:<\/h2>\n<p>Top bredde p\u00e5 kanten: 8,5cm<br \/>\nBredde: 8 cm<br \/>\nH\u00f8jde: 6,5 cm<br \/>\nRadius: 4cm<\/p>\n","protected":false},"excerpt":{"rendered":"<p>Dessa sm\u00e5 hydroponiska korgar, med en diameter p\u00e5 80 mm, kan anv\u00e4ndas i alla typer av hydroponiska system. De \u00e4r ocks\u00e5 idealiska som ers\u00e4ttare i olika bevattningssystem, inklusive GHE\/TA-system.<\/p>","protected":false},"featured_media":36665,"comment_status":"closed","ping_status":"closed","template":"","meta":{"_acf_changed":false},"product_brand":[],"product_cat":[98],"product_tag":[366],"class_list":{"0":"post-36663","1":"product","2":"type-product","3":"status-publish","4":"has-post-thumbnail","6":"product_cat-hydroponisk-dyrkning","7":"product_tag-hydroponiske-kurve","9":"entry","10":"has-media","12":"first","13":"outofstock","14":"taxable","15":"shipping-taxable","16":"purchasable","17":"product-type-simple","18":"has-product-nav","19":"col","20":"span_1_of_4","21":"owp-content-center","22":"item-entry","23":"owp-thumbs-layout-vertical","24":"owp-btn-normal","25":"owp-tabs-layout-horizontal"},"acf":[],"_links":{"self":[{"href":"https:\/\/plantelys.dk\/sv\/wp-json\/wp\/v2\/product\/36663","targetHints":{"allow":["GET"]}}],"collection":[{"href":"https:\/\/plantelys.dk\/sv\/wp-json\/wp\/v2\/product"}],"about":[{"href":"https:\/\/plantelys.dk\/sv\/wp-json\/wp\/v2\/types\/product"}],"replies":[{"embeddable":true,"href":"https:\/\/plantelys.dk\/sv\/wp-json\/wp\/v2\/comments?post=36663"}],"version-history":[{"count":0,"href":"https:\/\/plantelys.dk\/sv\/wp-json\/wp\/v2\/product\/36663\/revisions"}],"wp:featuredmedia":[{"embeddable":true,"href":"https:\/\/plantelys.dk\/sv\/wp-json\/wp\/v2\/media\/36665"}],"wp:attachment":[{"href":"https:\/\/plantelys.dk\/sv\/wp-json\/wp\/v2\/media?parent=36663"}],"wp:term":[{"taxonomy":"product_brand","embeddable":true,"href":"https:\/\/plantelys.dk\/sv\/wp-json\/wp\/v2\/product_brand?post=36663"},{"taxonomy":"product_cat","embeddable":true,"href":"https:\/\/plantelys.dk\/sv\/wp-json\/wp\/v2\/product_cat?post=36663"},{"taxonomy":"product_tag","embeddable":true,"href":"https:\/\/plantelys.dk\/sv\/wp-json\/wp\/v2\/product_tag?post=36663"}],"curies":[{"name":"wp","href":"https:\/\/api.w.org\/{rel}","templated":true}]}}