{"id":33982,"date":"2024-03-27T09:23:50","date_gmt":"2024-03-27T09:23:50","guid":{"rendered":"https:\/\/plantelys.dk\/?post_type=product&#038;p=33982"},"modified":"2025-12-16T08:12:11","modified_gmt":"2025-12-16T07:12:11","slug":"t8-staaende-led-grolys-120cm-4000k-48watt","status":"publish","type":"product","link":"https:\/\/plantelys.dk\/sv\/vare\/t8-staaende-led-grolys-120cm-4000k-48watt\/","title":{"rendered":"T8 frist\u00e5ende LED-lampa f\u00f6r odling 120cm 4000K 48Watt"},"content":{"rendered":"<h2 class=\"\" data-start=\"233\" data-end=\"260\"><strong data-start=\"236\" data-end=\"258\">St\u00e5ende LED Grolys<\/strong><\/h2>\n<h3 class=\"\" data-start=\"261\" data-end=\"326\">Elegant, energieffektiv och optimal belysning f\u00f6r dina v\u00e4xter<\/h3>\n<p class=\"\" data-start=\"328\" data-end=\"685\">Den st\u00e5ende <strong><a href=\"https:\/\/plantelys.dk\/sv\/produkt\/t8-staaende-led-grolys-120cm-4000k-48watt\/\">LED Grow Light<\/a> <\/strong>\u00e4r utformad med ett tydligt syfte: att ge optimal belysning i sidled f\u00f6r att ge dina v\u00e4xter b\u00e4sta m\u00f6jliga ljus - oavsett plats. Tack vare den j\u00e4mna ljusf\u00f6rdelningen, det breda spektrumet och m\u00f6jligheten att placera lampan p\u00e5 golvet \u00e4r den idealisk f\u00f6r allt fr\u00e5n krukv\u00e4xter och hyllarrangemang till v\u00e4xthus och tv\u00e4ttstugor.<\/p>\n<p class=\"\" data-start=\"687\" data-end=\"857\">Oavsett om du odlar \u00f6rter, tropiska v\u00e4xter eller blommande sorter, \u00e4r <a href=\"https:\/\/plantelys.dk\/sv\/produktkategori-2\/vaxtljus\/\"><strong>Grolyset<\/strong><\/a> flexibilitet, effektivitet och en design som passar in i alla moderna hem.<\/p>\n<h3 class=\"\" data-start=\"864\" data-end=\"911\"><strong data-start=\"868\" data-end=\"911\">Varf\u00f6r du ska v\u00e4lja st\u00e5ende LED Grolys<\/strong><\/h3>\n<div class=\"_tableContainer_16hzy_1\">\n<div class=\"_tableWrapper_16hzy_14 group flex w-fit flex-col-reverse\" tabindex=\"-1\">\n<table class=\"w-fit min-w-(--thread-content-width)\" data-start=\"913\" data-end=\"1714\">\n<thead data-start=\"913\" data-end=\"1026\">\n<tr data-start=\"913\" data-end=\"1026\">\n<th data-start=\"913\" data-end=\"943\" data-col-size=\"sm\"><strong data-start=\"915\" data-end=\"925\">F\u00f6rdel<\/strong><\/th>\n<th data-start=\"943\" data-end=\"1026\" data-col-size=\"md\"><strong data-start=\"945\" data-end=\"960\">Beskrivning<\/strong><\/th>\n<\/tr>\n<\/thead>\n<tbody data-start=\"1140\" data-end=\"1714\">\n<tr data-start=\"1140\" data-end=\"1255\">\n<td data-start=\"1140\" data-end=\"1171\" data-col-size=\"sm\"><strong data-start=\"1142\" data-end=\"1170\">Energieffektiv belysning<\/strong><\/td>\n<td data-col-size=\"md\" data-start=\"1171\" data-end=\"1255\">LED-tekniken ger l\u00e5g energif\u00f6rbrukning och h\u00f6g prestanda.<\/td>\n<\/tr>\n<tr data-start=\"1256\" data-end=\"1369\">\n<td data-start=\"1256\" data-end=\"1286\" data-col-size=\"sm\"><strong data-start=\"1258\" data-end=\"1277\">J\u00e4mn ljus t\u00e4ckning<\/strong><\/td>\n<td data-col-size=\"md\" data-start=\"1286\" data-end=\"1369\">Sidobelysningen eliminerar skuggor och ger ett j\u00e4mnt ljus f\u00f6r alla v\u00e4xter.<\/td>\n<\/tr>\n<tr data-start=\"1370\" data-end=\"1482\">\n<td data-start=\"1370\" data-end=\"1400\" data-col-size=\"sm\"><strong data-start=\"1372\" data-end=\"1389\">Optimal tillv\u00e4xt<\/strong><\/td>\n<td data-col-size=\"md\" data-start=\"1400\" data-end=\"1482\">R\u00f6tt ljus med fullspektrum 660 nm stimulerar fotosyntesen och v\u00e4xternas utveckling.<\/td>\n<\/tr>\n<tr data-start=\"1483\" data-end=\"1600\">\n<td data-start=\"1483\" data-end=\"1517\" data-col-size=\"sm\"><strong data-start=\"1485\" data-end=\"1516\">Snygg och stabil design<\/strong><\/td>\n<td data-col-size=\"md\" data-start=\"1517\" data-end=\"1600\">Stativ i minimalistisk stil som passar vackert in i din heminredning.<\/td>\n<\/tr>\n<tr data-start=\"1601\" data-end=\"1714\">\n<td data-start=\"1601\" data-end=\"1631\" data-col-size=\"sm\"><strong data-start=\"1603\" data-end=\"1620\">Enkel anv\u00e4ndning<\/strong><\/td>\n<td data-col-size=\"md\" data-start=\"1631\" data-end=\"1714\">L\u00e4tt att montera och justera.<\/td>\n<\/tr>\n<\/tbody>\n<\/table>\n<div class=\"sticky end-(--thread-content-margin) h-0 self-end select-none\">\n<div class=\"absolute end-0 flex items-end\"><\/div>\n<\/div>\n<\/div>\n<\/div>\n<h3 class=\"\" data-start=\"1721\" data-end=\"1773\"><strong data-start=\"1725\" data-end=\"1773\">Flexibel placering - ingen upph\u00e4ngning beh\u00f6vs<\/strong><\/h3>\n<p class=\"\" data-start=\"1775\" data-end=\"2076\">Till skillnad fr\u00e5n traditionella odlingslampor kr\u00e4ver denna Grolys ingen takmontering eller konsoler. Du kan enkelt placera den direkt framf\u00f6r v\u00e4xterna - antingen som prim\u00e4r belysning eller som kompletterande belysning i m\u00f6rkare h\u00f6rn av hemmet. Detta ger dig friheten att utforma dina v\u00e4xtupps\u00e4ttningar som du vill.<\/p>\n<h3 class=\"\" data-start=\"2083\" data-end=\"2132\"><strong data-start=\"2087\" data-end=\"2132\">S\u00e5 h\u00e4r placerar du ljuset - en snabbguide<\/strong><\/h3>\n<p class=\"\" data-start=\"2134\" data-end=\"2230\">Ljuskraven varierar beroende p\u00e5 v\u00e4xtens typ och tillv\u00e4xtstadium. H\u00e4r \u00e4r v\u00e5ra rekommenderade avst\u00e5nd:<\/p>\n<div class=\"_tableContainer_16hzy_1\">\n<div class=\"_tableWrapper_16hzy_14 group flex w-fit flex-col-reverse\" tabindex=\"-1\">\n<table class=\"w-fit min-w-(--thread-content-width)\" data-start=\"2232\" data-end=\"2663\">\n<thead data-start=\"2232\" data-end=\"2303\">\n<tr data-start=\"2232\" data-end=\"2303\">\n<th data-start=\"2232\" data-end=\"2261\" data-col-size=\"sm\"><strong data-start=\"2234\" data-end=\"2248\">Typ av anl\u00e4ggning<\/strong><\/th>\n<th data-start=\"2261\" data-end=\"2303\" data-col-size=\"sm\"><strong data-start=\"2263\" data-end=\"2284\">Avst\u00e5nd till lampa<\/strong><\/th>\n<\/tr>\n<\/thead>\n<tbody data-start=\"2376\" data-end=\"2663\">\n<tr data-start=\"2376\" data-end=\"2447\">\n<td data-start=\"2376\" data-end=\"2405\" data-col-size=\"sm\">Groddar och sm\u00e5plantor<\/td>\n<td data-col-size=\"sm\" data-start=\"2405\" data-end=\"2447\">60-75 cm (24-30 tum)<\/td>\n<\/tr>\n<tr data-start=\"2448\" data-end=\"2519\">\n<td data-start=\"2448\" data-end=\"2477\" data-col-size=\"sm\">Vuxna v\u00e4xter<\/td>\n<td data-col-size=\"sm\" data-start=\"2477\" data-end=\"2519\">30-60 cm (12-24 tum)<\/td>\n<\/tr>\n<tr data-start=\"2520\" data-end=\"2591\">\n<td data-start=\"2520\" data-end=\"2549\" data-col-size=\"sm\">Ljuskr\u00e4vande arter<\/td>\n<td data-start=\"2549\" data-end=\"2591\" data-col-size=\"sm\">N\u00e4rmare avst\u00e5nd (individuellt justerbart)<\/td>\n<\/tr>\n<tr data-start=\"2592\" data-end=\"2663\">\n<td data-start=\"2592\" data-end=\"2621\" data-col-size=\"sm\">Skuggt\u00e5liga v\u00e4xter<\/td>\n<td data-col-size=\"sm\" data-start=\"2621\" data-end=\"2663\">L\u00e4ngre avst\u00e5nd f\u00f6r skonsamt ljus<\/td>\n<\/tr>\n<\/tbody>\n<\/table>\n<div class=\"sticky end-(--thread-content-margin) h-0 self-end select-none\">\n<div class=\"absolute end-0 flex items-end\"><\/div>\n<\/div>\n<\/div>\n<\/div>\n<ul data-start=\"2665\" data-end=\"2917\">\n<li class=\"\" data-start=\"2665\" data-end=\"2728\">\n<p class=\"\" data-start=\"2667\" data-end=\"2728\"><strong data-start=\"2667\" data-end=\"2692\">Groddar och sm\u00e5plantor<\/strong> beh\u00f6ver mjukt, diffust ljus.<\/p>\n<\/li>\n<li class=\"\" data-start=\"2729\" data-end=\"2816\">\n<p class=\"\" data-start=\"2731\" data-end=\"2816\"><strong data-start=\"2731\" data-end=\"2749\">Vuxna v\u00e4xter<\/strong> kan tolerera h\u00f6gre intensitet - s\u00e4rskilt de med blommor eller frukt.<\/p>\n<\/li>\n<li class=\"\" data-start=\"2817\" data-end=\"2917\">\n<p class=\"\" data-start=\"2819\" data-end=\"2917\"><strong data-start=\"2819\" data-end=\"2843\">Specialiserade arter<\/strong> som suckulenter eller orkid\u00e9er kr\u00e4ver anpassning efter individuella behov.<\/p>\n<\/li>\n<\/ul>\n<p class=\"\" data-start=\"2919\" data-end=\"3051\">Kom ih\u00e5g att detta \u00e4r allm\u00e4nna riktlinjer. Om du har specifika fr\u00e5gor \u00e4r v\u00e5rt team redo att hj\u00e4lpa dig med personlig r\u00e5dgivning.<\/p>\n<h3 class=\"\" data-start=\"3058\" data-end=\"3081\"><strong data-start=\"3062\" data-end=\"3081\">Specifikationer<\/strong><\/h3>\n<div class=\"_tableContainer_16hzy_1\">\n<div class=\"_tableWrapper_16hzy_14 group flex w-fit flex-col-reverse\" tabindex=\"-1\">\n<table class=\"w-fit min-w-(--thread-content-width)\" data-start=\"3083\" data-end=\"3714\">\n<thead data-start=\"3083\" data-end=\"3153\">\n<tr data-start=\"3083\" data-end=\"3153\">\n<th data-start=\"3083\" data-end=\"3112\" data-col-size=\"sm\"><strong data-start=\"3085\" data-end=\"3097\">Funktionalitet<\/strong><\/th>\n<th data-start=\"3112\" data-end=\"3153\" data-col-size=\"sm\"><strong data-start=\"3114\" data-end=\"3126\">Mer information<\/strong><\/th>\n<\/tr>\n<\/thead>\n<tbody data-start=\"3225\" data-end=\"3714\">\n<tr data-start=\"3225\" data-end=\"3294\">\n<td data-start=\"3225\" data-end=\"3253\" data-col-size=\"sm\">Effekt<\/td>\n<td data-col-size=\"sm\" data-start=\"3253\" data-end=\"3294\">42W<\/td>\n<\/tr>\n<tr data-start=\"3295\" data-end=\"3364\">\n<td data-start=\"3295\" data-end=\"3323\" data-col-size=\"sm\">M\u00e5tt och dimensioner<\/td>\n<td data-start=\"3323\" data-end=\"3364\" data-col-size=\"sm\">1200 x 32 x 32 mm<\/td>\n<\/tr>\n<tr data-start=\"3365\" data-end=\"3434\">\n<td data-start=\"3365\" data-end=\"3393\" data-col-size=\"sm\">Ljuskvalitet<\/td>\n<td data-col-size=\"sm\" data-start=\"3393\" data-end=\"3434\">Fullt spektrum: 3000K + 5000K + 660nm<\/td>\n<\/tr>\n<tr data-start=\"3435\" data-end=\"3504\">\n<td data-start=\"3435\" data-end=\"3463\" data-col-size=\"sm\">LED-typ<\/td>\n<td data-col-size=\"sm\" data-start=\"3463\" data-end=\"3504\">Samsung &amp; Osram LED<\/td>\n<\/tr>\n<tr data-start=\"3505\" data-end=\"3574\">\n<td data-start=\"3505\" data-end=\"3533\" data-col-size=\"sm\">Stativets h\u00f6jd<\/td>\n<td data-col-size=\"sm\" data-start=\"3533\" data-end=\"3574\">11 cm<\/td>\n<\/tr>\n<tr data-start=\"3575\" data-end=\"3644\">\n<td data-start=\"3575\" data-end=\"3603\" data-col-size=\"sm\">Ing\u00e5ngssp\u00e4nning<\/td>\n<td data-col-size=\"sm\" data-start=\"3603\" data-end=\"3644\">AC 100-277V<\/td>\n<\/tr>\n<tr data-start=\"3645\" data-end=\"3714\">\n<td data-start=\"3645\" data-end=\"3673\" data-col-size=\"sm\">Livsl\u00e4ngd (v\u00e4gledande)<\/td>\n<td data-col-size=\"sm\" data-start=\"3673\" data-end=\"3714\">Upp till 54.000 timmar<\/td>\n<\/tr>\n<\/tbody>\n<\/table>\n<div class=\"sticky end-(--thread-content-margin) h-0 self-end select-none\">\n<div class=\"absolute end-0 flex items-end\"><\/div>\n<\/div>\n<\/div>\n<\/div>\n<h3 class=\"\" data-start=\"3721\" data-end=\"3758\"><strong data-start=\"3725\" data-end=\"3758\">Vill du ha mer inspiration?<\/strong><\/h3>\n<p class=\"\" data-start=\"3760\" data-end=\"3970\">Utforska v\u00e5rt sortiment och l\u00e4r dig mer om hur r\u00e4tt belysning kan g\u00f6ra stor skillnad f\u00f6r dina v\u00e4xter. Kolla ocks\u00e5 in v\u00e5rt bildgalleri f\u00f6r kreativa uppst\u00e4llningar och id\u00e9er f\u00f6r ditt n\u00e4sta v\u00e4xtprojekt.<\/p>\n<p class=\"\" data-start=\"3972\" data-end=\"4033\">\ud83d\udc49 Klicka h\u00e4r f\u00f6r att se hela v\u00e5rt sortiment av <a href=\"https:\/\/plantelys.dk\/sv\/21049-revision-v1\/\"><strong>Grolys produkter<\/strong><\/a>.<\/p>\n<hr \/>\n<h3 data-start=\"0\" data-end=\"59\"><strong data-start=\"4\" data-end=\"59\">Vad \u00e4r skillnaden mellan odlingslampor, tillv\u00e4xtlampor och v\u00e4xtlampor?<\/strong><\/h3>\n<p data-start=\"61\" data-end=\"632\" data-is-last-node=\"\" data-is-only-node=\"\"><strong><a href=\"https:\/\/plantelys.dk\/sv\/produktkategori-2\/vaxtljus\/\">V\u00e4xtljus<\/a><\/strong> \u00e4r ett brett, informellt begrepp f\u00f6r all artificiell belysning som anv\u00e4nds f\u00f6r att odla v\u00e4xter inomhus \u2013 oavsett teknik, f\u00e4rgspektrum eller syfte. <a href=\"https:\/\/plantelys.dk\/sv\/produktkategori-2\/vaxtljus-lampor-glodlampor-2\/\"><strong>V\u00e4xa lampor<\/strong><\/a> \u00c5 andra sidan finns det ljus som har utvecklats specifikt f\u00f6r att st\u00f6dja vissa tillv\u00e4xtfaser, s\u00e5som groddning, vegetativ tillv\u00e4xt eller blomning, och som d\u00e4rf\u00f6r ofta har ett mer riktat eller justerbart ljusspektrum. <strong><a href=\"https:\/\/plantelys.dk\/sv\/\">V\u00e4xtbelysning<\/a><\/strong> \u00e4r den allm\u00e4nna tekniska termen som omfattar alla typer av ljusk\u00e4llor som f\u00f6rser v\u00e4xter med de v\u00e5gl\u00e4ngder (dagsljus) som beh\u00f6vs f\u00f6r fotosyntesen, och anv\u00e4nds b\u00e5de f\u00f6r hobbylampor och avancerade professionella LED-l\u00f6sningar.<\/p>","protected":false},"excerpt":{"rendered":"<p>V\u00e5r golvst\u00e5ende modell erbjuder ett unikt belysningsalternativ j\u00e4mf\u00f6rt med vanlig takbelysning. En f\u00f6rdel \u00e4r att du enkelt kan flytta runt den h\u00e4r odlingslampan.<\/p>\n<p>&nbsp;<\/p>\n<p>&nbsp;<\/p>","protected":false},"featured_media":33990,"comment_status":"closed","ping_status":"closed","template":"","meta":{"_acf_changed":false},"product_brand":[],"product_cat":[235,92],"product_tag":[],"class_list":{"0":"post-33982","1":"product","2":"type-product","3":"status-publish","4":"has-post-thumbnail","6":"product_cat-grolys","7":"product_cat-vaekstlys-paerer-lamper","9":"entry","10":"has-media","12":"first","13":"instock","14":"taxable","15":"shipping-taxable","16":"purchasable","17":"product-type-simple","18":"has-product-nav","19":"col","20":"span_1_of_4","21":"owp-content-center","22":"item-entry","23":"owp-thumbs-layout-vertical","24":"owp-btn-normal","25":"owp-tabs-layout-horizontal"},"acf":[],"_links":{"self":[{"href":"https:\/\/plantelys.dk\/sv\/wp-json\/wp\/v2\/product\/33982","targetHints":{"allow":["GET"]}}],"collection":[{"href":"https:\/\/plantelys.dk\/sv\/wp-json\/wp\/v2\/product"}],"about":[{"href":"https:\/\/plantelys.dk\/sv\/wp-json\/wp\/v2\/types\/product"}],"replies":[{"embeddable":true,"href":"https:\/\/plantelys.dk\/sv\/wp-json\/wp\/v2\/comments?post=33982"}],"version-history":[{"count":0,"href":"https:\/\/plantelys.dk\/sv\/wp-json\/wp\/v2\/product\/33982\/revisions"}],"wp:featuredmedia":[{"embeddable":true,"href":"https:\/\/plantelys.dk\/sv\/wp-json\/wp\/v2\/media\/33990"}],"wp:attachment":[{"href":"https:\/\/plantelys.dk\/sv\/wp-json\/wp\/v2\/media?parent=33982"}],"wp:term":[{"taxonomy":"product_brand","embeddable":true,"href":"https:\/\/plantelys.dk\/sv\/wp-json\/wp\/v2\/product_brand?post=33982"},{"taxonomy":"product_cat","embeddable":true,"href":"https:\/\/plantelys.dk\/sv\/wp-json\/wp\/v2\/product_cat?post=33982"},{"taxonomy":"product_tag","embeddable":true,"href":"https:\/\/plantelys.dk\/sv\/wp-json\/wp\/v2\/product_tag?post=33982"}],"curies":[{"name":"wp","href":"https:\/\/api.w.org\/{rel}","templated":true}]}}