{"id":31851,"date":"2024-03-01T10:37:53","date_gmt":"2024-03-01T10:37:53","guid":{"rendered":"https:\/\/plantelys.dk\/?post_type=product&#038;p=31851"},"modified":"2025-10-13T12:54:17","modified_gmt":"2025-10-13T11:54:17","slug":"trinol-fonsterflugfalla-10-pack","status":"publish","type":"product","link":"https:\/\/plantelys.dk\/sv\/vare\/trinol-window-flytrap-10-pak\/","title":{"rendered":"Trinol f\u00f6nsterflugf\u00e4lla 10-pack"},"content":{"rendered":"<h2 data-start=\"87\" data-end=\"158\"><strong data-start=\"91\" data-end=\"158\">Trinol Window Flytrap - Effektiv flugf\u00e4lla f\u00f6r f\u00f6nster (10-pack)<\/strong><\/h2>\n<p class=\"\" data-start=\"160\" data-end=\"469\"><strong><a href=\"https:\/\/plantelys.dk\/sv\/produkt\/trinol-fonsterflugfalla-10-pack\/\">Trinol f\u00f6nsterflugf\u00e4lla fr\u00e5n Fausol<\/a>,<\/strong> \u00e4r en effektiv och giftfri l\u00f6sning f\u00f6r flugbek\u00e4mpning inomhus. Dessa genomskinliga f\u00e4llor monteras direkt p\u00e5 f\u00f6nsterglaset och utnyttjar solljusets dragningskraft i kombination med ett specialutvecklat lockmedel som snabbt och effektivt lockar till sig och f\u00e5ngar flugorna.<\/p>\n<p class=\"\" data-start=\"471\" data-end=\"698\">Med sin diskreta design \u00e4r f\u00e4llorna n\u00e4stan osynliga i f\u00f6nstret och \u00e4r l\u00e4tta att s\u00e4tta upp och byta ut. Varje f\u00f6rpackning inneh\u00e5ller 10 f\u00e4llor, vilket g\u00f6r det till en ekonomisk och l\u00e5ngvarig l\u00f6sning f\u00f6r anv\u00e4ndning i hela hemmet.<\/p>\n<p class=\"\" data-start=\"700\" data-end=\"913\">Trinol Window Flytrap \u00e4r perfekt f\u00f6r familjer som vill undvika att anv\u00e4nda kemikalier. Produkten \u00e4r helt giftfri och fungerar enbart genom fysisk f\u00e5ngst, vilket g\u00f6r den s\u00e4ker f\u00f6r barn, husdjur och milj\u00f6n.<\/p>\n<p class=\"\" data-start=\"915\" data-end=\"1067\">Oavsett om du bor i en l\u00e4genhet eller ett hus kan du med denna flugf\u00e4lla h\u00e5lla ditt hem fritt fr\u00e5n flugor - p\u00e5 ett h\u00e4lsosamt, diskret och milj\u00f6v\u00e4nligt s\u00e4tt.<\/p>","protected":false},"excerpt":{"rendered":"<p>Trinol Window Flytrap 10-pack fr\u00e5n Fausol \u00e4r ett effektivt och l\u00e4ttanv\u00e4nt flugmedel. Dessa diskreta f\u00e4llor placeras enkelt p\u00e5 f\u00f6nster i hemmet d\u00e4r de lockar till sig och f\u00e5ngar flugor med hj\u00e4lp av ett speciellt lockbete. F\u00f6rpackningen inneh\u00e5ller 10 f\u00e4llor, vilket garanterar ett l\u00e5ngvarigt skydd mot flugor. Trinol Window Flytrap \u00e4r en idealisk l\u00f6sning f\u00f6r att h\u00e5lla ditt hem fritt fr\u00e5n flugor p\u00e5 ett hygieniskt och giftfritt s\u00e4tt.<\/p>","protected":false},"featured_media":31853,"comment_status":"open","ping_status":"closed","template":"","meta":{"_acf_changed":false},"product_brand":[],"product_cat":[311],"product_tag":[],"class_list":{"0":"post-31851","1":"product","2":"type-product","3":"status-publish","4":"has-post-thumbnail","6":"product_cat-skadedyrsbekaempelse","8":"entry","9":"has-media","11":"first","12":"instock","13":"taxable","14":"shipping-taxable","15":"purchasable","16":"product-type-simple","17":"has-product-nav","18":"col","19":"span_1_of_4","20":"owp-content-center","21":"item-entry","22":"owp-thumbs-layout-vertical","23":"owp-btn-normal","24":"owp-tabs-layout-horizontal"},"acf":[],"_links":{"self":[{"href":"https:\/\/plantelys.dk\/sv\/wp-json\/wp\/v2\/product\/31851","targetHints":{"allow":["GET"]}}],"collection":[{"href":"https:\/\/plantelys.dk\/sv\/wp-json\/wp\/v2\/product"}],"about":[{"href":"https:\/\/plantelys.dk\/sv\/wp-json\/wp\/v2\/types\/product"}],"replies":[{"embeddable":true,"href":"https:\/\/plantelys.dk\/sv\/wp-json\/wp\/v2\/comments?post=31851"}],"version-history":[{"count":0,"href":"https:\/\/plantelys.dk\/sv\/wp-json\/wp\/v2\/product\/31851\/revisions"}],"wp:featuredmedia":[{"embeddable":true,"href":"https:\/\/plantelys.dk\/sv\/wp-json\/wp\/v2\/media\/31853"}],"wp:attachment":[{"href":"https:\/\/plantelys.dk\/sv\/wp-json\/wp\/v2\/media?parent=31851"}],"wp:term":[{"taxonomy":"product_brand","embeddable":true,"href":"https:\/\/plantelys.dk\/sv\/wp-json\/wp\/v2\/product_brand?post=31851"},{"taxonomy":"product_cat","embeddable":true,"href":"https:\/\/plantelys.dk\/sv\/wp-json\/wp\/v2\/product_cat?post=31851"},{"taxonomy":"product_tag","embeddable":true,"href":"https:\/\/plantelys.dk\/sv\/wp-json\/wp\/v2\/product_tag?post=31851"}],"curies":[{"name":"wp","href":"https:\/\/api.w.org\/{rel}","templated":true}]}}