{"id":26095,"date":"2023-12-10T10:15:44","date_gmt":"2023-12-10T10:15:44","guid":{"rendered":"https:\/\/plantelys.dk\/?post_type=product&#038;p=26095"},"modified":"2026-04-29T09:15:10","modified_gmt":"2026-04-29T08:15:10","slug":"bambumatta-for-odlingsbrickor-for-mikrogronsaker","status":"publish","type":"product","link":"https:\/\/plantelys.dk\/sv\/vare\/bambus-maatte-for-mikrogroent-dyrkning-bakker\/","title":{"rendered":"Bambufibermatta f\u00f6r mikrogr\u00f6n odling 20x12cm 5st."},"content":{"rendered":"<h2>Bambumatta f\u00f6r mikrogr\u00f6nsaker<\/h2>\n<p>Prova v\u00e5ra innovativa och <strong><a href=\"https:\/\/plantelys.dk\/sv\/produkt\/bambufibermatta-for-mikrogron-odling\/\">M\u00e4tl\u00f6sning i ekologisk bambu<\/a><\/strong> f\u00f6r odling av mikrogr\u00f6nsaker: den h\u00e5llbara odlingsmattan i bambu. Denna matta \u00e4r anpassad f\u00f6r hemmabruk med m\u00e5tten 200 x 120 x 3 mm, vilket g\u00f6r den idealisk f\u00f6r <a href=\"https:\/\/plantelys.dk\/sv\/produkt\/frobricka-saadd-for-mikrogront-roligt-projekt-2\/\"><strong>en liten standard groddbricka<\/strong><\/a>.<\/p>\n<p><strong>Paketets inneh\u00e5ll<\/strong><\/p>\n<p>Paketet inneh\u00e5ller <strong>5 st.<\/strong> Bambu groddmattor.<\/p>\n<h2>H\u00e5llbarhet och milj\u00f6p\u00e5verkan<\/h2>\n<p>V\u00e5r bambumatta \u00e4r tillverkad med stort fokus p\u00e5 milj\u00f6skydd. Bambu \u00e4r en snabbv\u00e4xande resurs som \u00e4r naturligt motst\u00e5ndskraftig mot skadedjur, vilket minimerar behovet av bek\u00e4mpningsmedel. Den h\u00e4r mattan har visat en imponerande biologisk nedbrytning p\u00e5 87,01% efter 45 dagar under ASTM D5511-testf\u00f6rh\u00e5llanden.<\/p>\n<h3>Anv\u00e4ndarhandbok<\/h3>\n<ol>\n<li><strong>F\u00f6rberedelse:<\/strong> Placera bambumattan i groddbrickan.<\/li>\n<li><strong>\u00c5terfuktning:<\/strong> Spraya vatten p\u00e5 mattan tills den \u00e4r m\u00e4ttad.<\/li>\n<li><strong>S\u00e5dd:<\/strong> Str\u00f6 ut 10-50 gram fr\u00f6n j\u00e4mnt \u00f6ver mattan.<\/li>\n<li><strong>Ytterligare \u00e5terfuktning:<\/strong> Spraya fr\u00f6na l\u00e4tt.<\/li>\n<li><strong>T\u00e4ckning och tillv\u00e4xt:<\/strong> T\u00e4ck \u00f6ver brickan och st\u00e4ll den m\u00f6rkt i 22\u00b0C i 3-4 dagar.<\/li>\n<li><strong>Belysning:<\/strong> Ta bort locket och anv\u00e4nd en odlingslampa.<\/li>\n<li><strong>Daglig vattning:<\/strong> Vattna en g\u00e5ng om dagen fr\u00e5n det nedre facket.<\/li>\n<li><strong>Sk\u00f6rda:<\/strong> Sk\u00f6rda dina mikrogr\u00f6nsaker efter 8-16 dagar.<\/li>\n<\/ol>\n<h3>Resultat och tillv\u00e4xt Resultat<\/h3>\n<p>Denna bambumatta fr\u00e4mjar en sund och robust tillv\u00e4xt av mikrogr\u00f6na v\u00e4xter. Dess naturliga struktur s\u00e4kerst\u00e4ller en perfekt balans mellan fukt och dr\u00e4nering, vilket \u00e4r avg\u00f6rande f\u00f6r mikrogr\u00f6nskans v\u00e4lbefinnande.<\/p>\n<h2>F\u00f6rdelar med bambumattan<\/h2>\n<p>F\u00f6rutom sina h\u00e5llbara egenskaper erbjuder bambumattan en effektiv och resursbesparande l\u00f6sning f\u00f6r mikrogr\u00f6n odling. Den eliminerar behovet av kemiska g\u00f6dningsmedel och bek\u00e4mpningsmedel och bidrar till mindre avfall och milj\u00f6p\u00e5verkan. Dessutom g\u00f6r den det enkelt att reng\u00f6ra brickorna efter sk\u00f6rden.<\/p>\n<h2>Slutsats<\/h2>\n<p>V\u00e4lj v\u00e5r h\u00e5llbara odlingsmatta i bambu f\u00f6r ett milj\u00f6v\u00e4nligt, enkelt och effektivt s\u00e4tt att njuta av f\u00e4rska, n\u00e4ringsrika mikrogr\u00f6nsaker. Den \u00e4r perfekt f\u00f6r alla, fr\u00e5n hobbyodlare till dem som vill ta ett steg mot en mer h\u00e5llbar v\u00e4xtodling.<\/p>\n<p>&nbsp;<\/p>\n<p>Mattan passar v\u00e5ra mikrogr\u00f6na brickor <a href=\"https:\/\/plantelys.dk\/sv\/?s=28094&amp;post_type=product\">28094<\/a><\/p>\n<p><strong>Storlek:<\/strong> 200 x 120 x 3 mm<\/p>","protected":false},"excerpt":{"rendered":"<p>Bambufibermatta f\u00f6r v\u00e5rt microgreen-system med groddbrickor<\/p>","protected":false},"featured_media":26097,"comment_status":"closed","ping_status":"closed","template":"","meta":{"_acf_changed":false},"product_brand":[],"product_cat":[113,106,177,178,247],"product_tag":[256,257],"class_list":{"0":"post-26095","1":"product","2":"type-product","3":"status-publish","4":"has-post-thumbnail","6":"product_cat-goedning-og-gromedier-for-planter","7":"product_cat-mikrogroent-gro-dit-eget-sunde-groent","8":"product_cat-mikrogroent-bakker","9":"product_cat-mikrogroent-froe-oekologiske","10":"product_cat-spirebakke","11":"product_tag-kokosjord","12":"product_tag-kokosmuld","14":"entry","15":"has-media","17":"first","18":"instock","19":"taxable","20":"shipping-taxable","21":"purchasable","22":"product-type-simple","23":"has-product-nav","24":"col","25":"span_1_of_4","26":"owp-content-center","27":"item-entry","28":"owp-thumbs-layout-vertical","29":"owp-btn-normal","30":"owp-tabs-layout-horizontal"},"acf":[],"_links":{"self":[{"href":"https:\/\/plantelys.dk\/sv\/wp-json\/wp\/v2\/product\/26095","targetHints":{"allow":["GET"]}}],"collection":[{"href":"https:\/\/plantelys.dk\/sv\/wp-json\/wp\/v2\/product"}],"about":[{"href":"https:\/\/plantelys.dk\/sv\/wp-json\/wp\/v2\/types\/product"}],"replies":[{"embeddable":true,"href":"https:\/\/plantelys.dk\/sv\/wp-json\/wp\/v2\/comments?post=26095"}],"version-history":[{"count":0,"href":"https:\/\/plantelys.dk\/sv\/wp-json\/wp\/v2\/product\/26095\/revisions"}],"wp:featuredmedia":[{"embeddable":true,"href":"https:\/\/plantelys.dk\/sv\/wp-json\/wp\/v2\/media\/26097"}],"wp:attachment":[{"href":"https:\/\/plantelys.dk\/sv\/wp-json\/wp\/v2\/media?parent=26095"}],"wp:term":[{"taxonomy":"product_brand","embeddable":true,"href":"https:\/\/plantelys.dk\/sv\/wp-json\/wp\/v2\/product_brand?post=26095"},{"taxonomy":"product_cat","embeddable":true,"href":"https:\/\/plantelys.dk\/sv\/wp-json\/wp\/v2\/product_cat?post=26095"},{"taxonomy":"product_tag","embeddable":true,"href":"https:\/\/plantelys.dk\/sv\/wp-json\/wp\/v2\/product_tag?post=26095"}],"curies":[{"name":"wp","href":"https:\/\/api.w.org\/{rel}","templated":true}]}}