{"id":25769,"date":"2023-11-28T17:46:28","date_gmt":"2023-11-28T17:46:28","guid":{"rendered":"https:\/\/plantelys.dk\/?post_type=product&#038;p=25769"},"modified":"2025-11-30T10:58:28","modified_gmt":"2025-11-30T09:58:28","slug":"capelo-vit-bordslampa-gjord-av-aatervunnen-metall-odlingslampa-led-3","status":"publish","type":"product","link":"https:\/\/plantelys.dk\/sv\/vare\/capelo-hvid-gulvlampe-af-genbrugsmetal-vaekstlys-led\/","title":{"rendered":"Capelo White Golvlampa tillverkad av \u00e5tervunnen metall | LED-v\u00e4xtlampa | Med v\u00e4xtlampa"},"content":{"rendered":"<h2 data-start=\"242\" data-end=\"327\"><strong data-start=\"245\" data-end=\"327\">Capelo White Classic Golvlampa i \u00e5tervunnen metall - inkl. medf\u00f6ljande grolys-lampa<\/strong><\/h2>\n<p data-start=\"329\" data-end=\"863\">Den vita golvlampan Capelo kombinerar \u00e4kta klassisk dansk design med ett modernt, harmoniskt uttryck. Med en h\u00f6jd p\u00e5 1350 mm, en sk\u00e4rmdiameter p\u00e5 190 mm och en stabil 250 mm fot passar lampan perfekt in i vardagsrum, sovrum, kontor och kreativa arbetsytor.<\/p>\n<p data-start=\"329\" data-end=\"863\">Den \u00f6ppna vita metallsk\u00e4rmen ger ett klart, riktat ljus och g\u00f6r golvlampan idealisk som arbetsbelysning, l\u00e4slampa och dekorativ belysning. Dessutom g\u00f6r lampans h\u00f6jd att du kan placera v\u00e4xter direkt under ljuset - perfekt n\u00e4r den anv\u00e4nds som odlingslampa eller v\u00e4xtlampa.<\/p>\n<h2 data-start=\"865\" data-end=\"914\"><strong data-start=\"868\" data-end=\"914\">Odlingslampor, v\u00e4xtlampor och v\u00e4xtbelysning i en och samma l\u00f6sning<\/strong><\/h2>\n<p data-start=\"916\" data-end=\"1393\">N\u00e4r du k\u00f6per en Capelo golvlampa ing\u00e5r f\u00f6ljande <strong data-start=\"964\" data-end=\"991\">inkluderad grolys-gl\u00f6dlampa<\/strong> ing\u00e5r i k\u00f6pet. Denna gl\u00f6dlampa fungerar b\u00e5de som <strong data-start=\"1034\" data-end=\"1059\">v\u00e4xtbelysning och v\u00e4xtlampor<\/strong> och ger dina v\u00e4xter ett effektivt <strong data-start=\"1095\" data-end=\"1111\">hela spektrumet<\/strong> ljus som efterliknar solens naturliga v\u00e5gl\u00e4ngder. Det st\u00f6der fotosyntesen och fr\u00e4mjar en sund v\u00e4xttillv\u00e4xt, \u00e4ven i utrymmen d\u00e4r det naturliga dagsljuset \u00e4r begr\u00e4nsat. Perfekt f\u00f6r krukv\u00e4xter, \u00f6rter och gr\u00f6na h\u00f6rn i hemmet d\u00e4r du vill ha b\u00e5de design och funktionalitet kombinerat.<\/p>\n<h2 data-start=\"1395\" data-end=\"1426\"><strong data-start=\"1398\" data-end=\"1426\">Perfekt som arbetslampa<\/strong><\/h2>\n<p data-start=\"1428\" data-end=\"1710\">Den mattvita sk\u00e4rmen skapar ett behagligt, bl\u00e4ndfritt och fokuserat ljus, vilket g\u00f6r den idealisk som arbetsbelysning vid skrivbordet eller som l\u00e4slampa i sovrummet. Du f\u00e5r allts\u00e5 en multifunktionell golvlampa som f\u00f6rb\u00e4ttrar arbetsmilj\u00f6n samtidigt som den h\u00e5ller dina v\u00e4xter friska.<\/p>\n<h2 data-start=\"1712\" data-end=\"1745\"><strong data-start=\"1715\" data-end=\"1745\">Designad av Flemming Agger<\/strong><\/h2>\n<p data-start=\"1747\" data-end=\"1981\">Lampan Capelo \u00e4r skapad av den v\u00e4lk\u00e4nda arkitekten <strong data-start=\"1797\" data-end=\"1815\">Flemming Agger<\/strong>, som ocks\u00e5 \u00e4r k\u00e4nd f\u00f6r flera ikoniska Le Klint-designs. Hans k\u00e4nsla f\u00f6r funktionalitet, harmoni och rena linjer \u00e4r tydlig i lampans tidl\u00f6sa och v\u00e4lbalanserade form.<\/p>\n<h2 data-start=\"1983\" data-end=\"2029\"><strong data-start=\"1986\" data-end=\"2029\">Tillverkad av h\u00e5llbart \u00e5tervunnen metall<\/strong><\/h2>\n<p data-start=\"2031\" data-end=\"2228\">Lampan \u00e4r tillverkad av milj\u00f6v\u00e4nligt \u00e5tervunnet j\u00e4rnskrot och levereras utan plastf\u00f6rpackning. Detta g\u00f6r Capelo till ett h\u00e5llbart val som kombinerar h\u00e5llbarhet, design och milj\u00f6ansvar p\u00e5 b\u00e4sta m\u00f6jliga s\u00e4tt.<\/p>\n<div>\n<h3>Produktinformation<\/h3>\n<table>\n<tbody>\n<tr>\n<td>Typ:<\/td>\n<td>Lampa<\/td>\n<\/tr>\n<tr>\n<td>Form:<\/td>\n<td>Golvlampa<\/td>\n<\/tr>\n<tr>\n<td>Sockel (f\u00e4ste):<\/td>\n<td>E14<\/td>\n<\/tr>\n<tr>\n<td>Sp\u00e4nning (volt):<\/td>\n<td>90-240 VAC<\/td>\n<\/tr>\n<tr>\n<td>Effekt (watt):<\/td>\n<td>40W max<\/td>\n<\/tr>\n<tr>\n<td>Armaturf\u00e4rg:<\/td>\n<td>Vit\/vit med smarta beslag<\/td>\n<\/tr>\n<tr>\n<td>Storlek:<\/td>\n<td>\n<table>\n<tbody>\n<tr>\n<td>D:190 mm x H:1350 mm x Bas D: 250 mm<\/td>\n<\/tr>\n<\/tbody>\n<\/table>\n<\/td>\n<\/tr>\n<tr>\n<td>Vikt:<\/td>\n<td>3,85 kg<\/td>\n<\/tr>\n<tr>\n<td>Installation:<\/td>\n<td>Sladd med EU-kontakt<\/td>\n<\/tr>\n<tr>\n<td>Kabel:<\/td>\n<td>3 meter vit tr\u00e5d<\/td>\n<\/tr>\n<tr>\n<td>Material sk\u00e4rm:<\/td>\n<td>\u00c5tervunnet j\u00e4rn<\/td>\n<\/tr>\n<tr>\n<td>IP:<\/td>\n<td>20<\/td>\n<\/tr>\n<tr>\n<td>M\u00e4rkning:<\/td>\n<td>CE-godk\u00e4nd<\/td>\n<\/tr>\n<tr>\n<td>Rekommenderad ljusk\u00e4lla:<\/td>\n<td>E14 LED-krona eller reflektorlampa<\/td>\n<\/tr>\n<\/tbody>\n<\/table>\n<\/div>\n<hr \/>\n<h3 data-start=\"0\" data-end=\"59\"><strong data-start=\"4\" data-end=\"59\">Vad \u00e4r skillnaden mellan odlingslampor, tillv\u00e4xtlampor och v\u00e4xtlampor?<\/strong><\/h3>\n<p data-start=\"61\" data-end=\"632\" data-is-last-node=\"\" data-is-only-node=\"\"><strong><a href=\"https:\/\/plantelys.dk\/sv\/produktkategori-2\/vaxtljus\/\">V\u00e4xtljus<\/a><\/strong> \u00e4r ett brett, informellt begrepp f\u00f6r all artificiell belysning som anv\u00e4nds f\u00f6r att odla v\u00e4xter inomhus \u2013 oavsett teknik, f\u00e4rgspektrum eller syfte. <a href=\"https:\/\/plantelys.dk\/sv\/produktkategori-2\/vaxtljus-lampor-glodlampor-2\/\"><strong>V\u00e4xa lampor<\/strong><\/a> \u00c5 andra sidan finns det ljus som har utvecklats specifikt f\u00f6r att st\u00f6dja vissa tillv\u00e4xtfaser, s\u00e5som groddning, vegetativ tillv\u00e4xt eller blomning, och som d\u00e4rf\u00f6r ofta har ett mer riktat eller justerbart ljusspektrum. <strong><a href=\"https:\/\/plantelys.dk\/sv\/\">V\u00e4xtbelysning<\/a><\/strong> \u00e4r den allm\u00e4nna tekniska termen som omfattar alla typer av ljusk\u00e4llor som f\u00f6rser v\u00e4xter med de v\u00e5gl\u00e4ngder (dagsljus) som beh\u00f6vs f\u00f6r fotosyntesen, och anv\u00e4nds b\u00e5de f\u00f6r hobbylampor och avancerade professionella LED-l\u00f6sningar.<\/p>\n<div><\/div>","protected":false},"excerpt":{"rendered":"<p>I samarbete med Capelo kan vi erbjuda en s\u00e5dan <span style=\"color: #ff0000;\"><strong>super GIFT-erbjudande<\/strong><\/span> p\u00e5 en STANDARDLAMPA i vit metall <span style=\"color: #ff0000;\"><strong>\u00d6VER 70% rabatt<\/strong><\/span> p\u00e5 denna vackra golvlampa - perfekt som julklapp, erbjudandet g\u00e4ller fram till jul den 24\/12-2023.<\/p>","protected":false},"featured_media":25826,"comment_status":"open","ping_status":"closed","template":"","meta":{"_acf_changed":false},"product_brand":[],"product_cat":[235,370,246],"product_tag":[],"class_list":{"0":"post-25769","1":"product","2":"type-product","3":"status-publish","4":"has-post-thumbnail","6":"product_cat-grolys","7":"product_cat-grolys-paere","8":"product_cat-plantelys-tilbud","10":"entry","11":"has-media","13":"first","14":"instock","15":"sale","16":"taxable","17":"shipping-taxable","18":"purchasable","19":"product-type-simple","20":"has-product-nav","21":"col","22":"span_1_of_4","23":"owp-content-center","24":"item-entry","25":"owp-thumbs-layout-vertical","26":"owp-btn-normal","27":"owp-tabs-layout-horizontal"},"acf":[],"_links":{"self":[{"href":"https:\/\/plantelys.dk\/sv\/wp-json\/wp\/v2\/product\/25769","targetHints":{"allow":["GET"]}}],"collection":[{"href":"https:\/\/plantelys.dk\/sv\/wp-json\/wp\/v2\/product"}],"about":[{"href":"https:\/\/plantelys.dk\/sv\/wp-json\/wp\/v2\/types\/product"}],"replies":[{"embeddable":true,"href":"https:\/\/plantelys.dk\/sv\/wp-json\/wp\/v2\/comments?post=25769"}],"version-history":[{"count":0,"href":"https:\/\/plantelys.dk\/sv\/wp-json\/wp\/v2\/product\/25769\/revisions"}],"wp:featuredmedia":[{"embeddable":true,"href":"https:\/\/plantelys.dk\/sv\/wp-json\/wp\/v2\/media\/25826"}],"wp:attachment":[{"href":"https:\/\/plantelys.dk\/sv\/wp-json\/wp\/v2\/media?parent=25769"}],"wp:term":[{"taxonomy":"product_brand","embeddable":true,"href":"https:\/\/plantelys.dk\/sv\/wp-json\/wp\/v2\/product_brand?post=25769"},{"taxonomy":"product_cat","embeddable":true,"href":"https:\/\/plantelys.dk\/sv\/wp-json\/wp\/v2\/product_cat?post=25769"},{"taxonomy":"product_tag","embeddable":true,"href":"https:\/\/plantelys.dk\/sv\/wp-json\/wp\/v2\/product_tag?post=25769"}],"curies":[{"name":"wp","href":"https:\/\/api.w.org\/{rel}","templated":true}]}}