{"id":24955,"date":"2023-10-31T18:20:54","date_gmt":"2023-10-31T18:20:54","guid":{"rendered":"https:\/\/plantelys.dk\/?post_type=product&#038;p=24955"},"modified":"2026-04-28T10:13:27","modified_gmt":"2026-04-28T09:13:27","slug":"stromkabel-150-cm-med-stickpropp-for-pro-gro-21","status":"publish","type":"product","link":"https:\/\/plantelys.dk\/sv\/vare\/stroemkabel-150-cm-med-stik-for-pro-gro-21\/","title":{"rendered":"Str\u00f6mkabel 150 cm med stickpropp f\u00f6r Pro-Gro 2.1"},"content":{"rendered":"<h2>Kabel med kontaktdon f\u00f6r Pro-Gro 2.1<\/h2>\n<p>F\u00e5 den perfekta l\u00f6sningen f\u00f6r att ansluta din SunLight Pro-Gro 2.1-lampa till 230 V med v\u00e5r 150 cm l\u00e5nga kabel. Den h\u00e4r kabeln \u00e4r utformad f\u00f6r att passa dina behov av en s\u00e4ker och tillf\u00f6rlitlig anslutning till din belysningsl\u00f6sning.<\/p>\n<h3>Tekniska specifikationer<\/h3>\n<ul>\n<li><strong>L\u00e4ngd:<\/strong> Cirka 1500 mm.<\/li>\n<li><strong>Anslutning:<\/strong> Standarduttag f\u00f6r str\u00f6mf\u00f6rs\u00f6rjning.<\/li>\n<li><strong>Kompatibilitet:<\/strong> Speciellt utformad f\u00f6r SunLight Pro-Gro 2.1.<\/li>\n<\/ul>\n<h3>IP65 vattent\u00e4ta fogar<\/h3>\n<p>Med de medf\u00f6ljande IP65-vattent\u00e4ta skarvarna \u00e4r kabeln idealisk f\u00f6r utomhusbruk. Den st\u00e5r emot vattenst\u00e4nk och regn, vilket g\u00f6r den till en p\u00e5litlig l\u00f6sning f\u00f6r din tr\u00e4dg\u00e5rd oavsett v\u00e4der.<\/p>\n<h3>Alternativa valm\u00f6jligheter<\/h3>\n<p>T\u00e4nk ocks\u00e5 p\u00e5 v\u00e5r timerkabel med eluttag som ger dig m\u00f6jlighet att programmera belysningen efter dina \u00f6nskem\u00e5l.<\/p>\n<h3>Enkel installation<\/h3>\n<p>Anslutningen av kablarna g\u00f6rs enkelt med de medf\u00f6ljande vattent\u00e4ta IP65-kontakterna. Anslut bara till en 230VAC-matning s\u00e5 \u00e4r din SunLight Pro-Gro 2.1 redo att lysa.<\/p>\n<hr \/>\n<h3 data-start=\"0\" data-end=\"59\"><strong data-start=\"4\" data-end=\"59\">Vad \u00e4r skillnaden mellan odlingslampor, tillv\u00e4xtlampor och v\u00e4xtlampor?<\/strong><\/h3>\n<p data-start=\"61\" data-end=\"632\" data-is-last-node=\"\" data-is-only-node=\"\"><strong><a href=\"https:\/\/plantelys.dk\/sv\/produktkategori-2\/vaxtljus\/\">V\u00e4xtljus<\/a><\/strong> \u00e4r ett brett, informellt begrepp f\u00f6r all artificiell belysning som anv\u00e4nds f\u00f6r att odla v\u00e4xter inomhus \u2013 oavsett teknik, f\u00e4rgspektrum eller syfte. <a href=\"https:\/\/plantelys.dk\/sv\/produktkategori-2\/vaxtljus-lampor-glodlampor-2\/\"><strong>V\u00e4xa lampor<\/strong><\/a> \u00c5 andra sidan finns det ljus som har utvecklats specifikt f\u00f6r att st\u00f6dja vissa tillv\u00e4xtfaser, s\u00e5som groddning, vegetativ tillv\u00e4xt eller blomning, och som d\u00e4rf\u00f6r ofta har ett mer riktat eller justerbart ljusspektrum. <strong><a href=\"https:\/\/plantelys.dk\/sv\/\">V\u00e4xtbelysning<\/a><\/strong> \u00e4r den allm\u00e4nna tekniska termen som omfattar alla typer av ljusk\u00e4llor som f\u00f6rser v\u00e4xter med de v\u00e5gl\u00e4ngder (dagsljus) som beh\u00f6vs f\u00f6r fotosyntesen, och anv\u00e4nds b\u00e5de f\u00f6r hobbylampor och avancerade professionella LED-l\u00f6sningar.<\/p>","protected":false},"excerpt":{"rendered":"<p>Den h\u00e4r 150 cm l\u00e5nga kabeln \u00e4r avsedd f\u00f6r anslutning av SunLight Pro-Gro 2.1 till en 230V-str\u00f6mf\u00f6rs\u00f6rjning. Kabeln har vattent\u00e4ta IP65-skarvar och \u00e4r idealisk f\u00f6r utomhusbruk, eftersom den t\u00e5l regn och vattenst\u00e4nk.<\/p>","protected":false},"featured_media":24947,"comment_status":"closed","ping_status":"closed","template":"","meta":{"_acf_changed":false},"product_brand":[],"product_cat":[92,235],"product_tag":[],"class_list":{"0":"post-24955","1":"product","2":"type-product","3":"status-publish","4":"has-post-thumbnail","6":"product_cat-vaekstlys-paerer-lamper","7":"product_cat-grolys","9":"entry","10":"has-media","12":"first","13":"instock","14":"taxable","15":"shipping-taxable","16":"purchasable","17":"product-type-simple","18":"has-product-nav","19":"col","20":"span_1_of_4","21":"owp-content-center","22":"item-entry","23":"owp-thumbs-layout-vertical","24":"owp-btn-normal","25":"owp-tabs-layout-horizontal"},"acf":[],"_links":{"self":[{"href":"https:\/\/plantelys.dk\/sv\/wp-json\/wp\/v2\/product\/24955","targetHints":{"allow":["GET"]}}],"collection":[{"href":"https:\/\/plantelys.dk\/sv\/wp-json\/wp\/v2\/product"}],"about":[{"href":"https:\/\/plantelys.dk\/sv\/wp-json\/wp\/v2\/types\/product"}],"replies":[{"embeddable":true,"href":"https:\/\/plantelys.dk\/sv\/wp-json\/wp\/v2\/comments?post=24955"}],"version-history":[{"count":0,"href":"https:\/\/plantelys.dk\/sv\/wp-json\/wp\/v2\/product\/24955\/revisions"}],"wp:featuredmedia":[{"embeddable":true,"href":"https:\/\/plantelys.dk\/sv\/wp-json\/wp\/v2\/media\/24947"}],"wp:attachment":[{"href":"https:\/\/plantelys.dk\/sv\/wp-json\/wp\/v2\/media?parent=24955"}],"wp:term":[{"taxonomy":"product_brand","embeddable":true,"href":"https:\/\/plantelys.dk\/sv\/wp-json\/wp\/v2\/product_brand?post=24955"},{"taxonomy":"product_cat","embeddable":true,"href":"https:\/\/plantelys.dk\/sv\/wp-json\/wp\/v2\/product_cat?post=24955"},{"taxonomy":"product_tag","embeddable":true,"href":"https:\/\/plantelys.dk\/sv\/wp-json\/wp\/v2\/product_tag?post=24955"}],"curies":[{"name":"wp","href":"https:\/\/api.w.org\/{rel}","templated":true}]}}