{"id":19656,"date":"2023-08-25T12:50:10","date_gmt":"2023-08-25T12:50:10","guid":{"rendered":"https:\/\/plantelys.dk\/?post_type=product&#038;p=19656"},"modified":"2025-10-13T12:54:51","modified_gmt":"2025-10-13T11:54:51","slug":"organisk-kaktus-suckulent-fokus-kaktus-godselmedel","status":"publish","type":"product","link":"https:\/\/plantelys.dk\/sv\/vare\/organic-cactus-succulent-focus-katusgoedning\/","title":{"rendered":"Ekologisk Focus-g\u00f6dsel f\u00f6r kaktusar och suckulenter 300 ml"},"content":{"rendered":"<h2 data-start=\"63\" data-end=\"122\"><strong data-start=\"67\" data-end=\"122\">Ekologisk Focus-g\u00f6dsel f\u00f6r kaktusar och suckulenter - 300 ml<\/strong><\/h2>\n<h3 data-start=\"124\" data-end=\"173\"><strong data-start=\"124\" data-end=\"173\">Naturlig n\u00e4ring f\u00f6r stark tillv\u00e4xt och blomning<\/strong><\/h3>\n<p class=\"\" data-start=\"175\" data-end=\"532\">Ge dina kaktusar och suckulenter optimal sk\u00f6tsel med <strong><a href=\"https:\/\/plantelys.dk\/sv\/produkt\/organisk-kaktus-suckulent-fokus-kaktus-godselmedel\/\"><em data-start=\"227\" data-end=\"253\">Fokus p\u00e5 kaktusar och suckulenter<\/em><\/a><\/strong> - \u00e4r ett ekologiskt, speciellt formulerat g\u00f6dselmedel som utvecklats f\u00f6r att tillgodose de unika behoven hos torktoleranta v\u00e4xter. Med en balanserad n\u00e4ringsprofil och naturliga tillsatser fr\u00e4mjar produkten sund tillv\u00e4xt, starka r\u00f6tter och rik blomning - allt i en praktisk 300 ml flaska.<\/p>\n<hr class=\"\" data-start=\"534\" data-end=\"537\" \/>\n<h3 class=\"\" data-start=\"539\" data-end=\"581\"><strong data-start=\"543\" data-end=\"581\">Sammans\u00e4ttning av n\u00e4rings\u00e4mnen (NPK: 3-1-4):<\/strong><\/h3>\n<div class=\"_tableContainer_16hzy_1\">\n<div class=\"_tableWrapper_16hzy_14 group flex w-fit flex-col-reverse\" tabindex=\"-1\">\n<table class=\"w-fit min-w-(--thread-content-width)\" data-start=\"583\" data-end=\"875\">\n<thead data-start=\"583\" data-end=\"641\">\n<tr data-start=\"583\" data-end=\"641\">\n<th data-start=\"583\" data-end=\"615\" data-col-size=\"sm\">N\u00e4rings\u00e4mne<\/th>\n<th data-start=\"615\" data-end=\"641\" data-col-size=\"sm\">Inneh\u00e5ll<\/th>\n<\/tr>\n<\/thead>\n<tbody data-start=\"700\" data-end=\"875\">\n<tr data-start=\"700\" data-end=\"757\">\n<td data-start=\"700\" data-end=\"731\" data-col-size=\"sm\">Kv\u00e4ve (N)<\/td>\n<td data-start=\"731\" data-end=\"757\" data-col-size=\"sm\">3,0 %<\/td>\n<\/tr>\n<tr data-start=\"758\" data-end=\"816\">\n<td data-start=\"758\" data-end=\"789\" data-col-size=\"sm\">Fosforpentoxid (P\u2082O\u2085)<\/td>\n<td data-col-size=\"sm\" data-start=\"789\" data-end=\"816\">1,0 % (0,4 % P)<\/td>\n<\/tr>\n<tr data-start=\"817\" data-end=\"875\">\n<td data-start=\"817\" data-end=\"848\" data-col-size=\"sm\">Kaliumoxid (K\u2082O)<\/td>\n<td data-col-size=\"sm\" data-start=\"848\" data-end=\"875\">4,0 % (3,3 % K)<\/td>\n<\/tr>\n<\/tbody>\n<\/table>\n<div class=\"sticky end-(--thread-content-margin) h-0 self-end select-none\">\n<div class=\"absolute end-0 flex items-end\"><\/div>\n<\/div>\n<\/div>\n<\/div>\n<p class=\"\" data-start=\"877\" data-end=\"1017\">Dessutom viktiga makro- och mikron\u00e4rings\u00e4mnen som kalcium och j\u00e4rn som st\u00f6der v\u00e4xtens allm\u00e4nna h\u00e4lsa och motst\u00e5ndskraft.<\/p>\n<hr class=\"\" data-start=\"1019\" data-end=\"1022\" \/>\n<h3 class=\"\" data-start=\"1024\" data-end=\"1066\"><strong data-start=\"1028\" data-end=\"1066\">Ekologiska f\u00f6rdelar och h\u00e5llbarhet<\/strong><\/h3>\n<ul data-start=\"1068\" data-end=\"1413\">\n<li class=\"\" data-start=\"1068\" data-end=\"1124\">\n<p class=\"\" data-start=\"1070\" data-end=\"1124\">Tillverkad av 100 % ekologiska vegetabiliska r\u00e5varor<\/p>\n<\/li>\n<li class=\"\" data-start=\"1125\" data-end=\"1256\">\n<p class=\"\" data-start=\"1127\" data-end=\"1256\">Inneh\u00e5ller naturliga organiska syror som t.ex. <strong data-start=\"1170\" data-end=\"1183\">humussyra<\/strong> och <strong data-start=\"1187\" data-end=\"1201\">fulvinsyra<\/strong>vilket f\u00f6rb\u00e4ttrar markstrukturen och fr\u00e4mjar rotbildning<\/p>\n<\/li>\n<li class=\"\" data-start=\"1257\" data-end=\"1363\">\n<p class=\"\" data-start=\"1259\" data-end=\"1363\">St\u00f6djer naturlig jordmikrobiologi och bidrar till v\u00e4xtskydd mot skadedjur och sjukdomar<\/p>\n<\/li>\n<li class=\"\" data-start=\"1364\" data-end=\"1413\">\n<p class=\"\" data-start=\"1366\" data-end=\"1413\">Hj\u00e4lte <strong data-start=\"1371\" data-end=\"1388\">veganv\u00e4nlig<\/strong> och biologiskt nedbrytbar<\/p>\n<\/li>\n<\/ul>\n<hr class=\"\" data-start=\"1415\" data-end=\"1418\" \/>\n<h3 class=\"\" data-start=\"1420\" data-end=\"1439\"><strong data-start=\"1424\" data-end=\"1439\">Ans\u00f6kan:<\/strong><\/h3>\n<p class=\"\" data-start=\"1441\" data-end=\"1665\">Blanda 5 ml g\u00f6dselmedel med 1 liter vatten.<br data-start=\"1477\" data-end=\"1480\" \/>Anv\u00e4nd varannan vattning under v\u00e4xts\u00e4songen. Under vinterm\u00e5naderna kan doseringen minskas till sporadisk anv\u00e4ndning efter behov. Regelbunden anv\u00e4ndning s\u00e4kerst\u00e4ller friska, robusta och v\u00e4lm\u00e5ende v\u00e4xter.<\/p>\n<hr class=\"\" data-start=\"1667\" data-end=\"1670\" \/>\n<p class=\"\" data-start=\"1672\" data-end=\"1834\"><strong data-start=\"1672\" data-end=\"1710\">Organic Cactus &amp; Succulent Focus<\/strong> \u00e4r det perfekta valet f\u00f6r v\u00e4xtentusiaster som vill ha ett effektivt och h\u00e5llbart g\u00f6dningsmedel f\u00f6r sina kaktusar och suckulenter.<\/p>","protected":false},"excerpt":{"rendered":"<p>Organic Care for Cactus &amp; Succulents \u00e4r ett speciellt formulerat g\u00f6dselmedel som s\u00e4kerst\u00e4ller optimal tillv\u00e4xt och blomning f\u00f6r dina v\u00e4xter. Den \u00e4r baserad p\u00e5 100% organiska v\u00e4xtmaterial och inneh\u00e5ller essentiella n\u00e4rings\u00e4mnen och organiska syror f\u00f6r att fr\u00e4mja h\u00e4lsosam jord och v\u00e4xth\u00e4lsa<\/p>","protected":false},"featured_media":19660,"comment_status":"open","ping_status":"closed","template":"","meta":{"_acf_changed":false},"product_brand":[],"product_cat":[113,234,272],"product_tag":[],"class_list":{"0":"post-19656","1":"product","2":"type-product","3":"status-publish","4":"has-post-thumbnail","6":"product_cat-goedning-og-gromedier-for-planter","7":"product_cat-goedning-gromedie-froe","8":"product_cat-growth-technology","10":"entry","11":"has-media","13":"first","14":"outofstock","15":"taxable","16":"shipping-taxable","17":"purchasable","18":"product-type-simple","19":"has-product-nav","20":"col","21":"span_1_of_4","22":"owp-content-center","23":"item-entry","24":"owp-thumbs-layout-vertical","25":"owp-btn-normal","26":"owp-tabs-layout-horizontal"},"acf":[],"_links":{"self":[{"href":"https:\/\/plantelys.dk\/sv\/wp-json\/wp\/v2\/product\/19656","targetHints":{"allow":["GET"]}}],"collection":[{"href":"https:\/\/plantelys.dk\/sv\/wp-json\/wp\/v2\/product"}],"about":[{"href":"https:\/\/plantelys.dk\/sv\/wp-json\/wp\/v2\/types\/product"}],"replies":[{"embeddable":true,"href":"https:\/\/plantelys.dk\/sv\/wp-json\/wp\/v2\/comments?post=19656"}],"version-history":[{"count":0,"href":"https:\/\/plantelys.dk\/sv\/wp-json\/wp\/v2\/product\/19656\/revisions"}],"wp:featuredmedia":[{"embeddable":true,"href":"https:\/\/plantelys.dk\/sv\/wp-json\/wp\/v2\/media\/19660"}],"wp:attachment":[{"href":"https:\/\/plantelys.dk\/sv\/wp-json\/wp\/v2\/media?parent=19656"}],"wp:term":[{"taxonomy":"product_brand","embeddable":true,"href":"https:\/\/plantelys.dk\/sv\/wp-json\/wp\/v2\/product_brand?post=19656"},{"taxonomy":"product_cat","embeddable":true,"href":"https:\/\/plantelys.dk\/sv\/wp-json\/wp\/v2\/product_cat?post=19656"},{"taxonomy":"product_tag","embeddable":true,"href":"https:\/\/plantelys.dk\/sv\/wp-json\/wp\/v2\/product_tag?post=19656"}],"curies":[{"name":"wp","href":"https:\/\/api.w.org\/{rel}","templated":true}]}}