{"id":19616,"date":"2023-08-25T11:04:28","date_gmt":"2023-08-25T11:04:28","guid":{"rendered":"https:\/\/plantelys.dk\/?post_type=product&#038;p=19616"},"modified":"2025-10-13T12:54:52","modified_gmt":"2025-10-13T11:54:52","slug":"krukvaxtgodsel-krukvaxtfokus-med-taang-2","status":"publish","type":"product","link":"https:\/\/plantelys.dk\/sv\/vare\/stueplantegoedning-houseplant-focus-m-tang\/","title":{"rendered":"Krukv\u00e4xt Focus, krukv\u00e4xtg\u00f6dsel med t\u00e5ng 1L"},"content":{"rendered":"<h2 data-start=\"62\" data-end=\"125\"><strong data-start=\"66\" data-end=\"123\">Houseplant Focus - g\u00f6dselmedel f\u00f6r krukv\u00e4xter med t\u00e5ngextrakt<\/strong><\/h2>\n<h4 data-start=\"126\" data-end=\"181\"><em data-start=\"126\" data-end=\"181\">Optimal n\u00e4ring f\u00f6r friska och frodiga inomhusv\u00e4xter<\/em><\/h4>\n<p class=\"\" data-start=\"183\" data-end=\"478\"><strong><a href=\"https:\/\/plantelys.dk\/sv\/produkt\/krukvaxtgodsel-krukvaxtfokus-med-taang-2\/\">Fokus p\u00e5 krukv\u00e4xter,<\/a><\/strong> \u00e4r ett specialutvecklat g\u00f6dningsmedel som har skapats f\u00f6r att tillgodose de unika behoven hos alla typer av krukv\u00e4xter. Med sin balanserade och naturligt berikade sammans\u00e4ttning s\u00e4kerst\u00e4ller den en sund tillv\u00e4xt, stark rotutveckling och livlig blomning \u00e5ret runt - allt i en enkel och anv\u00e4ndarv\u00e4nlig l\u00f6sning.<\/p>\n<hr class=\"\" data-start=\"480\" data-end=\"483\" \/>\n<h3 class=\"\" data-start=\"485\" data-end=\"511\"><strong data-start=\"489\" data-end=\"511\">Produktfunktioner:<\/strong><\/h3>\n<ul data-start=\"513\" data-end=\"1046\">\n<li class=\"\" data-start=\"513\" data-end=\"710\">\n<p class=\"\" data-start=\"515\" data-end=\"710\"><strong data-start=\"515\" data-end=\"553\">Komplett och n\u00e4ringsrik formulering:<\/strong><br data-start=\"553\" data-end=\"556\" \/>Tillverkad av rena mineralsalter och berikad med algextrakt och organiska v\u00e4xtsyror f\u00f6r att st\u00f6dja b\u00e5de tillv\u00e4xt och v\u00e4xtens naturliga motst\u00e5ndskraft.<\/p>\n<\/li>\n<li class=\"\" data-start=\"712\" data-end=\"864\">\n<p class=\"\" data-start=\"714\" data-end=\"864\"><strong data-start=\"714\" data-end=\"727\">Ureafri:<\/strong><br data-start=\"727\" data-end=\"730\" \/>G\u00f6dselmedlet \u00e4r ureafritt, vilket ger en skonsam, effektiv och l\u00e4ttupptaglig n\u00e4ringsk\u00e4lla som minimerar risken f\u00f6r \u00f6verg\u00f6dning.<\/p>\n<\/li>\n<li class=\"\" data-start=\"866\" data-end=\"1046\">\n<p class=\"\" data-start=\"868\" data-end=\"1046\"><strong data-start=\"868\" data-end=\"891\">Bred till\u00e4mpbarhet:<\/strong><br data-start=\"891\" data-end=\"894\" \/>L\u00e4mplig f\u00f6r alla typer av krukv\u00e4xter, t.ex. anthurium, ormbunkar, dracaena, ficus, palmer, julstj\u00e4rnor, bromelia, suckulenter och kaktusar.<\/p>\n<\/li>\n<\/ul>\n<hr class=\"\" data-start=\"1048\" data-end=\"1051\" \/>\n<h3 class=\"\" data-start=\"1053\" data-end=\"1072\"><strong data-start=\"1057\" data-end=\"1072\">Ans\u00f6kan:<\/strong><\/h3>\n<ul data-start=\"1074\" data-end=\"1553\">\n<li class=\"\" data-start=\"1074\" data-end=\"1191\">\n<p class=\"\" data-start=\"1076\" data-end=\"1191\"><strong data-start=\"1076\" data-end=\"1097\">Standarddosering:<\/strong> Blanda 5 ml Houseplant Focus med 1 liter rent vatten och applicera en g\u00e5ng i veckan eller vid varje vattning.<\/p>\n<\/li>\n<li class=\"\" data-start=\"1192\" data-end=\"1299\">\n<p class=\"\" data-start=\"1194\" data-end=\"1299\"><strong data-start=\"1194\" data-end=\"1219\">F\u00f6r spirande v\u00e4xter:<\/strong> Anv\u00e4nds i halv styrka (5 ml per 2 liter vatten) f\u00f6r skonsam n\u00e4ring under tillv\u00e4xtfasen.<\/p>\n<\/li>\n<li class=\"\" data-start=\"1300\" data-end=\"1553\">\n<p class=\"\" data-start=\"1302\" data-end=\"1553\"><strong data-start=\"1302\" data-end=\"1325\">\u00d6ka luftfuktigheten:<\/strong> Tropiska v\u00e4xter trivs b\u00e4st med h\u00f6g luftfuktighet. Komplettera med regelbunden sprayning med mjukt vatten, utsp\u00e4dd g\u00f6dning (5 ml\/2 l) eller anv\u00e4nd Houseplant Myst f\u00f6r optimalt v\u00e4lbefinnande - s\u00e4rskilt under vinterperioden med torr inomhusluft.<\/p>\n<\/li>\n<\/ul>\n<hr class=\"\" data-start=\"1555\" data-end=\"1558\" \/>\n<h3 class=\"\" data-start=\"1560\" data-end=\"1597\"><strong data-start=\"1564\" data-end=\"1597\">Wellness och gr\u00f6na omgivningar:<\/strong><\/h3>\n<p class=\"\" data-start=\"1599\" data-end=\"1925\">Krukv\u00e4xter skapar inte bara en vacker atmosf\u00e4r i hemmet, de bidrar ocks\u00e5 till ett h\u00e4lsosammare inomhusklimat. Forskning visar att v\u00e4xter i hemmet kan p\u00e5skynda \u00e5terh\u00e4mtningen och f\u00f6rb\u00e4ttra det allm\u00e4nna v\u00e4lbefinnandet. Med Houseplant Focus ger du dina v\u00e4xter de b\u00e4sta f\u00f6ruts\u00e4ttningarna f\u00f6r att v\u00e4xa, frodas och bidra till en harmonisk milj\u00f6.<\/p>","protected":false},"excerpt":{"rendered":"<p>Krukv\u00e4xtfokus \u2013 Krukv\u00e4xtg\u00f6dsel s\u00e4kerst\u00e4ller sund tillv\u00e4xt och frodig blomning f\u00f6r alla inomhusv\u00e4xter. Den \u00e4r berikad med organiska v\u00e4xtsyror och \u00e4r idealisk f\u00f6r ett brett utbud av krukv\u00e4xter.<\/p>","protected":false},"featured_media":19625,"comment_status":"open","ping_status":"closed","template":"","meta":{"_acf_changed":false},"product_brand":[],"product_cat":[113,234,272],"product_tag":[],"class_list":{"0":"post-19616","1":"product","2":"type-product","3":"status-publish","4":"has-post-thumbnail","6":"product_cat-goedning-og-gromedier-for-planter","7":"product_cat-goedning-gromedie-froe","8":"product_cat-growth-technology","10":"entry","11":"has-media","13":"first","14":"outofstock","15":"taxable","16":"shipping-taxable","17":"purchasable","18":"product-type-simple","19":"has-product-nav","20":"col","21":"span_1_of_4","22":"owp-content-center","23":"item-entry","24":"owp-thumbs-layout-vertical","25":"owp-btn-normal","26":"owp-tabs-layout-horizontal"},"acf":[],"_links":{"self":[{"href":"https:\/\/plantelys.dk\/sv\/wp-json\/wp\/v2\/product\/19616","targetHints":{"allow":["GET"]}}],"collection":[{"href":"https:\/\/plantelys.dk\/sv\/wp-json\/wp\/v2\/product"}],"about":[{"href":"https:\/\/plantelys.dk\/sv\/wp-json\/wp\/v2\/types\/product"}],"replies":[{"embeddable":true,"href":"https:\/\/plantelys.dk\/sv\/wp-json\/wp\/v2\/comments?post=19616"}],"version-history":[{"count":0,"href":"https:\/\/plantelys.dk\/sv\/wp-json\/wp\/v2\/product\/19616\/revisions"}],"wp:featuredmedia":[{"embeddable":true,"href":"https:\/\/plantelys.dk\/sv\/wp-json\/wp\/v2\/media\/19625"}],"wp:attachment":[{"href":"https:\/\/plantelys.dk\/sv\/wp-json\/wp\/v2\/media?parent=19616"}],"wp:term":[{"taxonomy":"product_brand","embeddable":true,"href":"https:\/\/plantelys.dk\/sv\/wp-json\/wp\/v2\/product_brand?post=19616"},{"taxonomy":"product_cat","embeddable":true,"href":"https:\/\/plantelys.dk\/sv\/wp-json\/wp\/v2\/product_cat?post=19616"},{"taxonomy":"product_tag","embeddable":true,"href":"https:\/\/plantelys.dk\/sv\/wp-json\/wp\/v2\/product_tag?post=19616"}],"curies":[{"name":"wp","href":"https:\/\/api.w.org\/{rel}","templated":true}]}}