{"id":19106,"date":"2023-08-20T14:44:18","date_gmt":"2023-08-20T14:44:18","guid":{"rendered":"https:\/\/plantelys.dk\/?post_type=product&#038;p=19106"},"modified":"2025-10-13T12:54:55","modified_gmt":"2025-10-13T11:54:55","slug":"olivfokusgodsel-olivtrad-1l-2","status":"publish","type":"product","link":"https:\/\/plantelys.dk\/sv\/vare\/oliven-focus-goedning-oliventrae-1l\/","title":{"rendered":"Olive Focus \u2013 Olivtr\u00e4dg\u00f6dsel 1L"},"content":{"rendered":"<h2 data-start=\"67\" data-end=\"126\"><strong data-start=\"71\" data-end=\"124\">Olive Focus \u2013 Specialg\u00f6dsel f\u00f6r olivtr\u00e4d (1 l)<\/strong><\/h2>\n<h4 data-start=\"127\" data-end=\"178\"><em data-start=\"127\" data-end=\"178\">Skr\u00e4ddarsydd n\u00e4ring f\u00f6r olivtr\u00e4d i krukor<\/em><\/h4>\n<p class=\"\" data-start=\"180\" data-end=\"540\"><a href=\"https:\/\/plantelys.dk\/sv\/produkt\/olivfokusgodsel-olivtrad-1l-2\/\"><strong data-start=\"180\" data-end=\"195\">Oliv fokus<\/strong><\/a> fr\u00e5n <strong><a href=\"https:\/\/plantelys.dk\/sv\/?s=Growth+Technology&amp;post_type=product\">Tillv\u00e4xtteknik<\/a><\/strong>, \u00e4r ett avancerat, flytande specialg\u00f6dselmedel som utvecklats speciellt f\u00f6r olivtr\u00e4d \u2013 s\u00e4rskilt s\u00e5dana som odlas i krukor, burkar eller beh\u00e5llare i v\u00e4xthus, vintertr\u00e4dg\u00e5rdar och p\u00e5 terrasser. Produkten \u00e4r framtagen f\u00f6r att s\u00e4kerst\u00e4lla l\u00e5ngvarig fertilitet och h\u00e4lsosam tillv\u00e4xt i begr\u00e4nsade odlingsmilj\u00f6er d\u00e4r omplantering s\u00e4llan \u00e4r n\u00f6dv\u00e4ndig.<\/p>\n<hr class=\"\" data-start=\"542\" data-end=\"545\" \/>\n<h3 class=\"\" data-start=\"547\" data-end=\"581\"><strong data-start=\"551\" data-end=\"581\">Varf\u00f6r v\u00e4lja Olive Focus?<\/strong><\/h3>\n<p class=\"\" data-start=\"583\" data-end=\"843\">Till skillnad fr\u00e5n generiska g\u00f6dningsmedel, <strong data-start=\"623\" data-end=\"638\">Oliv fokus<\/strong> Anpassad efter olivtr\u00e4dens unika n\u00e4ringsbehov. Den st\u00f6der tr\u00e4dets naturliga tillv\u00e4xtcykel och fr\u00e4mjar ett starkt rotsystem, friskt bladverk och stabil frukts\u00e4ttning \u2013 \u00e4ven n\u00e4r tr\u00e4den odlas i begr\u00e4nsade jordvolymer.<\/p>\n<hr class=\"\" data-start=\"845\" data-end=\"848\" \/>\n<h3 class=\"\" data-start=\"850\" data-end=\"888\"><strong data-start=\"854\" data-end=\"888\">Vad g\u00f6r Olive Focus unikt:<\/strong><\/h3>\n<ul data-start=\"890\" data-end=\"1225\">\n<li class=\"\" data-start=\"890\" data-end=\"1020\">\n<p class=\"\" data-start=\"892\" data-end=\"1020\"><strong data-start=\"892\" data-end=\"929\">Speciellt framtagen f\u00f6r olivtr\u00e4d<\/strong> \u2013 baserat p\u00e5 kunskap och erfarenhet fr\u00e5n Growth Technologys egna olivodlingar i Australien<\/p>\n<\/li>\n<li class=\"\" data-start=\"1021\" data-end=\"1087\">\n<p class=\"\" data-start=\"1023\" data-end=\"1087\">Inneh\u00e5ller en optimal balans av makro- och mikron\u00e4rings\u00e4mnen<\/p>\n<\/li>\n<li class=\"\" data-start=\"1088\" data-end=\"1165\">\n<p class=\"\" data-start=\"1090\" data-end=\"1165\">Fr\u00e4mjar l\u00e5ngsiktig tillv\u00e4xt och vitalitet hos olivtr\u00e4d som odlas i krukor<\/p>\n<\/li>\n<li class=\"\" data-start=\"1166\" data-end=\"1225\">\n<p class=\"\" data-start=\"1168\" data-end=\"1225\">L\u00e4ttabsorberad, flytande formula som \u00e4r enkel att applicera<\/p>\n<\/li>\n<\/ul>\n<hr class=\"\" data-start=\"1227\" data-end=\"1230\" \/>\n<h3 class=\"\" data-start=\"1232\" data-end=\"1251\"><strong data-start=\"1236\" data-end=\"1251\">Ans\u00f6kan:<\/strong><\/h3>\n<ul data-start=\"1253\" data-end=\"1490\">\n<li class=\"\" data-start=\"1253\" data-end=\"1367\">\n<p class=\"\" data-start=\"1255\" data-end=\"1367\"><strong data-start=\"1255\" data-end=\"1288\">V\u00e4xts\u00e4song (v\u00e5r och sommar):<\/strong><br data-start=\"1288\" data-end=\"1291\" \/>Blanda 10 ml Olive Focus med 1 liter vatten. Anv\u00e4nd varannan vattning.<\/p>\n<\/li>\n<li class=\"\" data-start=\"1369\" data-end=\"1490\">\n<p class=\"\" data-start=\"1371\" data-end=\"1490\"><strong data-start=\"1371\" data-end=\"1389\">Vinterm\u00e5naderna:<\/strong><br data-start=\"1389\" data-end=\"1392\" \/>Minska doseringen till 2 ml per liter vatten och anv\u00e4nd sporadiskt, beroende p\u00e5 plantans aktivitet.<\/p>\n<\/li>\n<\/ul>\n<hr class=\"\" data-start=\"1492\" data-end=\"1495\" \/>\n<p class=\"\" data-start=\"1497\" data-end=\"1606\">Med <strong data-start=\"1501\" data-end=\"1516\">Oliv fokus<\/strong> Du ser till att dina olivtr\u00e4d f\u00e5r den n\u00e4ring de beh\u00f6ver f\u00f6r att trivas \u2013 \u00e5r efter \u00e5r.<\/p>","protected":false},"excerpt":{"rendered":"<p><strong>Oliv fokus<\/strong> fr\u00e5n Growth Technology \u00e4r ett skr\u00e4ddarsytt g\u00f6dselmedel designat speciellt f\u00f6r <strong>olivtr\u00e4d<\/strong>, oavsett om de st\u00e5r i krukor, krukor eller direkt i tr\u00e4dg\u00e5rden. Det fr\u00e4mjar tr\u00e4dens fortsatta h\u00e4lsa och bygger p\u00e5 kunskap fr\u00e5n australiensiska olivlundar.<\/p>","protected":false},"featured_media":19104,"comment_status":"open","ping_status":"closed","template":"","meta":{"_acf_changed":false},"product_brand":[],"product_cat":[113,234,272],"product_tag":[],"class_list":{"0":"post-19106","1":"product","2":"type-product","3":"status-publish","4":"has-post-thumbnail","6":"product_cat-goedning-og-gromedier-for-planter","7":"product_cat-goedning-gromedie-froe","8":"product_cat-growth-technology","10":"entry","11":"has-media","13":"first","14":"outofstock","15":"taxable","16":"shipping-taxable","17":"purchasable","18":"product-type-simple","19":"has-product-nav","20":"col","21":"span_1_of_4","22":"owp-content-center","23":"item-entry","24":"owp-thumbs-layout-vertical","25":"owp-btn-normal","26":"owp-tabs-layout-horizontal"},"acf":[],"_links":{"self":[{"href":"https:\/\/plantelys.dk\/sv\/wp-json\/wp\/v2\/product\/19106","targetHints":{"allow":["GET"]}}],"collection":[{"href":"https:\/\/plantelys.dk\/sv\/wp-json\/wp\/v2\/product"}],"about":[{"href":"https:\/\/plantelys.dk\/sv\/wp-json\/wp\/v2\/types\/product"}],"replies":[{"embeddable":true,"href":"https:\/\/plantelys.dk\/sv\/wp-json\/wp\/v2\/comments?post=19106"}],"version-history":[{"count":0,"href":"https:\/\/plantelys.dk\/sv\/wp-json\/wp\/v2\/product\/19106\/revisions"}],"wp:featuredmedia":[{"embeddable":true,"href":"https:\/\/plantelys.dk\/sv\/wp-json\/wp\/v2\/media\/19104"}],"wp:attachment":[{"href":"https:\/\/plantelys.dk\/sv\/wp-json\/wp\/v2\/media?parent=19106"}],"wp:term":[{"taxonomy":"product_brand","embeddable":true,"href":"https:\/\/plantelys.dk\/sv\/wp-json\/wp\/v2\/product_brand?post=19106"},{"taxonomy":"product_cat","embeddable":true,"href":"https:\/\/plantelys.dk\/sv\/wp-json\/wp\/v2\/product_cat?post=19106"},{"taxonomy":"product_tag","embeddable":true,"href":"https:\/\/plantelys.dk\/sv\/wp-json\/wp\/v2\/product_tag?post=19106"}],"curies":[{"name":"wp","href":"https:\/\/api.w.org\/{rel}","templated":true}]}}