{"id":19081,"date":"2023-08-20T12:56:28","date_gmt":"2023-08-20T11:56:28","guid":{"rendered":"https:\/\/plantelys.dk\/?post_type=product&#038;p=19081"},"modified":"2025-10-13T12:54:56","modified_gmt":"2025-10-13T11:54:56","slug":"chilipeppar-fokusgodsel-1l-2","status":"publish","type":"product","link":"https:\/\/plantelys.dk\/sv\/vare\/chilli-pepper-focus-goedning-1l\/","title":{"rendered":"Chili &amp; Peppar Focus g\u00f6dsel 1L"},"content":{"rendered":"<h2>Chili &amp; Pepper Focus \u2013 Chilig\u00f6dsel<\/h2>\n<div>\n<p><strong><a href=\"https:\/\/plantelys.dk\/sv\/produkt\/chilipeppar-fokusgodsel-1l-2\/\">Chili Focus g\u00f6dselmedel<\/a>,<\/strong> \u00e4r resultatet av \u00f6ver tjugo \u00e5rs engagerad forskning vid Growth Technology-laboratoriet. Det markerar en revolution inom sig <a href=\"https:\/\/plantelys.dk\/sv\/chilivaxter-drar-nytta-av-led-odlingslampor-2\/\">kultur<\/a> av chili och peppar, eftersom den \u00e4r skr\u00e4ddarsydd f\u00f6r dessa v\u00e4xters speciella n\u00e4ringsbehov.<\/p>\n<p>Chili och paprika kr\u00e4ver mer \u00e4n bara standardg\u00f6dsel. F\u00f6r att dessa v\u00e4xter ska blomstra fullt ut beh\u00f6ver de en noggrant koordinerad kombination av n\u00e4rings\u00e4mnen. Med Chili Focus-g\u00f6dsel kommer din paprika att utvecklas till att bli saftig, stor och otroligt god.<\/p>\n<p>Detta g\u00f6dselmedel \u00e4r inte bara anm\u00e4rkningsv\u00e4rt f\u00f6r sitt n\u00e4ringsinneh\u00e5ll, utan ocks\u00e5 f\u00f6r sin f\u00f6rm\u00e5ga att stimulera stark stamtillv\u00e4xt, s\u00e4kerst\u00e4lla kraftfulla v\u00e4xter och maximera sk\u00f6rdeavkastningen. Hemligheten bakom dess effektivitet? F\u00f6rutom rena mineralsalter inneh\u00e5ller den \u00e4ven organiska v\u00e4xtsyror som humussyra och fulvinsyra, som f\u00f6rb\u00e4ttrar jordens kvalitet och fr\u00e4mjar en sund v\u00e4xttillv\u00e4xt.<\/p>\n<p>Oavsett om du odlar din chili i krukor, odlingsp\u00e5sar eller direkt i marken \u00e4r Chili Focus-g\u00f6dsel din b\u00e4sta partner. Det s\u00e4kerst\u00e4ller att du f\u00e5r den mest smakrika och saftiga chilin och paprikan.<\/p>\n<h3><strong>Chili &amp; Pepper Focus Fertilizer:<\/strong><\/h3>\n<ul>\n<li>Unik, balanserad n\u00e4ringsl\u00f6sning skapad speciellt f\u00f6r chili och paprika.<\/li>\n<li>Det enda flytande g\u00f6dselmedlet p\u00e5 marknaden designat speciellt f\u00f6r chili- och pepparodling.<\/li>\n<li>Fr\u00e4mjar friskare, starkare v\u00e4xter och f\u00e4rgstark, saftig frukt.<\/li>\n<li>L\u00e4tt att anv\u00e4nda fr\u00e5n b\u00f6rjan av odlingsprocessen och b\u00f6r anv\u00e4ndas regelbundet f\u00f6r optimal effekt.<\/li>\n<\/ul>\n<p>&nbsp;<\/p>\n<\/div>\n<div>\n<h3><strong>Till\u00e4mpningsmetod:<\/strong><\/h3>\n<ol>\n<li>Groddar och unga plantor blandas 5 ml per 1 liter rent vatten, och anv\u00e4nds vid varje vattning.<\/li>\n<li>I b\u00f6rjan av blomningen: 10ml \/ 1L vatten, och anv\u00e4nds vid varje vattning.<\/li>\n<\/ol>\n<p>&nbsp;<\/p>\n<h3><strong>Specifikationer<\/strong><\/h3>\n<p>Totalt kv\u00e4ve (N): 2,95<br \/>\nNitratkv\u00e4ve: 2,80<br \/>\nAmmoniakkv\u00e4ve: 0,15<br \/>\nL\u00e4ttl\u00f6slig fosfor (P2O5): 0,96 (0,42)<br \/>\nL\u00e4ttl\u00f6sligt kalium (K2O): 4,41 (3,66)<br \/>\nL\u00e4ttl\u00f6sligt kalcium (CaO): 2,20 (1,57)<br \/>\nKelaterad koppar-EDTA (Cu): 0,002<br \/>\nKelaterat j\u00e4rn EDTA (Fe): 0,040<br \/>\nKelaterad mangan EDTA (Mn): 0,010<br \/>\nMolybden (Mo): 0,001<br \/>\nKelaterad zink (Zn): 0,0025<br \/>\nInneh\u00e5ller \u00e4ven magnesium (Mg), svavel (S), bor (B), kobolt (Co), nickel (Ni), humussyra och fulvinsyra.<\/p>\n<\/div>\n<div><\/div>","protected":false},"excerpt":{"rendered":"<p><strong>Chili &amp; Peppar Fokus<\/strong> \u00e4r en noggrant testad <strong>flytande g\u00f6dselmedel<\/strong> skapad speciellt f\u00f6r chili och paprika. Perfekt under tv\u00e5 decennier f\u00f6r att garantera saftiga frukter och robusta v\u00e4xter. Ge dina gr\u00f6dor den optimala n\u00e4ringen!<\/p>","protected":false},"featured_media":19082,"comment_status":"open","ping_status":"closed","template":"","meta":{"_acf_changed":false},"product_brand":[],"product_cat":[215,113,234,272],"product_tag":[],"class_list":{"0":"post-19081","1":"product","2":"type-product","3":"status-publish","4":"has-post-thumbnail","6":"product_cat-chillifroe-habanero-cayenne","7":"product_cat-goedning-og-gromedier-for-planter","8":"product_cat-goedning-gromedie-froe","9":"product_cat-growth-technology","11":"entry","12":"has-media","14":"first","15":"outofstock","16":"taxable","17":"shipping-taxable","18":"purchasable","19":"product-type-simple","20":"has-product-nav","21":"col","22":"span_1_of_4","23":"owp-content-center","24":"item-entry","25":"owp-thumbs-layout-vertical","26":"owp-btn-normal","27":"owp-tabs-layout-horizontal"},"acf":[],"_links":{"self":[{"href":"https:\/\/plantelys.dk\/sv\/wp-json\/wp\/v2\/product\/19081","targetHints":{"allow":["GET"]}}],"collection":[{"href":"https:\/\/plantelys.dk\/sv\/wp-json\/wp\/v2\/product"}],"about":[{"href":"https:\/\/plantelys.dk\/sv\/wp-json\/wp\/v2\/types\/product"}],"replies":[{"embeddable":true,"href":"https:\/\/plantelys.dk\/sv\/wp-json\/wp\/v2\/comments?post=19081"}],"version-history":[{"count":0,"href":"https:\/\/plantelys.dk\/sv\/wp-json\/wp\/v2\/product\/19081\/revisions"}],"wp:featuredmedia":[{"embeddable":true,"href":"https:\/\/plantelys.dk\/sv\/wp-json\/wp\/v2\/media\/19082"}],"wp:attachment":[{"href":"https:\/\/plantelys.dk\/sv\/wp-json\/wp\/v2\/media?parent=19081"}],"wp:term":[{"taxonomy":"product_brand","embeddable":true,"href":"https:\/\/plantelys.dk\/sv\/wp-json\/wp\/v2\/product_brand?post=19081"},{"taxonomy":"product_cat","embeddable":true,"href":"https:\/\/plantelys.dk\/sv\/wp-json\/wp\/v2\/product_cat?post=19081"},{"taxonomy":"product_tag","embeddable":true,"href":"https:\/\/plantelys.dk\/sv\/wp-json\/wp\/v2\/product_tag?post=19081"}],"curies":[{"name":"wp","href":"https:\/\/api.w.org\/{rel}","templated":true}]}}