{"id":18806,"date":"2023-08-05T10:29:30","date_gmt":"2023-08-05T10:29:30","guid":{"rendered":"https:\/\/plantelys.dk\/?post_type=product&#038;p=18806"},"modified":"2025-10-13T12:55:02","modified_gmt":"2025-10-13T11:55:02","slug":"basilika-mork-opal-froe-roed-2","status":"publish","type":"product","link":"https:\/\/plantelys.dk\/sv\/vare\/basilikum-dark-opal-froe-roed\/","title":{"rendered":"Basil Dark Opal fr\u00f6n, lila basilika fr\u00f6n"},"content":{"rendered":"<div id=\"product-description-short-5411\" class=\"product-description\">\n<h2>Basilika Dark Opal fr\u00f6n, m\u00f6rkr\u00f6d \/ lila - fr\u00f6n<\/h2>\n<p>En sp\u00e4nnande \u00f6rt med stark smak och sm\u00e5 blad.<\/p>\n<p><strong><a href=\"https:\/\/plantelys.dk\/sv\/produkt\/basilika-mork-opal-froe-roed-2\/\">M\u00f6rkr\u00f6d<\/a> basilika<\/strong> (m\u00f6rk opal) \u00e4r inte bara k\u00e4nd f\u00f6r sin djupr\u00f6da f\u00e4rg, utan ocks\u00e5 f\u00f6r sin starkt kryddiga doft som p\u00e5minner om kryddnejlika. Denna doft kan l\u00e4gga till en extra dimension till dina r\u00e4tter, g\u00f6ra din tr\u00e4dg\u00e5rd doftande och till och med fungera som ett naturligt myggmedel.<\/p>\n<p>Basilika \u00e4r en oumb\u00e4rlig \u00f6rt i det italienska k\u00f6ket. Den m\u00f6rkr\u00f6da sorten ger inte bara f\u00e4rg, utan ocks\u00e5 en djup smak som \u00e4r perfekt f\u00f6r pasta, tomatr\u00e4tter och ostar. T\u00e4nk dig en nykokt pasta med en s\u00e5s rik p\u00e5 denna basilika - det kommer garanterat att bli en hit vid middagsbordet.<\/p>\n<h3><strong> L\u00e4tt att odla<\/strong><\/h3>\n<p>\u00c4ven om basilika \u00e4r fler\u00e5rig i varmare klimat, kan den odlas i Danmark som en sommarv\u00e4xt. Med denna fr\u00f6p\u00e5se kan du enkelt odla din egen m\u00f6rkr\u00f6da basilika hemma, b\u00e5de inomhus och utomhus. Den kr\u00e4ver bara regelbunden vattning och en bra m\u00e4ngd solljus f\u00f6r att trivas.<\/p>\n<p>Basilika trivs b\u00e4st i mycket solljus. Jorden ska vara l\u00e4tt sur. Sorten &#039;Dark Opal&#039; basilika kan klara av mindre n\u00e4ringsrik jord, men kommer inte att v\u00e4xa sig lika stor i s\u00e5dan. Den beh\u00f6ver regelbunden och m\u00e5ttlig vattning. Anv\u00e4ndningen av <strong><a href=\"https:\/\/plantelys.dk\/sv\/produktkategori-2\/godningsmedel-gromedie-froe\/tillvaxtteknik\/\">organisk g\u00f6dsel<\/a><\/strong> vilket s\u00e4kerst\u00e4ller optimala resultat. Denna sort \u00e4r relativt robust och den fr\u00e4msta orsaken till otillr\u00e4cklig tillv\u00e4xt \u00e4r ofta otillr\u00e4ckligt ljus.<\/p>\n<p>Om du vill odla den inomhus rekommenderar vi att du skaffar en stark s\u00e5dan <a href=\"https:\/\/plantelys.dk\/sv\/produktkategori-2\/vaxtljus\/\"><strong>grolys lampa<\/strong><\/a>.<\/p>\n<p>Fr\u00f6na b\u00f6r s\u00e5s mellan mars och april, antingen i en fr\u00f6b\u00e4dd eller i krukor hemma. Plantorna kan planteras ut i mitten av maj. V\u00e4xtperioden varar mellan 90 och 120 dagar. Det rekommenderas att ha ett avst\u00e5nd p\u00e5 20 x 40 cm mellan varje planta.<\/p>\n<p>Varje f\u00f6rpackning inneh\u00e5ller ca. 0,5 g &quot;Dark Opal&quot; r\u00f6da basilikafr\u00f6n.<\/p>\n<h3><strong>Produktinformation:<\/strong><\/h3>\n<p>Vikt: 0,5 g<br \/>\nH\u00f6jd: 50 cm<br \/>\nAnv\u00e4ndningsomr\u00e5den: Perfekt i sallader, pasta, med tomat och \u00e4ggost; medicinska \u00e4ndam\u00e5l; dekorativa<br \/>\nBlomningstid: 90 dagar efter s\u00e5dd<br \/>\nBlomf\u00e4rg: rosa<br \/>\nTillv\u00e4xtmetod: Odlas som ett\u00e5rig<br \/>\nL\u00f6v: Med en vacker lila nyans<br \/>\nBlomstertyp: L\u00e5nga kluster av blommor<br \/>\nPlacering: Soligt l\u00e4ge; fuktig, l\u00e4tt sur jord, helst med organisk g\u00f6dning<\/p>\n<\/div>\n<div id=\"product-description-short-5411\" class=\"product-description\">\n<p>&nbsp;<\/p>\n<\/div>","protected":false},"excerpt":{"rendered":"<p>R\u00f6d\/lila basilika, fr\u00f6n, med en intensiv arom, &quot;Dark Opal&quot; basilika har sin intressanta lila f\u00e4rg tack vare ett h\u00f6gt inneh\u00e5ll av antocyaniner.<\/p>","protected":false},"featured_media":18808,"comment_status":"open","ping_status":"closed","template":"","meta":{"_acf_changed":false},"product_brand":[],"product_cat":[277,161,216],"product_tag":[],"class_list":{"0":"post-18806","1":"product","2":"type-product","3":"status-publish","4":"has-post-thumbnail","6":"product_cat-basilikum-froe","7":"product_cat-plante-froe","8":"product_cat-stort-udvalg-i-urtefroe-og-groentsagsfroe","10":"entry","11":"has-media","13":"first","14":"instock","15":"taxable","16":"shipping-taxable","17":"purchasable","18":"product-type-simple","19":"has-product-nav","20":"col","21":"span_1_of_4","22":"owp-content-center","23":"item-entry","24":"owp-thumbs-layout-vertical","25":"owp-btn-normal","26":"owp-tabs-layout-horizontal"},"acf":[],"_links":{"self":[{"href":"https:\/\/plantelys.dk\/sv\/wp-json\/wp\/v2\/product\/18806","targetHints":{"allow":["GET"]}}],"collection":[{"href":"https:\/\/plantelys.dk\/sv\/wp-json\/wp\/v2\/product"}],"about":[{"href":"https:\/\/plantelys.dk\/sv\/wp-json\/wp\/v2\/types\/product"}],"replies":[{"embeddable":true,"href":"https:\/\/plantelys.dk\/sv\/wp-json\/wp\/v2\/comments?post=18806"}],"version-history":[{"count":0,"href":"https:\/\/plantelys.dk\/sv\/wp-json\/wp\/v2\/product\/18806\/revisions"}],"wp:featuredmedia":[{"embeddable":true,"href":"https:\/\/plantelys.dk\/sv\/wp-json\/wp\/v2\/media\/18808"}],"wp:attachment":[{"href":"https:\/\/plantelys.dk\/sv\/wp-json\/wp\/v2\/media?parent=18806"}],"wp:term":[{"taxonomy":"product_brand","embeddable":true,"href":"https:\/\/plantelys.dk\/sv\/wp-json\/wp\/v2\/product_brand?post=18806"},{"taxonomy":"product_cat","embeddable":true,"href":"https:\/\/plantelys.dk\/sv\/wp-json\/wp\/v2\/product_cat?post=18806"},{"taxonomy":"product_tag","embeddable":true,"href":"https:\/\/plantelys.dk\/sv\/wp-json\/wp\/v2\/product_tag?post=18806"}],"curies":[{"name":"wp","href":"https:\/\/api.w.org\/{rel}","templated":true}]}}