{"id":1770,"date":"2021-07-15T10:56:20","date_gmt":"2021-07-15T10:56:20","guid":{"rendered":"https:\/\/plantelys.dk\/?post_type=product&#038;p=1770"},"modified":"2026-02-10T15:52:38","modified_gmt":"2026-02-10T14:52:38","slug":"root-explosion-faa-fler-och-battre-rotter-paa-dina-vaxtsticklingar","status":"publish","type":"product","link":"https:\/\/plantelys.dk\/sv\/vare\/root-explosion-faa-flere-og-bedre-roedder-paa-dine-planter-stiklinger\/","title":{"rendered":"Root Explosion \u2013 f\u00e5 fler och starkare r\u00f6tter p\u00e5 v\u00e4xter"},"content":{"rendered":"<h2>Root Explosion \u2013 Big Plant Science<\/h2>\n<p><strong><a href=\"https:\/\/plantelys.dk\/sv\/produkt\/root-explosion-faa-fler-och-battre-rotter-paa-dina-vaxtsticklingar\/\">Roteksplosion<\/a><\/strong> ger b\u00e4sta m\u00f6jliga tillv\u00e4xt f\u00f6r dina v\u00e4xter. Root Explosion ser till att dina v\u00e4xter f\u00e5r stora och starka r\u00f6tter eftersom inneh\u00e5llet bygger p\u00e5 effektiva mikroorganismer och svampar som hj\u00e4lper v\u00e4xterna att v\u00e4xa p\u00e5 b\u00e4sta m\u00f6jliga s\u00e4tt. Root Explosion ser till att dina v\u00e4xter f\u00e5r de b\u00e4sta f\u00f6ruts\u00e4ttningarna f\u00f6r att v\u00e4xa sig stora och vackra.<\/p>\n<p>Det \u00e4r viktigt att h\u00e5lla dina v\u00e4xter friska, d\u00e4rf\u00f6r m\u00e5ste du vara uppm\u00e4rksam p\u00e5 om v\u00e4xterna f\u00e5r r\u00e4tt m\u00e4ngd g\u00f6dsel och det idealiska g\u00f6dselmedlet som kan skapa mest tillv\u00e4xt och g\u00f6ra v\u00e4xten s\u00e5 frisk som m\u00f6jligt. Denna v\u00e4xtg\u00f6dsel ser till att dina v\u00e4xter f\u00e5r ett gediget rotn\u00e4t som enkelt kan ta upp mer mikron\u00e4rings\u00e4mnen fr\u00e5n milj\u00f6n.<\/p>\n<h4>Med produkten f\u00e5r du en kraftig \u00f6kning av:<\/h4>\n<ul>\n<li>Rotn\u00e4tverket med upp till 150%<\/li>\n<li>Fosforintaget \u00f6kas upp till 118%<\/li>\n<li>Anl\u00e4ggningens enzymproduktion \u00f6kar upp till 250%<\/li>\n<\/ul>\n<p>Root Explosion fr\u00e5n <strong><a href=\"https:\/\/plantelys.dk\/sv\/guide-for-godselmedel-for-stora-vaxter-2\/\" target=\"_blank\" rel=\"noopener\">Vetenskap om stora v\u00e4xter<\/a><\/strong> inneh\u00e5ller en sammans\u00e4ttning av 5 bioaktiva bakteriekulturer och 18 olika endo\/ecto mykorrhizasvampar, med till\u00e4gg av ett bioaktivt komplex best\u00e5ende av humussyra, t\u00e5ng, vitaminer, kolhydrater och aminosyror.<\/p>\n<h3>Vad \u00e4r en mykorrhizasvamp?<\/h3>\n<p>Mykorrhizasvampen har funnits i jorden i m\u00e5nga miljoner \u00e5r. Mykorrhiza \u00e4r en typ av svamp som ser till att v\u00e4xterna f\u00e5r ett starkt rotn\u00e4t genom att ta upp socker fr\u00e5n v\u00e4xterna, varefter den skapar fukt och samlar upp n\u00e4ring fr\u00e5n den omgivande jorden. Mykorrhiza \u00f6kar kraftigt absorptionsf\u00f6rm\u00e5gan hos en v\u00e4xt, eftersom den fungerar som en f\u00f6rl\u00e4ngning av v\u00e4xtens rotsystem.<\/p>\n<h3><strong>Indikativ anv\u00e4ndning av produkten:<\/strong><\/h3>\n<p>Rekommenderas f\u00f6r n\u00e4r du <em><strong>gro fr\u00f6n, g\u00f6ra sticklingar eller plantera om eller transplantera<\/strong><\/em><strong><em>.<\/em><\/strong><br \/>\nRoot Explosion kan ocks\u00e5 anv\u00e4ndas f\u00f6r att boosta ett hemmagjort g\u00f6dningste med en mycket effektiv effekt.<\/p>\n<h3><strong>Dosering f\u00f6r tillv\u00e4xtmedium:<\/strong><\/h3>\n<ul>\n<li>F\u00f6rbi <strong>groning av fr\u00f6n<\/strong>: tills\u00e4tt 2g. per 1 L jord eller <strong><a href=\"https:\/\/plantelys.dk\/sv\/produkt\/plagron-cocos-brix-9l-cocos-fiber-2\/\">tillv\u00e4xtmedium<\/a><\/strong><\/li>\n<li>Sticklingstillverkning i mindre krukor: Blanda 2-4g per 1 L jord eller Coco mix<\/li>\n<li>Pottering f\u00f6r st\u00f6rre krukor: Str\u00f6 \u00f6ver 2-4g. i h\u00e5let innan ompottning<\/li>\n<li>Regelbunden anv\u00e4ndning; Tills\u00e4tt en g\u00e5ng 2-4g\/planta vid vattning var 14:e dag<\/li>\n<li>Boosta hemlagad\u00a0<strong>g\u00f6dningste<\/strong>, tills\u00e4tt 2-4g per 1 L vatten.<\/li>\n<li>P\u00e5sen p\u00e5 200 g r\u00e4cker till 100 liter jord<\/li>\n<\/ul>\n<h3>S\u00e5 h\u00e4r anv\u00e4nder du Root Explosion:<\/h3>\n<p>N\u00e4r dina plantor har grott eller dina sticklingar har slagit rot m\u00e5ste de planteras om i st\u00f6rre krukor.<br \/>\nDet \u00e4r h\u00e4r du blandar Root Explosion med din jord eller kokos innan du l\u00e4gger den i krukorna och v\u00e4xterna kommer ner i jorden eller kokos.<br \/>\nL\u00e5t plantorna ligga i de sm\u00e5 krukorna i ca 1-2 veckor. Under den perioden utvecklas r\u00f6tterna i samarbete med de 5 h\u00f6geffektiva bakteriekulturerna och 18 olika Endo &amp; Ecto mykorrhizasvampar. N\u00e4r du planterar om plantorna i st\u00f6rre krukor flyttar bakterier och svampar \u00f6ver kulturen till de stora<br \/>\nkrukor.<\/p>\n<p>Vi rekommenderar h\u00e4r att du str\u00f6r 2-4 g i h\u00e5let som plantan ska in i.<br \/>\nBoosta ditt hemmagjorda g\u00f6dningste, med mycket effektiva bakterier och mykorrhizasvamppulver, genom att tills\u00e4tta 2g per 1 L vatten, blandningen m\u00e5ste st\u00e5 min. 24 timmar f\u00f6re anv\u00e4ndning.<\/p>\n<h3><strong>Inneh\u00e5ll:<\/strong><\/h3>\n<ul>\n<li>Ekologisk b\u00e4rare 89.5%<\/li>\n<li>18-Endo &amp; Ecto Mycorrhiza 8%<\/li>\n<li>Biostimulerande komplex 2%<\/li>\n<li>H\u00f6geffektiva jordbakterier 0.5%<\/li>\n<li><strong>200 g<\/strong><\/li>\n<\/ul>","protected":false},"excerpt":{"rendered":"<p>Bakterie- och svampkulturer f\u00f6r starkare och mer robusta rotsystem. Anv\u00e4nds av professionella odlare f\u00f6r att \u00f6ka avkastningen med upp till 150%. Root Explosion ser till att dina v\u00e4xter har de b\u00e4sta f\u00f6ruts\u00e4ttningarna f\u00f6r att v\u00e4xa sig stora och vackra. Root Explosion ger din v\u00e4xt all den n\u00e4ring den beh\u00f6ver. Root Explosion ser till att plantans r\u00f6tter blir starka och robusta s\u00e5 att de kan v\u00e4xa sig stora och vackra. Root Explosion inneh\u00e5ller 5 olika typer av bakterier och 18 olika mykorrhizasvampar som hj\u00e4lper till att absorbera n\u00e4rings\u00e4mnen och fukt fr\u00e5n den omgivande jorden och \u00f6verf\u00f6ra dem till din v\u00e4xt. 200g p\u00e5se<\/p>\n<p>&nbsp;<\/p>\n<p>&nbsp;<\/p>","protected":false},"featured_media":1775,"comment_status":"closed","ping_status":"closed","template":"","meta":{"_acf_changed":false},"product_brand":[],"product_cat":[113,274,96,234],"product_tag":[355,284,356,357],"class_list":{"0":"post-1770","1":"product","2":"type-product","3":"status-publish","4":"has-post-thumbnail","6":"product_cat-goedning-og-gromedier-for-planter","7":"product_cat-big-plant-science","8":"product_cat-drivhuset-og-haven","9":"product_cat-goedning-gromedie-froe","10":"product_tag-big-plant-science","11":"product_tag-goedning","12":"product_tag-root-explosion","13":"product_tag-vaekst","15":"entry","16":"has-media","18":"first","19":"instock","20":"taxable","21":"shipping-taxable","22":"purchasable","23":"product-type-simple","24":"has-product-nav","25":"col","26":"span_1_of_4","27":"owp-content-center","28":"item-entry","29":"owp-thumbs-layout-vertical","30":"owp-btn-normal","31":"owp-tabs-layout-horizontal"},"acf":[],"_links":{"self":[{"href":"https:\/\/plantelys.dk\/sv\/wp-json\/wp\/v2\/product\/1770","targetHints":{"allow":["GET"]}}],"collection":[{"href":"https:\/\/plantelys.dk\/sv\/wp-json\/wp\/v2\/product"}],"about":[{"href":"https:\/\/plantelys.dk\/sv\/wp-json\/wp\/v2\/types\/product"}],"replies":[{"embeddable":true,"href":"https:\/\/plantelys.dk\/sv\/wp-json\/wp\/v2\/comments?post=1770"}],"version-history":[{"count":0,"href":"https:\/\/plantelys.dk\/sv\/wp-json\/wp\/v2\/product\/1770\/revisions"}],"wp:featuredmedia":[{"embeddable":true,"href":"https:\/\/plantelys.dk\/sv\/wp-json\/wp\/v2\/media\/1775"}],"wp:attachment":[{"href":"https:\/\/plantelys.dk\/sv\/wp-json\/wp\/v2\/media?parent=1770"}],"wp:term":[{"taxonomy":"product_brand","embeddable":true,"href":"https:\/\/plantelys.dk\/sv\/wp-json\/wp\/v2\/product_brand?post=1770"},{"taxonomy":"product_cat","embeddable":true,"href":"https:\/\/plantelys.dk\/sv\/wp-json\/wp\/v2\/product_cat?post=1770"},{"taxonomy":"product_tag","embeddable":true,"href":"https:\/\/plantelys.dk\/sv\/wp-json\/wp\/v2\/product_tag?post=1770"}],"curies":[{"name":"wp","href":"https:\/\/api.w.org\/{rel}","templated":true}]}}