{"id":16861,"date":"2023-05-11T06:58:02","date_gmt":"2023-05-11T06:58:02","guid":{"rendered":"https:\/\/plantelys.dk\/?post_type=product&#038;p=16861"},"modified":"2026-04-29T11:20:05","modified_gmt":"2026-04-29T10:20:05","slug":"oeko-mikrogron-rot-radisa-fro-2","status":"publish","type":"product","link":"https:\/\/plantelys.dk\/sv\/vare\/oeko-mikrogroent-roed-radise-froe\/","title":{"rendered":"Eko R\u00e4disfr\u00f6n \u2013 R\u00f6da r\u00e4disa groddar"},"content":{"rendered":"<h2>R\u00f6da r\u00e4disafr\u00f6n \u2013 Ekologiska grodda fr\u00f6n<\/h2>\n<h3>Utm\u00e4rkt smakupplevelse med r\u00f6d r\u00e4disa<\/h3>\n<p>Uppt\u00e4ck den friska, peppriga smaken av nyodlad <strong><a href=\"https:\/\/plantelys.dk\/sv\/produkt\/oeko-mikrogron-rot-radisa-fro-2\/\">r\u00f6da r\u00e4disor<\/a><\/strong> Dessa ekologiska r\u00e4disfr\u00f6n \u00e4r perfekta f\u00f6r groddning som <strong><a href=\"https:\/\/plantelys.dk\/sv\/produktkategori-2\/plantera-froe-2\/\">mikrogr\u00f6nt<\/a><\/strong>. Eftersom de inte v\u00e4rmebehandlas, som ofta \u00e4r fallet med andra fr\u00f6n, f\u00e5r du en produkt som \u00e4r full av vitalitet och naturlig smak. Radisens mikrogr\u00f6nsaker \u00e4r fantastiska i sallader och tillf\u00f6r en skarp radissmak som verkligen kittlar smakl\u00f6karna.<\/p>\n<h3>Snabb och enkel tillv\u00e4xt<\/h3>\n<p>Att odla egna r\u00e4disgroddar har aldrig varit enklare. Dessa fr\u00f6n groddar till fullvuxna lila r\u00e4disor p\u00e5 bara 8\u201312 dagar. Se dem v\u00e4xa och utvecklas till vackra, grodda r\u00e4disor som liknar b\u00f6rjan p\u00e5 en r\u00e4displanta.<\/p>\n<h3>Njut av f\u00f6rdelarna med ekologiskt jordbruk<\/h3>\n<p>V\u00e5ra r\u00f6da r\u00e4disfr\u00f6n \u00e4r 100% ekologiska och fria fr\u00e5n v\u00e4rmebehandling, vilket inneb\u00e4r att du f\u00e5r den mest naturliga, or\u00f6rda kvaliteten. Med runt 500 gram i varje f\u00f6rpackning har du mycket att starta din egen lilla gr\u00f6na revolution i k\u00f6ket.<\/p>\n<h3>G\u00f6r dina egna h\u00e4lsosamma mikrogr\u00f6nsaker<\/h3>\n<p>Dr\u00f6mmer du om att odla dina egna f\u00e4rska och ekologiska r\u00f6da r\u00e4disor? <strong><a href=\"https:\/\/plantelys.dk\/sv\/produktkategori-2\/mikrogronsaker-odla-dina-egna-halsosamma-gronsaker-2\/\">Mikrogr\u00f6nsaker<\/a><\/strong> \u00e4r ett bra s\u00e4tt att b\u00f6rja och kr\u00e4ver inte mycket utrymme. F\u00f6lj dessa enkla steg och du kommer snart att njuta av dina egenodlade, krispiga och smakrika r\u00e4disgroddar. Det \u00e4r enkelt, roligt och resultatet \u00e4r s\u00e5 tillfredsst\u00e4llande! L\u00e5t oss b\u00f6rja!<\/p>\n<ol>\n<li>Se till att ha en passande groddbricka, n\u00e5got v\u00e4ldr\u00e4nerat <a href=\"https:\/\/plantelys.dk\/sv\/produkt\/plagron-cocos-brix-9l-cocos-fiber-2\/\"><strong>kokosmj\u00f6l<\/strong><\/a> och dina ekologiska r\u00f6da r\u00e4disafr\u00f6n.<\/li>\n<li>F\u00f6rdela jorden j\u00e4mnt i brickan och fukta den l\u00e4tt.<\/li>\n<li>S\u00e5 sprid r\u00e4disafr\u00f6na j\u00e4mnt \u00f6ver jordens yta.<\/li>\n<li>T\u00e4ck fr\u00f6na l\u00e4tt med ett tunt lager kokosjord.<\/li>\n<li>H\u00e5ll jorden fuktig men inte vattensjuk.<\/li>\n<li>Placera beh\u00e5llaren p\u00e5 en plats med mycket ljus, men utan direkt solljus.<\/li>\n<li>Om du inte har en ljus plats kan du anv\u00e4nda en <a href=\"https:\/\/plantelys.dk\/sv\/produktkategori-2\/vaxtljus\/\"><strong>grolys lampa<\/strong><\/a>.<\/li>\n<li>Efter 8-12 dagar ska dina r\u00e4disor ha groddat ut i l\u00e4mpliga mikrogr\u00f6nt.<\/li>\n<li>Sk\u00f6rda genom att sk\u00e4ra groddarna n\u00e4ra jordytan.<\/li>\n<li>L\u00e4gg till sallader, sm\u00f6rg\u00e5sar eller anv\u00e4nd som en smakrik topping.<\/li>\n<li>Njut av dina hemmaodlade, krispiga <strong><a href=\"https:\/\/plantelys.dk\/sv\/produktkategori-2\/mikrogrona-fron-ekologiska-2\/\">mikrogr\u00f6nt<\/a><\/strong>.<\/li>\n<\/ol>\n<h3><\/h3>\n<h3>Testade och certifierade ekologiska fr\u00f6n<\/h3>\n<p>Testad f\u00f6r f\u00f6ljande skadliga bakterier:<\/p>\n<ul>\n<li>Bacillus cereus<\/li>\n<li>Salmonella spp.<\/li>\n<li>Listeria monocytogenes<\/li>\n<li>Verotoxinproducerande E. coli<\/li>\n<\/ul>\n<h3><\/h3>\n<h3>Danska Jordbruksverket<\/h3>\n<p>Vi \u00e4r certifierade av det danska jordbruksverket f\u00f6r att s\u00e4lja ekologiska fr\u00f6n.<\/p>\n<h3><\/h3>\n<h3>Teknisk information:<\/h3>\n<p><strong>Botaniskt namn:<\/strong> Raphanus sativus<br \/>\n<strong>Engelska namn:<\/strong> R\u00e4disasango, vass, rambo<\/p>","protected":false},"excerpt":{"rendered":"<p>Vackra m\u00f6rkr\u00f6da mikrogr\u00f6na groddar med stark smak av r\u00e4disa. R\u00e4disgroddar lyser upp en l\u00e4cker sallad, eller anv\u00e4nd dem som garnering p\u00e5 din r\u00e5gbr\u00f6dsm\u00e5ltid.<\/p>","protected":false},"featured_media":7292,"comment_status":"closed","ping_status":"closed","template":"","meta":{"_acf_changed":false},"product_brand":[],"product_cat":[106,178,173],"product_tag":[],"class_list":{"0":"post-16861","1":"product","2":"type-product","3":"status-publish","4":"has-post-thumbnail","6":"product_cat-mikrogroent-gro-dit-eget-sunde-groent","7":"product_cat-mikrogroent-froe-oekologiske","8":"product_cat-oekologiske-froe","10":"entry","11":"has-media","13":"first","14":"instock","15":"taxable","16":"shipping-taxable","17":"purchasable","18":"product-type-variable","19":"has-default-attributes","20":"has-product-nav","21":"col","22":"span_1_of_4","23":"owp-content-center","24":"item-entry","25":"owp-thumbs-layout-vertical","26":"owp-btn-normal","27":"owp-tabs-layout-horizontal"},"acf":[],"_links":{"self":[{"href":"https:\/\/plantelys.dk\/sv\/wp-json\/wp\/v2\/product\/16861","targetHints":{"allow":["GET"]}}],"collection":[{"href":"https:\/\/plantelys.dk\/sv\/wp-json\/wp\/v2\/product"}],"about":[{"href":"https:\/\/plantelys.dk\/sv\/wp-json\/wp\/v2\/types\/product"}],"replies":[{"embeddable":true,"href":"https:\/\/plantelys.dk\/sv\/wp-json\/wp\/v2\/comments?post=16861"}],"version-history":[{"count":0,"href":"https:\/\/plantelys.dk\/sv\/wp-json\/wp\/v2\/product\/16861\/revisions"}],"wp:featuredmedia":[{"embeddable":true,"href":"https:\/\/plantelys.dk\/sv\/wp-json\/wp\/v2\/media\/7292"}],"wp:attachment":[{"href":"https:\/\/plantelys.dk\/sv\/wp-json\/wp\/v2\/media?parent=16861"}],"wp:term":[{"taxonomy":"product_brand","embeddable":true,"href":"https:\/\/plantelys.dk\/sv\/wp-json\/wp\/v2\/product_brand?post=16861"},{"taxonomy":"product_cat","embeddable":true,"href":"https:\/\/plantelys.dk\/sv\/wp-json\/wp\/v2\/product_cat?post=16861"},{"taxonomy":"product_tag","embeddable":true,"href":"https:\/\/plantelys.dk\/sv\/wp-json\/wp\/v2\/product_tag?post=16861"}],"curies":[{"name":"wp","href":"https:\/\/api.w.org\/{rel}","templated":true}]}}