{"id":16641,"date":"2023-05-01T12:45:49","date_gmt":"2023-05-01T12:45:49","guid":{"rendered":"https:\/\/plantelys.dk\/?post_type=product&#038;p=16641"},"modified":"2026-04-29T11:36:29","modified_gmt":"2026-04-29T10:36:29","slug":"grona-linser-ekologiska-fron-for-microgreens-2","status":"publish","type":"product","link":"https:\/\/plantelys.dk\/sv\/vare\/groen-linse-oekologiske-froe-til-mikrogroent\/","title":{"rendered":"Gr\u00f6na linser \u2013 ekologiska fr\u00f6n f\u00f6r l\u00e4ckra mikrogr\u00f6nt"},"content":{"rendered":"<h2 class=\"\" data-start=\"161\" data-end=\"241\">Ekologiska gr\u00f6na linser (Lens culinaris)<\/h2>\n<p class=\"\" data-start=\"243\" data-end=\"529\">Uppt\u00e4ck de f\u00e4rska, krispiga skotten fr\u00e5n <a href=\"https:\/\/plantelys.dk\/sv\/produkt\/grona-linser-ekologiska-fron-for-microgreens-2\/\"><strong data-start=\"276\" data-end=\"304\">Ekologiska gr\u00f6na linser<\/strong><\/a> - en n\u00e4ringsrik och smakrik mikrogr\u00f6nsak som ger b\u00e5de djup och fr\u00e4sch\u00f6r till dina r\u00e4tter. Med en l\u00e4tt syrlig och milt bitter smak \u00e4r de gr\u00f6na linsskotten perfekta som en gr\u00f6n boost f\u00f6r b\u00e5de klassiska och moderna r\u00e4tter.<\/p>\n<h3 data-start=\"536\" data-end=\"559\"><\/h3>\n<h2 data-start=\"536\" data-end=\"559\">Fylld med n\u00e4ring<\/h2>\n<p class=\"\" data-start=\"561\" data-end=\"645\">Mikrogr\u00f6nsaker av gr\u00f6n lins \u00e4r sm\u00e5 till storleken men stora till inneh\u00e5llet.<\/p>\n<p class=\"\" data-start=\"781\" data-end=\"910\">Ett utm\u00e4rkt val f\u00f6r dig som vill f\u00f6rst\u00e4rka din kost med v\u00e4xtbaserad n\u00e4ring - naturlig, ekologisk och fri fr\u00e5n tillsatser.<\/p>\n<hr class=\"\" data-start=\"912\" data-end=\"915\" \/>\n<h3 class=\"\" data-start=\"917\" data-end=\"960\">\ud83e\udd57 Anv\u00e4ndning - M\u00e5ngsidighet i ditt k\u00f6k<\/h3>\n<p class=\"\" data-start=\"962\" data-end=\"1048\">Gr\u00f6na linser som mikrogr\u00f6nsaker \u00e4r en smakrik och dekorativ ingrediens som kan anv\u00e4ndas i:<\/p>\n<ul>\n<li data-start=\"1052\" data-end=\"1066\">F\u00e4rska sallader<\/li>\n<li data-start=\"1069\" data-end=\"1086\">Sm\u00f6rg\u00e5sar och wraps<\/li>\n<li data-start=\"1089\" data-end=\"1120\">Smoothies och f\u00e4rskpressad juice<\/li>\n<li data-start=\"1123\" data-end=\"1158\">Toppings till soppor och varma r\u00e4tter<\/li>\n<li class=\"\" data-start=\"1159\" data-end=\"1206\">\n<p class=\"\" data-start=\"1161\" data-end=\"1206\">Som garnering eller gr\u00f6nt str\u00f6ssel p\u00e5 tallriken<\/p>\n<\/li>\n<\/ul>\n<hr class=\"\" data-start=\"1208\" data-end=\"1211\" \/>\n<h3 class=\"\" data-start=\"1213\" data-end=\"1257\">\ud83c\udf3f Odla dina egna linser - enkelt och h\u00e5llbart<\/h3>\n<p class=\"\" data-start=\"1259\" data-end=\"1407\">Ekologiska gr\u00f6na linser \u00e4r l\u00e4tta att odla b\u00e5de som mikrogr\u00f6nsaker och direkt p\u00e5 k\u00f6ksb\u00e4nken. Allt som kr\u00e4vs \u00e4r lite t\u00e5lamod, ljus och fukt.<\/p>\n<h4 class=\"\" data-start=\"1409\" data-end=\"1451\">Hur du odlar dina egna mikrogr\u00f6nsaker:<\/h4>\n<ol data-start=\"1452\" data-end=\"1927\">\n<li class=\"\" data-start=\"1452\" data-end=\"1501\">\n<p class=\"\" data-start=\"1455\" data-end=\"1501\">V\u00e4lj <strong data-start=\"1460\" data-end=\"1483\">ekologiska linsfr\u00f6n<\/strong> av h\u00f6g kvalitet<\/p>\n<\/li>\n<li class=\"\" data-start=\"1502\" data-end=\"1567\">\n<p class=\"\" data-start=\"1505\" data-end=\"1567\">Anv\u00e4nd en <a href=\"https:\/\/plantelys.dk\/sv\/produktkategori-2\/mikrogronsaker-odla-dina-egna-halsosamma-gronsaker-2\/mikrogrona-kullar-2\/\"><strong data-start=\"1513\" data-end=\"1527\">groddbacke<\/strong><\/a> med en v\u00e4ldr\u00e4nerad yta - t.ex. <strong><a href=\"https:\/\/plantelys.dk\/sv\/?s=kokosmuld&amp;post_type=product\">kokosmj\u00f6l<\/a><\/strong><\/p>\n<\/li>\n<li class=\"\" data-start=\"1568\" data-end=\"1620\">\n<p class=\"\" data-start=\"1571\" data-end=\"1620\">F\u00f6rdela fr\u00f6na j\u00e4mnt och t\u00e4ck med ett tunt lager jord<\/p>\n<\/li>\n<li class=\"\" data-start=\"1621\" data-end=\"1687\">\n<p class=\"\" data-start=\"1624\" data-end=\"1687\">Fukta med sprayflaska och t\u00e4ck med lock eller plast f\u00f6r fukt<\/p>\n<\/li>\n<li class=\"\" data-start=\"1688\" data-end=\"1735\">\n<p class=\"\" data-start=\"1691\" data-end=\"1735\">Placera p\u00e5 en ljus plats, men undvik direkt sol till en b\u00f6rjan<\/p>\n<\/li>\n<li class=\"\" data-start=\"1736\" data-end=\"1778\">\n<p class=\"\" data-start=\"1739\" data-end=\"1778\">H\u00e5ll marken <strong data-start=\"1751\" data-end=\"1765\">n\u00e5got fuktig<\/strong> - inte v\u00e5t<\/p>\n<\/li>\n<li class=\"\" data-start=\"1779\" data-end=\"1875\">\n<p class=\"\" data-start=\"1782\" data-end=\"1875\">Ta bort locket n\u00e4r groningen b\u00f6rjar - flytta till ljus eller anv\u00e4nd <a href=\"https:\/\/plantelys.dk\/sv\/produktkategori-2\/vaxtljus\/\"><strong data-start=\"1845\" data-end=\"1855\">v\u00e4xtljus<\/strong><\/a> under vinterm\u00e5naderna<\/p>\n<\/li>\n<li class=\"\" data-start=\"1876\" data-end=\"1927\">\n<p class=\"\" data-start=\"1879\" data-end=\"1927\">Sk\u00f6rda n\u00e4r skotten \u00e4r 5-10 cm h\u00f6ga - sk\u00f6lj och njut!<\/p>\n<\/li>\n<\/ol>\n<hr class=\"\" data-start=\"1929\" data-end=\"1932\" \/>\n<h3 class=\"\" data-start=\"1934\" data-end=\"1974\">\ud83c\udf3e Certifierad ekologi och s\u00e4kerhet<\/h3>\n<p class=\"\" data-start=\"1976\" data-end=\"2073\">V\u00e5ra linsfr\u00f6n \u00e4r <strong data-start=\"1994\" data-end=\"2031\">testad och certifierad ekologisk<\/strong> och fria fr\u00e5n skadliga bakterier, inklusive:<\/p>\n<ul data-start=\"2075\" data-end=\"2183\">\n<li class=\"\" data-start=\"2075\" data-end=\"2096\">\n<p class=\"\" data-start=\"2077\" data-end=\"2096\"><em data-start=\"2077\" data-end=\"2094\">Salmonella spp.<\/em><\/p>\n<\/li>\n<li class=\"\" data-start=\"2097\" data-end=\"2125\">\n<p class=\"\" data-start=\"2099\" data-end=\"2125\"><em data-start=\"2099\" data-end=\"2123\">Listeria monocytogenes<\/em><\/p>\n<\/li>\n<li class=\"\" data-start=\"2126\" data-end=\"2147\">\n<p class=\"\" data-start=\"2128\" data-end=\"2147\"><em data-start=\"2128\" data-end=\"2145\">Bacillus cereus<\/em><\/p>\n<\/li>\n<li class=\"\" data-start=\"2148\" data-end=\"2183\">\n<p class=\"\" data-start=\"2150\" data-end=\"2183\">Verotoxinproducerande <em data-start=\"2174\" data-end=\"2183\">E. coli<\/em><\/p>\n<\/li>\n<\/ul>\n<p class=\"\" data-start=\"2185\" data-end=\"2308\">Vi \u00e4r <strong data-start=\"2191\" data-end=\"2225\">Godk\u00e4nd av danska jordbruksverket<\/strong> f\u00f6r f\u00f6rs\u00e4ljning av <strong><a href=\"https:\/\/plantelys.dk\/sv\/produktkategori-2\/mikrogrona-fron-ekologiska-2\/\">ekologiska fr\u00f6n<\/a> <\/strong>- din garanti f\u00f6r kvalitet, s\u00e4kerhet och h\u00e5llbarhet.<\/p>\n<hr class=\"\" data-start=\"2310\" data-end=\"2313\" \/>\n<h3 class=\"\" data-start=\"2315\" data-end=\"2363\">\ud83c\udf43 G\u00f6r din kost gr\u00f6nare - p\u00e5 det enkla s\u00e4ttet<\/h3>\n<p class=\"\" data-start=\"2365\" data-end=\"2416\">Med ekologiska gr\u00f6na linser som mikrogr\u00f6nsaker f\u00e5r du:<\/p>\n<p class=\"\" data-start=\"2418\" data-end=\"2567\">\u2705 F\u00e4rskhet direkt fr\u00e5n k\u00f6ket<br data-start=\"2449\" data-end=\"2452\" \/>\u2705 Ett protein- och fiberrikt alternativ till k\u00f6tt<br data-start=\"2500\" data-end=\"2503\" \/>\u2705 En h\u00e5llbar l\u00f6sning, helt fri fr\u00e5n bek\u00e4mpningsmedel och g\u00f6dningsmedel<\/p>","protected":false},"excerpt":{"rendered":"<p>Ekologiska gr\u00f6na linser mikrogr\u00f6nsaker \u00e4r h\u00e4lsosamma och v\u00e4lsmakande. De inneh\u00e5ller ett \u00f6verfl\u00f6d av n\u00e4rings\u00e4mnen, s\u00e5som proteiner, fibrer, mineraler och vitaminer. De kan \u00e4tas i en m\u00e4ngd olika m\u00e5ltider och bidrar till ett h\u00e4lsosamt liv<\/p>","protected":false},"featured_media":16607,"comment_status":"closed","ping_status":"closed","template":"","meta":{"_acf_changed":false},"product_brand":[],"product_cat":[106,178,173,161],"product_tag":[],"class_list":{"0":"post-16641","1":"product","2":"type-product","3":"status-publish","4":"has-post-thumbnail","6":"product_cat-mikrogroent-gro-dit-eget-sunde-groent","7":"product_cat-mikrogroent-froe-oekologiske","8":"product_cat-oekologiske-froe","9":"product_cat-plante-froe","11":"entry","12":"has-media","14":"first","15":"instock","16":"taxable","17":"shipping-taxable","18":"purchasable","19":"product-type-variable","20":"has-default-attributes","21":"has-product-nav","22":"col","23":"span_1_of_4","24":"owp-content-center","25":"item-entry","26":"owp-thumbs-layout-vertical","27":"owp-btn-normal","28":"owp-tabs-layout-horizontal"},"acf":[],"_links":{"self":[{"href":"https:\/\/plantelys.dk\/sv\/wp-json\/wp\/v2\/product\/16641","targetHints":{"allow":["GET"]}}],"collection":[{"href":"https:\/\/plantelys.dk\/sv\/wp-json\/wp\/v2\/product"}],"about":[{"href":"https:\/\/plantelys.dk\/sv\/wp-json\/wp\/v2\/types\/product"}],"replies":[{"embeddable":true,"href":"https:\/\/plantelys.dk\/sv\/wp-json\/wp\/v2\/comments?post=16641"}],"version-history":[{"count":0,"href":"https:\/\/plantelys.dk\/sv\/wp-json\/wp\/v2\/product\/16641\/revisions"}],"wp:featuredmedia":[{"embeddable":true,"href":"https:\/\/plantelys.dk\/sv\/wp-json\/wp\/v2\/media\/16607"}],"wp:attachment":[{"href":"https:\/\/plantelys.dk\/sv\/wp-json\/wp\/v2\/media?parent=16641"}],"wp:term":[{"taxonomy":"product_brand","embeddable":true,"href":"https:\/\/plantelys.dk\/sv\/wp-json\/wp\/v2\/product_brand?post=16641"},{"taxonomy":"product_cat","embeddable":true,"href":"https:\/\/plantelys.dk\/sv\/wp-json\/wp\/v2\/product_cat?post=16641"},{"taxonomy":"product_tag","embeddable":true,"href":"https:\/\/plantelys.dk\/sv\/wp-json\/wp\/v2\/product_tag?post=16641"}],"curies":[{"name":"wp","href":"https:\/\/api.w.org\/{rel}","templated":true}]}}