{"id":1638,"date":"2021-07-15T07:55:18","date_gmt":"2021-07-15T07:55:18","guid":{"rendered":"https:\/\/plantelys.dk\/?post_type=product&#038;p=1638"},"modified":"2026-02-26T14:06:36","modified_gmt":"2026-02-26T13:06:36","slug":"varmematta-for-groddar-och-sticklingar-25x50cm-passar-de-flesta-vaxtbrickor-2","status":"publish","type":"product","link":"https:\/\/plantelys.dk\/sv\/vare\/varmemaatte-for-spire-og-stiklinger-25x50cm-passer-til-de-fleste-plantebakker\/","title":{"rendered":"V\u00e4rmematta f\u00f6r groddar och sticklingar 25x50cm passar de flesta v\u00e4xtbrickor"},"content":{"rendered":"<h2>V\u00e4rmematta f\u00f6r f\u00f6rgroning och tillv\u00e4xt av v\u00e4xter<\/h2>\n<div>\n<div><em>L\u00e4mplig f\u00f6r groningsl\u00e5da eller miniv\u00e4xthus med eller utan ljus.<\/em><\/div>\n<\/div>\n<div><\/div>\n<div>\n<div>\n<div>En elektrisk groddv\u00e4rmematta anv\u00e4nds f\u00f6r <strong><a href=\"https:\/\/plantelys.dk\/sv\/forgroning-av-vaxter-guide-frobrickor-och-mini-vaxthus-2\/\" target=\"_blank\" rel=\"noopener\">f\u00f6rgroning<\/a><\/strong> av v\u00e4xter. Fr\u00f6na gror p\u00e5 nolltid n\u00e4r extra v\u00e4rme tillf\u00f6rs och sticklingar fortare bildar r\u00f6tter.<\/div>\n<\/div>\n<\/div>\n<div>V\u00e4rmemattan kan \u00e4ven anv\u00e4ndas, t.ex. i v\u00e4xthuset f\u00f6r underv\u00e4rme f\u00f6r krukor i kalla perioder.<\/div>\n<div><\/div>\n<div>V\u00e4rmemattan f\u00e5r inte \u00f6versv\u00e4mmas med vatten. Anv\u00e4nd en bra <strong><a href=\"https:\/\/plantelys.dk\/sv\/produktkategori-2\/groddslaador-groddbrickor-for-vaxter-2\/\">fr\u00f6bricka<\/a><\/strong> tillsammans med groddmattan, t ex QuickPot. Vid f\u00f6rskottning rekommenderas att v\u00e4rmen sl\u00e5s p\u00e5 16 timmar om dagen.<\/div>\n<div><\/div>\n<div>\n<h2>Snabbare groning och b\u00e4ttre rotbildning<\/h2>\n<p>Den elektriska groddmattan hj\u00e4lper fr\u00f6n att gro snabbare genom att tillf\u00f6ra den extra v\u00e4rme som beh\u00f6vs f\u00f6r att aktivera groddprocessen. V\u00e4rmen \u00f6kar fr\u00f6nas grobarhet och s\u00e4kerst\u00e4ller en j\u00e4mn grobarhet \u00f6ver hela fr\u00f6brickan. Dessutom fr\u00e4mjar v\u00e4rmen rotbildningen i sticklingar, vilket resulterar i starkare och mer motst\u00e5ndskraftiga plantor.<\/p>\n<p>V\u00e4rmemattan kan ocks\u00e5 anv\u00e4ndas i v\u00e4xthuset f\u00f6r att ge underv\u00e4rme till krukor under kalla perioder, vilket hj\u00e4lper v\u00e4xterna att trivas \u00e4ven n\u00e4r temperaturen sjunker. Detta \u00e4r s\u00e4rskilt anv\u00e4ndbart tidigt p\u00e5 v\u00e5ren och sent p\u00e5 h\u00f6sten, n\u00e4r dagarna kan vara varma men n\u00e4tterna fortfarande \u00e4r mycket svala. Genom att h\u00e5lla rotomr\u00e5det varmt ser v\u00e4rmemattan till att v\u00e4xterna inte uts\u00e4tts f\u00f6r temperaturchocker, vilket kan h\u00e4mma deras tillv\u00e4xt.<\/p>\n<\/div>\n<h2>\u00d6vervintrande v\u00e4xter<\/h2>\n<div>Du kan med f\u00f6rdel anv\u00e4nda en isoleringsplatta under v\u00e4rmemattan. Den beh\u00e5ller v\u00e4rmen s\u00e5 att den inte g\u00e5r f\u00f6rlorad ned\u00e5t.<\/div>\n<div>\n<div>Mattan v\u00e4rmer upp marken till ca. 28 grader. V\u00e4rmemattan \u00e4r l\u00e4mplig f\u00f6r en liten v\u00e4xtbricka.<\/div>\n<\/div>\n<div>Ansluts till 230VAC direkt via den medf\u00f6ljande kontakten och f\u00f6rbrukar endast 18 Watt.<\/div>\n<div><\/div>\n<div>L\u00e4s mer om <strong><a href=\"https:\/\/plantelys.dk\/sv\/overvintring-av-olivtrad-2\/\">\u00f6vervintring av olivtr\u00e4d<\/a><\/strong> eller <a href=\"https:\/\/plantelys.dk\/sv\/1075-revision-v1\/\"><strong>\u00f6vervintring av citrustr\u00e4d<\/strong><\/a>.<\/div>\n<div><\/div>\n<div><\/div>\n<div><\/div>","protected":false},"excerpt":{"rendered":"<p>En elektrisk groningsv\u00e4rmematta anv\u00e4nds f\u00f6r f\u00f6rgroning av v\u00e4xter. Fr\u00f6na gror p\u00e5 nolltid n\u00e4r extra v\u00e4rme appliceras och sticklingarna formar r\u00f6tter snabbare. V\u00e4rmemattan kan \u00e4ven anv\u00e4ndas, t.ex. i v\u00e4xthuset f\u00f6r underv\u00e4rme f\u00f6r krukor i kalla perioder. Denna v\u00e4rmematta \u00e4r idealisk f\u00f6r att skapa v\u00e4rme runt v\u00e4xtens r\u00f6tter. Denna varma matta hj\u00e4lper dina v\u00e4xter att f\u00e5 stora och starka r\u00f6tter. Denna v\u00e4rmematta hj\u00e4lper dina v\u00e4xter s\u00e5 att de inte drabbas av vad som kallas f\u00f6r varmt huvud och kalla f\u00f6tter. Varmhuvud kall matning uppst\u00e5r n\u00e4r temperaturen p\u00e5 v\u00e4xtens blad skiljer sig fr\u00e5n temperaturen p\u00e5 v\u00e4xtens r\u00f6tter. Kalla livsmedel med hett huvud g\u00f6r att plantan upplever stress vilket kan resultera i att plantan snabbt tappar blad\u00e4ndan.<\/p>","protected":false},"featured_media":1642,"comment_status":"open","ping_status":"closed","template":"","meta":{"_acf_changed":false},"product_brand":[],"product_cat":[112,160],"product_tag":[],"class_list":{"0":"post-1638","1":"product","2":"type-product","3":"status-publish","4":"has-post-thumbnail","6":"product_cat-maaleinstrumenter-til-planter","7":"product_cat-saabakker-spirebakker-for-planter","9":"entry","10":"has-media","12":"first","13":"instock","14":"sale","15":"taxable","16":"shipping-taxable","17":"purchasable","18":"product-type-simple","19":"has-product-nav","20":"col","21":"span_1_of_4","22":"owp-content-center","23":"item-entry","24":"owp-thumbs-layout-vertical","25":"owp-btn-normal","26":"owp-tabs-layout-horizontal"},"acf":[],"_links":{"self":[{"href":"https:\/\/plantelys.dk\/sv\/wp-json\/wp\/v2\/product\/1638","targetHints":{"allow":["GET"]}}],"collection":[{"href":"https:\/\/plantelys.dk\/sv\/wp-json\/wp\/v2\/product"}],"about":[{"href":"https:\/\/plantelys.dk\/sv\/wp-json\/wp\/v2\/types\/product"}],"replies":[{"embeddable":true,"href":"https:\/\/plantelys.dk\/sv\/wp-json\/wp\/v2\/comments?post=1638"}],"version-history":[{"count":0,"href":"https:\/\/plantelys.dk\/sv\/wp-json\/wp\/v2\/product\/1638\/revisions"}],"wp:featuredmedia":[{"embeddable":true,"href":"https:\/\/plantelys.dk\/sv\/wp-json\/wp\/v2\/media\/1642"}],"wp:attachment":[{"href":"https:\/\/plantelys.dk\/sv\/wp-json\/wp\/v2\/media?parent=1638"}],"wp:term":[{"taxonomy":"product_brand","embeddable":true,"href":"https:\/\/plantelys.dk\/sv\/wp-json\/wp\/v2\/product_brand?post=1638"},{"taxonomy":"product_cat","embeddable":true,"href":"https:\/\/plantelys.dk\/sv\/wp-json\/wp\/v2\/product_cat?post=1638"},{"taxonomy":"product_tag","embeddable":true,"href":"https:\/\/plantelys.dk\/sv\/wp-json\/wp\/v2\/product_tag?post=1638"}],"curies":[{"name":"wp","href":"https:\/\/api.w.org\/{rel}","templated":true}]}}