{"id":16234,"date":"2023-04-26T17:50:27","date_gmt":"2023-04-26T17:50:27","guid":{"rendered":"https:\/\/plantelys.dk\/?post_type=product&#038;p=16234"},"modified":"2026-04-29T11:37:32","modified_gmt":"2026-04-29T10:37:32","slug":"rodbetor-linser-ekologiska-fron-microgreens-1kg-2","status":"publish","type":"product","link":"https:\/\/plantelys.dk\/sv\/vare\/roed-linse-oekologiske-froe-mikrogroent-1kg\/","title":{"rendered":"R\u00f6d lins \u2013 Organiska fr\u00f6n mikrogr\u00f6na"},"content":{"rendered":"<h2>Ekologiska r\u00f6da linser som mikrogr\u00f6na<\/h2>\n<p><strong><a href=\"https:\/\/plantelys.dk\/sv\/produkt\/rodbetor-linser-ekologiska-fron-microgreens-1kg-2\/\">Ekologiska r\u00f6da linser<\/a> <\/strong>(<em>Lins Culinaris<\/em>) microgreens \u00e4r b\u00e5de h\u00e4lsosamma och v\u00e4lsmakande, vilket g\u00f6r dem till ett idealiskt val f\u00f6r dem som vill l\u00e4gga till n\u00e4ringsrik och smakrik mat till sin kost. De f\u00e4rska linsskotten har en syrlig och l\u00e4tt bitter smak som ger ett fr\u00e4scht inslag till olika r\u00e4tter.<\/p>\n<h3>N\u00e4ringsrika linser microgreens<\/h3>\n<p>Linsmikrogr\u00f6nt \u00e4r packat med viktiga n\u00e4rings\u00e4mnen, inklusive kolhydrater, cirka 25% protein, fibrer, j\u00e4rn, kalium, kalcium, fosfor och vitaminerna A, B1, B2, B3, B6, C och E.<\/p>\n<h3>Smak och anv\u00e4ndningsm\u00f6jligheter<\/h3>\n<p>Microgreens fr\u00e5n ekologiska r\u00f6da linser har en mild, jordn\u00e4ra smak med en l\u00e4tt s\u00f6t underton. Deras konsistens \u00e4r krispig och saftig, vilket ger en trevlig bit till en m\u00e4ngd olika r\u00e4tter.<\/p>\n<p>Den subtila men distinkta smaken hos dessa sm\u00e5 v\u00e4xter g\u00f6r dem till en utm\u00e4rkt ingrediens i m\u00e5nga olika r\u00e4tter. De kan ge sallader en ny dimension, ge soppor ett extra smakdjup eller fungera som ett knaprigt och n\u00e4ringsrikt p\u00e5l\u00e4gg p\u00e5 sm\u00f6rg\u00e5sar och wraps. Den jordn\u00e4ra smaken kompletterar m\u00e5nga olika ingredienser och ger en h\u00e4lsosam och v\u00e4lsmakande twist till dina m\u00e5ltider.<\/p>\n<p>Sammantaget erbjuder ekologiska sm\u00e5plantor av r\u00f6da linser en unik, n\u00e4ringsrik smakupplevelse som kan f\u00f6rb\u00e4ttra och variera din kulinariska palett.<\/p>\n<h3>H\u00e5llbar odling<\/h3>\n<p>Ekologiska microgreens av r\u00f6da linser kan enkelt odlas hemma som b\u00e5de microgreens s\u00e5 att du kan njuta av dem i olika stadier av tillv\u00e4xt. Ekologisk odling s\u00e4kerst\u00e4ller att linserna \u00e4r fria fr\u00e5n syntetiska bek\u00e4mpningsmedel och g\u00f6dningsmedel, vilket g\u00f6r produkten b\u00e5de h\u00e5llbar och milj\u00f6v\u00e4nlig.<\/p>\n<p>Uppt\u00e4ck de m\u00e5nga f\u00f6rdelarna med ekologiska mikrogr\u00f6nsaker av r\u00f6da linser f\u00f6r din h\u00e4lsa och dina smakl\u00f6kar. L\u00e4mplig f\u00f6r odling av b\u00e5de microgreens.<\/p>\n<h3>Testade och certifierade ekologiska fr\u00f6n<\/h3>\n<p>Vi s\u00e4ljer fr\u00f6n som har testats f\u00f6r f\u00f6ljande skadliga bakterier:<\/p>\n<ul>\n<li>Bacillus cereus<\/li>\n<li>Salmonella spp.<\/li>\n<li>Listeria monocytogenes<\/li>\n<li>Verotoxinproducerande E. coli<\/li>\n<\/ul>\n<h3><\/h3>\n<h3>Certifierad f\u00f6rs\u00e4ljning av ekologiska fr\u00f6er<\/h3>\n<p>Vi \u00e4r certifierade av det danska jordbruksverket f\u00f6r att s\u00e4lja ekologiska fr\u00f6n<\/p>","protected":false},"excerpt":{"rendered":"<p>Ekologiska r\u00f6da linser \u00e4r ett h\u00e4lsosamt och gott val, rikt p\u00e5 n\u00e4rings\u00e4mnen som proteiner, fibrer, mineraler och vitaminer. Den kan anv\u00e4ndas i sallader, p\u00e5 br\u00f6d, i juice, smoothies eller som dekoration. Linsmikrogr\u00f6nt har m\u00e5nga positiva egenskaper och kan enkelt odlas hemma.<\/p>","protected":false},"featured_media":16607,"comment_status":"closed","ping_status":"closed","template":"","meta":{"_acf_changed":false},"product_brand":[],"product_cat":[106,173,178,161],"product_tag":[],"class_list":{"0":"post-16234","1":"product","2":"type-product","3":"status-publish","4":"has-post-thumbnail","6":"product_cat-mikrogroent-gro-dit-eget-sunde-groent","7":"product_cat-oekologiske-froe","8":"product_cat-mikrogroent-froe-oekologiske","9":"product_cat-plante-froe","11":"entry","12":"has-media","14":"first","15":"instock","16":"taxable","17":"shipping-taxable","18":"purchasable","19":"product-type-variable","20":"has-default-attributes","21":"has-rating","22":"has-product-nav","23":"col","24":"span_1_of_4","25":"owp-content-center","26":"item-entry","27":"owp-thumbs-layout-vertical","28":"owp-btn-normal","29":"owp-tabs-layout-horizontal"},"acf":[],"_links":{"self":[{"href":"https:\/\/plantelys.dk\/sv\/wp-json\/wp\/v2\/product\/16234","targetHints":{"allow":["GET"]}}],"collection":[{"href":"https:\/\/plantelys.dk\/sv\/wp-json\/wp\/v2\/product"}],"about":[{"href":"https:\/\/plantelys.dk\/sv\/wp-json\/wp\/v2\/types\/product"}],"replies":[{"embeddable":true,"href":"https:\/\/plantelys.dk\/sv\/wp-json\/wp\/v2\/comments?post=16234"}],"version-history":[{"count":0,"href":"https:\/\/plantelys.dk\/sv\/wp-json\/wp\/v2\/product\/16234\/revisions"}],"wp:featuredmedia":[{"embeddable":true,"href":"https:\/\/plantelys.dk\/sv\/wp-json\/wp\/v2\/media\/16607"}],"wp:attachment":[{"href":"https:\/\/plantelys.dk\/sv\/wp-json\/wp\/v2\/media?parent=16234"}],"wp:term":[{"taxonomy":"product_brand","embeddable":true,"href":"https:\/\/plantelys.dk\/sv\/wp-json\/wp\/v2\/product_brand?post=16234"},{"taxonomy":"product_cat","embeddable":true,"href":"https:\/\/plantelys.dk\/sv\/wp-json\/wp\/v2\/product_cat?post=16234"},{"taxonomy":"product_tag","embeddable":true,"href":"https:\/\/plantelys.dk\/sv\/wp-json\/wp\/v2\/product_tag?post=16234"}],"curies":[{"name":"wp","href":"https:\/\/api.w.org\/{rel}","templated":true}]}}