{"id":1621,"date":"2021-07-15T07:45:49","date_gmt":"2021-07-15T07:45:49","guid":{"rendered":"https:\/\/plantelys.dk\/?post_type=product&#038;p=1621"},"modified":"2026-02-26T14:07:08","modified_gmt":"2026-02-26T13:07:08","slug":"stor-varmeplatta-for-vaxthus-50x120cm-100watt-2","status":"publish","type":"product","link":"https:\/\/plantelys.dk\/sv\/vare\/stor-varmeplade-til-drivhuse-50x120cm-100watt\/","title":{"rendered":"Stor v\u00e4rmematta f\u00f6r v\u00e4xthus 50x120cm - 100Watt"},"content":{"rendered":"<h2>Stor v\u00e4rmematta f\u00f6r f\u00f6rgroning och tillv\u00e4xt av v\u00e4xter<\/h2>\n<div>\n<div><em>L\u00e4mplig f\u00f6r groningsbox, eller miniv\u00e4xthus, kan \u00e4ven anv\u00e4ndas i v\u00e4xthus f\u00f6r tidig tillv\u00e4xt.<\/em><\/div>\n<div>\n<div><\/div>\n<div>En elektrisk groningsv\u00e4rmematta anv\u00e4nds f\u00f6r f\u00f6rgroning av v\u00e4xter. Fr\u00f6na gror p\u00e5 nolltid n\u00e4r extra v\u00e4rme appliceras och sticklingarna formar r\u00f6tter snabbare.<\/div>\n<\/div>\n<\/div>\n<div>V\u00e4rmemattan kan \u00e4ven anv\u00e4ndas, t.ex. i v\u00e4xthuset f\u00f6r underv\u00e4rme f\u00f6r krukor i kalla perioder.<\/div>\n<div><\/div>\n<div>V\u00e4rmemattan f\u00e5r inte \u00f6versv\u00e4mmas med vatten. Anv\u00e4nd en bra v\u00e4xtbricka tillsammans med groningsmattan. Vid f\u00f6rskottning rekommenderas att v\u00e4rmen sl\u00e5s p\u00e5 16 timmar om dagen. Du kan med f\u00f6rdel anv\u00e4nda en isoleringsplatta under v\u00e4rmemattan. Den beh\u00e5ller v\u00e4rmen s\u00e5 att den inte g\u00e5r f\u00f6rlorad ned\u00e5t.<\/div>\n<div>\n<div>Mattan v\u00e4rmer upp marken till ca. 28 grader. V\u00e4rmemattan \u00e4r l\u00e4mplig f\u00f6r en liten v\u00e4xtbricka.<\/div>\n<\/div>\n<div>Ansluts till 230VAC direkt via den medf\u00f6ljande kontakten och f\u00f6rbrukar endast 100 Watt.<\/div>","protected":false},"excerpt":{"rendered":"<p>Stor v\u00e4rmeplatta f\u00f6r v\u00e4xthus 50x120cm \u2013 100Watt. En elektrisk groningsv\u00e4rmematta anv\u00e4nds f\u00f6r f\u00f6rgroning av v\u00e4xter. Fr\u00f6na gror p\u00e5 nolltid n\u00e4r extra v\u00e4rme appliceras och sticklingarna formar r\u00f6tter snabbare. V\u00e4rmemattan kan \u00e4ven anv\u00e4ndas, t.ex. i v\u00e4xthuset f\u00f6r underv\u00e4rme f\u00f6r krukor i kalla perioder. Denna v\u00e4rmematta \u00e4r idealisk f\u00f6r att skapa v\u00e4rme runt v\u00e4xtens r\u00f6tter. Denna varma matta hj\u00e4lper dina v\u00e4xter att f\u00e5 stora och starka r\u00f6tter. Denna v\u00e4rmematta hj\u00e4lper dina v\u00e4xter s\u00e5 att de inte drabbas av vad som kallas f\u00f6r varmt huvud och kalla f\u00f6tter. Varmhuvud kall matning uppst\u00e5r n\u00e4r temperaturen p\u00e5 v\u00e4xtens blad skiljer sig fr\u00e5n temperaturen p\u00e5 v\u00e4xtens r\u00f6tter. Kalla livsmedel med hett huvud g\u00f6r att plantan upplever stress vilket kan resultera i att plantan snabbt tappar blad\u00e4ndan.<\/p>","protected":false},"featured_media":1625,"comment_status":"open","ping_status":"closed","template":"","meta":{"_acf_changed":false},"product_brand":[],"product_cat":[112,160],"product_tag":[],"class_list":{"0":"post-1621","1":"product","2":"type-product","3":"status-publish","4":"has-post-thumbnail","6":"product_cat-maaleinstrumenter-til-planter","7":"product_cat-saabakker-spirebakker-for-planter","9":"entry","10":"has-media","12":"first","13":"instock","14":"sale","15":"taxable","16":"shipping-taxable","17":"purchasable","18":"product-type-simple","19":"has-product-nav","20":"col","21":"span_1_of_4","22":"owp-content-center","23":"item-entry","24":"owp-thumbs-layout-vertical","25":"owp-btn-normal","26":"owp-tabs-layout-horizontal"},"acf":[],"_links":{"self":[{"href":"https:\/\/plantelys.dk\/sv\/wp-json\/wp\/v2\/product\/1621","targetHints":{"allow":["GET"]}}],"collection":[{"href":"https:\/\/plantelys.dk\/sv\/wp-json\/wp\/v2\/product"}],"about":[{"href":"https:\/\/plantelys.dk\/sv\/wp-json\/wp\/v2\/types\/product"}],"replies":[{"embeddable":true,"href":"https:\/\/plantelys.dk\/sv\/wp-json\/wp\/v2\/comments?post=1621"}],"version-history":[{"count":0,"href":"https:\/\/plantelys.dk\/sv\/wp-json\/wp\/v2\/product\/1621\/revisions"}],"wp:featuredmedia":[{"embeddable":true,"href":"https:\/\/plantelys.dk\/sv\/wp-json\/wp\/v2\/media\/1625"}],"wp:attachment":[{"href":"https:\/\/plantelys.dk\/sv\/wp-json\/wp\/v2\/media?parent=1621"}],"wp:term":[{"taxonomy":"product_brand","embeddable":true,"href":"https:\/\/plantelys.dk\/sv\/wp-json\/wp\/v2\/product_brand?post=1621"},{"taxonomy":"product_cat","embeddable":true,"href":"https:\/\/plantelys.dk\/sv\/wp-json\/wp\/v2\/product_cat?post=1621"},{"taxonomy":"product_tag","embeddable":true,"href":"https:\/\/plantelys.dk\/sv\/wp-json\/wp\/v2\/product_tag?post=1621"}],"curies":[{"name":"wp","href":"https:\/\/api.w.org\/{rel}","templated":true}]}}