{"id":1601,"date":"2021-07-15T07:26:41","date_gmt":"2021-07-15T07:26:41","guid":{"rendered":"https:\/\/plantelys.dk\/?post_type=product&#038;p=1601"},"modified":"2026-03-08T20:29:55","modified_gmt":"2026-03-08T19:29:55","slug":"kokstradgaard-inomhus-u-jord-m-fullspektrum-odlingsljus-20-watt-led-ljussystem","status":"publish","type":"product","link":"https:\/\/plantelys.dk\/sv\/vare\/indendoers-koekkenhave-u-jord-m-fuldspektrum-vaekstlys-20watt-led-lyssystem\/","title":{"rendered":"Inomhus gr\u00f6nsaksodling m \/ jord m \/ fullspektrum v\u00e4xa ljus 20W LED"},"content":{"rendered":"<h2 class=\"\" data-start=\"125\" data-end=\"186\"><strong data-start=\"131\" data-end=\"186\">Smart k\u00f6kstr\u00e4dg\u00e5rd inomhus \u2013 Plantelys Smart Garden<\/strong><\/h2>\n<p class=\"\" data-start=\"188\" data-end=\"468\">Med den smarta och innovativa <strong data-start=\"217\" data-end=\"233\"><a href=\"https:\/\/plantelys.dk\/sv\/produkt\/kokstradgaard-inomhus-u-jord-m-fullspektrum-odlingsljus-20-watt-led-ljussystem\/\">Smart tr\u00e4dg\u00e5rd<\/a>,<\/strong> Plantelys f\u00f6rser dig med f\u00e4rska \u00f6rter och gr\u00f6nsaker \u2013 helt utan kr\u00e5ngel. Gl\u00f6m vissna \u00f6rter fr\u00e5n snabbk\u00f6pet. Denna inomhusk\u00f6kstr\u00e4dg\u00e5rd sk\u00f6ter vattning, ljus och n\u00e4ring, s\u00e5 att dina v\u00e4xter f\u00e5r precis vad de beh\u00f6ver \u2013 varje dag.<\/p>\n<p class=\"\" data-start=\"470\" data-end=\"601\">De markl\u00f6sa <strong data-start=\"483\" data-end=\"506\">hydroponiskt system<\/strong> g\u00f6r att du kan v\u00e4xa upp till <strong data-start=\"546\" data-end=\"569\">7 v\u00e4xter \u00e5t g\u00e5ngen<\/strong> i ditt eget hem, oavsett \u00e5rstid.<\/p>\n<hr class=\"\" data-start=\"603\" data-end=\"606\" \/>\n<h3 class=\"\" data-start=\"608\" data-end=\"638\"><strong data-start=\"612\" data-end=\"638\">Funktioner och f\u00f6rdelar:<\/strong><\/h3>\n<ul>\n<li data-start=\"642\" data-end=\"680\">Automatisk bevattning och n\u00e4ringshantering<\/li>\n<li data-start=\"683\" data-end=\"729\"><strong>Peksk\u00e4rm<\/strong> f\u00f6r justering av ljusinst\u00e4llningar<\/li>\n<li data-start=\"732\" data-end=\"780\"><strong>Larm<\/strong> vid <strong>l\u00e5g vattenniv\u00e5<\/strong> eller<strong> brist p\u00e5 n\u00e4ring<\/strong><\/li>\n<li data-start=\"783\" data-end=\"842\"><strong data-start=\"783\" data-end=\"808\">Fullspektrum LED-ljus<\/strong> \u2013 efterliknar naturligt dagsljus<\/li>\n<li data-start=\"845\" data-end=\"886\"><strong data-start=\"845\" data-end=\"858\">Vattenpump<\/strong> var 15:e minut<\/li>\n<li data-start=\"889\" data-end=\"935\"><strong>Justerbar lamparm<\/strong> \u2013 upp till 40 cm tillv\u00e4xth\u00f6jd<\/li>\n<li data-start=\"938\" data-end=\"985\"><strong>5 liters vattentank<\/strong> f\u00f6r minimalt underh\u00e5ll<\/li>\n<li class=\"\" data-start=\"986\" data-end=\"1041\">\n<p class=\"\" data-start=\"988\" data-end=\"1041\"><strong>Kompakt och modern design<\/strong> \u2013 passar perfekt i k\u00f6ket<\/p>\n<\/li>\n<\/ul>\n<blockquote data-start=\"1043\" data-end=\"1163\">\n<p class=\"\" data-start=\"1045\" data-end=\"1163\"><strong data-start=\"1045\" data-end=\"1056\">Notera:<\/strong> G\u00f6dsel, fr\u00f6n och v\u00e4xter ing\u00e5r inte och m\u00e5ste k\u00f6pas separat.<br data-start=\"1121\" data-end=\"1124\" \/>\ud83d\udc49 <em data-start=\"1127\" data-end=\"1163\">hitta <strong><a href=\"https:\/\/plantelys.dk\/sv\/haall-dig-uppdaterad-om-godningsmedel-och-odlingsmedier-i-vaar-blogg-2\/\">rekommenderat g\u00f6dningsmedel h\u00e4r<\/a>.<\/strong><\/em><\/p>\n<\/blockquote>\n<hr class=\"\" data-start=\"1942\" data-end=\"1945\" \/>\n<h3 class=\"\" data-start=\"1947\" data-end=\"1970\">\u26a0\ufe0f <strong data-start=\"1954\" data-end=\"1970\">Viktig information:<\/strong><\/h3>\n<p class=\"\" data-start=\"1972\" data-end=\"2114\">Timern \u00e4r inte klockprecis och kan beh\u00f6va st\u00e4llas om manuellt efter en tid.<br data-start=\"2041\" data-end=\"2044\" \/>G\u00f6dsel och fr\u00f6n ing\u00e5r <strong data-start=\"2069\" data-end=\"2077\">g\u00f6r inte<\/strong> \u2013 Kom ih\u00e5g att k\u00f6pa ytterligare produkter f\u00f6r optimal tillv\u00e4xt.<\/p>\n<p><strong>L\u00e4s om g\u00f6dsel till din k\u00f6kstr\u00e4dg\u00e5rd inomhus h\u00e4r:<\/strong><\/p>\n<div class=\"oceanwp-oembed-wrap clr\">\n<blockquote class=\"wp-embedded-content\" data-secret=\"TjXKGN4S6I\"><p><a href=\"https:\/\/plantelys.dk\/sv\/guide-for-godselmedel-for-stora-vaxter-2\/\">Big Plant Science \u2013 danskproducerat g\u00f6dselmedel<\/a><\/p><\/blockquote>\n<p><iframe class=\"wp-embedded-content\" sandbox=\"allow-scripts\" security=\"restricted\" style=\"position: absolute; clip: rect(1px, 1px, 1px, 1px);\" title=\"&quot;Big Plant Science - danskt producerat g\u00f6dselmedel&quot; - din enda plats f\u00f6r odlingslampor, g\u00f6dningsmedel, fr\u00f6n och mer\" src=\"https:\/\/plantelys.dk\/big-plant-science-goednings-vejledning\/embed\/#?secret=JrvX7rg50f#?secret=TjXKGN4S6I\" data-secret=\"TjXKGN4S6I\" width=\"600\" height=\"338\" frameborder=\"0\" marginwidth=\"0\" marginheight=\"0\" scrolling=\"no\"><\/iframe><\/div>\n<h3><\/h3>\n<div style=\"width: 1200px;\" class=\"wp-video\"><video class=\"wp-video-shortcode\" id=\"video-1601-1\" width=\"1200\" height=\"675\" preload=\"metadata\" controls=\"controls\"><source type=\"video\/mp4\" src=\"https:\/\/plantelys.dk\/wp-content\/uploads\/2021\/07\/img_0_239173066065.mp4?_=1\" \/><a href=\"https:\/\/plantelys.dk\/wp-content\/uploads\/2021\/07\/img_0_239173066065.mp4\">https:\/\/plantelys.dk\/wp-content\/uploads\/2021\/07\/img_0_239173066065.mp4<\/a><\/video><\/div>\n<h3>Teknisk information:<\/h3>\n<table>\n<tbody>\n<tr>\n<td>EAN<\/td>\n<td>5710777280110<\/td>\n<\/tr>\n<tr>\n<td>F\u00f6rbrukning (watt)<\/td>\n<td>20<\/td>\n<\/tr>\n<tr>\n<td>Socket \/ Socket<\/td>\n<td>Tr\u00e5d<\/td>\n<\/tr>\n<tr>\n<td>Ljus f\u00e4rg (Kelvin)<\/td>\n<td>3500<\/td>\n<\/tr>\n<tr>\n<td>Ra\/CRI<\/td>\n<td>87<\/td>\n<\/tr>\n<tr>\n<td>Ljusfl\u00f6de (lumen)<\/td>\n<td>1000<\/td>\n<\/tr>\n<tr>\n<td>Ers\u00e4tter<\/td>\n<td>120<\/td>\n<\/tr>\n<tr>\n<td>sp\u00e4nning<\/td>\n<td>230<\/td>\n<\/tr>\n<tr>\n<td>Dimbar<\/td>\n<td>Ja<\/td>\n<\/tr>\n<tr>\n<td>Str\u00e5lning<\/td>\n<td>90<\/td>\n<\/tr>\n<tr>\n<td>Bredd (mm)<\/td>\n<td>140<\/td>\n<\/tr>\n<tr>\n<td>L\u00e4ngd (mm)<\/td>\n<td>350<\/td>\n<\/tr>\n<tr>\n<td>H\u00f6jd (mm)<\/td>\n<td>168-503<\/td>\n<\/tr>\n<tr>\n<td>Densitet (IP)<\/td>\n<td>20<\/td>\n<\/tr>\n<tr>\n<td>MacAdam(SCDM)<\/td>\n<td>5<\/td>\n<\/tr>\n<tr>\n<td>Livstidsgaranti<\/td>\n<td>2<\/td>\n<\/tr>\n<\/tbody>\n<\/table>","protected":false},"excerpt":{"rendered":"<p>Smart k\u00f6kstr\u00e4dg\u00e5rd inomhus med ENDAST vatten - inga jordbakterier<\/p>","protected":false},"featured_media":1609,"comment_status":"closed","ping_status":"closed","template":"","meta":{"_acf_changed":false},"product_brand":[],"product_cat":[105,98],"product_tag":[],"class_list":{"0":"post-1601","1":"product","2":"type-product","3":"status-publish","4":"has-post-thumbnail","6":"product_cat-indendoers-koekkenhave-til-hjemme-brug","7":"product_cat-hydroponisk-dyrkning","9":"entry","10":"has-media","12":"first","13":"outofstock","14":"taxable","15":"shipping-taxable","16":"purchasable","17":"product-type-simple","18":"has-product-nav","19":"col","20":"span_1_of_4","21":"owp-content-center","22":"item-entry","23":"owp-thumbs-layout-vertical","24":"owp-btn-normal","25":"owp-tabs-layout-horizontal"},"acf":[],"_links":{"self":[{"href":"https:\/\/plantelys.dk\/sv\/wp-json\/wp\/v2\/product\/1601","targetHints":{"allow":["GET"]}}],"collection":[{"href":"https:\/\/plantelys.dk\/sv\/wp-json\/wp\/v2\/product"}],"about":[{"href":"https:\/\/plantelys.dk\/sv\/wp-json\/wp\/v2\/types\/product"}],"replies":[{"embeddable":true,"href":"https:\/\/plantelys.dk\/sv\/wp-json\/wp\/v2\/comments?post=1601"}],"version-history":[{"count":0,"href":"https:\/\/plantelys.dk\/sv\/wp-json\/wp\/v2\/product\/1601\/revisions"}],"wp:featuredmedia":[{"embeddable":true,"href":"https:\/\/plantelys.dk\/sv\/wp-json\/wp\/v2\/media\/1609"}],"wp:attachment":[{"href":"https:\/\/plantelys.dk\/sv\/wp-json\/wp\/v2\/media?parent=1601"}],"wp:term":[{"taxonomy":"product_brand","embeddable":true,"href":"https:\/\/plantelys.dk\/sv\/wp-json\/wp\/v2\/product_brand?post=1601"},{"taxonomy":"product_cat","embeddable":true,"href":"https:\/\/plantelys.dk\/sv\/wp-json\/wp\/v2\/product_cat?post=1601"},{"taxonomy":"product_tag","embeddable":true,"href":"https:\/\/plantelys.dk\/sv\/wp-json\/wp\/v2\/product_tag?post=1601"}],"curies":[{"name":"wp","href":"https:\/\/api.w.org\/{rel}","templated":true}]}}