{"id":14356,"date":"2023-03-03T13:29:29","date_gmt":"2023-03-03T13:29:29","guid":{"rendered":"https:\/\/plantelys.dk\/?post_type=product&#038;p=14356"},"modified":"2025-11-17T10:49:01","modified_gmt":"2025-11-17T09:49:01","slug":"groningsbricka-rostfritt-staal-odling-microgreens-2","status":"publish","type":"product","link":"https:\/\/plantelys.dk\/sv\/vare\/spirebakke-rustfrit-staal-dyrkning-mikrogroent\/","title":{"rendered":"Groningstr\u00e5g av 304 rostfritt st\u00e5l f\u00f6r odling av mikrogr\u00f6nsaker"},"content":{"rendered":"<h2>Spire-tr\u00e5g tillverkad av 304 rostfritt st\u00e5l!<\/h2>\n<p>Groddbricka med tillbeh\u00f6r <strong><a href=\"https:\/\/plantelys.dk\/sv\/produkt\/underbevattningsbrickor-for-danska-saagbrickor-2\/\">under brickan<\/a><\/strong> f\u00f6r att odla mikrogr\u00f6nt. St\u00e4ll in att s\u00e4nka dina groddar.<\/p>\n<p>Brickorna \u00e4r designade f\u00f6r att h\u00e5lla n\u00e4stan evigt d\u00e5 de \u00e4r gjorda av starkt rostfritt st\u00e5l och kan d\u00e4rf\u00f6r enkelt g\u00e5 i diskmaskinen.<\/p>\n<p>Brickan \u00e4r mycket m\u00e5ngsidig d\u00e5 den \u00e4ven kan anv\u00e4ndas f\u00f6r att tina fryst mat p\u00e5, eller som torkbricka f\u00f6r t ex chili. Den starka ytan g\u00f6r den \u00e4ven idealisk f\u00f6r att steka mat eller tv\u00e4tta frukt.<\/p>\n<p>&nbsp;<\/p>\n<h2>En groddbricka i st\u00e5l har flera f\u00f6rdelar som kan g\u00f6ra den till ett bra val f\u00f6r att gro fr\u00f6n:<\/h2>\n<ol>\n<li><strong>Varaktighet<\/strong>: St\u00e5l \u00e4r mycket h\u00e5llbart och st\u00e5r emot bucklor, repor och korrosion b\u00e4ttre \u00e4n andra material. Detta inneb\u00e4r att en droppbricka i st\u00e5l kan ha en l\u00e4ngre livsl\u00e4ngd, vilket g\u00f6r den till en bra l\u00e5ngsiktig investering.<\/li>\n<li><strong>L\u00e4tt att reng\u00f6ra<\/strong>: St\u00e5lets yta \u00e4r sl\u00e4t och icke-por\u00f6s, vilket g\u00f6r det l\u00e4tt att reng\u00f6ra och desinficera. Detta \u00e4r viktigt f\u00f6r groddning eftersom det hj\u00e4lper till att f\u00f6rhindra tillv\u00e4xt av skadliga bakterier och m\u00f6gel.<\/li>\n<li><strong>Trygghet och s\u00e4kerhet<\/strong>: St\u00e5l \u00e4r ett s\u00e4kert material som inte avger skadliga kemikalier eller gifter till dina groddar, som vissa plaster som inneh\u00e5ller BPA eller andra skadliga \u00e4mnen.<\/li>\n<li><strong>Temperaturbest\u00e4ndighet<\/strong>: St\u00e5l t\u00e5l h\u00f6ga temperaturer, vilket g\u00f6r det m\u00f6jligt att vid behov sterilisera brickan genom uppv\u00e4rmning utan att brickan skadas.<\/li>\n<li><strong>Estetik<\/strong>: Steel har ett modernt och professionellt utseende som passar bra i de flesta k\u00f6k.<\/li>\n<li><strong>Milj\u00f6v\u00e4nlig<\/strong>: 100%-st\u00e5let \u00e4r \u00e5tervinningsbart, vilket g\u00f6r planteringen till ett mer h\u00e5llbart val j\u00e4mf\u00f6rt med plastalternativ som ofta hamnar p\u00e5 soptippen.<\/li>\n<li><\/li>\n<\/ol>\n<p>Brickan \u00e4r inte st\u00f6rre \u00e4n att den l\u00e4tt kan flyttas och placeras p\u00e5 st\u00e4llen d\u00e4r det inte finns mycket plats, t.ex. i k\u00f6ket eller p\u00e5 f\u00f6nsterbr\u00e4dan. Storleken g\u00f6r setet perfekt f\u00f6r mindre microgreens, och d\u00e4rmed \u00e4ven perfekt f\u00f6r mindre f\u00f6rgroningsprojekt.<\/p>\n<p>Med brickan \u00e4r detta set perfekt f\u00f6r att odla groddar, eftersom du enkelt kan vattna dina groddar genom dr\u00e4neringsh\u00e5len.<\/p>\n<p>Brickorna kan anv\u00e4ndas b\u00e5de med och utan <a href=\"https:\/\/plantelys.dk\/sv\/produktkategori-2\/godningsmedel-och-odlingsmedier-for-vaxter\/\">gromedia<\/a>. D\u00e4r kan t.ex. \u00e4r anv\u00e4nd <a href=\"https:\/\/plantelys.dk\/sv\/kokosjord-fordelar-och-nackdelar-med-att-odla-i-kokos\/\"><strong>kokosjord<\/strong><\/a>.<\/p>\n<p>Underbrickan g\u00f6r det dock l\u00e4tt att vattna groddarna s\u00e5 att deras r\u00f6tter inte ruttnar.<\/p>\n<p>&nbsp;<\/p>\n<p>Groddar \u00e4r bra f\u00f6r matlagning, och du kan odla m\u00e5nga olika tillbeh\u00f6r. att odla groddar \u00e4r roliga och sp\u00e4nnande projekt f\u00f6r hela familjen.<\/p>\n<p><a href=\"https:\/\/da.wikipedia.org\/wiki\/Mikrogr%C3%B8nt\" target=\"_blank\" rel=\"noopener\">L\u00e4s n\u00e5gon mer om microgreens h\u00e4r<\/a><\/p>\n<p>&nbsp;<\/p>\n<p><strong>Teknisk information:<\/strong><br \/>\n\u2013 Typ: Rostfritt st\u00e5l 304<\/p>\n<p><strong>Storlek:<\/strong><\/p>\n<ul>\n<li>Toppbricka (utv\u00e4ndigt): L:315 x B:215 x H:12 mm<\/li>\n<li>Bottenbricka (utv\u00e4ndigt): L:315 x B:215 x H:47 mm<\/li>\n<\/ul>\n<p>&nbsp;<\/p>","protected":false},"excerpt":{"rendered":"<p>L\u00e5ngvarigt groddbricka-set av rostfritt st\u00e5l f\u00f6r odling av mikrogr\u00f6na, vilket g\u00f6r det enkelt att odla groddar direkt i k\u00f6ksn\u00e4tet eller p\u00e5 f\u00f6nsterbr\u00e4dan. Extremt l\u00e4mplig f\u00f6r mindre groddar, \u00f6rter och enkla projekt.<\/p>","protected":false},"featured_media":14358,"comment_status":"open","ping_status":"closed","template":"","meta":{"_acf_changed":false},"product_brand":[],"product_cat":[106,177,247,212,211],"product_tag":[],"class_list":{"0":"post-14356","1":"product","2":"type-product","3":"status-publish","4":"has-post-thumbnail","6":"product_cat-mikrogroent-gro-dit-eget-sunde-groent","7":"product_cat-mikrogroent-bakker","8":"product_cat-spirebakke","9":"product_cat-spirekit-begynnersaet-pakkeloesning-spirefroe","10":"product_cat-froespirer","12":"entry","13":"has-media","15":"first","16":"instock","17":"taxable","18":"shipping-taxable","19":"purchasable","20":"product-type-simple","21":"has-product-nav","22":"col","23":"span_1_of_4","24":"owp-content-center","25":"item-entry","26":"owp-thumbs-layout-vertical","27":"owp-btn-normal","28":"owp-tabs-layout-horizontal"},"acf":[],"_links":{"self":[{"href":"https:\/\/plantelys.dk\/sv\/wp-json\/wp\/v2\/product\/14356","targetHints":{"allow":["GET"]}}],"collection":[{"href":"https:\/\/plantelys.dk\/sv\/wp-json\/wp\/v2\/product"}],"about":[{"href":"https:\/\/plantelys.dk\/sv\/wp-json\/wp\/v2\/types\/product"}],"replies":[{"embeddable":true,"href":"https:\/\/plantelys.dk\/sv\/wp-json\/wp\/v2\/comments?post=14356"}],"version-history":[{"count":0,"href":"https:\/\/plantelys.dk\/sv\/wp-json\/wp\/v2\/product\/14356\/revisions"}],"wp:featuredmedia":[{"embeddable":true,"href":"https:\/\/plantelys.dk\/sv\/wp-json\/wp\/v2\/media\/14358"}],"wp:attachment":[{"href":"https:\/\/plantelys.dk\/sv\/wp-json\/wp\/v2\/media?parent=14356"}],"wp:term":[{"taxonomy":"product_brand","embeddable":true,"href":"https:\/\/plantelys.dk\/sv\/wp-json\/wp\/v2\/product_brand?post=14356"},{"taxonomy":"product_cat","embeddable":true,"href":"https:\/\/plantelys.dk\/sv\/wp-json\/wp\/v2\/product_cat?post=14356"},{"taxonomy":"product_tag","embeddable":true,"href":"https:\/\/plantelys.dk\/sv\/wp-json\/wp\/v2\/product_tag?post=14356"}],"curies":[{"name":"wp","href":"https:\/\/api.w.org\/{rel}","templated":true}]}}