{"id":11990,"date":"2022-12-18T17:27:33","date_gmt":"2022-12-18T17:27:33","guid":{"rendered":"https:\/\/plantelys.dk\/?post_type=product&#038;p=11990"},"modified":"2025-12-02T10:49:20","modified_gmt":"2025-12-02T09:49:20","slug":"korsbarstomat-froe-gul-aztek-korsbarstomat-2","status":"publish","type":"product","link":"https:\/\/plantelys.dk\/sv\/vare\/cherrytomat-froe-gul-aztek-kirsebaertomat\/","title":{"rendered":"K\u00f6rsb\u00e4rstomatfr\u00f6 \u2013 Yellow Aztek \u2013 Dv\u00e4rgtomat"},"content":{"rendered":"<h2>Gula dv\u00e4rg Cherry Tomato fr\u00f6n - Aztek<\/h2>\n<p>Tomat &#039;Aztek&#039; \u00e4r en l\u00e5g och kompakt sort som v\u00e4xer i en form som liknar en buske. Tomatplantan \u00e4r \u00e4ven l\u00e4mplig att odla i kruka. De sm\u00e5 runda frukterna blir 15 till 20 gram i vikt, och tack vare sin h\u00e4rliga gula f\u00e4rg \u00e4r de mycket uppskattade som en fin dekoration. Tomatens gula frukt v\u00e4xer i klasar som liknar st\u00f6rre druvor.<\/p>\n<p><strong>Tillv\u00e4xt:<\/strong><\/p>\n<p>- <a href=\"https:\/\/plantelys.dk\/sv\/forgroning-av-vaxter-guide-frobrickor-och-mini-vaxthus-2\/\"><strong>F\u00f6re groddning<\/strong><\/a>: Fr\u00e5n januari till mars<\/p>\n<p>\u2013 S\u00e5 fr\u00f6na direkt: fr\u00e5n mars till april.<\/p>\n<p>\u2013 Plantera i jord med 50 x 40 cm mellanrum fr\u00e5n maj till juni.<\/p>\n<p>\u2013 Tomaterna \u00e4r klara att sk\u00f6rdas fr\u00e5n juli till oktober.<\/p>\n<p>&nbsp;<\/p>\n<p>Varje f\u00f6rpackning inneh\u00e5ller 0,2 g fr\u00f6n.<\/p>\n<p>Cirka. 80 fr\u00f6n (+\/- 20%)<\/p>","protected":false},"excerpt":{"rendered":"<p>Aztek-tomaten \u00e4r en mikrodv\u00e4rgsort som blir bara 20-35 cm h\u00f6g. Frukterna mognar fr\u00e5n ljusgr\u00f6nt till ljust guldgult. K\u00f6rsb\u00e4rstomaterna \u00e4r n\u00e5got fasta och krispiga med en frisk och s\u00f6t smak, ca 10-20 gram styck<\/p>","protected":false},"featured_media":11972,"comment_status":"open","ping_status":"closed","template":"","meta":{"_acf_changed":false},"product_brand":[],"product_cat":[161,214],"product_tag":[],"class_list":{"0":"post-11990","1":"product","2":"type-product","3":"status-publish","4":"has-post-thumbnail","6":"product_cat-plante-froe","7":"product_cat-tomatfroe-boftomater-cherrytomater","9":"entry","10":"has-media","12":"first","13":"instock","14":"taxable","15":"shipping-taxable","16":"purchasable","17":"product-type-simple","18":"has-product-nav","19":"col","20":"span_1_of_4","21":"owp-content-center","22":"item-entry","23":"owp-thumbs-layout-vertical","24":"owp-btn-normal","25":"owp-tabs-layout-horizontal"},"acf":[],"_links":{"self":[{"href":"https:\/\/plantelys.dk\/sv\/wp-json\/wp\/v2\/product\/11990","targetHints":{"allow":["GET"]}}],"collection":[{"href":"https:\/\/plantelys.dk\/sv\/wp-json\/wp\/v2\/product"}],"about":[{"href":"https:\/\/plantelys.dk\/sv\/wp-json\/wp\/v2\/types\/product"}],"replies":[{"embeddable":true,"href":"https:\/\/plantelys.dk\/sv\/wp-json\/wp\/v2\/comments?post=11990"}],"version-history":[{"count":0,"href":"https:\/\/plantelys.dk\/sv\/wp-json\/wp\/v2\/product\/11990\/revisions"}],"wp:featuredmedia":[{"embeddable":true,"href":"https:\/\/plantelys.dk\/sv\/wp-json\/wp\/v2\/media\/11972"}],"wp:attachment":[{"href":"https:\/\/plantelys.dk\/sv\/wp-json\/wp\/v2\/media?parent=11990"}],"wp:term":[{"taxonomy":"product_brand","embeddable":true,"href":"https:\/\/plantelys.dk\/sv\/wp-json\/wp\/v2\/product_brand?post=11990"},{"taxonomy":"product_cat","embeddable":true,"href":"https:\/\/plantelys.dk\/sv\/wp-json\/wp\/v2\/product_cat?post=11990"},{"taxonomy":"product_tag","embeddable":true,"href":"https:\/\/plantelys.dk\/sv\/wp-json\/wp\/v2\/product_tag?post=11990"}],"curies":[{"name":"wp","href":"https:\/\/api.w.org\/{rel}","templated":true}]}}