{"id":11194,"date":"2022-09-26T12:50:48","date_gmt":"2022-09-26T12:50:48","guid":{"rendered":"https:\/\/plantelys.dk\/?post_type=product&#038;p=11194"},"modified":"2025-10-13T12:55:21","modified_gmt":"2025-10-13T11:55:21","slug":"rostfritt-natlager-for-70mm-mason-glasburk","status":"publish","type":"product","link":"https:\/\/plantelys.dk\/sv\/vare\/rustfrit-net-laag-til-70mm-mason-glaskrukke\/","title":{"rendered":"N\u00e4tlock i rostfritt st\u00e5l f\u00f6r 70 mm Mason-burkar"},"content":{"rendered":"<h2 class=\"product_title entry-title\">Rostfritt st\u00e5ln\u00e4tlock f\u00f6r 70 mm groningsglas (Mason)<\/h2>\n<p>Mason Jar glasburk med rostfritt n\u00e4tlock avsedd f\u00f6r odling av groddar. Produkten \u00e4r gjord f\u00f6r att kunna \u00e5teranv\u00e4ndas efter varje anv\u00e4ndning i m\u00e5nga \u00e5r, och kan d\u00e4rf\u00f6r l\u00e4tt g\u00e5 i diskmaskinen eller kokas f\u00f6r desinfektion.<\/p>\n<p>&nbsp;<\/p>\n<p><a href=\"https:\/\/da.wikipedia.org\/wiki\/Mikrogr%C3%B8nt\" target=\"_blank\" rel=\"noopener\">L\u00e4s n\u00e5gon mer om microgreens\/groddning h\u00e4r<\/a><\/p>\n<p><strong>Teknisk information:<\/strong><br \/>\n\u2013 Material: Rostfritt st\u00e5l<\/p>","protected":false},"excerpt":{"rendered":"<p>70mm metalllock med n\u00e4t f\u00f6r murburk. Kan anv\u00e4ndas som groddglas f\u00f6r &quot;hydroponisk&quot; odling av v\u00e4xtgroddar.<\/p>","protected":false},"featured_media":11214,"comment_status":"open","ping_status":"closed","template":"","meta":{"_acf_changed":false},"product_brand":[],"product_cat":[212,211],"product_tag":[],"class_list":{"0":"post-11194","1":"product","2":"type-product","3":"status-publish","4":"has-post-thumbnail","6":"product_cat-spirekit-begynnersaet-pakkeloesning-spirefroe","7":"product_cat-froespirer","9":"entry","10":"has-media","12":"first","13":"instock","14":"sale","15":"taxable","16":"shipping-taxable","17":"purchasable","18":"product-type-simple","19":"has-product-nav","20":"col","21":"span_1_of_4","22":"owp-content-center","23":"item-entry","24":"owp-thumbs-layout-vertical","25":"owp-btn-normal","26":"owp-tabs-layout-horizontal"},"acf":[],"_links":{"self":[{"href":"https:\/\/plantelys.dk\/sv\/wp-json\/wp\/v2\/product\/11194","targetHints":{"allow":["GET"]}}],"collection":[{"href":"https:\/\/plantelys.dk\/sv\/wp-json\/wp\/v2\/product"}],"about":[{"href":"https:\/\/plantelys.dk\/sv\/wp-json\/wp\/v2\/types\/product"}],"replies":[{"embeddable":true,"href":"https:\/\/plantelys.dk\/sv\/wp-json\/wp\/v2\/comments?post=11194"}],"version-history":[{"count":0,"href":"https:\/\/plantelys.dk\/sv\/wp-json\/wp\/v2\/product\/11194\/revisions"}],"wp:featuredmedia":[{"embeddable":true,"href":"https:\/\/plantelys.dk\/sv\/wp-json\/wp\/v2\/media\/11214"}],"wp:attachment":[{"href":"https:\/\/plantelys.dk\/sv\/wp-json\/wp\/v2\/media?parent=11194"}],"wp:term":[{"taxonomy":"product_brand","embeddable":true,"href":"https:\/\/plantelys.dk\/sv\/wp-json\/wp\/v2\/product_brand?post=11194"},{"taxonomy":"product_cat","embeddable":true,"href":"https:\/\/plantelys.dk\/sv\/wp-json\/wp\/v2\/product_cat?post=11194"},{"taxonomy":"product_tag","embeddable":true,"href":"https:\/\/plantelys.dk\/sv\/wp-json\/wp\/v2\/product_tag?post=11194"}],"curies":[{"name":"wp","href":"https:\/\/api.w.org\/{rel}","templated":true}]}}