{"id":872,"date":"2021-07-12T12:28:56","date_gmt":"2021-07-12T12:28:56","guid":{"rendered":"https:\/\/plantelys.dk\/?post_type=product&#038;p=872"},"modified":"2025-11-19T11:58:28","modified_gmt":"2025-11-19T10:58:28","slug":"grow-light-pendel-med-led-dagslys-12-watt","status":"publish","type":"product","link":"https:\/\/plantelys.dk\/nb\/vare\/vaekstlys-pendel-med-led-dagslys-12watt\/","title":{"rendered":"Plantespireanheng med 5000-6500K hvitt LED-lys"},"content":{"rendered":"<h2>Plantespire pendellampe fra Capelo<\/h2>\n<p>Capelo grow light pendel er en fin og stilig designerlampe fra Flemming Agger, som her kan brukes til \u00e5 belyse planter, og som kan henges b\u00e5de i et vindu og inne i et rom eller stue. Lampen har en h\u00f8yglansreflektor og en kraftig 5000-6500K dagslys hvit LED plantep\u00e6re, som gir et kraftig lys.<\/p>\n<p>Lampen egner seg til forspiring, overvintring og som generell vekstbelysning for inneplanter.<\/p>\n<p><strong>Pakken inneholder:\u00a0<\/strong><\/p>\n<ul>\n<li>Capelo monitor med ledning<\/li>\n<li>Hvitt dagslys LED-lyskilde inkludert (SunFlux E27)<\/li>\n<li>Yter som en 75 watt<\/li>\n<li>Lysfarge: 5000K \u2013 6500K<\/li>\n<\/ul>\n<p>&nbsp;<\/p>\n<hr \/>\n<h3 data-start=\"0\" data-end=\"59\"><strong data-start=\"4\" data-end=\"59\">Hva er forskjellen mellom vekstlys, vekstlamper og plantelys?<\/strong><\/h3>\n<p data-start=\"61\" data-end=\"632\" data-is-last-node=\"\" data-is-only-node=\"\"><strong><a href=\"https:\/\/plantelys.dk\/nb\/produktkategori-2\/vekstlys\/\">Vekstlys<\/a><\/strong> er et bredt, uformelt begrep for alt kunstig lys som brukes til \u00e5 dyrke planter innend\u00f8rs \u2013 uavhengig av teknologi, fargespekter eller form\u00e5l. <a href=\"https:\/\/plantelys.dk\/nb\/produktkategori-2\/vokse-lys-paere-lamper\/\"><strong>Grow lights<\/strong><\/a> P\u00e5 den annen side finnes det lys som er utviklet spesielt for \u00e5 st\u00f8tte visse vekstfaser, som spiring, vegetativ vekst eller blomstring, og som derfor ofte har et mer m\u00e5lrettet eller justerbart lysspekter. <strong><a href=\"https:\/\/plantelys.dk\/nb\/\">Plantelys<\/a><\/strong> er den generelle tekniske betegnelsen som dekker alle typer lyskilder som gir planter de b\u00f8lgelengdene (dagslys) som er n\u00f8dvendige for fotosyntese, og brukes b\u00e5de for hobbylamper og avanserte profesjonelle LED-l\u00f8sninger.<\/p>","protected":false},"excerpt":{"rendered":"<p>Capelo grow light pendel er en fin og stilig designerlampe fra Flermming Agger, som her kan brukes til \u00e5 belyse flere eller st\u00f8rre planter, og som kan henges b\u00e5de i et vindu og inne i et rom eller stue.<\/p>","protected":false},"featured_media":876,"comment_status":"open","ping_status":"closed","template":"","meta":{"_acf_changed":false},"product_brand":[],"product_cat":[92,235,370,95],"product_tag":[],"class_list":{"0":"post-872","1":"product","2":"type-product","3":"status-publish","4":"has-post-thumbnail","6":"product_cat-vaekstlys-paerer-lamper","7":"product_cat-grolys","8":"product_cat-grolys-paere","9":"product_cat-hjemme-dyrkning-af-planter-urter-groentsager-eller","11":"entry","12":"has-media","14":"first","15":"instock","16":"sale","17":"taxable","18":"shipping-taxable","19":"purchasable","20":"product-type-simple","21":"has-product-nav","22":"col","23":"span_1_of_4","24":"owp-content-center","25":"item-entry","26":"owp-thumbs-layout-vertical","27":"owp-btn-normal","28":"owp-tabs-layout-horizontal"},"acf":[],"_links":{"self":[{"href":"https:\/\/plantelys.dk\/nb\/wp-json\/wp\/v2\/product\/872","targetHints":{"allow":["GET"]}}],"collection":[{"href":"https:\/\/plantelys.dk\/nb\/wp-json\/wp\/v2\/product"}],"about":[{"href":"https:\/\/plantelys.dk\/nb\/wp-json\/wp\/v2\/types\/product"}],"replies":[{"embeddable":true,"href":"https:\/\/plantelys.dk\/nb\/wp-json\/wp\/v2\/comments?post=872"}],"version-history":[{"count":0,"href":"https:\/\/plantelys.dk\/nb\/wp-json\/wp\/v2\/product\/872\/revisions"}],"wp:featuredmedia":[{"embeddable":true,"href":"https:\/\/plantelys.dk\/nb\/wp-json\/wp\/v2\/media\/876"}],"wp:attachment":[{"href":"https:\/\/plantelys.dk\/nb\/wp-json\/wp\/v2\/media?parent=872"}],"wp:term":[{"taxonomy":"product_brand","embeddable":true,"href":"https:\/\/plantelys.dk\/nb\/wp-json\/wp\/v2\/product_brand?post=872"},{"taxonomy":"product_cat","embeddable":true,"href":"https:\/\/plantelys.dk\/nb\/wp-json\/wp\/v2\/product_cat?post=872"},{"taxonomy":"product_tag","embeddable":true,"href":"https:\/\/plantelys.dk\/nb\/wp-json\/wp\/v2\/product_tag?post=872"}],"curies":[{"name":"wp","href":"https:\/\/api.w.org\/{rel}","templated":true}]}}