{"id":8059,"date":"2022-05-24T10:41:18","date_gmt":"2022-05-24T10:41:18","guid":{"rendered":"https:\/\/plantelys.dk\/?post_type=product&#038;p=8059"},"modified":"2025-12-04T10:26:49","modified_gmt":"2025-12-04T09:26:49","slug":"prima-habanero-chili-mix-froe-2","status":"publish","type":"product","link":"https:\/\/plantelys.dk\/nb\/vare\/prima-habanero-chili-mix-froe\/","title":{"rendered":"Habanero Chili Mix"},"content":{"rendered":"<div id=\"product-description-short-5411\" class=\"product-description\">\n<h2>Habanero Chili Mix fr\u00f8<\/h2>\n<p>Habanero chili er ikke en enkelt variant av chiliplante, det er stedvis en n\u00f8ye utvalgt blanding av ulike chiliplanter. Habanero Chili Mix fr\u00f8 best\u00e5r derfor av en blanding best\u00e5ende av fr\u00f8 fra flere forskjellige av verdens sterkeste chiliarter. P\u00e5 denne m\u00e5ten er det liten variasjon i de h\u00f8stede chilifruktene, men de er alle helt perfekte til matlaging uansett, spesielt hvis du bruker flere av de forskjellige chilitypene p\u00e5 en gang. Habanero chili-fruktene kan brukes b\u00e5de ferske eller t\u00f8rkede. Chiliplanter b\u00f8r alltid dyrkes i beskyttelse mot naturen. <a href=\"https:\/\/plantelys.dk\/nb\/chiliplanter-drar-nytte-av-led-vekstlys\/\">Chili planter<\/a> er sv\u00e6rt varmekrevende, og det er derfor best \u00e5 dyrke dem i drivhus eller innend\u00f8rs. Habanero chili mix-plantene egner seg derfor spesielt godt til dyrking i v\u00e5r hydroponi <a href=\"https:\/\/plantelys.dk\/nb\/produktkategori-2\/innendoers-kjoekkenhage-for-hjemmebruk\/?orderby=price-desc\" target=\"_blank\" rel=\"noopener\">smart hage<\/a> kj\u00f8kkenhager, men de kan selvf\u00f8lgelig ogs\u00e5 vokse godt i en vanlig potteplante.<\/p>\n<p>Chiliene fra Habanero Chili Mix er veldig sterke. De er typisk rundt 100 ganger sterkere enn de klassiske langstrakte chiliene du kjenner fra supermarkedet. Du kan enkelt identifisere de forskjellige variantene i Habanero-blandingen, basert p\u00e5 deres forskjellige farger, men en huskeregel er at jo sterkere fargen p\u00e5 frukten er, jo sterkere og mer moden er den. Fargene vil imidlertid f\u00f8rst v\u00e6re synlige rundt tiden chilifruktene modnes, da fruktene vil v\u00e6re gr\u00f8nne i det store flertallet av plantens fruktfase. Fruktene til chiliplantene, det vil si selve chilien, er omtrent 2 til 4 cm lange. Habanero er kjent for \u00e5 ha en utrolig god smak\/aroma, med et s\u00f8tt skj\u00e6r og med et hint av b\u00e6r og sitrus.. MEN PASS P\u00c5! De er veldig sterke!<\/p>\n<\/div>\n<p>Husk \u00e5 tilsette flytende BIG A+B gj\u00f8dsel under veksten for maksimalt utbytte.<\/p>\n<p>Kontakt oss for rabatt p\u00e5 st\u00f8rre mengder fr\u00f8...<\/p>\n<p>Les mer om Habanero <a href=\"https:\/\/da.wikipedia.org\/wiki\/Cayennepeber\" target=\"_blank\" rel=\"noopener\">her<\/a><\/p>","protected":false},"excerpt":{"rendered":"<p>Habanero Chili Mix fr\u00f8 for dyrking innend\u00f8rs eller i drivhuset. Hjemmedyrket habanero er en god m\u00e5te \u00e5 s\u00f8rge for at dine hjemmelagde chiliretter blir ekstra sterke! Dette er ikke noe vi sier i sp\u00f8k. Habanero Chili er veldig sterk, og med mindre du har mye erfaring med sterk chili, b\u00f8r den kun brukes i sm\u00e5 mengder.<\/p>","protected":false},"featured_media":8063,"comment_status":"open","ping_status":"closed","template":"","meta":{"_acf_changed":false},"product_brand":[],"product_cat":[215,161],"product_tag":[],"class_list":{"0":"post-8059","1":"product","2":"type-product","3":"status-publish","4":"has-post-thumbnail","6":"product_cat-chillifroe-habanero-cayenne","7":"product_cat-plante-froe","9":"entry","10":"has-media","12":"first","13":"instock","14":"taxable","15":"shipping-taxable","16":"purchasable","17":"product-type-simple","18":"has-product-nav","19":"col","20":"span_1_of_4","21":"owp-content-center","22":"item-entry","23":"owp-thumbs-layout-vertical","24":"owp-btn-normal","25":"owp-tabs-layout-horizontal"},"acf":[],"_links":{"self":[{"href":"https:\/\/plantelys.dk\/nb\/wp-json\/wp\/v2\/product\/8059","targetHints":{"allow":["GET"]}}],"collection":[{"href":"https:\/\/plantelys.dk\/nb\/wp-json\/wp\/v2\/product"}],"about":[{"href":"https:\/\/plantelys.dk\/nb\/wp-json\/wp\/v2\/types\/product"}],"replies":[{"embeddable":true,"href":"https:\/\/plantelys.dk\/nb\/wp-json\/wp\/v2\/comments?post=8059"}],"version-history":[{"count":0,"href":"https:\/\/plantelys.dk\/nb\/wp-json\/wp\/v2\/product\/8059\/revisions"}],"wp:featuredmedia":[{"embeddable":true,"href":"https:\/\/plantelys.dk\/nb\/wp-json\/wp\/v2\/media\/8063"}],"wp:attachment":[{"href":"https:\/\/plantelys.dk\/nb\/wp-json\/wp\/v2\/media?parent=8059"}],"wp:term":[{"taxonomy":"product_brand","embeddable":true,"href":"https:\/\/plantelys.dk\/nb\/wp-json\/wp\/v2\/product_brand?post=8059"},{"taxonomy":"product_cat","embeddable":true,"href":"https:\/\/plantelys.dk\/nb\/wp-json\/wp\/v2\/product_cat?post=8059"},{"taxonomy":"product_tag","embeddable":true,"href":"https:\/\/plantelys.dk\/nb\/wp-json\/wp\/v2\/product_tag?post=8059"}],"curies":[{"name":"wp","href":"https:\/\/api.w.org\/{rel}","templated":true}]}}