{"id":8023,"date":"2022-05-19T13:21:10","date_gmt":"2022-05-19T13:21:10","guid":{"rendered":"https:\/\/plantelys.dk\/?post_type=product&#038;p=8023"},"modified":"2025-10-13T12:55:34","modified_gmt":"2025-10-13T11:55:34","slug":"glattbladet-persille-froe-2","status":"publish","type":"product","link":"https:\/\/plantelys.dk\/nb\/vare\/glatbladet-persille-froe\/","title":{"rendered":"Glattbladede persillefr\u00f8"},"content":{"rendered":"<div id=\"product-description-short-5411\" class=\"product-description\">\n<h2>Glattbladede persillefr\u00f8<\/h2>\n<p><strong><a href=\"https:\/\/plantelys.dk\/nb\/produkt\/glattbladet-persille-froe-2\/\">Glattbladet persillefr\u00f8,<\/a><\/strong> er perfekte for hjemmeproduksjon av fr\u00f8 av flatbladet persille som enten mikrogr\u00f8nnsaker eller spirer. Flatbladet persille er en av de klassiske urtene i det danske kj\u00f8kkenet. I likhet med oregano stammer planten fra Middelhavsomr\u00e5det, men den kan ogs\u00e5 vokse andre steder og er sv\u00e6rt vinterherdig. B\u00e5de spirer og mikrogr\u00f8nnsaker av glattbladet persille egner seg perfekt til matlaging. Persille kan brukes til nesten uendelig mye, blant annet til persillete, den klassiske stekt svin med persillesaus, persillesalat og mye, mye mer. Fr\u00f8ene b\u00f8r helst oppbevares p\u00e5 et kj\u00f8lig og t\u00f8rt sted.<\/p>\n<\/div>\n<p>Husk \u00e5 tilsette v\u00e6ske<strong><a href=\"https:\/\/plantelys.dk\/nb\/?s=kokos&amp;post_type=product\"> STOR A+B gj\u00f8dsel <\/a><\/strong>under vekst for maksimalt utbytte.<\/p>\n<p>Kontakt oss for rabatt p\u00e5 st\u00f8rre mengder fr\u00f8...<\/p>\n<h3>Dyrkingsinstruksjoner for persilleplanter<\/h3>\n<ul>\n<li><strong>S\u00e5ing:\u00a0<\/strong>April-juni ute \/ Hele \u00e5ret innend\u00f8rs<\/li>\n<li><strong>S\u00e5dybde:<\/strong>\u00a00,5 cm<\/li>\n<li><strong>Planteavstand<\/strong>: 15 cm<\/li>\n<li><strong>Radavstand:<\/strong>\u00a040 cm<\/li>\n<li><strong>Spiretid:\u00a0<\/strong>3-5 uker utend\u00f8rs<\/li>\n<li><strong>Spiretemperatur:<\/strong>\u00a010-20\u00b0C<\/li>\n<li><strong>Irrigasjon:\u00a0<\/strong>Hold jorden jevnt fuktig, vann ekstra etter innh\u00f8sting<\/li>\n<li><strong>Innh\u00f8sting:<\/strong>\u00a0Fra ca. 2 m\u00e5neder etter s\u00e5ing<\/li>\n<li><strong>Plassering:<\/strong>\u00a0Solrik, veldrenert jord<\/li>\n<li><strong>R\u00e5d om dyrking:<\/strong>\u00a0Trives best i en fuktig, godt drenert, n\u00e6ringsrik jord. M\u00e5 vannes under t\u00f8rke.<\/li>\n<\/ul>\n<p>Egnet for\u00a0<a href=\"https:\/\/plantelys.dk\/nb\/produktkategori-2\/innendoers-kjoekkenhage-for-hjemmebruk\/\" target=\"_blank\" rel=\"noopener\">smart hage<\/a>\u00a0kj\u00f8kkenhage<\/p>\n<p>Les mer om anlegget\u00a0<a href=\"https:\/\/plantelys.dk\/nb\/alt-om-mikrogroenn-dyrking-hoste-helse-helse\/\" target=\"_blank\" rel=\"noopener\">her<\/a><\/p>","protected":false},"excerpt":{"rendered":"<p>Ville glattbladede persillefr\u00f8 for dyrking som mikrogr\u00f8nt eller som spirer. Hjemmedyrket persille er den beste m\u00e5ten \u00e5 f\u00e5 alle som smaker p\u00e5 den hjemmelagde persillesausen din til \u00e5 virkelig si \u00abWow!\u00bb. Bruk flatbladpersille for \u00e5 gi litt ekstra smak til matlagingen.<\/p>","protected":false},"featured_media":8028,"comment_status":"open","ping_status":"closed","template":"","meta":{"_acf_changed":false},"product_brand":[],"product_cat":[161,216],"product_tag":[],"class_list":{"0":"post-8023","1":"product","2":"type-product","3":"status-publish","4":"has-post-thumbnail","6":"product_cat-plante-froe","7":"product_cat-stort-udvalg-i-urtefroe-og-groentsagsfroe","9":"entry","10":"has-media","12":"first","13":"instock","14":"taxable","15":"shipping-taxable","16":"purchasable","17":"product-type-simple","18":"has-product-nav","19":"col","20":"span_1_of_4","21":"owp-content-center","22":"item-entry","23":"owp-thumbs-layout-vertical","24":"owp-btn-normal","25":"owp-tabs-layout-horizontal"},"acf":[],"_links":{"self":[{"href":"https:\/\/plantelys.dk\/nb\/wp-json\/wp\/v2\/product\/8023","targetHints":{"allow":["GET"]}}],"collection":[{"href":"https:\/\/plantelys.dk\/nb\/wp-json\/wp\/v2\/product"}],"about":[{"href":"https:\/\/plantelys.dk\/nb\/wp-json\/wp\/v2\/types\/product"}],"replies":[{"embeddable":true,"href":"https:\/\/plantelys.dk\/nb\/wp-json\/wp\/v2\/comments?post=8023"}],"version-history":[{"count":0,"href":"https:\/\/plantelys.dk\/nb\/wp-json\/wp\/v2\/product\/8023\/revisions"}],"wp:featuredmedia":[{"embeddable":true,"href":"https:\/\/plantelys.dk\/nb\/wp-json\/wp\/v2\/media\/8028"}],"wp:attachment":[{"href":"https:\/\/plantelys.dk\/nb\/wp-json\/wp\/v2\/media?parent=8023"}],"wp:term":[{"taxonomy":"product_brand","embeddable":true,"href":"https:\/\/plantelys.dk\/nb\/wp-json\/wp\/v2\/product_brand?post=8023"},{"taxonomy":"product_cat","embeddable":true,"href":"https:\/\/plantelys.dk\/nb\/wp-json\/wp\/v2\/product_cat?post=8023"},{"taxonomy":"product_tag","embeddable":true,"href":"https:\/\/plantelys.dk\/nb\/wp-json\/wp\/v2\/product_tag?post=8023"}],"curies":[{"name":"wp","href":"https:\/\/api.w.org\/{rel}","templated":true}]}}