{"id":7852,"date":"2022-05-10T05:53:48","date_gmt":"2022-05-10T05:53:48","guid":{"rendered":"https:\/\/plantelys.dk\/?post_type=product&#038;p=7852"},"modified":"2026-04-28T10:19:10","modified_gmt":"2026-04-28T09:19:10","slug":"sunlight-pro-gro-t8-grow-light-lampe-60cm-2","status":"publish","type":"product","link":"https:\/\/plantelys.dk\/nb\/vare\/sunlight-pro-gro-t8-vaekstlys-lampe-60cm\/","title":{"rendered":"SunLight Pro-Gro T8 vekstlys-armatur 12Watt 60cm"},"content":{"rendered":"<h2 data-start=\"108\" data-end=\"146\"><strong data-start=\"112\" data-end=\"146\">Fullspektret vekstlys - 60 cm<\/strong><\/h2>\n<p class=\"\" data-start=\"148\" data-end=\"270\"><strong data-start=\"148\" data-end=\"270\">Oppgradert versjon 3.1 - gir opptil dobbelt s\u00e5 mye lys og vekst som sammenlignbare modeller p\u00e5 det danske markedet.<\/strong><\/p>\n<p class=\"\" data-start=\"272\" data-end=\"490\">Gjeld <strong><a href=\"https:\/\/plantelys.dk\/nb\/produkt\/sunlight-pro-gro-t8-grow-light-lampe-60cm-2\/\">nyutviklet vekstlys,<\/a><\/strong> er designet med en optimalisert lyssammensetning som fremmer sterkere vekst og sunnere planter. Det fullspektrede dagslyset sikrer b\u00e5de h\u00f8y fotosyntetisk effektivitet og naturlig fargegjengivelse.<\/p>\n<h2 data-start=\"492\" data-end=\"511\"><strong data-start=\"492\" data-end=\"511\">Produktfordeler:<\/strong><\/h2>\n<ul>\n<li data-start=\"515\" data-end=\"606\"><strong data-start=\"515\" data-end=\"536\">H\u00f8y effektivitet:<\/strong> \u00d8kt lyseffekt per kWh sammenlignet med tradisjonell vekstbelysning.<\/li>\n<li data-start=\"609\" data-end=\"706\"><strong data-start=\"609\" data-end=\"637\">Bygget for lang levetid:<\/strong> Laget av aluminium for effektiv varmespredning og lang levetid.<\/li>\n<li data-start=\"709\" data-end=\"807\"><strong data-start=\"709\" data-end=\"728\">Kompakt design:<\/strong> Ultratynn profil som er ideell for vertikale dyrkingssystemer og fleretasjes reoler.<\/li>\n<li data-start=\"810\" data-end=\"892\"><strong data-start=\"810\" data-end=\"831\">Enkel installasjon:<\/strong> Kobles direkte til 230 V - ingen transformator er n\u00f8dvendig.<\/li>\n<li data-start=\"895\" data-end=\"968\"><strong data-start=\"895\" data-end=\"916\">Innebygd driver:<\/strong> Forlenger lampens levetid og sikrer stabil drift.<\/li>\n<li data-start=\"971\" data-end=\"1089\"><strong data-start=\"971\" data-end=\"989\">Naturlig lys:<\/strong> Fullspektret LED-lys fremhever plantens naturlige farger - ideelt for b\u00e5de vekst og presentasjon.<\/li>\n<\/ul>\n<h3 data-start=\"1091\" data-end=\"1198\"><\/h3>\n<h2 data-start=\"1091\" data-end=\"1198\"><strong data-start=\"1091\" data-end=\"1108\">Egnet for:<\/strong><\/h2>\n<p data-start=\"1091\" data-end=\"1198\">Innend\u00f8rs spiring, prydplanter, potteplanter, blomster, salat, mikrogr\u00f8nnsaker og andre typer vekster.<\/p>\n<h3 data-start=\"1205\" data-end=\"1237\"><\/h3>\n<h2 data-start=\"1205\" data-end=\"1237\"><strong data-start=\"1209\" data-end=\"1237\">Tekniske spesifikasjoner<\/strong><\/h2>\n<div class=\"_tableContainer_16hzy_1\">\n<div class=\"_tableWrapper_16hzy_14 group flex w-fit flex-col-reverse\" tabindex=\"-1\">\n<table class=\"w-fit min-w-(--thread-content-width)\" data-start=\"1239\" data-end=\"1798\">\n<thead data-start=\"1239\" data-end=\"1318\">\n<tr data-start=\"1239\" data-end=\"1318\">\n<th data-start=\"1239\" data-end=\"1264\" data-col-size=\"sm\"><strong data-start=\"1241\" data-end=\"1263\">Avstand til anlegget<\/strong><\/th>\n<th data-start=\"1264\" data-end=\"1294\" data-col-size=\"sm\"><strong data-start=\"1266\" data-end=\"1284\">Anbefalt bruk<\/strong><\/th>\n<th data-start=\"1294\" data-end=\"1318\" data-col-size=\"sm\"><strong data-start=\"1296\" data-end=\"1316\">PPFD (\u00b5mol\/m\u00b2-s)<\/strong><\/th>\n<\/tr>\n<\/thead>\n<tbody data-start=\"1399\" data-end=\"1798\">\n<tr data-start=\"1399\" data-end=\"1478\">\n<td data-start=\"1399\" data-end=\"1424\" data-col-size=\"sm\">10 cm<\/td>\n<td data-start=\"1424\" data-end=\"1454\" data-col-size=\"sm\">Voksne planter<\/td>\n<td data-start=\"1454\" data-end=\"1478\" data-col-size=\"sm\"><strong>280<\/strong><\/td>\n<\/tr>\n<tr data-start=\"1479\" data-end=\"1558\">\n<td data-start=\"1479\" data-end=\"1504\" data-col-size=\"sm\">15 cm<\/td>\n<td data-start=\"1504\" data-end=\"1534\" data-col-size=\"sm\">Voksne\/sm\u00e5 planter<\/td>\n<td data-col-size=\"sm\" data-start=\"1534\" data-end=\"1558\">190<\/td>\n<\/tr>\n<tr data-start=\"1559\" data-end=\"1638\">\n<td data-start=\"1559\" data-end=\"1584\" data-col-size=\"sm\">20 cm<\/td>\n<td data-col-size=\"sm\" data-start=\"1584\" data-end=\"1614\">Sm\u00e5 planter<\/td>\n<td data-col-size=\"sm\" data-start=\"1614\" data-end=\"1638\">150<\/td>\n<\/tr>\n<tr data-start=\"1639\" data-end=\"1718\">\n<td data-start=\"1639\" data-end=\"1664\" data-col-size=\"sm\">25 cm<\/td>\n<td data-start=\"1664\" data-end=\"1694\" data-col-size=\"sm\">Spirer \/ sm\u00e5 planter<\/td>\n<td data-col-size=\"sm\" data-start=\"1694\" data-end=\"1718\">120<\/td>\n<\/tr>\n<tr data-start=\"1719\" data-end=\"1798\">\n<td data-start=\"1719\" data-end=\"1744\" data-col-size=\"sm\">30 cm<\/td>\n<td data-start=\"1744\" data-end=\"1774\" data-col-size=\"sm\">Kun for f\u00f8lsomme planter<\/td>\n<td data-col-size=\"sm\" data-start=\"1774\" data-end=\"1798\">100<\/td>\n<\/tr>\n<\/tbody>\n<\/table>\n<div class=\"sticky end-(--thread-content-margin) h-0 self-end select-none\">\n<div class=\"absolute end-0 flex items-end\"><\/div>\n<\/div>\n<\/div>\n<\/div>\n<h3 data-start=\"1800\" data-end=\"1824\"><strong data-start=\"1800\" data-end=\"1822\">Anbefalt avstand:<\/strong><\/h3>\n<ul>\n<li data-start=\"1827\" data-end=\"1860\">Spirer og sm\u00e5 planter: 20-25 cm<\/li>\n<li data-start=\"1863\" data-end=\"1889\">Voksne planter: 10-20 cm<\/li>\n<\/ul>\n<h2 data-start=\"1891\" data-end=\"1904\"><strong data-start=\"1891\" data-end=\"1902\">Ytelse PPE<\/strong><\/h2>\n<ul data-start=\"1905\" data-end=\"1957\">\n<li class=\"\" data-start=\"1905\" data-end=\"1957\">\n<p class=\"\" data-start=\"1907\" data-end=\"1957\">PPE (fotosyntetisk fotoneffektivitet): 2,0 \u00b5mol\/J<\/p>\n<\/li>\n<\/ul>\n<h2><b>PAR-m\u00e5linger (umol\/m2\/s)<\/b><\/h2>\n<p>Nedenfor er PAR-m\u00e5linger ved forskjellige h\u00f8yder.<\/p>\n<ul>\n<li>10 cm h\u00f8yde: 135 \u03bcmol\/m2s (PAR)<\/li>\n<li>25 cm h\u00f8yde: 85 \u03bcmol\/m2s (PAR)<\/li>\n<\/ul>\n<h3 data-start=\"1959\" data-end=\"2115\"><strong data-start=\"1959\" data-end=\"1970\">Merk:<\/strong><\/h3>\n<p data-start=\"1959\" data-end=\"2115\">Armaturen har kun str\u00f8mtilgang i den ene enden, via den medf\u00f8lgende kabelen. Det er ikke mulig \u00e5 seriekoble flere lamper. Leveres uten opphengskabel.<\/p>\n<hr class=\"\" data-start=\"1200\" data-end=\"1203\" \/>\n<h3>Lyset<\/h3>\n<table>\n<tbody>\n<tr>\n<td>Fargetemperatur (K):<\/td>\n<td>3800<\/td>\n<\/tr>\n<tr>\n<td>Fargegjengivelse (Ra\/CRI):<\/td>\n<td>88<\/td>\n<\/tr>\n<tr>\n<td>Lysstr\u00f8m (Lumen):<\/td>\n<td>1835<\/td>\n<\/tr>\n<tr>\n<td>Type:<\/td>\n<td>T8 profil<\/td>\n<\/tr>\n<tr>\n<td>Dimbar:<\/td>\n<td>Nei<\/td>\n<\/tr>\n<\/tbody>\n<\/table>\n<h3>Str\u00f8m og spenning<\/h3>\n<table>\n<tbody>\n<tr>\n<td>Begeistring:<\/td>\n<td>230 AC<\/td>\n<\/tr>\n<tr>\n<td>Forbruk (watt):<\/td>\n<td>12<\/td>\n<\/tr>\n<tr>\n<td>Lys farge:<\/td>\n<td>Dagslys+660nm<\/td>\n<\/tr>\n<tr>\n<td>Spredningsvinkel:<\/td>\n<td>110\u00b0<\/td>\n<\/tr>\n<tr>\n<td>Forventet levetid (timer):<\/td>\n<td>20.000<\/td>\n<\/tr>\n<\/tbody>\n<\/table>\n<h3>Annen info<\/h3>\n<table>\n<tbody>\n<tr>\n<td>H\u00f8yde:<\/td>\n<td>35 mm<\/td>\n<\/tr>\n<tr>\n<td>Lengde:<\/td>\n<td>600 mm<\/td>\n<\/tr>\n<tr>\n<td>Bredde:<\/td>\n<td>32 mm<\/td>\n<\/tr>\n<tr>\n<td>Livstidsgaranti<\/td>\n<td>2 \u00e5r<\/td>\n<\/tr>\n<tr>\n<td>LED:<\/td>\n<td>Fullspektret vekstdioder<\/td>\n<\/tr>\n<tr>\n<td>Stikkontakt (feste):<\/td>\n<td>Ledning med st\u00f8psel<\/td>\n<\/tr>\n<tr>\n<td>IP:<\/td>\n<td>20<\/td>\n<\/tr>\n<tr>\n<td>Arbeidstemperatur:<\/td>\n<td>-20\u00b0 \u2013 +40\u00b0<\/td>\n<\/tr>\n<tr>\n<td>Er i overensstemmelse med:<\/td>\n<td>LM80<\/td>\n<\/tr>\n<\/tbody>\n<\/table>\n<hr \/>\n<h3 data-start=\"0\" data-end=\"59\"><strong data-start=\"4\" data-end=\"59\">Hva er forskjellen mellom vekstlys, vekstlamper og plantelys?<\/strong><\/h3>\n<p data-start=\"61\" data-end=\"632\" data-is-last-node=\"\" data-is-only-node=\"\"><strong><a href=\"https:\/\/plantelys.dk\/nb\/produktkategori-2\/vekstlys\/\">Vekstlys<\/a><\/strong> er et bredt, uformelt begrep for alt kunstig lys som brukes til \u00e5 dyrke planter innend\u00f8rs \u2013 uavhengig av teknologi, fargespekter eller form\u00e5l. <a href=\"https:\/\/plantelys.dk\/nb\/produktkategori-2\/vokse-lys-paere-lamper\/\"><strong>Grow lights<\/strong><\/a> P\u00e5 den annen side finnes det lys som er utviklet spesielt for \u00e5 st\u00f8tte visse vekstfaser, som spiring, vegetativ vekst eller blomstring, og som derfor ofte har et mer m\u00e5lrettet eller justerbart lysspekter. <strong><a href=\"https:\/\/plantelys.dk\/nb\/\">Plantelys<\/a><\/strong> er den generelle tekniske betegnelsen som dekker alle typer lyskilder som gir planter de b\u00f8lgelengdene (dagslys) som er n\u00f8dvendige for fotosyntese, og brukes b\u00e5de for hobbylamper og avanserte profesjonelle LED-l\u00f8sninger.<\/p>","protected":false},"excerpt":{"rendered":"<p>LED fullspektret vokselys aluminium T8-profil. Nytt dansk utviklet produkt. Egnet for: bladgr\u00f8nn vekst, prydplanter, blomster, potteplanter, gr\u00f8nnsaker, urter, salater etc.<\/p>","protected":false},"featured_media":46386,"comment_status":"open","ping_status":"closed","template":"","meta":{"_acf_changed":false},"product_brand":[],"product_cat":[235,106,179,92,107],"product_tag":[],"class_list":{"0":"post-7852","1":"product","2":"type-product","3":"status-publish","4":"has-post-thumbnail","6":"product_cat-grolys","7":"product_cat-mikrogroent-gro-dit-eget-sunde-groent","8":"product_cat-lys-til-mikrogroent-vaekst","9":"product_cat-vaekstlys-paerer-lamper","10":"product_cat-vertical-farming-lys-varme-gro-dine-planter","12":"entry","13":"has-media","15":"first","16":"outofstock","17":"taxable","18":"shipping-taxable","19":"purchasable","20":"product-type-simple","21":"has-product-nav","22":"col","23":"span_1_of_4","24":"owp-content-center","25":"item-entry","26":"owp-thumbs-layout-vertical","27":"owp-btn-normal","28":"owp-tabs-layout-horizontal"},"acf":[],"_links":{"self":[{"href":"https:\/\/plantelys.dk\/nb\/wp-json\/wp\/v2\/product\/7852","targetHints":{"allow":["GET"]}}],"collection":[{"href":"https:\/\/plantelys.dk\/nb\/wp-json\/wp\/v2\/product"}],"about":[{"href":"https:\/\/plantelys.dk\/nb\/wp-json\/wp\/v2\/types\/product"}],"replies":[{"embeddable":true,"href":"https:\/\/plantelys.dk\/nb\/wp-json\/wp\/v2\/comments?post=7852"}],"version-history":[{"count":0,"href":"https:\/\/plantelys.dk\/nb\/wp-json\/wp\/v2\/product\/7852\/revisions"}],"wp:featuredmedia":[{"embeddable":true,"href":"https:\/\/plantelys.dk\/nb\/wp-json\/wp\/v2\/media\/46386"}],"wp:attachment":[{"href":"https:\/\/plantelys.dk\/nb\/wp-json\/wp\/v2\/media?parent=7852"}],"wp:term":[{"taxonomy":"product_brand","embeddable":true,"href":"https:\/\/plantelys.dk\/nb\/wp-json\/wp\/v2\/product_brand?post=7852"},{"taxonomy":"product_cat","embeddable":true,"href":"https:\/\/plantelys.dk\/nb\/wp-json\/wp\/v2\/product_cat?post=7852"},{"taxonomy":"product_tag","embeddable":true,"href":"https:\/\/plantelys.dk\/nb\/wp-json\/wp\/v2\/product_tag?post=7852"}],"curies":[{"name":"wp","href":"https:\/\/api.w.org\/{rel}","templated":true}]}}