{"id":7498,"date":"2022-04-13T10:29:51","date_gmt":"2022-04-13T10:29:51","guid":{"rendered":"https:\/\/plantelys.dk\/?post_type=product&#038;p=7498"},"modified":"2025-11-01T21:13:29","modified_gmt":"2025-11-01T20:13:29","slug":"oeko-veikaalfroe-500g-2","status":"publish","type":"product","link":"https:\/\/plantelys.dk\/nb\/vare\/oeko-roadkaals-froe-500g\/","title":{"rendered":"\u00d8kologiske r\u00f8dk\u00e5lfr\u00f8, 500g"},"content":{"rendered":"<h2><strong>\u00d8kologiske r\u00f8dk\u00e5lfr\u00f8 for deilige mikrogr\u00f8nt<\/strong><\/h2>\n<p><em>Fr\u00f8ene egner seg til mikrogr\u00f8nt ol.<\/em><\/p>\n<p>Disse \u00f8kologiske r\u00f8dk\u00e5lfr\u00f8ene er ideelle for dyrking av n\u00e6ringsrike og smakfulle mikrogr\u00f8nnsaker som vil v\u00e6re klare til \u00e5 spises bare 12-14 dager etter s\u00e5ing. Som mikrogr\u00f8nt vil de tilf\u00f8re b\u00e5de farge og smak til rettene dine og er perfekte for bruk i sm\u00f8rbr\u00f8d, smoothies, salater, juice og mer.<\/p>\n<h3>Hva er mikrogr\u00f8nt r\u00f8dk\u00e5l?<\/h3>\n<p>R\u00f8dk\u00e5lmikrogr\u00f8nne er unge skudd fra r\u00f8dk\u00e5lplanten (Brassica oleracea var. capitata f. rubra), som h\u00f8stes i en veldig tidlig vekstfase, typisk mellom 7 og 14 dager etter spiring. Disse mikrogr\u00f8nnsakene er kjent for sitt h\u00f8ye n\u00e6ringsinnhold, spr\u00f8 tekstur og delikate smak.<\/p>\n<p>R\u00f8dk\u00e5l-mikrogr\u00f8nt har en mild og litt pepperaktig smak, noe som gj\u00f8r at de egner seg til en rekke retter, inkludert salater, sm\u00f8rbr\u00f8d, wraps og som garnityr til ulike m\u00e5ltider. De kan ogs\u00e5 legges til smoothies for en ekstra ern\u00e6ringsboost.<\/p>\n<p>I tillegg til deres smak er <em>r\u00f8dk\u00e5l mikrogr\u00f8nt<\/em> ogs\u00e5 verdsatt for sitt h\u00f8ye innhold av vitaminer, mineraler og antioksidanter. De er spesielt rike p\u00e5 vitamin C, K og A samt flere B-vitaminer og inneholder ogs\u00e5 essensielle mineraler som kalsium, jern og magnesium. P\u00e5 grunn av deres h\u00f8ye konsentrasjon av antioksidanter, kan r\u00f8dk\u00e5ls mikrogr\u00f8nt v\u00e6re med p\u00e5 \u00e5 styrke immunforsvaret, redusere betennelser og beskytte mot visse sykdommer.<\/p>\n<h3>Ekstra utstyr for vellykket dyrking<\/h3>\n<p>Husk \u00e5 kj\u00f8pe ekstra <strong><a href=\"https:\/\/plantelys.dk\/nb\/produktkategori-2\/mikrogroennsaker-dyrke-dine-egne-sunne-groennsaker\/mikrogroenne-aaser\/\">spire bakker<\/a><\/strong>, som vil gj\u00f8re det lettere \u00e5 dyrke r\u00f8dk\u00e5lens mikrogr\u00f8nne og sikre at de f\u00e5r de beste vekstforholdene.<\/p>\n<h3>Rabatt p\u00e5 st\u00f8rre mengder fr\u00f8<\/h3>\n<p>Er du interessert i \u00e5 kj\u00f8pe st\u00f8rre mengder \u00f8kologiske r\u00f8dk\u00e5lfr\u00f8, kan du kontakte oss for \u00e5 f\u00e5 rabatt p\u00e5 kj\u00f8pet.<\/p>\n<h3>L\u00e6r mer om r\u00f8dk\u00e5l<\/h3>\n<p>For ytterligere informasjon om r\u00f8dk\u00e5l, dens ern\u00e6ringsmessige fordeler og ulike bruksomr\u00e5der, kan du lese mer om r\u00f8dk\u00e5l\u00a0<a href=\"https:\/\/da.wikipedia.org\/wiki\/R%C3%B8dk%C3%A5l\" target=\"_blank\" rel=\"noopener\">her<\/a>.<\/p>\n<h3>Oppbevaring av r\u00f8dk\u00e5lfr\u00f8<\/h3>\n<p>Oppbevares helst t\u00f8rt og kj\u00f8lig<\/p>\n<p>&nbsp;<\/p>\n<h3>Testet og sertifisert \u00f8kologisk fr\u00f8<\/h3>\n<p>Vi selger fr\u00f8 som er testet for f\u00f8lgende skadelige bakterier:<\/p>\n<ul>\n<li>Bacillus cereus<\/li>\n<li>Salmonella spp.<\/li>\n<li>Listeria monocytogenes<\/li>\n<li>Verotoksin-produserende E. coli<\/li>\n<\/ul>\n<h3>Sertifisert salg av \u00f8kologiske fr\u00f8<\/h3>\n<p>Vi er sertifisert av det danske landbruksverket til \u00e5 selge \u00f8kologiske fr\u00f8<\/p>","protected":false},"excerpt":{"rendered":"<p>Passer godt inn i favorittrettene og snacksene dine, og er en god m\u00e5te \u00e5 tilsette litt ekstra i salaten eller lignende. Perfekt for spirer og mikrogr\u00f8nt.<\/p>","protected":false},"featured_media":7509,"comment_status":"open","ping_status":"closed","template":"","meta":{"_acf_changed":false},"product_brand":[],"product_cat":[106,173,178,161],"product_tag":[],"class_list":{"0":"post-7498","1":"product","2":"type-product","3":"status-publish","4":"has-post-thumbnail","6":"product_cat-mikrogroent-gro-dit-eget-sunde-groent","7":"product_cat-oekologiske-froe","8":"product_cat-mikrogroent-froe-oekologiske","9":"product_cat-plante-froe","11":"entry","12":"has-media","14":"first","15":"outofstock","16":"taxable","17":"shipping-taxable","18":"purchasable","19":"product-type-simple","20":"has-product-nav","21":"col","22":"span_1_of_4","23":"owp-content-center","24":"item-entry","25":"owp-thumbs-layout-vertical","26":"owp-btn-normal","27":"owp-tabs-layout-horizontal"},"acf":[],"_links":{"self":[{"href":"https:\/\/plantelys.dk\/nb\/wp-json\/wp\/v2\/product\/7498","targetHints":{"allow":["GET"]}}],"collection":[{"href":"https:\/\/plantelys.dk\/nb\/wp-json\/wp\/v2\/product"}],"about":[{"href":"https:\/\/plantelys.dk\/nb\/wp-json\/wp\/v2\/types\/product"}],"replies":[{"embeddable":true,"href":"https:\/\/plantelys.dk\/nb\/wp-json\/wp\/v2\/comments?post=7498"}],"version-history":[{"count":0,"href":"https:\/\/plantelys.dk\/nb\/wp-json\/wp\/v2\/product\/7498\/revisions"}],"wp:featuredmedia":[{"embeddable":true,"href":"https:\/\/plantelys.dk\/nb\/wp-json\/wp\/v2\/media\/7509"}],"wp:attachment":[{"href":"https:\/\/plantelys.dk\/nb\/wp-json\/wp\/v2\/media?parent=7498"}],"wp:term":[{"taxonomy":"product_brand","embeddable":true,"href":"https:\/\/plantelys.dk\/nb\/wp-json\/wp\/v2\/product_brand?post=7498"},{"taxonomy":"product_cat","embeddable":true,"href":"https:\/\/plantelys.dk\/nb\/wp-json\/wp\/v2\/product_cat?post=7498"},{"taxonomy":"product_tag","embeddable":true,"href":"https:\/\/plantelys.dk\/nb\/wp-json\/wp\/v2\/product_tag?post=7498"}],"curies":[{"name":"wp","href":"https:\/\/api.w.org\/{rel}","templated":true}]}}