{"id":7240,"date":"2022-03-22T16:09:18","date_gmt":"2022-03-22T16:09:18","guid":{"rendered":"https:\/\/plantelys.dk\/?post_type=product&#038;p=7240"},"modified":"2026-04-13T09:00:01","modified_gmt":"2026-04-13T08:00:01","slug":"plagron-cocos-brix-9l-cocos-fiber-2","status":"publish","type":"product","link":"https:\/\/plantelys.dk\/nb\/vare\/plagron-cocos-brix-9l-cocosfibre\/","title":{"rendered":"Kokosn\u00f8ttmugg - Plagron Cocos Brix - Kokosn\u00f8ttjord"},"content":{"rendered":"<h2>Kokosmuld (Kokosjord) &#8211; Et naturligt Gromedie<\/h2>\n<div>\n<p><strong>Kokosmuld<\/strong>, ogs\u00e5 kaldet <strong><a href=\"https:\/\/plantelys.dk\/vare\/plagron-cocos-brix-6x9l\/\">Coco Coi<\/a>r<\/strong> eller <strong>kokosfibre<\/strong>, er et naturligt, b\u00e6redygtigt og milj\u00f8venligt v\u00e6kstmedium fremstillet fra det ydre lag af kokosn\u00f8dskallen. N\u00e5r kokosn\u00f8dder h\u00f8stes og behandles, fjernes det brune ydre lag, og fibrene herfra gennemg\u00e5r en proces, hvor de komprimeres til forskellige former som briketter, blokke eller l\u00f8s kokosmuld.<\/p>\n<p><strong>Kokosmuld<\/strong> er et tiltalende alternativ til traditionelle dyrkningsmedier som sphagnum t\u00f8rvemos og <a href=\"https:\/\/plantelys.dk\/vejledning-goedning-og-naering-til-planter\/\"><strong>havejord<\/strong><\/a> p\u00e5 grund af dets mange fordele. Det har h\u00f8j vandholdende kapacitet, en por\u00f8s og luftig struktur samt gode dr\u00e6ningsegenskaber. Derudover er det pH-neutralt og indeholder ikke skadedyr, sygdomme eller ukrudtsfr\u00f8.<\/p>\n<p><strong>Plagron Cocos muld<\/strong> kan anvendes som indend\u00f8rs og udend\u00f8rs v\u00e6kstmedium. Cocos Brix er ideelt for avlere, der \u00f8nsker at bruge et rent og naturligt produkt. Cocos Brix behandles med kalcium og skylles derefter med rent vand, hvilket skaber et meget stabilt medie uden g\u00f8dning og salte.<\/p>\n<p><strong>Kokos pottemuld<\/strong> er 100% fri for patogener, ukrudt og andre forurenende stoffer, der kan p\u00e5virke spiringen af fr\u00f8. Det er derfor meget velegnet til <a href=\"https:\/\/plantelys.dk\/vare-kategori\/mikrogroent-gro-dit-eget-sunde-groent\/\"><strong>\u00f8kologisk mikrogr\u00f8nt<\/strong><\/a>, hvor man ikke kan bruge havejord eller s\u00e5jord (inklusive \u00f8kologisk s\u00e5jord) for at opn\u00e5 \u00e6gte \u00f8kologiske gr\u00f8ntsager.<\/p>\n<p>Kokosmuld har en h\u00f8j evne til at absorbere og holde p\u00e5 vand, hvilket g\u00f8r det i stand til at indeholde meget mere vand end almindelig jord uden at drukne r\u00f8dderne. Resultatet er sund v\u00e6kst og solid rodudvikling.<\/p>\n<p><strong>Kokosmuld<\/strong> er et sphagnumfrit, biologisk nedbrydeligt muldprodukt fremstillet af b\u00e6redygtige r\u00e5materialer. Det produceres af restprodukter fra kokosolieproduktionen.<\/p>\n<\/div>\n<div><\/div>\n<div>Cocos Brix opfylder de strengeste kvalitetsstandarder og er RHP-certificeret.<\/div>\n<div><\/div>\n<div>Det kan genanvendes og efter anvendelse er det egnet som jordforbedringsmiddel.<\/div>\n<div><\/div>\n<div>Cocos Brix producerer det h\u00f8jeste udbytte i kombination med flydende A+B g\u00f8dning fra BIG.<\/div>\n<div><\/div>\n<div><span style=\"color: #ff0000;\"><strong>Bem\u00e6rk du k\u00f8ber her 1 stk. af pakningen (1 x 9l).\u00a0<\/strong><\/span><\/div>\n<p>&nbsp;<\/p>\n<div><strong>Anvendelse:<\/strong><\/div>\n<div>Cocos Brix er ved levering klar til brug, tils\u00e6t kun vand f\u00f8r det fordeles i spirebakker eller minigr\u00f8nt s\u00e5bakker mf.<\/div>\n<div>Dyp 1 stykke Cocos Brix ned i en spand, der indeholder 4,5 liter vand og BioPower part A+B, og pres regelm\u00e6ssigt p\u00e5 blokken.<\/div>\n<div>Efter ca. 20 \u2013 30 minutter har du 9 liter coco coir jord klar til brug.<\/div>\n<div><\/div>\n<div><em>Husk at tils\u00e6t g\u00f8dning <span style=\"text-decoration: underline;\">hver gang<\/span> du vander.<\/em><\/div>\n<p>&nbsp;<\/p>\n<div><strong>Tekniske egenskaber<\/strong><\/div>\n<div>\n<ul>\n<li>H\u00f8jkvalitets cocopeat<\/li>\n<li>pH 6,1 \u2013 7,4<\/li>\n<li>EN13037 pH (H2O)<\/li>\n<li>EC 0,09 \u2013 0,14<\/li>\n<li>E. C. (1: 1,5) [mS \/ cm]<\/li>\n<li>T\u00f8rv\u00e6gt ca. 650g.<\/li>\n<\/ul>\n<\/div>\n<p>&nbsp;<\/p>\n<div><strong>Pakningen<\/strong><\/div>\n<ul>\n<li><span style=\"color: #993300;\">Cocos Brix indeholder <span style=\"text-decoration: underline;\">1 stk. kokosmuld blok\u00a0<\/span><\/span><\/li>\n<li>Giver ved tils\u00e6tning af 4L vand ca. 7-9L v\u00e6kstmedie.<\/li>\n<\/ul>\n<p>&nbsp;<\/p>\n<div>\n<p><strong>Fordelene ved Cocos Brix<\/strong><\/p>\n<ul>\n<li>Let at transportere og opbevare<\/li>\n<li>Garanteret lav EF-v\u00e6rdi<\/li>\n<li>RHP godkendt produkt<\/li>\n<li>EU<\/li>\n<\/ul>\n<\/div>\n<p>&nbsp;<\/p>\n<div><strong>Tips<\/strong><\/div>\n<ul>\n<li>Kokos fiber kan genbruges, og efter evt. genanvendelse er det egnet som jordforbedringsmiddel.<\/li>\n<\/ul>\n<p>&nbsp;<\/p>\n<p><em>Link til leverand\u00f8ren:<\/em> <strong><a href=\"https:\/\/www.plagron.com\/en\/hobby\/products\/cocos-brix\" target=\"_blank\" rel=\"noopener\">Plagron<\/a><\/strong><\/p>\n<p>&nbsp;<\/p>\n<div style=\"width: 1080px;\" class=\"wp-video\"><video class=\"wp-video-shortcode\" id=\"video-7240-1\" width=\"1080\" height=\"1920\" preload=\"metadata\" controls=\"controls\"><source type=\"video\/mp4\" src=\"https:\/\/plantelys.dk\/wp-content\/uploads\/2022\/03\/1707646284989.mp4?_=1\" \/><a href=\"https:\/\/plantelys.dk\/wp-content\/uploads\/2022\/03\/1707646284989.mp4\">https:\/\/plantelys.dk\/wp-content\/uploads\/2022\/03\/1707646284989.mp4<\/a><\/video><\/div>\n","protected":false},"excerpt":{"rendered":"<p>Plagron Cocos Brix vekstmedium (kokosn\u00f8ttdekke) for mikrogr\u00f8nndyrking og plantespiring, uten tilsatt gj\u00f8dsel og med stabil pH-verdi som gir sterkere vekst.<\/p>\n<p>Pakken inneholder 1 stk. blokk med 9L Cocos-fiber (9L etter tilsetning av vann)<\/p>","protected":false},"featured_media":9046,"comment_status":"closed","ping_status":"closed","template":"","meta":{"_acf_changed":false},"product_brand":[],"product_cat":[113,234,106,177,178,300,428],"product_tag":[],"class_list":{"0":"post-7240","1":"product","2":"type-product","3":"status-publish","4":"has-post-thumbnail","6":"product_cat-goedning-og-gromedier-for-planter","7":"product_cat-goedning-gromedie-froe","8":"product_cat-mikrogroent-gro-dit-eget-sunde-groent","9":"product_cat-mikrogroent-bakker","10":"product_cat-mikrogroent-froe-oekologiske","11":"product_cat-plagron","12":"product_cat-plantejord","14":"entry","15":"has-media","17":"first","18":"instock","19":"taxable","20":"shipping-taxable","21":"purchasable","22":"product-type-simple","23":"has-rating","24":"has-product-nav","25":"col","26":"span_1_of_4","27":"owp-content-center","28":"item-entry","29":"owp-thumbs-layout-vertical","30":"owp-btn-normal","31":"owp-tabs-layout-horizontal"},"acf":[],"_links":{"self":[{"href":"https:\/\/plantelys.dk\/nb\/wp-json\/wp\/v2\/product\/7240","targetHints":{"allow":["GET"]}}],"collection":[{"href":"https:\/\/plantelys.dk\/nb\/wp-json\/wp\/v2\/product"}],"about":[{"href":"https:\/\/plantelys.dk\/nb\/wp-json\/wp\/v2\/types\/product"}],"replies":[{"embeddable":true,"href":"https:\/\/plantelys.dk\/nb\/wp-json\/wp\/v2\/comments?post=7240"}],"version-history":[{"count":0,"href":"https:\/\/plantelys.dk\/nb\/wp-json\/wp\/v2\/product\/7240\/revisions"}],"wp:featuredmedia":[{"embeddable":true,"href":"https:\/\/plantelys.dk\/nb\/wp-json\/wp\/v2\/media\/9046"}],"wp:attachment":[{"href":"https:\/\/plantelys.dk\/nb\/wp-json\/wp\/v2\/media?parent=7240"}],"wp:term":[{"taxonomy":"product_brand","embeddable":true,"href":"https:\/\/plantelys.dk\/nb\/wp-json\/wp\/v2\/product_brand?post=7240"},{"taxonomy":"product_cat","embeddable":true,"href":"https:\/\/plantelys.dk\/nb\/wp-json\/wp\/v2\/product_cat?post=7240"},{"taxonomy":"product_tag","embeddable":true,"href":"https:\/\/plantelys.dk\/nb\/wp-json\/wp\/v2\/product_tag?post=7240"}],"curies":[{"name":"wp","href":"https:\/\/api.w.org\/{rel}","templated":true}]}}