{"id":721,"date":"2021-07-12T07:44:30","date_gmt":"2021-07-12T07:44:30","guid":{"rendered":"https:\/\/plantelys.dk\/?post_type=product&#038;p=721"},"modified":"2025-10-13T12:56:19","modified_gmt":"2025-10-13T11:56:19","slug":"baerbar-traadloes-bordlampe-med-8-timers-lys-svart-dimbar-2","status":"publish","type":"product","link":"https:\/\/plantelys.dk\/nb\/vare\/transportabel-traadloes-bordlampe-m-8-timers-lys-sort-daempbar\/","title":{"rendered":"Batteribordlampe sort med LED-lys, tr\u00e5dl\u00f8s - dimbar"},"content":{"rendered":"<h2>Batteridrevet bordlampe i svart metall - tr\u00e5dl\u00f8s<\/h2>\n<p>Den oppladbare lampen kan brukes som koselig belysning for sensommerkveldene p\u00e5 terrassen eller et annet sted. Med 10 timers levetid pr lades, holder denne smarte lampen nok str\u00f8m til at du kan ta den med deg ut.<\/p>\n<ul>\n<li>Med integrert LED<\/li>\n<li>10 timers batterilevetid<\/li>\n<li>Inkl. USB-laderplugg<\/li>\n<li>Bevegelig lampe<\/li>\n<\/ul>","protected":false},"excerpt":{"rendered":"<p>Den vakre oppladbare bordlampen i sort metall kan brukes som koselig belysning for sensommerkveldene p\u00e5 terrassen eller et annet sted. Med 10 timers levetid pr lader, holder denne smarte lampen nok str\u00f8m til at du kan ta den med ut p\u00e5 terrassen eller i vinterhagen.<\/p>\n<p>&nbsp;<\/p>","protected":false},"featured_media":2007,"comment_status":"open","ping_status":"closed","template":"","meta":{"_acf_changed":false},"product_brand":[],"product_cat":[96,367,156],"product_tag":[],"class_list":{"0":"post-721","1":"product","2":"type-product","3":"status-publish","4":"has-post-thumbnail","6":"product_cat-drivhuset-og-haven","7":"product_cat-hus-og-have-belysning","8":"product_cat-til-drivhuset","10":"entry","11":"has-media","13":"first","14":"instock","15":"sale","16":"taxable","17":"shipping-taxable","18":"purchasable","19":"product-type-simple","20":"has-product-nav","21":"col","22":"span_1_of_4","23":"owp-content-center","24":"item-entry","25":"owp-thumbs-layout-vertical","26":"owp-btn-normal","27":"owp-tabs-layout-horizontal"},"acf":[],"_links":{"self":[{"href":"https:\/\/plantelys.dk\/nb\/wp-json\/wp\/v2\/product\/721","targetHints":{"allow":["GET"]}}],"collection":[{"href":"https:\/\/plantelys.dk\/nb\/wp-json\/wp\/v2\/product"}],"about":[{"href":"https:\/\/plantelys.dk\/nb\/wp-json\/wp\/v2\/types\/product"}],"replies":[{"embeddable":true,"href":"https:\/\/plantelys.dk\/nb\/wp-json\/wp\/v2\/comments?post=721"}],"version-history":[{"count":0,"href":"https:\/\/plantelys.dk\/nb\/wp-json\/wp\/v2\/product\/721\/revisions"}],"wp:featuredmedia":[{"embeddable":true,"href":"https:\/\/plantelys.dk\/nb\/wp-json\/wp\/v2\/media\/2007"}],"wp:attachment":[{"href":"https:\/\/plantelys.dk\/nb\/wp-json\/wp\/v2\/media?parent=721"}],"wp:term":[{"taxonomy":"product_brand","embeddable":true,"href":"https:\/\/plantelys.dk\/nb\/wp-json\/wp\/v2\/product_brand?post=721"},{"taxonomy":"product_cat","embeddable":true,"href":"https:\/\/plantelys.dk\/nb\/wp-json\/wp\/v2\/product_cat?post=721"},{"taxonomy":"product_tag","embeddable":true,"href":"https:\/\/plantelys.dk\/nb\/wp-json\/wp\/v2\/product_tag?post=721"}],"curies":[{"name":"wp","href":"https:\/\/api.w.org\/{rel}","templated":true}]}}