{"id":7081,"date":"2022-03-15T14:04:17","date_gmt":"2022-03-15T14:04:17","guid":{"rendered":"https:\/\/plantelys.dk\/?post_type=product&#038;p=7081"},"modified":"2025-10-13T12:55:44","modified_gmt":"2025-10-13T11:55:44","slug":"basilikumfroe-kanel-basilikumplante-2","status":"publish","type":"product","link":"https:\/\/plantelys.dk\/nb\/vare\/basilikum-froe-kanelbasilikum-plante\/","title":{"rendered":"Basilikum, kanel, Hornum"},"content":{"rendered":"<div id=\"description\" class=\"tab-pane fade in active\">\n<div class=\"product-description\">\n<div class=\"product-description\">\n<h2>Basilikum kanel<\/h2>\n<p><strong><a href=\"https:\/\/plantelys.dk\/nb\/produkt\/basilikumfroe-kanel-basilikumplante-2\/\">Kanelbasilikum,<\/a><\/strong> er en vakker og velduftende plante, som egner seg b\u00e5de som prydplante og urt.<\/p>\n<p>Planten er kompakt med lilla blomster, som har god smak, deilig til salat, eller ulike retter med krydret smak.<\/p>\n<p>Kan brukes b\u00e5de fersk og t\u00f8rket.<\/p>\n<p>Blir opptil 30-60 cm h\u00f8y, busket lavvekst, m\u00e5 plantes p\u00e5 et varmt og solrikt sted.<\/p>\n<p>Best dyrkes i en smart innend\u00f8rs gr\u00f8nnsakshage eller i drivhuset, s\u00e5 vel som i vinduskarmen.<\/p>\n<p>&nbsp;<\/p>\n<p>Plasser solrik og varm i n\u00e6ringsrik jord med jevn tilf\u00f8rsel av vann. Etter s\u00e5ing holdes jorda fuktig til spiringen er godt i gang.<\/p>\n<\/div>\n<div class=\"product-description\">\n<p>Forspire innend\u00f8rs fra april til mai<\/p>\n<p>H\u00f8stes i juli til september<\/p>\n<p>&nbsp;<\/p>\n<p>Egnet for <a href=\"https:\/\/plantelys.dk\/nb\/produktkategori-2\/innendoers-kjoekkenhage-for-hjemmebruk\/\" target=\"_blank\" rel=\"noopener\">smart hage<\/a> \u2013 Innend\u00f8rs kj\u00f8kkenhage<\/p>\n<p>Les mer om anlegget <a href=\"https:\/\/da.wikipedia.org\/wiki\/Basilikum-sl%C3%A6gten\" target=\"_blank\" rel=\"noopener\">her<\/a><\/p>\n<\/div>\n<\/div>\n<\/div>","protected":false},"excerpt":{"rendered":"<p>Kanelbasilikum kan med fordel plantes i drivhuset, da det tiltrekker bier og avskrekker fluer. Den egner seg ogs\u00e5 til en gryte p\u00e5 et varmt, solrikt sted, deilig med mat.<\/p>","protected":false},"featured_media":7082,"comment_status":"open","ping_status":"closed","template":"","meta":{"_acf_changed":false},"product_brand":[],"product_cat":[277,161,216],"product_tag":[],"class_list":{"0":"post-7081","1":"product","2":"type-product","3":"status-publish","4":"has-post-thumbnail","6":"product_cat-basilikum-froe","7":"product_cat-plante-froe","8":"product_cat-stort-udvalg-i-urtefroe-og-groentsagsfroe","10":"entry","11":"has-media","13":"first","14":"instock","15":"taxable","16":"shipping-taxable","17":"purchasable","18":"product-type-simple","19":"has-product-nav","20":"col","21":"span_1_of_4","22":"owp-content-center","23":"item-entry","24":"owp-thumbs-layout-vertical","25":"owp-btn-normal","26":"owp-tabs-layout-horizontal"},"acf":[],"_links":{"self":[{"href":"https:\/\/plantelys.dk\/nb\/wp-json\/wp\/v2\/product\/7081","targetHints":{"allow":["GET"]}}],"collection":[{"href":"https:\/\/plantelys.dk\/nb\/wp-json\/wp\/v2\/product"}],"about":[{"href":"https:\/\/plantelys.dk\/nb\/wp-json\/wp\/v2\/types\/product"}],"replies":[{"embeddable":true,"href":"https:\/\/plantelys.dk\/nb\/wp-json\/wp\/v2\/comments?post=7081"}],"version-history":[{"count":0,"href":"https:\/\/plantelys.dk\/nb\/wp-json\/wp\/v2\/product\/7081\/revisions"}],"wp:featuredmedia":[{"embeddable":true,"href":"https:\/\/plantelys.dk\/nb\/wp-json\/wp\/v2\/media\/7082"}],"wp:attachment":[{"href":"https:\/\/plantelys.dk\/nb\/wp-json\/wp\/v2\/media?parent=7081"}],"wp:term":[{"taxonomy":"product_brand","embeddable":true,"href":"https:\/\/plantelys.dk\/nb\/wp-json\/wp\/v2\/product_brand?post=7081"},{"taxonomy":"product_cat","embeddable":true,"href":"https:\/\/plantelys.dk\/nb\/wp-json\/wp\/v2\/product_cat?post=7081"},{"taxonomy":"product_tag","embeddable":true,"href":"https:\/\/plantelys.dk\/nb\/wp-json\/wp\/v2\/product_tag?post=7081"}],"curies":[{"name":"wp","href":"https:\/\/api.w.org\/{rel}","templated":true}]}}