{"id":634,"date":"2021-07-08T09:35:00","date_gmt":"2021-07-08T09:35:00","guid":{"rendered":"https:\/\/plantelys.dk\/?post_type=product&#038;p=634"},"modified":"2026-01-01T03:04:46","modified_gmt":"2026-01-01T02:04:46","slug":"150w-vokse-lyspaerer-med-sokkel-og-hvit-ledning-par30","status":"publish","type":"product","link":"https:\/\/plantelys.dk\/nb\/vare\/150w-vaekstlys-paerer-m-fatning-og-hvid-ledning-par30\/","title":{"rendered":"120W dyrkingsp\u00e6rer med sokkel og hvit ledning (25Watt)"},"content":{"rendered":"<h2 data-start=\"123\" data-end=\"187\"><strong data-start=\"130\" data-end=\"185\">SunLight PAR30 Grow Light - 25W LED (tilsvarer 120W)<\/strong><\/h2>\n<p class=\"\" data-start=\"188\" data-end=\"235\"><strong data-start=\"188\" data-end=\"235\">Elegant. Effektiv. Designet for sunn vekst.<\/strong><\/p>\n<p class=\"\" data-start=\"237\" data-end=\"493\">Oppgrader plantebelysningen din med <a href=\"https:\/\/plantelys.dk\/nb\/produkt\/150w-vokse-lyspaerer-med-sokkel-og-hvit-ledning-par30\/\"><strong data-start=\"270\" data-end=\"288\">SunLight PAR30<\/strong><\/a>, et stilig og kraftig vekstlys i et kompakt format. Med bare <strong data-start=\"351\" data-end=\"370\">25 watt forbruk<\/strong> den leverer et lysutbytte som tilsvarer <strong data-start=\"409\" data-end=\"421\">120 watt<\/strong>Laget for \u00e5 st\u00f8tte alle vekststadier - fra spiring til blomstring.<\/p>\n<p class=\"\" data-start=\"495\" data-end=\"753\">Den avanserte <strong data-start=\"510\" data-end=\"529\">fullspektret lys<\/strong> gjengir naturlige farger uten det ubehagelige rosa skj\u00e6ret man ofte ser i billigere lamper. Den integrerte halo-optikken s\u00f8rger for jevn og blendingsfri lysfordeling - perfekt for vinduskarmer, vekststativer og sm\u00e5 vekststasjoner.<\/p>\n<h3 class=\"\" data-start=\"760\" data-end=\"788\">\ud83d\udce6 <strong data-start=\"767\" data-end=\"788\">Pakken inneholder<\/strong><\/h3>\n<ul data-start=\"789\" data-end=\"867\">\n<li class=\"\" data-start=\"789\" data-end=\"820\">\n<p class=\"\" data-start=\"791\" data-end=\"820\">1 x PAR30 LED-vokselys (25W)<\/p>\n<\/li>\n<li class=\"\" data-start=\"821\" data-end=\"867\">\n<p class=\"\" data-start=\"823\" data-end=\"867\">1 x 3 meter hvit stoffledning med E27-stikkontakt<\/p>\n<\/li>\n<\/ul>\n<h2 data-start=\"874\" data-end=\"903\"><\/h2>\n<h2 data-start=\"874\" data-end=\"903\"><strong data-start=\"881\" data-end=\"901\">Lyseffekt (PPFD)<\/strong><\/h2>\n<div class=\"_tableContainer_16hzy_1\">\n<div class=\"_tableWrapper_16hzy_14 group flex w-fit flex-col-reverse\" tabindex=\"-1\">\n<table class=\"w-fit min-w-(--thread-content-width)\" data-start=\"904\" data-end=\"1176\">\n<thead data-start=\"904\" data-end=\"942\">\n<tr data-start=\"904\" data-end=\"942\">\n<th data-start=\"904\" data-end=\"918\" data-col-size=\"sm\"><strong data-start=\"906\" data-end=\"917\">Avstand<\/strong><\/th>\n<th data-start=\"918\" data-end=\"942\" data-col-size=\"sm\"><strong data-start=\"920\" data-end=\"928\">PPFD<\/strong> (\u00b5mol\/m\u00b2-s)<\/th>\n<\/tr>\n<\/thead>\n<tbody data-start=\"982\" data-end=\"1176\">\n<tr data-start=\"982\" data-end=\"1020\">\n<td data-start=\"982\" data-end=\"996\" data-col-size=\"sm\">10 cm<\/td>\n<td data-start=\"996\" data-end=\"1020\" data-col-size=\"sm\">3500<\/td>\n<\/tr>\n<tr data-start=\"1021\" data-end=\"1059\">\n<td data-start=\"1021\" data-end=\"1035\" data-col-size=\"sm\">20 cm<\/td>\n<td data-col-size=\"sm\" data-start=\"1035\" data-end=\"1059\">1500<\/td>\n<\/tr>\n<tr data-start=\"1060\" data-end=\"1098\">\n<td data-start=\"1060\" data-end=\"1074\" data-col-size=\"sm\">30 cm<\/td>\n<td data-start=\"1074\" data-end=\"1098\" data-col-size=\"sm\">630<\/td>\n<\/tr>\n<tr data-start=\"1099\" data-end=\"1137\">\n<td data-start=\"1099\" data-end=\"1113\" data-col-size=\"sm\">50 cm<\/td>\n<td data-col-size=\"sm\" data-start=\"1113\" data-end=\"1137\">240<\/td>\n<\/tr>\n<tr data-start=\"1138\" data-end=\"1176\">\n<td data-start=\"1138\" data-end=\"1152\" data-col-size=\"sm\">70 cm<\/td>\n<td data-col-size=\"sm\" data-start=\"1152\" data-end=\"1176\">120<\/td>\n<\/tr>\n<\/tbody>\n<\/table>\n<div class=\"sticky end-(--thread-content-margin) h-0 self-end select-none\">\n<div class=\"absolute end-0 flex items-end\"><\/div>\n<\/div>\n<\/div>\n<\/div>\n<hr class=\"\" data-start=\"1178\" data-end=\"1181\" \/>\n<p class=\"\" data-start=\"1183\" data-end=\"1199\">\u2705 <strong data-start=\"1185\" data-end=\"1197\">Fordeler:<\/strong><\/p>\n<ul data-start=\"1200\" data-end=\"1467\">\n<li class=\"\" data-start=\"1200\" data-end=\"1257\">\n<p class=\"\" data-start=\"1202\" data-end=\"1257\">Kraftig og energieffektiv LED med h\u00f8y lysintensitet<\/p>\n<\/li>\n<li class=\"\" data-start=\"1258\" data-end=\"1301\">\n<p class=\"\" data-start=\"1260\" data-end=\"1301\">Naturlig fullspektret - uten rosa farge<\/p>\n<\/li>\n<li class=\"\" data-start=\"1302\" data-end=\"1351\">\n<p class=\"\" data-start=\"1304\" data-end=\"1351\">Blendingsfri optikk og utmerket fargegjengivelse<\/p>\n<\/li>\n<li class=\"\" data-start=\"1352\" data-end=\"1407\">\n<p class=\"\" data-start=\"1354\" data-end=\"1407\">Enkel installasjon med medf\u00f8lgende ledning og stikkontakt<\/p>\n<\/li>\n<li class=\"\" data-start=\"1408\" data-end=\"1467\">\n<p class=\"\" data-start=\"1410\" data-end=\"1467\">Ideell for urter, mikrogr\u00f8nnsaker, chiliplanter og stiklinger<\/p>\n<\/li>\n<\/ul>\n<p class=\"\" data-start=\"1474\" data-end=\"1583\"><em data-start=\"1477\" data-end=\"1581\">Et vekstlys skapt for deg som vil ha resultater - uten \u00e5 g\u00e5 p\u00e5 kompromiss med estetikk eller funksjon.<\/em><\/p>\n<p data-start=\"1474\" data-end=\"1583\">\n<hr \/>\n<h3 data-start=\"0\" data-end=\"59\"><strong data-start=\"4\" data-end=\"59\">Hva er forskjellen mellom vekstlys, vekstlamper og plantelys?<\/strong><\/h3>\n<p data-start=\"61\" data-end=\"632\" data-is-last-node=\"\" data-is-only-node=\"\"><strong><a href=\"https:\/\/plantelys.dk\/nb\/produktkategori-2\/vekstlys\/\">Vekstlys<\/a><\/strong> er et bredt, uformelt begrep for alt kunstig lys som brukes til \u00e5 dyrke planter innend\u00f8rs \u2013 uavhengig av teknologi, fargespekter eller form\u00e5l. <a href=\"https:\/\/plantelys.dk\/nb\/produktkategori-2\/vokse-lys-paere-lamper\/\"><strong>Grow lights<\/strong><\/a> P\u00e5 den annen side finnes det lys som er utviklet spesielt for \u00e5 st\u00f8tte visse vekstfaser, som spiring, vegetativ vekst eller blomstring, og som derfor ofte har et mer m\u00e5lrettet eller justerbart lysspekter. <strong><a href=\"https:\/\/plantelys.dk\/nb\/\">Plantelys<\/a><\/strong> er den generelle tekniske betegnelsen som dekker alle typer lyskilder som gir planter de b\u00f8lgelengdene (dagslys) som er n\u00f8dvendige for fotosyntese, og brukes b\u00e5de for hobbylamper og avanserte profesjonelle LED-l\u00f8sninger.<\/p>","protected":false},"excerpt":{"rendered":"<p>Denne fullspektrede E27-spotten produserer hele 120W, men bruker bare 25Watt. Egnet for montering i E27 stikkontakt med ledning.<\/p>","protected":false},"featured_media":635,"comment_status":"open","ping_status":"closed","template":"","meta":{"_acf_changed":false},"product_brand":[],"product_cat":[92,235,370],"product_tag":[],"class_list":{"0":"post-634","1":"product","2":"type-product","3":"status-publish","4":"has-post-thumbnail","6":"product_cat-vaekstlys-paerer-lamper","7":"product_cat-grolys","8":"product_cat-grolys-paere","10":"entry","11":"has-media","13":"first","14":"instock","15":"taxable","16":"shipping-taxable","17":"purchasable","18":"product-type-simple","19":"has-product-nav","20":"col","21":"span_1_of_4","22":"owp-content-center","23":"item-entry","24":"owp-thumbs-layout-vertical","25":"owp-btn-normal","26":"owp-tabs-layout-horizontal"},"acf":[],"_links":{"self":[{"href":"https:\/\/plantelys.dk\/nb\/wp-json\/wp\/v2\/product\/634","targetHints":{"allow":["GET"]}}],"collection":[{"href":"https:\/\/plantelys.dk\/nb\/wp-json\/wp\/v2\/product"}],"about":[{"href":"https:\/\/plantelys.dk\/nb\/wp-json\/wp\/v2\/types\/product"}],"replies":[{"embeddable":true,"href":"https:\/\/plantelys.dk\/nb\/wp-json\/wp\/v2\/comments?post=634"}],"version-history":[{"count":0,"href":"https:\/\/plantelys.dk\/nb\/wp-json\/wp\/v2\/product\/634\/revisions"}],"wp:featuredmedia":[{"embeddable":true,"href":"https:\/\/plantelys.dk\/nb\/wp-json\/wp\/v2\/media\/635"}],"wp:attachment":[{"href":"https:\/\/plantelys.dk\/nb\/wp-json\/wp\/v2\/media?parent=634"}],"wp:term":[{"taxonomy":"product_brand","embeddable":true,"href":"https:\/\/plantelys.dk\/nb\/wp-json\/wp\/v2\/product_brand?post=634"},{"taxonomy":"product_cat","embeddable":true,"href":"https:\/\/plantelys.dk\/nb\/wp-json\/wp\/v2\/product_cat?post=634"},{"taxonomy":"product_tag","embeddable":true,"href":"https:\/\/plantelys.dk\/nb\/wp-json\/wp\/v2\/product_tag?post=634"}],"curies":[{"name":"wp","href":"https:\/\/api.w.org\/{rel}","templated":true}]}}