{"id":60296,"date":"2026-04-21T08:21:00","date_gmt":"2026-04-21T07:21:00","guid":{"rendered":"https:\/\/plantelys.dk\/?post_type=product&#038;p=60296"},"modified":"2026-04-22T10:46:00","modified_gmt":"2026-04-22T09:46:00","slug":"645-cm-forlengelsesstykke-med-utskjaering-i-flere-materialer","status":"publish","type":"product","link":"https:\/\/plantelys.dk\/nb\/vare\/645-cm-tillaegsstykke-med-udskaering-i-flere-materialer\/","title":{"rendered":"64,5 cm Tilleggsdel med utskj\u00e6ring i flere materialer"},"content":{"rendered":"<div>\n<h2>64,5 cm Tilleggsdel med utskj\u00e6ring i flere materialer<\/h2>\n<\/div>\n<p>Gj\u00f8r avfallsl\u00f8sningen din enda mer fleksibel med en 64,5 cm lang tilleggsmodul med utskj\u00e6ring, designet for v\u00e5re s\u00f8ppelsekker. Modulen er laget av 2 mm tykt st\u00e5l, noe som sikrer h\u00f8y styrke og holdbarhet. Med denne tilleggsmodulen kan du enkelt utvide din n\u00e5v\u00e6rende l\u00f8sning for \u00e5 f\u00e5 plass til flere s\u00f8ppelkasser eller skape et enhetlig og stilig utseende i hagen eller oppkj\u00f8rselen.<\/p>\n<div>\n<h3>Slitesterke materialer<\/h3>\n<\/div>\n<p>Velg tilleggsstykket med utskj\u00e6ring i ett av f\u00f8lgende eksklusive materialer:<\/p>\n<div>\n<ul>\n<li><strong>Corten-st\u00e5l<\/strong>: Gir et rustikt og moderne utseende som utvikler en vakker, naturlig patina over tid.<\/li>\n<li><strong>Varmgalvanisert st\u00e5l<\/strong>: En klassisk l\u00f8sning med lang levetid og minimalt med vedlikehold.<\/li>\n<li><strong>Svartlakkert st\u00e5l<\/strong>: Et stilrent og tidl\u00f8st design, perfekt for det moderne hjemmet.<\/li>\n<\/ul>\n<\/div>\n<p>Uansett hvilket materiale du velger, f\u00e5r du en robust og v\u00e6rbestandig l\u00f8sning som kan st\u00e5 ute hele \u00e5ret uten \u00e5 miste sitt gode utseende.<\/p>\n<div>\n<h3>Praktisk og estetisk l\u00f8sning<\/h3>\n<\/div>\n<p>En tilleggsdel til s\u00f8ppeldunken er b\u00e5de praktisk, fleksibel og estetisk. Den bidrar til \u00e5 holde s\u00f8ppelkassene skjult, samtidig som den skaper et ryddig og harmonisk uttrykk i hjemmet.<\/p>","protected":false},"excerpt":{"rendered":"<p>Utvid avfallsl\u00f8sningen med et 64,5 cm langt forlengelsesstykke med utskj\u00e6ring for s\u00f8ppelsekken, laget av 2 mm tykt st\u00e5l for ekstra styrke og holdbarhet. Velg mellom tre eksklusive materialer for en praktisk, fleksibel og estetisk l\u00f8sning som skjuler avfallsbeholdere og skaper et harmonisk utemilj\u00f8.<\/p>","protected":false},"featured_media":60301,"comment_status":"closed","ping_status":"closed","template":"","meta":{"_acf_changed":false},"product_brand":[],"product_cat":[429],"product_tag":[],"class_list":{"0":"post-60296","1":"product","2":"type-product","3":"status-publish","4":"has-post-thumbnail","6":"product_cat-skraldespandskjuler","8":"entry","9":"has-media","11":"first","12":"instock","13":"taxable","14":"shipping-taxable","15":"purchasable","16":"product-type-variable","17":"has-product-nav","18":"col","19":"span_1_of_4","20":"owp-content-center","21":"item-entry","22":"owp-thumbs-layout-vertical","23":"owp-btn-normal","24":"owp-tabs-layout-horizontal"},"acf":[],"_links":{"self":[{"href":"https:\/\/plantelys.dk\/nb\/wp-json\/wp\/v2\/product\/60296","targetHints":{"allow":["GET"]}}],"collection":[{"href":"https:\/\/plantelys.dk\/nb\/wp-json\/wp\/v2\/product"}],"about":[{"href":"https:\/\/plantelys.dk\/nb\/wp-json\/wp\/v2\/types\/product"}],"replies":[{"embeddable":true,"href":"https:\/\/plantelys.dk\/nb\/wp-json\/wp\/v2\/comments?post=60296"}],"version-history":[{"count":0,"href":"https:\/\/plantelys.dk\/nb\/wp-json\/wp\/v2\/product\/60296\/revisions"}],"wp:featuredmedia":[{"embeddable":true,"href":"https:\/\/plantelys.dk\/nb\/wp-json\/wp\/v2\/media\/60301"}],"wp:attachment":[{"href":"https:\/\/plantelys.dk\/nb\/wp-json\/wp\/v2\/media?parent=60296"}],"wp:term":[{"taxonomy":"product_brand","embeddable":true,"href":"https:\/\/plantelys.dk\/nb\/wp-json\/wp\/v2\/product_brand?post=60296"},{"taxonomy":"product_cat","embeddable":true,"href":"https:\/\/plantelys.dk\/nb\/wp-json\/wp\/v2\/product_cat?post=60296"},{"taxonomy":"product_tag","embeddable":true,"href":"https:\/\/plantelys.dk\/nb\/wp-json\/wp\/v2\/product_tag?post=60296"}],"curies":[{"name":"wp","href":"https:\/\/api.w.org\/{rel}","templated":true}]}}