{"id":60209,"date":"2026-04-20T11:03:56","date_gmt":"2026-04-20T10:03:56","guid":{"rendered":"https:\/\/plantelys.dk\/?post_type=product&#038;p=60209"},"modified":"2026-04-22T12:42:45","modified_gmt":"2026-04-22T11:42:45","slug":"645-cm-forlengerstykke-i-flere-materialer","status":"publish","type":"product","link":"https:\/\/plantelys.dk\/nb\/vare\/645-cm-tillaegsstykke-i-flere-materialer\/","title":{"rendered":"64,5 cm Tilleggsdel i flere materialer"},"content":{"rendered":"<p>Gj\u00f8r avfallsl\u00f8sningen din enda mer fleksibel med en 64,5 cm lang forlengelsesmodul til v\u00e5re s\u00f8ppelsekker. Denne modulen er designet for \u00e5 enkelt utvide den eksisterende l\u00f8sningen din, slik at du f\u00e5r plass til flere s\u00f8ppelkasser eller skaper et enhetlig, stilig utseende i hagen eller oppkj\u00f8rselen.<\/p>\n<div>\n<h3>Slitesterke materialer for enhver smak<\/h3>\n<\/div>\n<p>Du kan velge forlengelsesstykket i tre eksklusive materialer:<\/p>\n<div>\n<ul>\n<li><strong>Corten-st\u00e5l<\/strong>: Gir et rustikt og moderne utseende som utvikler en vakker, naturlig patina over tid.<\/li>\n<li><strong>Varmgalvanisert st\u00e5l<\/strong>: En klassisk l\u00f8sning med lang levetid og minimalt med vedlikehold.<\/li>\n<li><strong>Svartlakkert st\u00e5l<\/strong>: Et elegant og tidl\u00f8st design, perfekt for det moderne hjemmet.<\/li>\n<\/ul>\n<\/div>\n<p>Uansett hvilket materiale du velger, f\u00e5r du en robust og v\u00e6rbestandig l\u00f8sning som kan st\u00e5 ute hele \u00e5ret uten \u00e5 miste sitt gode utseende.<\/p>\n<div>\n<h3>Praktisk og estetisk l\u00f8sning<\/h3>\n<\/div>\n<p>En tilleggsdel til s\u00f8ppeldunken er b\u00e5de praktisk, fleksibel og estetisk. Den bidrar til \u00e5 holde s\u00f8ppelkassene skjult, samtidig som den skaper et ryddig og harmonisk uttrykk i hjemmet.<\/p>","protected":false},"excerpt":{"rendered":"<p>Utvid avfallsl\u00f8sningen din med en 64,5 cm lang beholderforlengelse, som f\u00e5s i tre slitesterke materialer: cortenst\u00e5l, varmgalvanisert st\u00e5l og svartlakkert st\u00e5l. Denne fleksible og estetiske l\u00f8sningen skjuler avfallsbeholdere samtidig som den skaper et stilig utseende i utemilj\u00f8et.<\/p>","protected":false},"featured_media":60264,"comment_status":"closed","ping_status":"closed","template":"","meta":{"_acf_changed":false},"product_brand":[],"product_cat":[429],"product_tag":[],"class_list":{"0":"post-60209","1":"product","2":"type-product","3":"status-publish","4":"has-post-thumbnail","6":"product_cat-skraldespandskjuler","8":"entry","9":"has-media","11":"first","12":"instock","13":"taxable","14":"shipping-taxable","15":"purchasable","16":"product-type-variable","17":"has-product-nav","18":"col","19":"span_1_of_4","20":"owp-content-center","21":"item-entry","22":"owp-thumbs-layout-vertical","23":"owp-btn-normal","24":"owp-tabs-layout-horizontal"},"acf":[],"_links":{"self":[{"href":"https:\/\/plantelys.dk\/nb\/wp-json\/wp\/v2\/product\/60209","targetHints":{"allow":["GET"]}}],"collection":[{"href":"https:\/\/plantelys.dk\/nb\/wp-json\/wp\/v2\/product"}],"about":[{"href":"https:\/\/plantelys.dk\/nb\/wp-json\/wp\/v2\/types\/product"}],"replies":[{"embeddable":true,"href":"https:\/\/plantelys.dk\/nb\/wp-json\/wp\/v2\/comments?post=60209"}],"version-history":[{"count":0,"href":"https:\/\/plantelys.dk\/nb\/wp-json\/wp\/v2\/product\/60209\/revisions"}],"wp:featuredmedia":[{"embeddable":true,"href":"https:\/\/plantelys.dk\/nb\/wp-json\/wp\/v2\/media\/60264"}],"wp:attachment":[{"href":"https:\/\/plantelys.dk\/nb\/wp-json\/wp\/v2\/media?parent=60209"}],"wp:term":[{"taxonomy":"product_brand","embeddable":true,"href":"https:\/\/plantelys.dk\/nb\/wp-json\/wp\/v2\/product_brand?post=60209"},{"taxonomy":"product_cat","embeddable":true,"href":"https:\/\/plantelys.dk\/nb\/wp-json\/wp\/v2\/product_cat?post=60209"},{"taxonomy":"product_tag","embeddable":true,"href":"https:\/\/plantelys.dk\/nb\/wp-json\/wp\/v2\/product_tag?post=60209"}],"curies":[{"name":"wp","href":"https:\/\/api.w.org\/{rel}","templated":true}]}}