{"id":60150,"date":"2026-04-18T10:10:52","date_gmt":"2026-04-18T09:10:52","guid":{"rendered":"https:\/\/plantelys.dk\/?post_type=product&#038;p=60150"},"modified":"2026-04-18T10:10:55","modified_gmt":"2026-04-18T09:10:55","slug":"hagebenkbord-i-staal-og-mahogni","status":"publish","type":"product","link":"https:\/\/plantelys.dk\/nb\/vare\/havebaenk-bord-i-staal-og-mahogni\/","title":{"rendered":"Hagebenk og -bord i st\u00e5l og mahogni"},"content":{"rendered":"<div class=\"flex flex-col text-sm pb-25\">\n<section class=\"text-token-text-primary w-full focus:outline-none [--shadow-height:45px] has-data-writing-block:pointer-events-none has-data-writing-block:-mt-(--shadow-height) has-data-writing-block:pt-(--shadow-height) [&amp;:has([data-writing-block])&gt;*]:pointer-events-auto scroll-mt-[calc(var(--header-height)+min(200px,max(70px,20svh)))]\" dir=\"auto\" data-turn-id=\"request-WEB:b4ad15a3-307a-4126-a48b-c71f4064c13a-6\" data-testid=\"conversation-turn-14\" data-scroll-anchor=\"true\" data-turn=\"assistant\">\n<div class=\"text-base my-auto mx-auto pb-10 [--thread-content-margin:var(--thread-content-margin-xs,calc(var(--spacing)*4))] @w-sm\/main:[--thread-content-margin:var(--thread-content-margin-sm,calc(var(--spacing)*6))] @w-lg\/main:[--thread-content-margin:var(--thread-content-margin-lg,calc(var(--spacing)*16))] px-(--thread-content-margin)\">\n<div class=\"[--thread-content-max-width:40rem] @w-lg\/main:[--thread-content-max-width:48rem] mx-auto max-w-(--thread-content-max-width) flex-1 group\/turn-messages focus-visible:outline-hidden relative flex w-full min-w-0 flex-col agent-turn\">\n<div class=\"flex max-w-full flex-col gap-4 grow\">\n<div class=\"min-h-8 text-message relative flex w-full flex-col items-end gap-2 text-start break-words whitespace-normal outline-none keyboard-focused:focus-ring [.text-message+&amp;]:mt-1\" dir=\"auto\" tabindex=\"0\" data-message-author-role=\"assistant\" data-message-id=\"374a75a2-8fbb-4f83-8258-2ffbb3645450\" data-message-model-slug=\"gpt-5-4-thinking\" data-turn-start-message=\"true\">\n<div class=\"flex w-full flex-col gap-1 empty:hidden\">\n<div class=\"markdown prose dark:prose-invert w-full wrap-break-word light markdown-new-styling\">\n<h2 data-start=\"157\" data-end=\"213\">Eksklusivt bord- og b\u00e6nkes\u00e6t i cortenst\u00e5l og mahogni<\/h2>\n<p data-start=\"215\" data-end=\"586\">Dette elegante <strong data-start=\"230\" data-end=\"272\">bord b\u00e6nke s\u00e6t i cortenst\u00e5l og mahogni<\/strong> kombinerer r\u00e5 styrke med varme naturmaterialer og skaber et eksklusivt m\u00f8bel til b\u00e5de private og professionelle uderum. S\u00e6ttet er velegnet til haver, terrasser, g\u00e5rdmilj\u00f8er, boligforeninger, institutioner og offentlige udearealer, hvor der \u00f8nskes en l\u00f8sning med b\u00e5de h\u00f8j funktionalitet og et markant designudtryk.<\/p>\n<p data-start=\"588\" data-end=\"948\">Bordet m\u00e5ler <strong data-start=\"601\" data-end=\"616\">180 x 74 cm<\/strong> og har en h\u00f8jde p\u00e5 <strong data-start=\"636\" data-end=\"645\">73 cm<\/strong>, hvilket giver god plads omkring bordet og g\u00f8r s\u00e6ttet anvendeligt til b\u00e5de ophold, servering og f\u00e6lles samv\u00e6r. De tilh\u00f8rende b\u00e6nke f\u00f8lger samme stilrene design og m\u00e5ler <strong data-start=\"815\" data-end=\"830\">180 x 37 cm<\/strong> med en h\u00f8jde p\u00e5 <strong data-start=\"847\" data-end=\"856\">45 cm<\/strong>. Samlet giver det et harmonisk og gennemf\u00f8rt udtryk, hvor materialerne spiller flot sammen.<\/p>\n<p data-start=\"950\" data-end=\"1326\">Det robuste stel i <strong data-start=\"969\" data-end=\"988\">5 mm cortenst\u00e5l<\/strong> giver s\u00e6ttet en st\u00e6rk og stabil konstruktion. Cortenst\u00e5l er kendt for sin karakteristiske patina, som udvikler sig over tid og giver overfladen et levende, rustikt og arkitektonisk udtryk. Samtidig er materialet s\u00e6rdeles velegnet til udend\u00f8rs brug, da det er udviklet til at modst\u00e5 vejrets p\u00e5virkninger og kr\u00e6ver minimal vedligeholdelse.<\/p>\n<p data-start=\"1328\" data-end=\"1755\">S\u00e6dder og bordplade i <strong data-start=\"1350\" data-end=\"1361\">mahogni<\/strong> tilf\u00f8rer en varm gl\u00f8d og en eksklusiv finish, som skaber en flot kontrast til det r\u00e5 st\u00e5l. Mahogni er valgt for sin smukke struktur, behagelige overflade og gode holdbarhed, hvilket g\u00f8r det til et oplagt valg til m\u00f8bler, der skal bruges ofte og holde i mange \u00e5r. Kombinationen af cortenst\u00e5l og mahogni giver derfor b\u00e5de et moderne og tidl\u00f8st udtryk, som passer ind i mange forskellige milj\u00f8er.<\/p>\n<p data-start=\"1757\" data-end=\"2022\">Dette <strong data-start=\"1763\" data-end=\"1784\">bord- og b\u00e6nkes\u00e6t<\/strong> er oplagt til dig, der \u00f8nsker et m\u00f8bel, som b\u00e5de er praktisk og visuelt st\u00e6rkt. Det fungerer lige godt i den private have som i f\u00e6lles g\u00e5rdrum, ved erhvervsbygninger eller i projekter, hvor kvalitet, \u00e6stetik og lang levetid er afg\u00f8rende.<\/p>\n<h2 data-section-id=\"q50inz\" data-start=\"2024\" data-end=\"2059\">Fordele ved bord- og b\u00e6nkes\u00e6ttet<\/h2>\n<ul data-start=\"2061\" data-end=\"2459\">\n<li data-section-id=\"1pdzzu6\" data-start=\"2061\" data-end=\"2102\">Fremstillet i <strong data-start=\"2077\" data-end=\"2102\">cortenst\u00e5l og mahogni<\/strong><\/li>\n<li data-section-id=\"h0eidd\" data-start=\"2103\" data-end=\"2129\">Bordm\u00e5l: <strong data-start=\"2114\" data-end=\"2129\">180 x 74 cm<\/strong><\/li>\n<li data-section-id=\"zoj8hk\" data-start=\"2130\" data-end=\"2152\">Bordh\u00f8jde: <strong data-start=\"2143\" data-end=\"2152\">73 cm<\/strong><\/li>\n<li data-section-id=\"1ucwkah\" data-start=\"2153\" data-end=\"2180\">B\u00e6nkem\u00e5l: <strong data-start=\"2165\" data-end=\"2180\">180 x 37 cm<\/strong><\/li>\n<li data-section-id=\"1x1tkde\" data-start=\"2181\" data-end=\"2204\">B\u00e6nkeh\u00f8jde: <strong data-start=\"2195\" data-end=\"2204\">45 cm<\/strong><\/li>\n<li data-section-id=\"1nym65n\" data-start=\"2205\" data-end=\"2248\">Robust konstruktion i <strong data-start=\"2229\" data-end=\"2248\">5 mm cortenst\u00e5l<\/strong><\/li>\n<li data-section-id=\"30zp4p\" data-start=\"2249\" data-end=\"2332\">Velegnet til <strong data-start=\"2264\" data-end=\"2332\">private haver, boligforeninger, erhverv og offentlige udearealer<\/strong><\/li>\n<li data-section-id=\"1ulonhu\" data-start=\"2333\" data-end=\"2372\">Eksklusivt design med lang holdbarhed<\/li>\n<li data-section-id=\"1vxmno6\" data-start=\"2373\" data-end=\"2411\">Minimal vedligeholdelse p\u00e5 st\u00e5ldelen<\/li>\n<li data-section-id=\"ejqx3g\" data-start=\"2412\" data-end=\"2459\">Flot samspil mellem rustikt st\u00e5l og varmt tr\u00e6<\/li>\n<\/ul>\n<\/div>\n<\/div>\n<\/div>\n<\/div>\n<\/div>\n<\/div>\n<\/section>\n<\/div>\n","protected":false},"excerpt":{"rendered":"<p>Bordbenksett 180 x 74 cm i cortenst\u00e5l og mahogni. Eksklusivt og slitesterkt m\u00f8belsett med sterk st\u00e5lkonstruksjon, varm mahognioverflate og tidl\u00f8s design for hager, g\u00e5rdsplasser og uterom<\/p>","protected":false},"featured_media":60155,"comment_status":"closed","ping_status":"closed","template":"","meta":{"_acf_changed":false},"product_brand":[],"product_cat":[441],"product_tag":[],"class_list":{"0":"post-60150","1":"product","2":"type-product","3":"status-publish","4":"has-post-thumbnail","6":"product_cat-havemoebler","8":"entry","9":"has-media","11":"first","12":"instock","13":"taxable","14":"shipping-taxable","15":"purchasable","16":"product-type-simple","17":"has-product-nav","18":"col","19":"span_1_of_4","20":"owp-content-center","21":"item-entry","22":"owp-thumbs-layout-vertical","23":"owp-btn-normal","24":"owp-tabs-layout-horizontal"},"acf":[],"_links":{"self":[{"href":"https:\/\/plantelys.dk\/nb\/wp-json\/wp\/v2\/product\/60150","targetHints":{"allow":["GET"]}}],"collection":[{"href":"https:\/\/plantelys.dk\/nb\/wp-json\/wp\/v2\/product"}],"about":[{"href":"https:\/\/plantelys.dk\/nb\/wp-json\/wp\/v2\/types\/product"}],"replies":[{"embeddable":true,"href":"https:\/\/plantelys.dk\/nb\/wp-json\/wp\/v2\/comments?post=60150"}],"version-history":[{"count":0,"href":"https:\/\/plantelys.dk\/nb\/wp-json\/wp\/v2\/product\/60150\/revisions"}],"wp:featuredmedia":[{"embeddable":true,"href":"https:\/\/plantelys.dk\/nb\/wp-json\/wp\/v2\/media\/60155"}],"wp:attachment":[{"href":"https:\/\/plantelys.dk\/nb\/wp-json\/wp\/v2\/media?parent=60150"}],"wp:term":[{"taxonomy":"product_brand","embeddable":true,"href":"https:\/\/plantelys.dk\/nb\/wp-json\/wp\/v2\/product_brand?post=60150"},{"taxonomy":"product_cat","embeddable":true,"href":"https:\/\/plantelys.dk\/nb\/wp-json\/wp\/v2\/product_cat?post=60150"},{"taxonomy":"product_tag","embeddable":true,"href":"https:\/\/plantelys.dk\/nb\/wp-json\/wp\/v2\/product_tag?post=60150"}],"curies":[{"name":"wp","href":"https:\/\/api.w.org\/{rel}","templated":true}]}}