{"id":5985,"date":"2022-01-26T11:12:24","date_gmt":"2022-01-26T11:12:24","guid":{"rendered":"https:\/\/plantelys.dk\/?post_type=product&#038;p=5985"},"modified":"2026-03-12T15:16:16","modified_gmt":"2026-03-12T14:16:16","slug":"undervanningsbrett-for-sagbakker-std-2","status":"publish","type":"product","link":"https:\/\/plantelys.dk\/nb\/vare\/undervanding-bakker-for-saabakker-std\/","title":{"rendered":"Undervannsbrett for QuickPot s\u00e5brett Standard (STD)"},"content":{"rendered":"<h2>Undervannsbrett for QuickPot s\u00e5brett STD<\/h2>\n<p>Svarte fr\u00f8brett i 100% resirkulert plast for undervanning av plantene dine, egnet <strong>QuickPot standard<\/strong> serie,<span style=\"color: #ff0000;\"> <em><span style=\"text-decoration: underline;\">kan ikke brukes til det danske sortimentet av brett og minidrivhus<\/span><\/em><\/span>.<\/p>\n<p>Brettet er designet for \u00e5 gi en god undervanning for plantene dine, b\u00f8r plasseres p\u00e5 en flat overflate. De nedsenkbare brettene gir god rotutvikling og jevn spiring av sm\u00e5plantene dine.<\/p>\n<p>Brettet er laget med riller og &quot;humper&quot; i bunnen. Det er ingen hull i putene, brettet er helt vanntett. Riller og riller p\u00e5 brettet er laget for \u00e5 skape det beste milj\u00f8et og vanningen for plantene, samt fungere som &quot;f\u00f8tter&quot; for brettet.<\/p>\n<p>Brettet kan ogs\u00e5 brukes som vanlig brett <strong><a href=\"https:\/\/plantelys.dk\/nb\/produkt\/undervanningsbrett-for-danske-sagbakker-2\/\">under brettet<\/a><\/strong> for de st\u00f8rre pottene du bruker til ompotting. Legg grytene dine i brettet og legg evt et undervanningsteppe f\u00f8rst for \u00e5 sikre optimal vanning.<\/p>\n<p>&nbsp;<\/p>\n<p><strong>St\u00f8rrelse:<\/strong> 51,5 x 33 cm<\/p>\n<p>&nbsp;<\/p>\n<p><strong>MERK: Passer kun til Standard (STD)-serien av s\u00e5brett - IKKE DANISH-brettene<\/strong><\/p>\n<p>&nbsp;<\/p>\n<h2>Lys for spiring i fr\u00f8brett<\/h2>\n<p>For optimal utnyttelse av din <a href=\"https:\/\/plantelys.dk\/nb\/produktkategori-2\/spirekasser-spirebrett-for-planter\/\">fr\u00f8brett<\/a> det anbefales \u00e5 bruke en kraftig <a href=\"https:\/\/plantelys.dk\/nb\/produktkategori-2\/vekstlys\/\">Vekstlys<\/a>.<\/p>","protected":false},"excerpt":{"rendered":"<p>Basisbrett for QiuckPot fr\u00f8brett <strong>STD<\/strong>. serien - egnet til \u00e5 sette plantene dine under vann. Passer IKKE til danske s\u00e5brett!<\/p>","protected":false},"featured_media":6163,"comment_status":"closed","ping_status":"closed","template":"","meta":{"_acf_changed":false},"product_brand":[],"product_cat":[160],"product_tag":[],"class_list":{"0":"post-5985","1":"product","2":"type-product","3":"status-publish","4":"has-post-thumbnail","6":"product_cat-saabakker-spirebakker-for-planter","8":"entry","9":"has-media","11":"first","12":"instock","13":"sale","14":"taxable","15":"shipping-taxable","16":"purchasable","17":"product-type-simple","18":"has-product-nav","19":"col","20":"span_1_of_4","21":"owp-content-center","22":"item-entry","23":"owp-thumbs-layout-vertical","24":"owp-btn-normal","25":"owp-tabs-layout-horizontal"},"acf":[],"_links":{"self":[{"href":"https:\/\/plantelys.dk\/nb\/wp-json\/wp\/v2\/product\/5985","targetHints":{"allow":["GET"]}}],"collection":[{"href":"https:\/\/plantelys.dk\/nb\/wp-json\/wp\/v2\/product"}],"about":[{"href":"https:\/\/plantelys.dk\/nb\/wp-json\/wp\/v2\/types\/product"}],"replies":[{"embeddable":true,"href":"https:\/\/plantelys.dk\/nb\/wp-json\/wp\/v2\/comments?post=5985"}],"version-history":[{"count":0,"href":"https:\/\/plantelys.dk\/nb\/wp-json\/wp\/v2\/product\/5985\/revisions"}],"wp:featuredmedia":[{"embeddable":true,"href":"https:\/\/plantelys.dk\/nb\/wp-json\/wp\/v2\/media\/6163"}],"wp:attachment":[{"href":"https:\/\/plantelys.dk\/nb\/wp-json\/wp\/v2\/media?parent=5985"}],"wp:term":[{"taxonomy":"product_brand","embeddable":true,"href":"https:\/\/plantelys.dk\/nb\/wp-json\/wp\/v2\/product_brand?post=5985"},{"taxonomy":"product_cat","embeddable":true,"href":"https:\/\/plantelys.dk\/nb\/wp-json\/wp\/v2\/product_cat?post=5985"},{"taxonomy":"product_tag","embeddable":true,"href":"https:\/\/plantelys.dk\/nb\/wp-json\/wp\/v2\/product_tag?post=5985"}],"curies":[{"name":"wp","href":"https:\/\/api.w.org\/{rel}","templated":true}]}}