{"id":5979,"date":"2022-01-21T13:22:54","date_gmt":"2022-01-21T13:22:54","guid":{"rendered":"https:\/\/plantelys.dk\/?post_type=product&#038;p=5979"},"modified":"2026-02-12T08:31:35","modified_gmt":"2026-02-12T07:31:35","slug":"spirebrett-for-mikrogroent-med-hull-20mm-2","status":"publish","type":"product","link":"https:\/\/plantelys.dk\/nb\/vare\/spirebakker-til-mikrogroent-med-huller-20mm\/","title":{"rendered":"Spirebrett for Microgreens med hull 20mm"},"content":{"rendered":"<h2><span class=\"product-name\">Spirebrett for mikrogr\u00f8nnsaker med hull 20 mm<\/span><\/h2>\n<p>Hollandsk designede fr\u00f8brett for dyrking av mikrogr\u00f8nt. Det funksjonelle designet gj\u00f8r dyrking av vitaminrike urter enkelt og hygienisk.<\/p>\n<p><strong><a href=\"https:\/\/plantelys.dk\/nb\/produkt\/spirebrett-for-mikrogroent-med-hull-20mm-2\/\">Microgreen QuickPot<\/a><\/strong>(QP) brett med avl\u00f8p, er en del av et mikrogreen brett-sett. Bunnen av brettet er utformet med store riller og hull som hjelper til med drenering og vanning.<\/p>\n<p>Microgreen avl\u00f8psbrett er laget av 100% resirkulert plast, og er matgodkjent.<\/p>\n<p>&nbsp;<\/p>\n<p>Brettet b\u00f8r brukes med et undervannsbrett fra QuickPot Danish-serien.<\/p>\n<p>&nbsp;<\/p>\n<p>St\u00f8rrelse: 31 x 53 x 2 cm (H: 3 cm utvendig)<\/p>\n<p><b>MERK: Passer kun til DANSK serie med s\u00e5brett (D)<\/b><\/p>\n<h3>QuickPot TR-D U2<\/h3>\n<p>&nbsp;<\/p>\n<h2>Lys for spiring i fr\u00f8brett<\/h2>\n<p>For optimal utnyttelse av din <a href=\"https:\/\/plantelys.dk\/nb\/produktkategori-2\/spirekasser-spirebrett-for-planter\/\">fr\u00f8brett <\/a>det anbefales \u00e5 bruke en kraftig <a href=\"https:\/\/plantelys.dk\/nb\/produktkategori-2\/vekstlys\/\">Vekstlys<\/a>.<\/p>","protected":false},"excerpt":{"rendered":"<p>Spirebrett for Microgreens med hull, 20mm innvendig h\u00f8yde - DANSK serie<\/p>","protected":false},"featured_media":6156,"comment_status":"open","ping_status":"closed","template":"","meta":{"_acf_changed":false},"product_brand":[],"product_cat":[106,177,160,107],"product_tag":[],"class_list":{"0":"post-5979","1":"product","2":"type-product","3":"status-publish","4":"has-post-thumbnail","6":"product_cat-mikrogroent-gro-dit-eget-sunde-groent","7":"product_cat-mikrogroent-bakker","8":"product_cat-saabakker-spirebakker-for-planter","9":"product_cat-vertical-farming-lys-varme-gro-dine-planter","11":"entry","12":"has-media","14":"first","15":"instock","16":"sale","17":"taxable","18":"shipping-taxable","19":"purchasable","20":"product-type-simple","21":"has-product-nav","22":"col","23":"span_1_of_4","24":"owp-content-center","25":"item-entry","26":"owp-thumbs-layout-vertical","27":"owp-btn-normal","28":"owp-tabs-layout-horizontal"},"acf":[],"_links":{"self":[{"href":"https:\/\/plantelys.dk\/nb\/wp-json\/wp\/v2\/product\/5979","targetHints":{"allow":["GET"]}}],"collection":[{"href":"https:\/\/plantelys.dk\/nb\/wp-json\/wp\/v2\/product"}],"about":[{"href":"https:\/\/plantelys.dk\/nb\/wp-json\/wp\/v2\/types\/product"}],"replies":[{"embeddable":true,"href":"https:\/\/plantelys.dk\/nb\/wp-json\/wp\/v2\/comments?post=5979"}],"version-history":[{"count":0,"href":"https:\/\/plantelys.dk\/nb\/wp-json\/wp\/v2\/product\/5979\/revisions"}],"wp:featuredmedia":[{"embeddable":true,"href":"https:\/\/plantelys.dk\/nb\/wp-json\/wp\/v2\/media\/6156"}],"wp:attachment":[{"href":"https:\/\/plantelys.dk\/nb\/wp-json\/wp\/v2\/media?parent=5979"}],"wp:term":[{"taxonomy":"product_brand","embeddable":true,"href":"https:\/\/plantelys.dk\/nb\/wp-json\/wp\/v2\/product_brand?post=5979"},{"taxonomy":"product_cat","embeddable":true,"href":"https:\/\/plantelys.dk\/nb\/wp-json\/wp\/v2\/product_cat?post=5979"},{"taxonomy":"product_tag","embeddable":true,"href":"https:\/\/plantelys.dk\/nb\/wp-json\/wp\/v2\/product_tag?post=5979"}],"curies":[{"name":"wp","href":"https:\/\/api.w.org\/{rel}","templated":true}]}}