{"id":5977,"date":"2022-01-26T09:48:50","date_gmt":"2022-01-26T09:48:50","guid":{"rendered":"https:\/\/plantelys.dk\/?post_type=product&#038;p=5977"},"modified":"2026-03-12T15:39:50","modified_gmt":"2026-03-12T14:39:50","slug":"quickpot-mini-drivhuslag-12-cm-for-danske-brett","status":"publish","type":"product","link":"https:\/\/plantelys.dk\/nb\/vare\/quickpot-minidrivhus-laag-12-cm-til-danish-bakker\/","title":{"rendered":"QuickPot Mini drivhuslokk 12 cm for danske brett"},"content":{"rendered":"<h2 data-start=\"69\" data-end=\"129\"><strong data-start=\"73\" data-end=\"129\">QuickPot Mini drivhuslokk - Skap perfekte vekstforhold<\/strong><\/h2>\n<p class=\"\" data-start=\"131\" data-end=\"380\">Med denne praktiske <strong><a href=\"https:\/\/plantelys.dk\/nb\/produkt\/quickpot-mini-drivhuslag-12-cm-for-danske-brett\/\">minidrivhuslokk<\/a><\/strong> kan du enkelt forvandle QuickPot-s\u00e5brettene dine til et effektivt minidrivhus som fremmer spiring og tidlig plantevekst. Lokket bidrar til \u00e5 holde p\u00e5 fuktighet og varme, noe som skaper et optimalt mikroklima for plantene dine.<\/p>\n<h3 data-start=\"382\" data-end=\"408\"><strong data-start=\"382\" data-end=\"406\">Kompatible modeller:<\/strong><\/h3>\n<h4 data-start=\"425\" data-end=\"510\">Dette lokket er utviklet spesielt for f\u00f8lgende QuickPot-modeller:<\/h4>\n<ul>\n<li data-start=\"513\" data-end=\"538\">QP Danish D77W (#28049)<\/li>\n<li data-start=\"541\" data-end=\"561\">QP D84T\/8 (#28050)<\/li>\n<li data-start=\"564\" data-end=\"610\">Mikrogr\u00f8nne skuffer (#28044, #28045, #28046)<\/li>\n<li>I tillegg til alle <strong>Danske modeller<\/strong><\/li>\n<\/ul>\n<p class=\"\" data-start=\"612\" data-end=\"686\"><strong data-start=\"612\" data-end=\"623\">Merk:<\/strong> S\u00e5brett og bunnbrett f\u00f8lger ikke med og m\u00e5 kj\u00f8pes separat, passer til <strong>ikke for STD-serien<\/strong> av skuffer.<\/p>\n<p><strong>Merk: <\/strong>I noen tilfeller kan det v\u00e6re sm\u00e5 rifter og sm\u00e5 sprekker i kanten av brettene (&lt;10 mm)<\/p>\n<p>&nbsp;<\/p>\n<h2><strong data-start=\"590\" data-end=\"609\">Spesifikasjoner p\u00e5 drivhuslokk<\/strong><\/h2>\n<ul>\n<li data-start=\"612\" data-end=\"659\"><strong data-start=\"612\" data-end=\"621\">Type:<\/strong> QuickPot mini drivhusd\u00f8r, 12 cm h\u00f8y, kun egnet for <strong>dansk bakker<\/strong><\/li>\n<li data-start=\"662\" data-end=\"688\"><strong data-start=\"662\" data-end=\"670\">M\u00e5lsettinger:<\/strong> 53 \u00d7 31 \u00d7 14 cm<\/li>\n<li data-start=\"691\" data-end=\"721\"><strong data-start=\"691\" data-end=\"713\">Maks. planteh\u00f8yde:<\/strong> 12 cm<\/li>\n<li data-start=\"724\" data-end=\"780\"><strong data-start=\"724\" data-end=\"738\">Materiale:<\/strong> Transparent, robust resirkulert plast (100%)<\/li>\n<\/ul>\n<p>&nbsp;<\/p>\n<h2>Lys for spiring i fr\u00f8brett<\/h2>\n<p>For optimal utnyttelse av din <a href=\"https:\/\/plantelys.dk\/nb\/produktkategori-2\/spirekasser-spirebrett-for-planter\/\">fr\u00f8brett <\/a>det anbefales \u00e5 bruke en kraftig <a href=\"https:\/\/plantelys.dk\/nb\/produktkategori-2\/vekstlys\/\">Vekstlys<\/a>.<\/p>","protected":false},"excerpt":{"rendered":"<p>Klart lokk 12 cm til danske QuickPot fr\u00f8brett, gj\u00f8r fr\u00f8brettet ditt om til et minidrivhus (*merk info!)<\/p>","protected":false},"featured_media":6175,"comment_status":"closed","ping_status":"closed","template":"","meta":{"_acf_changed":false},"product_brand":[],"product_cat":[160],"product_tag":[],"class_list":{"0":"post-5977","1":"product","2":"type-product","3":"status-publish","4":"has-post-thumbnail","6":"product_cat-saabakker-spirebakker-for-planter","8":"entry","9":"has-media","11":"first","12":"instock","13":"taxable","14":"shipping-taxable","15":"purchasable","16":"product-type-simple","17":"has-product-nav","18":"col","19":"span_1_of_4","20":"owp-content-center","21":"item-entry","22":"owp-thumbs-layout-vertical","23":"owp-btn-normal","24":"owp-tabs-layout-horizontal"},"acf":[],"_links":{"self":[{"href":"https:\/\/plantelys.dk\/nb\/wp-json\/wp\/v2\/product\/5977","targetHints":{"allow":["GET"]}}],"collection":[{"href":"https:\/\/plantelys.dk\/nb\/wp-json\/wp\/v2\/product"}],"about":[{"href":"https:\/\/plantelys.dk\/nb\/wp-json\/wp\/v2\/types\/product"}],"replies":[{"embeddable":true,"href":"https:\/\/plantelys.dk\/nb\/wp-json\/wp\/v2\/comments?post=5977"}],"version-history":[{"count":0,"href":"https:\/\/plantelys.dk\/nb\/wp-json\/wp\/v2\/product\/5977\/revisions"}],"wp:featuredmedia":[{"embeddable":true,"href":"https:\/\/plantelys.dk\/nb\/wp-json\/wp\/v2\/media\/6175"}],"wp:attachment":[{"href":"https:\/\/plantelys.dk\/nb\/wp-json\/wp\/v2\/media?parent=5977"}],"wp:term":[{"taxonomy":"product_brand","embeddable":true,"href":"https:\/\/plantelys.dk\/nb\/wp-json\/wp\/v2\/product_brand?post=5977"},{"taxonomy":"product_cat","embeddable":true,"href":"https:\/\/plantelys.dk\/nb\/wp-json\/wp\/v2\/product_cat?post=5977"},{"taxonomy":"product_tag","embeddable":true,"href":"https:\/\/plantelys.dk\/nb\/wp-json\/wp\/v2\/product_tag?post=5977"}],"curies":[{"name":"wp","href":"https:\/\/api.w.org\/{rel}","templated":true}]}}