{"id":5952,"date":"2022-01-21T13:07:53","date_gmt":"2022-01-21T13:07:53","guid":{"rendered":"https:\/\/plantelys.dk\/?post_type=product&#038;p=5952"},"modified":"2026-03-09T21:47:39","modified_gmt":"2026-03-09T20:47:39","slug":"quickpot-35-t-sagbrett","status":"publish","type":"product","link":"https:\/\/plantelys.dk\/nb\/vare\/quickpot-35-t-saabakke\/","title":{"rendered":"Spirebrett laget av resirkulert plast - QuickPot QP 35"},"content":{"rendered":"<div class=\"tab-content\">\n<div id=\"tab-description\" class=\"tab-pane active\">\n<h2>Spirebrett med ekstra store og dype hull - Quickpot 35T<\/h2>\n<p>Her f\u00e5r du et solid fr\u00f8brett med 35 store hull.<\/p>\n<p>Med de ekstra store grytehullene har du muligheten til \u00e5 la de spirede plantene vokse seg st\u00f8rre i dette fr\u00f8brettet, du kan ogs\u00e5 ha avlinger som krever mer plass til planten og dens <a href=\"https:\/\/plantelys.dk\/nb\/produkt\/roteksplosjon-faa-flere-og-bedre-roetter-paa-plantestikkene-dine-2\/\">r\u00f8tter<\/a>. Fr\u00f8brettets store hull gir bedre plass til et st\u00f8rre rotnett enn andre brett, noe som gj\u00f8r at avlinger som purre, salat, r\u00f8dbeter, k\u00e5lrabi og til og med tomater trives bedre i forspiring.<\/p>\n<p>Med Quickpot 35T f\u00e5r du et fr\u00f8brett av h\u00f8y kvalitet som kan vare i mange \u00e5r. Plantebrettet er laget i Nederland av en tykk og solid resirkulert plast, og behandler du den fornuftig kan du forvente en holdbarhet p\u00e5 over 10 \u00e5r. Produktet fra QuickPot foretrekkes av profesjonelle europeiske drivhusdyrkere, og kan vaskes i oppvaskmaskin (lav varme).<\/p>\n<p>Bunnen av dette fr\u00f8brettet er laget med store hull, samt avstandsstykker under brettet, som er med p\u00e5 \u00e5 sikre god vannavl\u00f8p fra fr\u00f8jorda og god oksygentilf\u00f8rsel til planter\u00f8ttene.<\/p>\n<p><em>Merk: En er ikke inkludert <strong><a href=\"https:\/\/plantelys.dk\/nb\/produkt\/undervanningsbrett-for-danske-sagbakker-2\/\">under brettet<\/a><\/strong> med dette fr\u00f8brettet, og de danske \/ STD spirebrettene passer heller ikke til det<\/em><\/p>\n<p>&nbsp;<\/p>\n<p><strong>Teknisk informasjon:<\/strong><\/p>\n<p>\u2013 Type: QuickPot QP 35<br \/>\n- Firkantede hull, st\u00f8rrelse 50\u00d750 mm - 115 mm dype<br \/>\n\u2013 Ytre st\u00f8rrelse: 36,5 cm x 28 cm<br \/>\n\u2013 Antall hull: 7\u00d75 hull, totalt 35 stk.<\/p>\n<\/div>\n<p><strong>Merk: passer ikke med noen brett eller lokk!<\/strong><\/p>\n<p>&nbsp;<\/p>\n<\/div>\n<h2>Lys for spiring i fr\u00f8brett<\/h2>\n<p>For optimal utnyttelse av din <a href=\"https:\/\/plantelys.dk\/nb\/produktkategori-2\/spirekasser-spirebrett-for-planter\/\">fr\u00f8brett <\/a>det anbefales \u00e5 bruke en kraftig <a href=\"https:\/\/plantelys.dk\/nb\/produktkategori-2\/vekstlys\/\">Vekstlys<\/a>.<\/p>","protected":false},"excerpt":{"rendered":"<p>QuickPot QP 35T \u2013 <strong><a href=\"https:\/\/plantelys.dk\/nb\/produkt\/quickpot-77-sagbrett\/\">S\u00e5brett<\/a><\/strong> med 35 pottehull, laget av 100% tykk resirkulert plast, laget for \u00e5 vare i mange \u00e5r.<\/p>\n<p>&nbsp;<\/p>\n<p>&nbsp;<\/p>","protected":false},"featured_media":6213,"comment_status":"open","ping_status":"closed","template":"","meta":{"_acf_changed":false},"product_brand":[],"product_cat":[160],"product_tag":[],"class_list":{"0":"post-5952","1":"product","2":"type-product","3":"status-publish","4":"has-post-thumbnail","6":"product_cat-saabakker-spirebakker-for-planter","8":"entry","9":"has-media","11":"first","12":"instock","13":"sale","14":"taxable","15":"shipping-taxable","16":"purchasable","17":"product-type-simple","18":"has-product-nav","19":"col","20":"span_1_of_4","21":"owp-content-center","22":"item-entry","23":"owp-thumbs-layout-vertical","24":"owp-btn-normal","25":"owp-tabs-layout-horizontal"},"acf":[],"_links":{"self":[{"href":"https:\/\/plantelys.dk\/nb\/wp-json\/wp\/v2\/product\/5952","targetHints":{"allow":["GET"]}}],"collection":[{"href":"https:\/\/plantelys.dk\/nb\/wp-json\/wp\/v2\/product"}],"about":[{"href":"https:\/\/plantelys.dk\/nb\/wp-json\/wp\/v2\/types\/product"}],"replies":[{"embeddable":true,"href":"https:\/\/plantelys.dk\/nb\/wp-json\/wp\/v2\/comments?post=5952"}],"version-history":[{"count":0,"href":"https:\/\/plantelys.dk\/nb\/wp-json\/wp\/v2\/product\/5952\/revisions"}],"wp:featuredmedia":[{"embeddable":true,"href":"https:\/\/plantelys.dk\/nb\/wp-json\/wp\/v2\/media\/6213"}],"wp:attachment":[{"href":"https:\/\/plantelys.dk\/nb\/wp-json\/wp\/v2\/media?parent=5952"}],"wp:term":[{"taxonomy":"product_brand","embeddable":true,"href":"https:\/\/plantelys.dk\/nb\/wp-json\/wp\/v2\/product_brand?post=5952"},{"taxonomy":"product_cat","embeddable":true,"href":"https:\/\/plantelys.dk\/nb\/wp-json\/wp\/v2\/product_cat?post=5952"},{"taxonomy":"product_tag","embeddable":true,"href":"https:\/\/plantelys.dk\/nb\/wp-json\/wp\/v2\/product_tag?post=5952"}],"curies":[{"name":"wp","href":"https:\/\/api.w.org\/{rel}","templated":true}]}}