{"id":5810,"date":"2022-01-09T14:30:58","date_gmt":"2022-01-09T14:30:58","guid":{"rendered":"https:\/\/plantelys.dk\/?post_type=product&#038;p=5810"},"modified":"2025-10-13T12:55:55","modified_gmt":"2025-10-13T11:55:55","slug":"plukke-salatfroe-for-smart-hage","status":"publish","type":"product","link":"https:\/\/plantelys.dk\/nb\/vare\/pluksalat-froe-for-smart-garden\/","title":{"rendered":"Salatfr\u00f8, blandet"},"content":{"rendered":"<h2>Fargerik salatfr\u00f8blanding.<\/h2>\n<p>Etter bare noen uker kan de 4 forskjellige salatene h\u00f8stes.<\/p>\n<p>Formen og fargen p\u00e5 salatfr\u00f8ene er forskjellig \u2013 en fin blanding i salatbollen.<\/p>\n<p>Passer for en Smart Indoor gr\u00f8nnsakshage - Kan ogs\u00e5 dyrkes i balkongkasse.<\/p>\n<p>Til urtehagen utend\u00f8rs b\u00f8r de her plasseres p\u00e5 et solrikt og lunt vekstomr\u00e5de i god, n\u00e6ringsrik jord.<\/p>\n<p>S\u00e5ing i drivhus mars \u2013 april.<\/p>\n<p>Direkte s\u00e5ing i urtehagen: april \u2013 august.<\/p>","protected":false},"excerpt":{"rendered":"<p>Salatfr\u00f8blanding<\/p>","protected":false},"featured_media":5731,"comment_status":"open","ping_status":"closed","template":"","meta":{"_acf_changed":false},"product_brand":[],"product_cat":[161,216],"product_tag":[],"class_list":{"0":"post-5810","1":"product","2":"type-product","3":"status-publish","4":"has-post-thumbnail","6":"product_cat-plante-froe","7":"product_cat-stort-udvalg-i-urtefroe-og-groentsagsfroe","9":"entry","10":"has-media","12":"first","13":"instock","14":"taxable","15":"shipping-taxable","16":"purchasable","17":"product-type-simple","18":"has-product-nav","19":"col","20":"span_1_of_4","21":"owp-content-center","22":"item-entry","23":"owp-thumbs-layout-vertical","24":"owp-btn-normal","25":"owp-tabs-layout-horizontal"},"acf":[],"_links":{"self":[{"href":"https:\/\/plantelys.dk\/nb\/wp-json\/wp\/v2\/product\/5810","targetHints":{"allow":["GET"]}}],"collection":[{"href":"https:\/\/plantelys.dk\/nb\/wp-json\/wp\/v2\/product"}],"about":[{"href":"https:\/\/plantelys.dk\/nb\/wp-json\/wp\/v2\/types\/product"}],"replies":[{"embeddable":true,"href":"https:\/\/plantelys.dk\/nb\/wp-json\/wp\/v2\/comments?post=5810"}],"version-history":[{"count":0,"href":"https:\/\/plantelys.dk\/nb\/wp-json\/wp\/v2\/product\/5810\/revisions"}],"wp:featuredmedia":[{"embeddable":true,"href":"https:\/\/plantelys.dk\/nb\/wp-json\/wp\/v2\/media\/5731"}],"wp:attachment":[{"href":"https:\/\/plantelys.dk\/nb\/wp-json\/wp\/v2\/media?parent=5810"}],"wp:term":[{"taxonomy":"product_brand","embeddable":true,"href":"https:\/\/plantelys.dk\/nb\/wp-json\/wp\/v2\/product_brand?post=5810"},{"taxonomy":"product_cat","embeddable":true,"href":"https:\/\/plantelys.dk\/nb\/wp-json\/wp\/v2\/product_cat?post=5810"},{"taxonomy":"product_tag","embeddable":true,"href":"https:\/\/plantelys.dk\/nb\/wp-json\/wp\/v2\/product_tag?post=5810"}],"curies":[{"name":"wp","href":"https:\/\/api.w.org\/{rel}","templated":true}]}}