{"id":57761,"date":"2026-02-13T12:16:07","date_gmt":"2026-02-13T11:16:07","guid":{"rendered":"https:\/\/plantelys.dk\/?post_type=product&#038;p=57761"},"modified":"2026-04-28T09:42:07","modified_gmt":"2026-04-28T08:42:07","slug":"speilvask-oe200-cm-i-cortenstaal-uten-kant-og-med-avloepshull","status":"publish","type":"product","link":"https:\/\/plantelys.dk\/nb\/vare\/spejlbassin-oe200-cm-i-corten-staal-uden-kant-og-med-afloebshul\/","title":{"rendered":"Speilbasseng \u00d8200 cm i cortenst\u00e5l uten kant og dreneringshull"},"content":{"rendered":"<h2>Rundt speilbasseng i cortenst\u00e5l \u00d8200 - uten kant og uten dreneringshull<\/h2>\n<p data-start=\"70\" data-end=\"291\">En imponerende og arkitektonisk <strong>Speilbasseng i cortenst\u00e5l med en diameter p\u00e5 200 cm<\/strong>. Den store, runde formen skaper en bred og rolig vannflate som reflekterer himmelen og omgivelsene, noe som gir hagen et s\u00e6regent og eksklusivt uttrykk.<\/p>\n<p data-start=\"293\" data-end=\"674\">Bassenget er <strong>Danskprodusert<\/strong> i sterkt cortenst\u00e5l. Over tid utvikler materialet en naturlig rustpatina som b\u00e5de beskytter st\u00e5let og gir det et levende utseende. Modellen leveres uten kant og uten avl\u00f8pshull, noe som gir en ren og enkel design. Serien er tilgjengelig i <strong>Flere st\u00f8rrelser fra \u00d860 til \u00d8200<\/strong> og kan ogs\u00e5 brukes som b\u00e5lsk\u00e5l. Hvis du \u00f8nsker et opph\u00f8yet utseende, kan du kj\u00f8pe en jernring som ben.<\/p>\n<h2 data-start=\"676\" data-end=\"701\">Spesifikasjoner (\u00d8200)<\/h2>\n<div class=\"TyagGW_tableContainer\">\n<div class=\"group TyagGW_tableWrapper flex flex-col-reverse w-fit\" tabindex=\"-1\">\n<table class=\"w-fit min-w-(--thread-content-width)\" style=\"height: 331px;\" width=\"924\" data-start=\"703\" data-end=\"1065\">\n<thead data-start=\"703\" data-end=\"726\">\n<tr data-start=\"703\" data-end=\"726\">\n<th class=\"\" data-start=\"703\" data-end=\"714\" data-col-size=\"sm\"><strong>EIERSKAP<\/strong><\/th>\n<th class=\"\" data-start=\"714\" data-end=\"726\" data-col-size=\"sm\"><strong>DETALJER<\/strong><\/th>\n<\/tr>\n<\/thead>\n<tbody data-start=\"737\" data-end=\"1065\">\n<tr data-start=\"737\" data-end=\"761\">\n<td data-start=\"737\" data-end=\"750\" data-col-size=\"sm\">Artikkelnummer<\/td>\n<td data-start=\"750\" data-end=\"761\" data-col-size=\"sm\">2210023<\/td>\n<\/tr>\n<tr data-start=\"762\" data-end=\"788\">\n<td data-start=\"762\" data-end=\"774\" data-col-size=\"sm\">Materiale<\/td>\n<td data-start=\"774\" data-end=\"788\" data-col-size=\"sm\">Cortenst\u00e5l<\/td>\n<\/tr>\n<tr data-start=\"789\" data-end=\"811\">\n<td data-start=\"789\" data-end=\"800\" data-col-size=\"sm\">Diameter<\/td>\n<td data-start=\"800\" data-end=\"811\" data-col-size=\"sm\">\u00d8200 cm<\/td>\n<\/tr>\n<tr data-start=\"812\" data-end=\"855\">\n<td data-start=\"812\" data-end=\"824\" data-col-size=\"sm\">Utf\u00f8relse<\/td>\n<td data-col-size=\"sm\" data-start=\"824\" data-end=\"855\">Uten kant og uten dreneringshull<\/td>\n<\/tr>\n<tr data-start=\"856\" data-end=\"879\">\n<td data-start=\"856\" data-end=\"871\" data-col-size=\"sm\">Veggtykkelse<\/td>\n<td data-col-size=\"sm\" data-start=\"871\" data-end=\"879\">4 mm<\/td>\n<\/tr>\n<tr data-start=\"880\" data-end=\"897\">\n<td data-start=\"880\" data-end=\"888\" data-col-size=\"sm\">Dybde<\/td>\n<td data-col-size=\"sm\" data-start=\"888\" data-end=\"897\">30 cm<\/td>\n<\/tr>\n<tr data-start=\"898\" data-end=\"921\">\n<td data-start=\"898\" data-end=\"908\" data-col-size=\"sm\">Volum<\/td>\n<td data-start=\"908\" data-end=\"921\" data-col-size=\"sm\">275 liter<\/td>\n<\/tr>\n<tr data-start=\"922\" data-end=\"938\">\n<td data-start=\"922\" data-end=\"929\" data-col-size=\"sm\">Vekt<\/td>\n<td data-start=\"929\" data-end=\"938\" data-col-size=\"sm\">90 kg<\/td>\n<\/tr>\n<tr data-start=\"939\" data-end=\"978\">\n<td data-start=\"939\" data-end=\"952\" data-col-size=\"sm\">St\u00f8rrelser<\/td>\n<td data-col-size=\"sm\" data-start=\"952\" data-end=\"978\">7 varianter (\u00d860-\u00d8200)<\/td>\n<\/tr>\n<tr data-start=\"979\" data-end=\"1017\">\n<td data-start=\"979\" data-end=\"997\" data-col-size=\"sm\">Mulig tilbeh\u00f8r<\/td>\n<td data-col-size=\"sm\" data-start=\"997\" data-end=\"1017\">Jernring som ben<\/td>\n<\/tr>\n<tr data-start=\"1018\" data-end=\"1065\">\n<td data-start=\"1018\" data-end=\"1031\" data-col-size=\"sm\">applikasjon<\/td>\n<td data-start=\"1031\" data-end=\"1065\" data-col-size=\"sm\">Speilbasseng, vannspeil, b\u00e5lplass<\/td>\n<\/tr>\n<\/tbody>\n<\/table>\n<\/div>\n<\/div>\n<p data-start=\"69\" data-end=\"281\">","protected":false},"excerpt":{"rendered":"<p>Stor runde <strong>Speilbasseng i 4 mm cortenst\u00e5l \u00d8200<\/strong> Med en dyp sk\u00e5lform som skaper en karakteristisk og rolig vannflate i hagen. Leveres uten kant og uten avl\u00f8pshull i solid <strong>Danskprodusert kvalitet<\/strong>.<\/p>","protected":false},"featured_media":60358,"comment_status":"closed","ping_status":"closed","template":"","meta":{"_acf_changed":false},"product_brand":[],"product_cat":[328],"product_tag":[376],"class_list":{"0":"post-57761","1":"product","2":"type-product","3":"status-publish","4":"has-post-thumbnail","6":"product_cat-spejlbassiner","7":"product_tag-spejlbassin","8":"product_shipping_class-tung-genstand","10":"entry","11":"has-media","13":"first","14":"instock","15":"taxable","16":"shipping-taxable","17":"purchasable","18":"product-type-simple","19":"has-product-nav","20":"col","21":"span_1_of_4","22":"owp-content-center","23":"item-entry","24":"owp-thumbs-layout-vertical","25":"owp-btn-normal","26":"owp-tabs-layout-horizontal"},"acf":[],"_links":{"self":[{"href":"https:\/\/plantelys.dk\/nb\/wp-json\/wp\/v2\/product\/57761","targetHints":{"allow":["GET"]}}],"collection":[{"href":"https:\/\/plantelys.dk\/nb\/wp-json\/wp\/v2\/product"}],"about":[{"href":"https:\/\/plantelys.dk\/nb\/wp-json\/wp\/v2\/types\/product"}],"replies":[{"embeddable":true,"href":"https:\/\/plantelys.dk\/nb\/wp-json\/wp\/v2\/comments?post=57761"}],"version-history":[{"count":0,"href":"https:\/\/plantelys.dk\/nb\/wp-json\/wp\/v2\/product\/57761\/revisions"}],"wp:featuredmedia":[{"embeddable":true,"href":"https:\/\/plantelys.dk\/nb\/wp-json\/wp\/v2\/media\/60358"}],"wp:attachment":[{"href":"https:\/\/plantelys.dk\/nb\/wp-json\/wp\/v2\/media?parent=57761"}],"wp:term":[{"taxonomy":"product_brand","embeddable":true,"href":"https:\/\/plantelys.dk\/nb\/wp-json\/wp\/v2\/product_brand?post=57761"},{"taxonomy":"product_cat","embeddable":true,"href":"https:\/\/plantelys.dk\/nb\/wp-json\/wp\/v2\/product_cat?post=57761"},{"taxonomy":"product_tag","embeddable":true,"href":"https:\/\/plantelys.dk\/nb\/wp-json\/wp\/v2\/product_tag?post=57761"}],"curies":[{"name":"wp","href":"https:\/\/api.w.org\/{rel}","templated":true}]}}