{"id":57757,"date":"2026-02-13T12:11:57","date_gmt":"2026-02-13T11:11:57","guid":{"rendered":"https:\/\/plantelys.dk\/?post_type=product&#038;p=57757"},"modified":"2026-04-23T10:42:07","modified_gmt":"2026-04-23T09:42:07","slug":"speilvask-oe145-cm-i-cortenstaal-uten-kant-og-med-avloepshull","status":"publish","type":"product","link":"https:\/\/plantelys.dk\/nb\/vare\/spejlbassin-oe145-cm-i-corten-staal-uden-kant-og-med-afloebshul\/","title":{"rendered":"Speilbasseng \u00d8145 cm i cortenst\u00e5l uten kant og med dreneringshull"},"content":{"rendered":"<h2>Rundt speilbasseng i cortenst\u00e5l \u00d8120 - uten kant og med dreneringshull<\/h2>\n<p data-start=\"69\" data-end=\"281\">En stor og karakteristisk <strong>Speilbasseng i cortenst\u00e5l med en diameter p\u00e5 145 cm<\/strong>. Den brede, runde formen skaper en rolig og dyp speilflate som reflekterer himmelen og vegetasjonen, og skaper et sterkt visuelt midtpunkt i hagen.<\/p>\n<p data-start=\"283\" data-end=\"628\">Bassenget er <strong>Danskprodusert<\/strong> laget av sterkt cortenst\u00e5l som utvikler en naturlig og beskyttende patina over tid. Denne modellen leveres uten kant, men med et dreneringshull slik at vannet enkelt kan t\u00f8mmes ut ved behov. Serien <strong>Tilgjengelig i flere st\u00f8rrelser fra \u00d860 til \u00d8200<\/strong> og kan ogs\u00e5 brukes som b\u00e5lsk\u00e5l. Hvis du \u00f8nsker et opph\u00f8yet utseende, kan du kj\u00f8pe en jernring som ben.<\/p>\n<h2 data-start=\"630\" data-end=\"655\">Spesifikasjoner (\u00d8145)<\/h2>\n<div class=\"TyagGW_tableContainer\">\n<div class=\"group TyagGW_tableWrapper flex flex-col-reverse w-fit\" tabindex=\"-1\">\n<table class=\"w-fit min-w-(--thread-content-width)\" style=\"height: 363px;\" width=\"979\" data-start=\"657\" data-end=\"1015\">\n<thead data-start=\"657\" data-end=\"680\">\n<tr data-start=\"657\" data-end=\"680\">\n<th class=\"\" data-start=\"657\" data-end=\"668\" data-col-size=\"sm\"><strong>EIERSKAP<\/strong><\/th>\n<th class=\"\" data-start=\"668\" data-end=\"680\" data-col-size=\"sm\"><strong>DETALJER<\/strong><\/th>\n<\/tr>\n<\/thead>\n<tbody data-start=\"691\" data-end=\"1015\">\n<tr data-start=\"691\" data-end=\"715\">\n<td data-start=\"691\" data-end=\"704\" data-col-size=\"sm\">Artikkelnummer<\/td>\n<td data-col-size=\"sm\" data-start=\"704\" data-end=\"715\">2210011<\/td>\n<\/tr>\n<tr data-start=\"716\" data-end=\"742\">\n<td data-start=\"716\" data-end=\"728\" data-col-size=\"sm\">Materiale<\/td>\n<td data-col-size=\"sm\" data-start=\"728\" data-end=\"742\">Corten-st\u00e5l<\/td>\n<\/tr>\n<tr data-start=\"743\" data-end=\"765\">\n<td data-start=\"743\" data-end=\"754\" data-col-size=\"sm\">Diameter<\/td>\n<td data-start=\"754\" data-end=\"765\" data-col-size=\"sm\">\u00d8145 cm<\/td>\n<\/tr>\n<tr data-start=\"766\" data-end=\"805\">\n<td data-start=\"766\" data-end=\"778\" data-col-size=\"sm\">Utf\u00f8relse<\/td>\n<td data-col-size=\"sm\" data-start=\"778\" data-end=\"805\">Uten kant med dreneringshull<\/td>\n<\/tr>\n<tr data-start=\"806\" data-end=\"829\">\n<td data-start=\"806\" data-end=\"821\" data-col-size=\"sm\">Veggtykkelse<\/td>\n<td data-col-size=\"sm\" data-start=\"821\" data-end=\"829\">3 mm<\/td>\n<\/tr>\n<tr data-start=\"830\" data-end=\"847\">\n<td data-start=\"830\" data-end=\"838\" data-col-size=\"sm\">Dybde<\/td>\n<td data-col-size=\"sm\" data-start=\"838\" data-end=\"847\">27 cm<\/td>\n<\/tr>\n<tr data-start=\"848\" data-end=\"871\">\n<td data-start=\"848\" data-end=\"858\" data-col-size=\"sm\">Volum<\/td>\n<td data-col-size=\"sm\" data-start=\"858\" data-end=\"871\">220 liter<\/td>\n<\/tr>\n<tr data-start=\"872\" data-end=\"888\">\n<td data-start=\"872\" data-end=\"879\" data-col-size=\"sm\">Vekt<\/td>\n<td data-col-size=\"sm\" data-start=\"879\" data-end=\"888\">70 kg<\/td>\n<\/tr>\n<tr data-start=\"889\" data-end=\"928\">\n<td data-start=\"889\" data-end=\"902\" data-col-size=\"sm\">St\u00f8rrelser<\/td>\n<td data-col-size=\"sm\" data-start=\"902\" data-end=\"928\">8 varianter (\u00d860-\u00d8200)<\/td>\n<\/tr>\n<tr data-start=\"929\" data-end=\"967\">\n<td data-start=\"929\" data-end=\"947\" data-col-size=\"sm\">Mulig tilbeh\u00f8r<\/td>\n<td data-start=\"947\" data-end=\"967\" data-col-size=\"sm\">Jernring som ben<\/td>\n<\/tr>\n<tr data-start=\"968\" data-end=\"1015\">\n<td data-start=\"968\" data-end=\"981\" data-col-size=\"sm\">applikasjon<\/td>\n<td data-col-size=\"sm\" data-start=\"981\" data-end=\"1015\">Speilbasseng, vannspeil, b\u00e5lplass<\/td>\n<\/tr>\n<\/tbody>\n<\/table>\n<\/div>\n<\/div>\n<hr data-start=\"1017\" data-end=\"1020\" \/>\n<hr data-start=\"1040\" data-end=\"1043\" \/>","protected":false},"excerpt":{"rendered":"<div class=\"flex flex-col text-sm pb-25\">\n<article class=\"text-token-text-primary w-full focus:outline-none [--shadow-height:45px] has-data-writing-block:pointer-events-none has-data-writing-block:-mt-(--shadow-height) has-data-writing-block:pt-(--shadow-height) [&amp;:has([data-writing-block])&gt;*]:pointer-events-auto scroll-mt-[calc(var(--header-height)+min(200px,max(70px,20svh)))]\" dir=\"auto\" tabindex=\"-1\" data-turn-id=\"request-WEB:4db601b6-3d88-4abc-8961-095716c4ed00-26\" data-testid=\"conversation-turn-52\" data-scroll-anchor=\"true\" data-turn=\"assistant\">\n<div class=\"text-base my-auto mx-auto pb-10 [--thread-content-margin:--spacing(4)] @w-sm\/main:[--thread-content-margin:--spacing(6)] @w-lg\/main:[--thread-content-margin:--spacing(16)] px-(--thread-content-margin)\">\n<div class=\"[--thread-content-max-width:40rem] @w-lg\/main:[--thread-content-max-width:48rem] mx-auto max-w-(--thread-content-max-width) flex-1 group\/turn-messages focus-visible:outline-hidden relative flex w-full min-w-0 flex-col agent-turn\" tabindex=\"-1\">\n<div class=\"flex max-w-full flex-col grow\">\n<div class=\"min-h-8 text-message relative flex w-full flex-col items-end gap-2 text-start break-words whitespace-normal [.text-message+&amp;]:mt-1\" dir=\"auto\" data-message-author-role=\"assistant\" data-message-id=\"476de170-7b93-4247-840f-e48661a221c6\" data-message-model-slug=\"gpt-5-2\">\n<div class=\"flex w-full flex-col gap-1 empty:hidden first:pt-[1px]\">\n<div class=\"markdown prose dark:prose-invert w-full wrap-break-word light markdown-new-styling\">\n<p data-start=\"1018\" data-end=\"1152\" data-is-last-node=\"\" data-is-only-node=\"\">Danskproduceret <strong>rundt spejlbassin i cortenst\u00e5l \u00d8145<\/strong> med afl\u00f8bshul og stor, rolig spejlflade til haven.<\/p>\n<\/div>\n<\/div>\n<\/div>\n<\/div>\n<div class=\"mt-3 w-full empty:hidden\">\n<div class=\"text-center\"><\/div>\n<\/div>\n<\/div>\n<\/div>\n<\/article>\n<\/div>\n<div class=\"pointer-events-none h-px w-px absolute bottom-0\" aria-hidden=\"true\" data-edge=\"true\"><\/div>\n","protected":false},"featured_media":60358,"comment_status":"closed","ping_status":"closed","template":"","meta":{"_acf_changed":false},"product_brand":[],"product_cat":[328],"product_tag":[376],"class_list":{"0":"post-57757","1":"product","2":"type-product","3":"status-publish","4":"has-post-thumbnail","6":"product_cat-spejlbassiner","7":"product_tag-spejlbassin","9":"entry","10":"has-media","12":"first","13":"instock","14":"taxable","15":"shipping-taxable","16":"purchasable","17":"product-type-simple","18":"has-product-nav","19":"col","20":"span_1_of_4","21":"owp-content-center","22":"item-entry","23":"owp-thumbs-layout-vertical","24":"owp-btn-normal","25":"owp-tabs-layout-horizontal"},"acf":[],"_links":{"self":[{"href":"https:\/\/plantelys.dk\/nb\/wp-json\/wp\/v2\/product\/57757","targetHints":{"allow":["GET"]}}],"collection":[{"href":"https:\/\/plantelys.dk\/nb\/wp-json\/wp\/v2\/product"}],"about":[{"href":"https:\/\/plantelys.dk\/nb\/wp-json\/wp\/v2\/types\/product"}],"replies":[{"embeddable":true,"href":"https:\/\/plantelys.dk\/nb\/wp-json\/wp\/v2\/comments?post=57757"}],"version-history":[{"count":0,"href":"https:\/\/plantelys.dk\/nb\/wp-json\/wp\/v2\/product\/57757\/revisions"}],"wp:featuredmedia":[{"embeddable":true,"href":"https:\/\/plantelys.dk\/nb\/wp-json\/wp\/v2\/media\/60358"}],"wp:attachment":[{"href":"https:\/\/plantelys.dk\/nb\/wp-json\/wp\/v2\/media?parent=57757"}],"wp:term":[{"taxonomy":"product_brand","embeddable":true,"href":"https:\/\/plantelys.dk\/nb\/wp-json\/wp\/v2\/product_brand?post=57757"},{"taxonomy":"product_cat","embeddable":true,"href":"https:\/\/plantelys.dk\/nb\/wp-json\/wp\/v2\/product_cat?post=57757"},{"taxonomy":"product_tag","embeddable":true,"href":"https:\/\/plantelys.dk\/nb\/wp-json\/wp\/v2\/product_tag?post=57757"}],"curies":[{"name":"wp","href":"https:\/\/api.w.org\/{rel}","templated":true}]}}