{"id":57715,"date":"2026-02-12T14:42:20","date_gmt":"2026-02-12T13:42:20","guid":{"rendered":"https:\/\/plantelys.dk\/?post_type=product&#038;p=57715"},"modified":"2026-04-28T09:33:51","modified_gmt":"2026-04-28T08:33:51","slug":"speilvask-oe120-cm-i-cortenstaal-uten-kant-og-avloepshull","status":"publish","type":"product","link":"https:\/\/plantelys.dk\/nb\/vare\/spejlbassin-oe120-cm-i-corten-staal-uden-kant-og-afloebshul\/","title":{"rendered":"Rundt speilbasseng \u00d8120 cm i cortenst\u00e5l uten kant og dreneringshull"},"content":{"rendered":"<h2>Rundt spejlbassin i cortenst\u00e5l \u00d8120 \u2013 uden kant og uden afl\u00f8bshul<\/h2>\n<div class=\"flex flex-col text-sm pb-25\">\n<article class=\"text-token-text-primary w-full focus:outline-none [--shadow-height:45px] has-data-writing-block:pointer-events-none has-data-writing-block:-mt-(--shadow-height) has-data-writing-block:pt-(--shadow-height) [&amp;:has([data-writing-block])&gt;*]:pointer-events-auto scroll-mt-[calc(var(--header-height)+min(200px,max(70px,20svh)))]\" dir=\"auto\" tabindex=\"-1\" data-turn-id=\"request-WEB:4db601b6-3d88-4abc-8961-095716c4ed00-24\" data-testid=\"conversation-turn-48\" data-scroll-anchor=\"true\" data-turn=\"assistant\">\n<div class=\"text-base my-auto mx-auto pb-10 [--thread-content-margin:--spacing(4)] @w-sm\/main:[--thread-content-margin:--spacing(6)] @w-lg\/main:[--thread-content-margin:--spacing(16)] px-(--thread-content-margin)\">\n<div class=\"[--thread-content-max-width:40rem] @w-lg\/main:[--thread-content-max-width:48rem] mx-auto max-w-(--thread-content-max-width) flex-1 group\/turn-messages focus-visible:outline-hidden relative flex w-full min-w-0 flex-col agent-turn\" tabindex=\"-1\">\n<div class=\"z-0 flex min-h-[46px] justify-start\">\n<p data-start=\"70\" data-end=\"293\">Et markant og harmonisk <strong>spejlbassin i corten st\u00e5l med en diameter p\u00e5 120 cm<\/strong>. Den brede, runde form giver en rolig og sammenh\u00e6ngende vandflade, som spejler himmel, tr\u00e6er og omgivelser og skaber et naturligt midtpunkt i haven.<\/p>\n<p data-start=\"295\" data-end=\"620\">Bassinet er <strong>dansk produceret<\/strong> i kraftigt corten st\u00e5l, som over tid udvikler en smuk og beskyttende patina. Modellen leveres uden kant og uden afl\u00f8bshul for et rent og enkelt udtryk. Serien findes i <strong>flere st\u00f8rrelser fra \u00d860 til \u00d8200<\/strong> og kan ogs\u00e5 bruges som b\u00e5lfad. \u00d8nsker du et h\u00e6vet udtryk, kan der tilk\u00f8bes en jernring som ben.<\/p>\n<h2 data-start=\"622\" data-end=\"647\">Specifikationer (\u00d8120)<\/h2>\n<div class=\"TyagGW_tableContainer\">\n<div class=\"group TyagGW_tableWrapper flex flex-col-reverse w-fit\" tabindex=\"-1\">\n<table class=\"w-fit min-w-(--thread-content-width)\" style=\"height: 353px;\" width=\"786\" data-start=\"649\" data-end=\"1011\">\n<thead data-start=\"649\" data-end=\"672\">\n<tr data-start=\"649\" data-end=\"672\">\n<th class=\"\" data-start=\"649\" data-end=\"660\" data-col-size=\"sm\"><strong>EGENSKAB<\/strong><\/th>\n<th class=\"\" data-start=\"660\" data-end=\"672\" data-col-size=\"sm\"><strong>DETALJER<\/strong><\/th>\n<\/tr>\n<\/thead>\n<tbody data-start=\"683\" data-end=\"1011\">\n<tr data-start=\"683\" data-end=\"707\">\n<td data-start=\"683\" data-end=\"696\" data-col-size=\"sm\">Varenummer<\/td>\n<td data-start=\"696\" data-end=\"707\" data-col-size=\"sm\">2210020<\/td>\n<\/tr>\n<tr data-start=\"708\" data-end=\"734\">\n<td data-start=\"708\" data-end=\"720\" data-col-size=\"sm\">Materiale<\/td>\n<td data-start=\"720\" data-end=\"734\" data-col-size=\"sm\">Corten st\u00e5l<\/td>\n<\/tr>\n<tr data-start=\"735\" data-end=\"757\">\n<td data-start=\"735\" data-end=\"746\" data-col-size=\"sm\">Diameter<\/td>\n<td data-start=\"746\" data-end=\"757\" data-col-size=\"sm\">\u00d8120 cm<\/td>\n<\/tr>\n<tr data-start=\"758\" data-end=\"801\">\n<td data-start=\"758\" data-end=\"770\" data-col-size=\"sm\">Udf\u00f8relse<\/td>\n<td data-start=\"770\" data-end=\"801\" data-col-size=\"sm\">Uden kant og uden afl\u00f8bshul<\/td>\n<\/tr>\n<tr data-start=\"802\" data-end=\"825\">\n<td data-start=\"802\" data-end=\"817\" data-col-size=\"sm\">Godstykkelse<\/td>\n<td data-start=\"817\" data-end=\"825\" data-col-size=\"sm\">3 mm<\/td>\n<\/tr>\n<tr data-start=\"826\" data-end=\"843\">\n<td data-start=\"826\" data-end=\"834\" data-col-size=\"sm\">Dybde<\/td>\n<td data-start=\"834\" data-end=\"843\" data-col-size=\"sm\">20 cm<\/td>\n<\/tr>\n<tr data-start=\"844\" data-end=\"867\">\n<td data-start=\"844\" data-end=\"854\" data-col-size=\"sm\">Volumen<\/td>\n<td data-start=\"854\" data-end=\"867\" data-col-size=\"sm\">120 liter<\/td>\n<\/tr>\n<tr data-start=\"868\" data-end=\"884\">\n<td data-start=\"868\" data-end=\"875\" data-col-size=\"sm\">V\u00e6gt<\/td>\n<td data-start=\"875\" data-end=\"884\" data-col-size=\"sm\">35 kg<\/td>\n<\/tr>\n<tr data-start=\"885\" data-end=\"924\">\n<td data-start=\"885\" data-end=\"898\" data-col-size=\"sm\">St\u00f8rrelser<\/td>\n<td data-start=\"898\" data-end=\"924\" data-col-size=\"sm\">8 varianter (\u00d860\u2013\u00d8200)<\/td>\n<\/tr>\n<tr data-start=\"925\" data-end=\"963\">\n<td data-start=\"925\" data-end=\"943\" data-col-size=\"sm\">Muligt tilbeh\u00f8r<\/td>\n<td data-start=\"943\" data-end=\"963\" data-col-size=\"sm\">Jernring som ben<\/td>\n<\/tr>\n<tr data-start=\"964\" data-end=\"1011\">\n<td data-start=\"964\" data-end=\"977\" data-col-size=\"sm\">Anvendelse<\/td>\n<td data-start=\"977\" data-end=\"1011\" data-col-size=\"sm\">Spejlbassin, vandspejl, b\u00e5lfad<\/td>\n<\/tr>\n<\/tbody>\n<\/table>\n<\/div>\n<\/div>\n<div class=\"TyagGW_tableContainer\"><\/div>\n<\/div>\n<div class=\"mt-3 w-full empty:hidden\">\n<div class=\"text-center\"><\/div>\n<\/div>\n<\/div>\n<\/div>\n<\/article>\n<\/div>\n<div class=\"pointer-events-none h-px w-px absolute bottom-0\" aria-hidden=\"true\" data-edge=\"true\"><\/div>\n<div class=\"TyagGW_tableContainer\">\n<div class=\"group TyagGW_tableWrapper flex flex-col-reverse w-fit\" tabindex=\"-1\"><\/div>\n<\/div>\n","protected":false},"excerpt":{"rendered":"<div class=\"flex flex-col text-sm pb-25\">\n<article class=\"text-token-text-primary w-full focus:outline-none [--shadow-height:45px] has-data-writing-block:pointer-events-none has-data-writing-block:-mt-(--shadow-height) has-data-writing-block:pt-(--shadow-height) [&amp;:has([data-writing-block])&gt;*]:pointer-events-auto scroll-mt-[calc(var(--header-height)+min(200px,max(70px,20svh)))]\" dir=\"auto\" tabindex=\"-1\" data-turn-id=\"request-WEB:4db601b6-3d88-4abc-8961-095716c4ed00-26\" data-testid=\"conversation-turn-52\" data-scroll-anchor=\"true\" data-turn=\"assistant\">\n<div class=\"text-base my-auto mx-auto pb-10 [--thread-content-margin:--spacing(4)] @w-sm\/main:[--thread-content-margin:--spacing(6)] @w-lg\/main:[--thread-content-margin:--spacing(16)] px-(--thread-content-margin)\">\n<div class=\"[--thread-content-max-width:40rem] @w-lg\/main:[--thread-content-max-width:48rem] mx-auto max-w-(--thread-content-max-width) flex-1 group\/turn-messages focus-visible:outline-hidden relative flex w-full min-w-0 flex-col agent-turn\" tabindex=\"-1\">\n<div class=\"flex max-w-full flex-col grow\">\n<div class=\"min-h-8 text-message relative flex w-full flex-col items-end gap-2 text-start break-words whitespace-normal [.text-message+&amp;]:mt-1\" dir=\"auto\" data-message-author-role=\"assistant\" data-message-id=\"476de170-7b93-4247-840f-e48661a221c6\" data-message-model-slug=\"gpt-5-2\">\n<div class=\"flex w-full flex-col gap-1 empty:hidden first:pt-[1px]\">\n<div class=\"markdown prose dark:prose-invert w-full wrap-break-word light markdown-new-styling\">\n<p data-start=\"1018\" data-end=\"1152\" data-is-last-node=\"\" data-is-only-node=\"\">Danskproduceret rundt<strong> spejlbassin i corten st\u00e5l \u00d8120 uden kant og afl\u00f8b<\/strong> med stor spejlflade og naturlig patina.<\/p>\n<\/div>\n<\/div>\n<\/div>\n<\/div>\n<div class=\"z-0 flex min-h-[46px] justify-start\"><\/div>\n<div class=\"mt-3 w-full empty:hidden\">\n<div class=\"text-center\"><\/div>\n<\/div>\n<\/div>\n<\/div>\n<\/article>\n<\/div>\n<div class=\"pointer-events-none h-px w-px absolute bottom-0\" aria-hidden=\"true\" data-edge=\"true\"><\/div>\n","protected":false},"featured_media":60358,"comment_status":"closed","ping_status":"closed","template":"","meta":{"_acf_changed":false},"product_brand":[],"product_cat":[328],"product_tag":[376],"class_list":{"0":"post-57715","1":"product","2":"type-product","3":"status-publish","4":"has-post-thumbnail","6":"product_cat-spejlbassiner","7":"product_tag-spejlbassin","8":"product_shipping_class-tung-genstand","10":"entry","11":"has-media","13":"first","14":"instock","15":"taxable","16":"shipping-taxable","17":"purchasable","18":"product-type-simple","19":"has-product-nav","20":"col","21":"span_1_of_4","22":"owp-content-center","23":"item-entry","24":"owp-thumbs-layout-vertical","25":"owp-btn-normal","26":"owp-tabs-layout-horizontal"},"acf":[],"_links":{"self":[{"href":"https:\/\/plantelys.dk\/nb\/wp-json\/wp\/v2\/product\/57715","targetHints":{"allow":["GET"]}}],"collection":[{"href":"https:\/\/plantelys.dk\/nb\/wp-json\/wp\/v2\/product"}],"about":[{"href":"https:\/\/plantelys.dk\/nb\/wp-json\/wp\/v2\/types\/product"}],"replies":[{"embeddable":true,"href":"https:\/\/plantelys.dk\/nb\/wp-json\/wp\/v2\/comments?post=57715"}],"version-history":[{"count":0,"href":"https:\/\/plantelys.dk\/nb\/wp-json\/wp\/v2\/product\/57715\/revisions"}],"wp:featuredmedia":[{"embeddable":true,"href":"https:\/\/plantelys.dk\/nb\/wp-json\/wp\/v2\/media\/60358"}],"wp:attachment":[{"href":"https:\/\/plantelys.dk\/nb\/wp-json\/wp\/v2\/media?parent=57715"}],"wp:term":[{"taxonomy":"product_brand","embeddable":true,"href":"https:\/\/plantelys.dk\/nb\/wp-json\/wp\/v2\/product_brand?post=57715"},{"taxonomy":"product_cat","embeddable":true,"href":"https:\/\/plantelys.dk\/nb\/wp-json\/wp\/v2\/product_cat?post=57715"},{"taxonomy":"product_tag","embeddable":true,"href":"https:\/\/plantelys.dk\/nb\/wp-json\/wp\/v2\/product_tag?post=57715"}],"curies":[{"name":"wp","href":"https:\/\/api.w.org\/{rel}","templated":true}]}}