{"id":57692,"date":"2026-02-12T13:45:26","date_gmt":"2026-02-12T12:45:26","guid":{"rendered":"https:\/\/plantelys.dk\/?post_type=product&#038;p=57692"},"modified":"2026-05-05T10:05:02","modified_gmt":"2026-05-05T09:05:02","slug":"speilbasseng-oe100-cm-i-cortenstaal-uten-kant-og-dreneringshull","status":"publish","type":"product","link":"https:\/\/plantelys.dk\/nb\/vare\/spejlbassin-oe100-cm-i-corten-staal-uden-kant-og-afloebshul\/","title":{"rendered":"Rundt speilbasseng \u00d8100 cm i cortenst\u00e5l uten kant og dreneringshull"},"content":{"rendered":"<h2>Rundt spejlbassin i corten st\u00e5l \u00d8100 \u2013 uden kant og uden afl\u00f8bshul<\/h2>\n<div class=\"flex flex-col text-sm pb-25\">\n<article class=\"text-token-text-primary w-full focus:outline-none [--shadow-height:45px] has-data-writing-block:pointer-events-none has-data-writing-block:-mt-(--shadow-height) has-data-writing-block:pt-(--shadow-height) [&amp;:has([data-writing-block])&gt;*]:pointer-events-auto scroll-mt-[calc(var(--header-height)+min(200px,max(70px,20svh)))]\" dir=\"auto\" tabindex=\"-1\" data-turn-id=\"request-WEB:4db601b6-3d88-4abc-8961-095716c4ed00-24\" data-testid=\"conversation-turn-48\" data-scroll-anchor=\"true\" data-turn=\"assistant\">\n<div class=\"text-base my-auto mx-auto pb-10 [--thread-content-margin:--spacing(4)] @w-sm\/main:[--thread-content-margin:--spacing(6)] @w-lg\/main:[--thread-content-margin:--spacing(16)] px-(--thread-content-margin)\">\n<div class=\"[--thread-content-max-width:40rem] @w-lg\/main:[--thread-content-max-width:48rem] mx-auto max-w-(--thread-content-max-width) flex-1 group\/turn-messages focus-visible:outline-hidden relative flex w-full min-w-0 flex-col agent-turn\" tabindex=\"-1\">\n<div class=\"z-0 flex min-h-[46px] justify-start\">\n<p data-start=\"69\" data-end=\"298\">Et stilrent og harmonisk <strong>spejlbassin i cortenst\u00e5l med en diameter p\u00e5 100 cm<\/strong>. Den runde, sk\u00e5lformede konstruktion skaber en rolig vandflade, hvor himmel og omgivelser spejles og tilf\u00f8rer haven et naturligt og arkitektonisk udtryk.<\/p>\n<p data-start=\"300\" data-end=\"646\">Bassinet er<strong> dansk produceret<\/strong> i robust cortenst\u00e5l, som over tid udvikler en karakteristisk patina. Denne model leveres uden kant og med afl\u00f8bshul, hvilket g\u00f8r det nemmere at regulere og t\u00f8mme vandet. Serien findes i flere st\u00f8rrelser fra \u00d860 til \u00d8200 og kan ogs\u00e5 anvendes som b\u00e5lfad. \u00d8nsker du et h\u00e6vet udtryk, kan der tilk\u00f8bes en jernring som ben.<\/p>\n<h2 data-start=\"648\" data-end=\"673\">Specifikationer (\u00d8100)<\/h2>\n<div class=\"TyagGW_tableContainer\">\n<div class=\"group TyagGW_tableWrapper flex flex-col-reverse w-fit\" tabindex=\"-1\">\n<table class=\"w-fit min-w-(--thread-content-width)\" style=\"height: 338px;\" width=\"766\" data-start=\"675\" data-end=\"1034\" data-is-last-node=\"\" data-is-only-node=\"\">\n<thead data-start=\"675\" data-end=\"698\">\n<tr data-start=\"675\" data-end=\"698\">\n<th class=\"\" data-start=\"675\" data-end=\"686\" data-col-size=\"sm\"><strong>EGENSKAB<\/strong><\/th>\n<th class=\"\" data-start=\"686\" data-end=\"698\" data-col-size=\"sm\"><strong>DETALJER<\/strong><\/th>\n<\/tr>\n<\/thead>\n<tbody data-start=\"709\" data-end=\"1034\" data-is-last-node=\"\">\n<tr data-start=\"709\" data-end=\"735\">\n<td data-start=\"709\" data-end=\"722\" data-col-size=\"sm\">Varenummer<\/td>\n<td data-start=\"722\" data-end=\"735\" data-col-size=\"sm\">2210021-1<\/td>\n<\/tr>\n<tr data-start=\"736\" data-end=\"762\">\n<td data-start=\"736\" data-end=\"748\" data-col-size=\"sm\">Materiale<\/td>\n<td data-start=\"748\" data-end=\"762\" data-col-size=\"sm\">Cortenst\u00e5l<\/td>\n<\/tr>\n<tr data-start=\"763\" data-end=\"785\">\n<td data-start=\"763\" data-end=\"774\" data-col-size=\"sm\">Diameter<\/td>\n<td data-start=\"774\" data-end=\"785\" data-col-size=\"sm\">\u00d8100 cm<\/td>\n<\/tr>\n<tr data-start=\"786\" data-end=\"825\">\n<td data-start=\"786\" data-end=\"798\" data-col-size=\"sm\">Udf\u00f8relse<\/td>\n<td data-start=\"798\" data-end=\"825\" data-col-size=\"sm\">Uden kant og uden afl\u00f8bshul<\/td>\n<\/tr>\n<tr data-start=\"826\" data-end=\"849\">\n<td data-start=\"826\" data-end=\"841\" data-col-size=\"sm\">Godstykkelse<\/td>\n<td data-start=\"841\" data-end=\"849\" data-col-size=\"sm\">3 mm<\/td>\n<\/tr>\n<tr data-start=\"850\" data-end=\"867\">\n<td data-start=\"850\" data-end=\"858\" data-col-size=\"sm\">Dybde<\/td>\n<td data-start=\"858\" data-end=\"867\" data-col-size=\"sm\">15 cm<\/td>\n<\/tr>\n<tr data-start=\"868\" data-end=\"890\">\n<td data-start=\"868\" data-end=\"878\" data-col-size=\"sm\">Volumen<\/td>\n<td data-start=\"878\" data-end=\"890\" data-col-size=\"sm\">70 liter<\/td>\n<\/tr>\n<tr data-start=\"891\" data-end=\"907\">\n<td data-start=\"891\" data-end=\"898\" data-col-size=\"sm\">V\u00e6gt<\/td>\n<td data-start=\"898\" data-end=\"907\" data-col-size=\"sm\">20 kg<\/td>\n<\/tr>\n<tr data-start=\"908\" data-end=\"947\">\n<td data-start=\"908\" data-end=\"921\" data-col-size=\"sm\">St\u00f8rrelser<\/td>\n<td data-start=\"921\" data-end=\"947\" data-col-size=\"sm\">8 varianter (\u00d860\u2013\u00d8200)<\/td>\n<\/tr>\n<tr data-start=\"948\" data-end=\"986\">\n<td data-start=\"948\" data-end=\"966\" data-col-size=\"sm\">Muligt tilbeh\u00f8r<\/td>\n<td data-start=\"966\" data-end=\"986\" data-col-size=\"sm\">Jernring som ben<\/td>\n<\/tr>\n<tr data-start=\"987\" data-end=\"1034\" data-is-last-node=\"\">\n<td data-start=\"987\" data-end=\"1000\" data-col-size=\"sm\">Anvendelse<\/td>\n<td data-start=\"1000\" data-end=\"1034\" data-is-last-node=\"\" data-col-size=\"sm\">Spejlbassin, vandspejl, b\u00e5lfad<\/td>\n<\/tr>\n<\/tbody>\n<\/table>\n<\/div>\n<\/div>\n<\/div>\n<div class=\"mt-3 w-full empty:hidden\">\n<div class=\"text-center\"><\/div>\n<\/div>\n<\/div>\n<\/div>\n<\/article>\n<\/div>\n<div class=\"pointer-events-none h-px w-px absolute bottom-0\" aria-hidden=\"true\" data-edge=\"true\"><\/div>\n<div class=\"TyagGW_tableContainer\">\n<div class=\"group TyagGW_tableWrapper flex flex-col-reverse w-fit\" tabindex=\"-1\"><\/div>\n<\/div>\n","protected":false},"excerpt":{"rendered":"<div class=\"text-base my-auto mx-auto [--thread-content-margin:--spacing(4)] @w-sm\/main:[--thread-content-margin:--spacing(6)] @w-lg\/main:[--thread-content-margin:--spacing(16)] px-(--thread-content-margin)\">\n<div class=\"[--thread-content-max-width:40rem] @w-lg\/main:[--thread-content-max-width:48rem] mx-auto max-w-(--thread-content-max-width) flex-1 group\/turn-messages focus-visible:outline-hidden relative flex w-full min-w-0 flex-col agent-turn\" tabindex=\"-1\">\n<div class=\"flex max-w-full flex-col grow\">\n<div class=\"min-h-8 text-message relative flex w-full flex-col items-end gap-2 text-start break-words whitespace-normal [.text-message+&amp;]:mt-1\" dir=\"auto\" data-message-author-role=\"assistant\" data-message-id=\"624f77c1-fd15-482c-a784-b18e7a1932f9\" data-message-model-slug=\"gpt-5-2\">\n<div class=\"flex w-full flex-col gap-1 empty:hidden first:pt-[1px]\">\n<div class=\"markdown prose dark:prose-invert w-full wrap-break-word light markdown-new-styling\">\n<p data-start=\"1599\" data-end=\"1747\" data-is-last-node=\"\" data-is-only-node=\"\">Danskproduceret rundt <strong>spejlbassin i corten st\u00e5l \u00d8100 med afl\u00f8bshul<\/strong> og naturlig patina til et funktionelt og roligt vandspejl.<\/p>\n<\/div>\n<\/div>\n<\/div>\n<\/div>\n<div class=\"z-0 flex min-h-[46px] justify-start\"><\/div>\n<\/div>\n<\/div>\n","protected":false},"featured_media":60340,"comment_status":"closed","ping_status":"closed","template":"","meta":{"_acf_changed":false},"product_brand":[],"product_cat":[328],"product_tag":[376],"class_list":{"0":"post-57692","1":"product","2":"type-product","3":"status-publish","4":"has-post-thumbnail","6":"product_cat-spejlbassiner","7":"product_tag-spejlbassin","8":"product_shipping_class-tung-genstand","10":"entry","11":"has-media","13":"first","14":"instock","15":"taxable","16":"shipping-taxable","17":"purchasable","18":"product-type-simple","19":"has-product-nav","20":"col","21":"span_1_of_4","22":"owp-content-center","23":"item-entry","24":"owp-thumbs-layout-vertical","25":"owp-btn-normal","26":"owp-tabs-layout-horizontal"},"acf":[],"_links":{"self":[{"href":"https:\/\/plantelys.dk\/nb\/wp-json\/wp\/v2\/product\/57692","targetHints":{"allow":["GET"]}}],"collection":[{"href":"https:\/\/plantelys.dk\/nb\/wp-json\/wp\/v2\/product"}],"about":[{"href":"https:\/\/plantelys.dk\/nb\/wp-json\/wp\/v2\/types\/product"}],"replies":[{"embeddable":true,"href":"https:\/\/plantelys.dk\/nb\/wp-json\/wp\/v2\/comments?post=57692"}],"version-history":[{"count":0,"href":"https:\/\/plantelys.dk\/nb\/wp-json\/wp\/v2\/product\/57692\/revisions"}],"wp:featuredmedia":[{"embeddable":true,"href":"https:\/\/plantelys.dk\/nb\/wp-json\/wp\/v2\/media\/60340"}],"wp:attachment":[{"href":"https:\/\/plantelys.dk\/nb\/wp-json\/wp\/v2\/media?parent=57692"}],"wp:term":[{"taxonomy":"product_brand","embeddable":true,"href":"https:\/\/plantelys.dk\/nb\/wp-json\/wp\/v2\/product_brand?post=57692"},{"taxonomy":"product_cat","embeddable":true,"href":"https:\/\/plantelys.dk\/nb\/wp-json\/wp\/v2\/product_cat?post=57692"},{"taxonomy":"product_tag","embeddable":true,"href":"https:\/\/plantelys.dk\/nb\/wp-json\/wp\/v2\/product_tag?post=57692"}],"curies":[{"name":"wp","href":"https:\/\/api.w.org\/{rel}","templated":true}]}}