{"id":5767,"date":"2022-01-08T10:58:09","date_gmt":"2022-01-08T10:58:09","guid":{"rendered":"https:\/\/plantelys.dk\/?post_type=product&#038;p=5767"},"modified":"2025-10-13T12:55:56","modified_gmt":"2025-10-13T11:55:56","slug":"spinatfroe-monnopa-2","status":"publish","type":"product","link":"https:\/\/plantelys.dk\/nb\/vare\/spinat-froe-monnopa\/","title":{"rendered":"Spinatfr\u00f8, Monnopa"},"content":{"rendered":"<h2>Spinatfr\u00f8 Monnopa<\/h2>\n<p>En gammel engelsk variant som er sv\u00e6rt motstandsdyktig mot meldugg. Den har en lang h\u00f8steperiode, gir h\u00f8y avkastning og er n\u00e6ringsrik. Spinaten er mild og har lavt innhold av oksalsyre og en deilig n\u00f8tteaktig smak.<\/p>\n<p>Kan dyrkes b\u00e5de utend\u00f8rs og \u00e5ret rundt innend\u00f8rs i en smart gr\u00f8nnsakshage.<\/p>\n<p>&nbsp;<\/p>\n<h3>Dyrkingsinstruksjoner for spinat<\/h3>\n<ul>\n<li><strong>S\u00e5ing:\u00a0<\/strong>April-juni \/ august-oktober (oktober ang\u00e5ende overvintring).<\/li>\n<li><strong>S\u00e5dybde:<\/strong> 1-2 cm<\/li>\n<li><strong>Planteavstand<\/strong>: 5-7 cm<\/li>\n<li><strong>Radavstand:<\/strong> 25-30 cm<\/li>\n<li><strong>Spiretid: <\/strong>8-15 dager i \u00e5pent land<\/li>\n<li><strong>Spiretemperatur:<\/strong> 10-20\u00b0C<\/li>\n<li><strong>Irrigasjon: <\/strong>Hold jorden jevnt fuktig og ellers er de ikke s\u00e5 krevende.<\/li>\n<li><strong>Innh\u00f8sting:<\/strong>\u00a0Fra ca. 2 m\u00e5neder etter s\u00e5ing<\/li>\n<li><strong>Plassering:<\/strong> Sol, til delvis skygge<\/li>\n<li><strong>Inneholder:<\/strong>\u00a05 g<\/li>\n<li><strong>Anbefalte naboplanter: <\/strong>K\u00e5l, gulr\u00f8tter, reddiker, reddiker<\/li>\n<li><strong>R\u00e5d om dyrking:<\/strong> Trives best i en fuktig, veldrenert, n\u00e6ringsrik, kalkrik jord. M\u00e5 vannes under t\u00f8rke. Unng\u00e5 \u00e5 s\u00e5 der det har v\u00e6rt bladbeter og r\u00f8dbeter, vent min. 4 \u00e5r etter disse variantene.<\/li>\n<\/ul>\n<p>&nbsp;<\/p>\n<p>Egnet for <a href=\"https:\/\/plantelys.dk\/nb\/produktkategori-2\/innendoers-kjoekkenhage-for-hjemmebruk\/\" target=\"_blank\" rel=\"noopener\">smart hage<\/a> kj\u00f8kkenhage<\/p>\n<p>Les mer om anlegget <a href=\"https:\/\/da.wikipedia.org\/wiki\/Spinat\" target=\"_blank\" rel=\"noopener\">her<\/a><\/p>","protected":false},"excerpt":{"rendered":"<p>&#039;Monnopa&#039; er en popul\u00e6r spinat som egner seg til s\u00e5ing b\u00e5de v\u00e5r og sensommer\/tidlig h\u00f8st. En fin spinat som setter ut store m\u00f8rkegr\u00f8nne blader med utmerket smak.<\/p>","protected":false},"featured_media":5728,"comment_status":"open","ping_status":"closed","template":"","meta":{"_acf_changed":false},"product_brand":[],"product_cat":[161,216],"product_tag":[],"class_list":{"0":"post-5767","1":"product","2":"type-product","3":"status-publish","4":"has-post-thumbnail","6":"product_cat-plante-froe","7":"product_cat-stort-udvalg-i-urtefroe-og-groentsagsfroe","9":"entry","10":"has-media","12":"first","13":"instock","14":"sale","15":"taxable","16":"shipping-taxable","17":"purchasable","18":"product-type-simple","19":"has-product-nav","20":"col","21":"span_1_of_4","22":"owp-content-center","23":"item-entry","24":"owp-thumbs-layout-vertical","25":"owp-btn-normal","26":"owp-tabs-layout-horizontal"},"acf":[],"_links":{"self":[{"href":"https:\/\/plantelys.dk\/nb\/wp-json\/wp\/v2\/product\/5767","targetHints":{"allow":["GET"]}}],"collection":[{"href":"https:\/\/plantelys.dk\/nb\/wp-json\/wp\/v2\/product"}],"about":[{"href":"https:\/\/plantelys.dk\/nb\/wp-json\/wp\/v2\/types\/product"}],"replies":[{"embeddable":true,"href":"https:\/\/plantelys.dk\/nb\/wp-json\/wp\/v2\/comments?post=5767"}],"version-history":[{"count":0,"href":"https:\/\/plantelys.dk\/nb\/wp-json\/wp\/v2\/product\/5767\/revisions"}],"wp:featuredmedia":[{"embeddable":true,"href":"https:\/\/plantelys.dk\/nb\/wp-json\/wp\/v2\/media\/5728"}],"wp:attachment":[{"href":"https:\/\/plantelys.dk\/nb\/wp-json\/wp\/v2\/media?parent=5767"}],"wp:term":[{"taxonomy":"product_brand","embeddable":true,"href":"https:\/\/plantelys.dk\/nb\/wp-json\/wp\/v2\/product_brand?post=5767"},{"taxonomy":"product_cat","embeddable":true,"href":"https:\/\/plantelys.dk\/nb\/wp-json\/wp\/v2\/product_cat?post=5767"},{"taxonomy":"product_tag","embeddable":true,"href":"https:\/\/plantelys.dk\/nb\/wp-json\/wp\/v2\/product_tag?post=5767"}],"curies":[{"name":"wp","href":"https:\/\/api.w.org\/{rel}","templated":true}]}}